{"id":34979,"date":"2014-12-18T22:18:15","date_gmt":"2014-12-18T21:18:15","guid":{"rendered":"http:\/\/museumek.eu\/?page_id=34979"},"modified":"2014-12-18T22:19:21","modified_gmt":"2014-12-18T21:19:21","slug":"ai136","status":"publish","type":"page","link":"http:\/\/museumek.eu\/?page_id=34979","title":{"rendered":"A\/I\/136"},"content":{"rendered":"<p><strong>Abteilung Austria\/Ungarn\/B\u00f6hmen, Keramik 1860 \u2013 1960, Inventarnummer A\/I\/136<\/strong><\/p>\n<p>Erste Wiener Terracotta- und Majolika-Fabrik Friedrich Goldscheider beziehungsweise Erste Wiener Kunst-Terracotta-Fabrik und kunstgewerbliche Ateliers Friedrich Goldscheider, Austria, Wien, ca. 1890, Wandteller, K\u00fcnstler unbekannt, Werks.-Nr. ohne, Exemplar Nr. Unikat, Modelleur Nr.ohne, gemarkt Firmenmarke mit F GOLDSCHEIDER WIEN sowie VERVIELF\u00c4LTIGUNG VORBEHALTEN gepresst, nicht signiert, Literatur: Robert E. Dechant\/Filipp Goldscheider, Firmengeschichte und Werkverzeichnis, dort in der Kategorie Goldscheider Modelle \u201eohne Nummerierung\u201c noch nicht erfasst, Seite 604, Firmenmarke GS 3 (f\u00fcr die Zeit 1887 \u2013 1897) identisch sowie Seite 606, Zusatzzeichen GS Z 9 identisch (f\u00fcr die Zeit 1885 \u2013 1922), die Urspr\u00fcnge der Firma gehen zur\u00fcck auf das Pilsener Handelsunternehmen Moritz Goldscheider der 1860\u2018 Jahre, nach dem Tode von Moritz Goldscheider werden die Br\u00fcder Eduard und Friedrich Goldscheider Eigent\u00fcmer und firmieren ab 1877 als M. Goldscheider\u2019s Erben, Thon-und Kunststeinmanufactur Werk Moldau und ab 1878 als Br\u00fcder Goldscheider, im Jahre 1878 wandert Friedrich Goldscheider nach Wien aus und Eduard f\u00fchrt die Firma in Pilsen bis zum Konkurs 1892 allein weiter, Friedrich Goldscheider firmiert in Wien ab 1880 als Goldscheider\u2019sche Porzellan-Manufaktur und Porzellanmalerei, neben Handelsgesch\u00e4ften betreibt die Firma vorwiegend die Porzellanmalerei, das Porzellan wird von b\u00f6hmischen Manufakturen bezogen und teilweise auch in B\u00f6hmen bemalt, ab 1885 \u00e4ndert sich die Firmierung in Goldscheider\u2019sche Porzellan-Manufaktur und Majolicafabrik, das Jahr 1885 gilt als das offizielle Gr\u00fcndungsjahr, ab 1887 bezeichnet Friedrich Goldscheider seine Fabrik als Erste Wiener Terracotta- und Majolika-Fabrik Friedrich Goldscheider oder als Erste Wiener Kunst-Terracotta-Fabrik und kunstgewerbliche Ateliers Friedrich Goldscheider und offiziell ab 1894 als Friedrich Goldscheider Erste Wiener Terrakottafabrik, Friedrich Goldscheider stirbt im Jahre 1897, seine Ehefrau Regine Goldscheider wird Alleineigent\u00fcmer und firmiert ab 1899 als Friedrich Goldscheider in Wien, Berlin und Leipzig, ab 1907 firmiert die Firma als Erste Wiener Terrakottafabrik und Atelier f\u00fcr k\u00fcnstlerische Fayencen Friedrich Goldscheider, im Jahre 1918 stirbt Regine und die S\u00f6hne Walter und Marcell Goldscheider werden Inhaber, ab 1921 \u00e4ndert sich die Firmierung in Wiener Manufaktur Friedrich Goldscheider, 1928 scheidet Marcell Goldscheider aus und gr\u00fcndet seine eigene Firma in Wien, 1939 wird die Firma arisiert und Josef Schuster wird Inhaber, Firmierung ab 1939, Wiener Manufaktur Friedrich Goldscheider Nachf., Inhaber Josef Schuster, ab 1941 lautet die Firmierung Wiener Manufaktur Josef Schuster, vorm. Friedrich Goldscheider, nach dem WK II erh\u00e4lt Friedrich Goldscheider seine Firma zur\u00fcck und firmiert ab 1950 wieder als Wiener Manufaktur Friedrich Goldscheider, in dieser Zeit verkauft er die Firma an die Majolikafabrik Carstens, in Fredelsloh, die in Fredelsloh Wiederauflagen alter Modelle in minderwertigem braunem Ton aber auch neue Modelle ebenfalls in dieser Tonart produziert, ab 1953 firmiert die Firma als Kunstkeramische Manufaktur Goldscheider GmbH und 1960 wird die Produktion in Fredelsloh eingestellt, der vergoldete Rahmen ist ebenfalls aus Keramik, insofern ist das gesamte Wandbild ein Keramikst\u00fcck, <strong>das MEK Exemplar dieses Wandtellers ist wohl, wie alle von K\u00fcnstlern gemalten Goldscheider Wandteller, ein Unikat<\/strong>, Durchmesser 39 cm<\/p>\n<p><a href=\"http:\/\/museumek.eu\/?attachment_id=34980\" rel=\"attachment wp-att-34980\"><img loading=\"lazy\" src=\"http:\/\/museumek.eu\/wp-content\/uploads\/2014\/12\/2096-300x280.jpg\" alt=\"\" title=\"2096\" width=\"300\" height=\"280\" class=\"alignnone size-medium wp-image-34980\" srcset=\"http:\/\/museumek.eu\/wp-content\/uploads\/2014\/12\/2096-300x280.jpg 300w, http:\/\/museumek.eu\/wp-content\/uploads\/2014\/12\/2096-150x140.jpg 150w, http:\/\/museumek.eu\/wp-content\/uploads\/2014\/12\/2096-321x300.jpg 321w, http:\/\/museumek.eu\/wp-content\/uploads\/2014\/12\/2096.jpg 642w\" sizes=\"(max-width: 300px) 100vw, 300px\" \/><\/a><\/p>\n<p><a href=\"http:\/\/museumek.eu\/?attachment_id=34981\" rel=\"attachment wp-att-34981\"><img loading=\"lazy\" src=\"http:\/\/museumek.eu\/wp-content\/uploads\/2014\/12\/2101-300x250.jpg\" alt=\"\" title=\"2101\" width=\"300\" height=\"250\" class=\"alignnone size-medium wp-image-34981\" srcset=\"http:\/\/museumek.eu\/wp-content\/uploads\/2014\/12\/2101-300x250.jpg 300w, http:\/\/museumek.eu\/wp-content\/uploads\/2014\/12\/2101-150x125.jpg 150w, http:\/\/museumek.eu\/wp-content\/uploads\/2014\/12\/2101-360x300.jpg 360w, http:\/\/museumek.eu\/wp-content\/uploads\/2014\/12\/2101.jpg 720w\" sizes=\"(max-width: 300px) 100vw, 300px\" \/><\/a><\/p>\n<p><a href=\"http:\/\/museumek.eu\/?attachment_id=34982\" rel=\"attachment wp-att-34982\"><img loading=\"lazy\" src=\"http:\/\/museumek.eu\/wp-content\/uploads\/2014\/12\/2097-300x112.jpg\" alt=\"\" title=\"2097\" width=\"300\" height=\"112\" class=\"alignnone size-medium wp-image-34982\" srcset=\"http:\/\/museumek.eu\/wp-content\/uploads\/2014\/12\/2097-300x112.jpg 300w, http:\/\/museumek.eu\/wp-content\/uploads\/2014\/12\/2097-150x56.jpg 150w, http:\/\/museumek.eu\/wp-content\/uploads\/2014\/12\/2097-500x187.jpg 500w, http:\/\/museumek.eu\/wp-content\/uploads\/2014\/12\/2097.jpg 800w\" sizes=\"(max-width: 300px) 100vw, 300px\" \/><\/a><\/p>\n<p><a href=\"http:\/\/museumek.eu\/?attachment_id=34983\" rel=\"attachment wp-att-34983\"><img loading=\"lazy\" src=\"http:\/\/museumek.eu\/wp-content\/uploads\/2014\/12\/2098-300x117.jpg\" alt=\"\" title=\"2098\" width=\"300\" height=\"117\" class=\"alignnone size-medium wp-image-34983\" srcset=\"http:\/\/museumek.eu\/wp-content\/uploads\/2014\/12\/2098-300x117.jpg 300w, http:\/\/museumek.eu\/wp-content\/uploads\/2014\/12\/2098-150x58.jpg 150w, http:\/\/museumek.eu\/wp-content\/uploads\/2014\/12\/2098-500x195.jpg 500w, http:\/\/museumek.eu\/wp-content\/uploads\/2014\/12\/2098.jpg 800w\" sizes=\"(max-width: 300px) 100vw, 300px\" \/><\/a><\/p>\n<p><a href=\"http:\/\/museumek.eu\/?attachment_id=34984\" rel=\"attachment wp-att-34984\"><img loading=\"lazy\" src=\"http:\/\/museumek.eu\/wp-content\/uploads\/2014\/12\/2099-300x283.jpg\" alt=\"\" title=\"2099\" width=\"300\" height=\"283\" class=\"alignnone size-medium wp-image-34984\" srcset=\"http:\/\/museumek.eu\/wp-content\/uploads\/2014\/12\/2099-300x283.jpg 300w, http:\/\/museumek.eu\/wp-content\/uploads\/2014\/12\/2099-150x141.jpg 150w, http:\/\/museumek.eu\/wp-content\/uploads\/2014\/12\/2099-318x300.jpg 318w, http:\/\/museumek.eu\/wp-content\/uploads\/2014\/12\/2099.jpg 636w\" sizes=\"(max-width: 300px) 100vw, 300px\" \/><\/a><\/p>\n<p><a href=\"http:\/\/museumek.eu\/?attachment_id=34985\" rel=\"attachment wp-att-34985\"><img loading=\"lazy\" src=\"http:\/\/museumek.eu\/wp-content\/uploads\/2014\/12\/2100-300x202.jpg\" alt=\"\" title=\"2100\" width=\"300\" height=\"202\" class=\"alignnone size-medium wp-image-34985\" srcset=\"http:\/\/museumek.eu\/wp-content\/uploads\/2014\/12\/2100-300x202.jpg 300w, http:\/\/museumek.eu\/wp-content\/uploads\/2014\/12\/2100-150x101.jpg 150w, http:\/\/museumek.eu\/wp-content\/uploads\/2014\/12\/2100-444x300.jpg 444w, http:\/\/museumek.eu\/wp-content\/uploads\/2014\/12\/2100.jpg 652w\" sizes=\"(max-width: 300px) 100vw, 300px\" \/><\/a><\/p>\n","protected":false},"excerpt":{"rendered":"<p>Abteilung Austria\/Ungarn\/B\u00f6hmen, Keramik 1860 \u2013 1960, Inventarnummer A\/I\/136 Erste Wiener Terracotta- und Majolika-Fabrik Friedrich Goldscheider beziehungsweise Erste Wiener Kunst-Terracotta-Fabrik und kunstgewerbliche Ateliers Friedrich Goldscheider, Austria, Wien, ca. 1890, Wandteller, K\u00fcnstler unbekannt, Werks.-Nr. ohne, Exemplar Nr. Unikat, Modelleur Nr.ohne, gemarkt Firmenmarke &hellip; <a href=\"http:\/\/museumek.eu\/?page_id=34979\">Weiterlesen <span class=\"meta-nav\">&rarr;<\/span><\/a><\/p>\n","protected":false},"author":1,"featured_media":0,"parent":32309,"menu_order":136,"comment_status":"closed","ping_status":"open","template":"","meta":[],"_links":{"self":[{"href":"http:\/\/museumek.eu\/index.php?rest_route=\/wp\/v2\/pages\/34979"}],"collection":[{"href":"http:\/\/museumek.eu\/index.php?rest_route=\/wp\/v2\/pages"}],"about":[{"href":"http:\/\/museumek.eu\/index.php?rest_route=\/wp\/v2\/types\/page"}],"author":[{"embeddable":true,"href":"http:\/\/museumek.eu\/index.php?rest_route=\/wp\/v2\/users\/1"}],"replies":[{"embeddable":true,"href":"http:\/\/museumek.eu\/index.php?rest_route=%2Fwp%2Fv2%2Fcomments&post=34979"}],"version-history":[{"count":6,"href":"http:\/\/museumek.eu\/index.php?rest_route=\/wp\/v2\/pages\/34979\/revisions"}],"predecessor-version":[{"id":34991,"href":"http:\/\/museumek.eu\/index.php?rest_route=\/wp\/v2\/pages\/34979\/revisions\/34991"}],"up":[{"embeddable":true,"href":"http:\/\/museumek.eu\/index.php?rest_route=\/wp\/v2\/pages\/32309"}],"wp:attachment":[{"href":"http:\/\/museumek.eu\/index.php?rest_route=%2Fwp%2Fv2%2Fmedia&parent=34979"}],"curies":[{"name":"wp","href":"https:\/\/api.w.org\/{rel}","templated":true}]}}