{"id":3501,"date":"2011-09-15T18:32:13","date_gmt":"2011-09-15T16:32:13","guid":{"rendered":"http:\/\/museumek.eu\/?page_id=3501"},"modified":"2021-05-16T15:25:25","modified_gmt":"2021-05-16T13:25:25","slug":"kurzbiografie-und-inventar-zum-kunstler","status":"publish","type":"page","link":"http:\/\/museumek.eu\/?page_id=3501","title":{"rendered":"Kurzbiografie und Inventar zum K\u00fcnstler"},"content":{"rendered":"<p>Johannes Cornelis Heijtze wurde 1873 in Den Haag geboren. Weitere Daten vom K\u00fcnstler konnten nicht eruiert werden. <\/p>\n<p><strong>Abteilung Niederlande, Keramik 1860 \u2013 1960, Inventarnummer N\/I\/1<\/strong><\/p>\n<p>Haagsche Plateelbakkerij Rozenburg, vormals N. V. &#8217;s-Gravenhaag-sche Kunstaardewerkfabriek und Nachf. Haagsche Plateelbakkerij N. V. Rozenburg und Nachf. Koninklijke Porcelein- en Aardewerkfabriek N. V. Rozenburg, Niederlande, Den Haag, 1902, sehr gro\u00dfer Wandteller Auf Bl\u00fctenzweig sitzender Papagei, K\u00fcnstler Johannes Cornelis Heijtze, Werks.-Nr. 732. (Auftragsnummer), Exemplar Nr. ohne, gemarkt Firmenmarke mit Krone, Rozenburg, Storch, den Haag schwarzer Stempel unter Glasur, Fenster schwarz unter Glasur gemalt, H (f\u00fcr Heijtze) schwarz unter Glasur gemalt, 732. schwarz unter Glasur gemalt, Jahreszeichen Sonne (f\u00fcr 1902) schwarz unter Glasur gemalt, Literatur: Edgar Pelichet, Jugendstilkeramik, Seite 186 Marke und Jahreszeichenerkl\u00e4rung, weitere Literatur: Gisela Reineking von Bock und Carl-Wolfgang Sch\u00fcmann, Kunstgewerbemuseum der Stadt K\u00f6ln, Sammlung Gertrud und Dr. Karl Funke-Kaiser, Keramik vom Historismus bis zur Gegenwart, Seite 399, Marke Bildtafel 65 identisch, weitere Literatur: Dieter Z\u00fchlsdorff, Markenlexikon Band 1, Porzellan und Keramik Report 1885 &#8211; 1935, Seite 188, Werk-Teil 1., Gruppennummer des Werkteils 2., laufende Nummer innerhalb der Gruppe 1654 identische Marke (dort f\u00fcr die Zeit von 1900 &#8211; 1914) sowie Seiten 487\/488, Werk-Teil 3., laufende Nummer des Werkteils 237, dort Beschreibung der Fabrik sowie Jahreszahlen-Schl\u00fcssel und Erl\u00e4uterung der Bildsymbole, siehe auch Auktionshaus von Zeschwitz, M\u00fcnchen, Auktion Nr. 59 vom 22.04.2010, Lot Nr. 335, der deutsche ehemaliger Kavallerieoffizier, Freiherr Wolf von Gudenberg, der in Delft bei Joost Thooft &#038; Labouch\u00e8re als Fliesenmaler gearbeitet hatte, beschloss 1883, auf eigene Rechnung\u201a Holl\u00e4ndisches Delft\u2019 herzustellen, ein Steingut, das seit circa Mitte des 17. Jahrhunderts haupts\u00e4chlich in dieser Stadt erzeugt und mit typischer Blau-Wei\u00df Malerei verziert wurde, er errichtete einen Betrieb in Den Haag, Firmierung N. V. &#8217;s-Gravenhaag-sche Kunstaardewerkfabriek, 1885 verlegt er die Fabrik in ein Landhaus in Den Haag, das sich Rozenburg nannte, diesen Namen \u00fcbernahm die Manufaktur, Firmierung Haagsche Plateelbakkerij Rozenburg, die produzierte Fayence war nicht ertragreich, 1885 bis 1889 war A. C. Theodorus Colenbrander k\u00fcnstlerischer Leiter der Fabrik, unter ihm wurde ein neuer Stil entwickelt, mehrfarbige Unterglasurmalerei im fern\u00f6stlichen Stil, Colenbranders Nachfolger wird A. Vosmaer, 1887 wird die Fabrik in eine AG umgewandelt, Firmierung ab da Haagsche Plateelbakkerij N. V. Rozenburg, der wirtschaftliche Erfolg bleibt aus, 1889 Gudenberg scheidet aus der Fabrik aus (inzwischen war er seit 1897 und bis 1902 Inhaber der Steingutfabrik Neum\u00e4rkische Steingutfabrik, vormals Steingutfabrik A. Franke in Vordamm), 1894 wird J. Juriaan Kok (geb. 1861, gest. 1919), k\u00fcnstlerischer Berater der Fabrik und von 1895 bis 1913 Leiter der Fabrik, Kok entwickelte in Zusammenarbeit mit dem Chemiker M. N. Engelen feines, durchsichtiges Porzellan, das sogenannte Eierschalenporzellan, von diesem Porzellan gingen seit 1899 circa 315 Modelle in Serienfertigung, mit diesem Produkt, hatte die Fabrik sehr gro\u00dfen Erfolg auf der Pariser Weltausstellung um im Jahre 1900, von 1898 bis 1914 ist D. de Ruiter Leiter der Malabteilung, seit 1890 wurden die W\u00f6rter &#8222;Rozenburg den Haag&#8220; mit in der Firmenmmarke verwendet, 1892 kam der Storch hinzu, seit der Pariser Weltausstellung 1900, in Anerkennung des gro\u00dfen Erfolgs, geh\u00f6rte die Krone mit zur Bezeichnung, K\u00f6nigin Wilhelmina verlieh der Fabrik den Namen K\u00f6nigliche Porzellan- und Faiencefabrik Rozenburg, Firmierung auf holl\u00e4ndisch Koninklijke Porcelein- en Aardewerkfabriek N. V. Rozenburg, als Jahreszeichen dienten zuerst Buchstaben, seit circa 1899 wurden bildliche Zeichen eingef\u00fchrt, zum Beispiel Bienen, Anker oder Laternen, in den letzten Jahre produzierte die Fabrik haupts\u00e4chlich polychrome bemaltes Steinzeug,<br \/>\n1917 wurde die Fabrik geschlossen, Durchmesser 44 cm<\/p>\n<p><a href=\"http:\/\/museumek.eu\/wp-content\/uploads\/2011\/08\/Museum-Europ\u00e4ischer-Keramikkunst-Qualit\u00e4tsfotos-376.jpg\"><img loading=\"lazy\" src=\"http:\/\/museumek.eu\/wp-content\/uploads\/2011\/08\/Museum-Europ\u00e4ischer-Keramikkunst-Qualit\u00e4tsfotos-376-300x275.jpg\" alt=\"\" title=\"Museum Europ\u00e4ischer Keramikkunst Qualit\u00e4tsfotos 376\" width=\"300\" height=\"275\" class=\"alignnone size-medium wp-image-2576\" srcset=\"http:\/\/museumek.eu\/wp-content\/uploads\/2011\/08\/Museum-Europ\u00e4ischer-Keramikkunst-Qualit\u00e4tsfotos-376-300x275.jpg 300w, http:\/\/museumek.eu\/wp-content\/uploads\/2011\/08\/Museum-Europ\u00e4ischer-Keramikkunst-Qualit\u00e4tsfotos-376-326x300.jpg 326w, http:\/\/museumek.eu\/wp-content\/uploads\/2011\/08\/Museum-Europ\u00e4ischer-Keramikkunst-Qualit\u00e4tsfotos-376.jpg 773w\" sizes=\"(max-width: 300px) 100vw, 300px\" \/><\/a><\/p>\n<p><a href=\"http:\/\/museumek.eu\/wp-content\/uploads\/2011\/08\/Haagscher-Teller.jpg\"><img loading=\"lazy\" src=\"http:\/\/museumek.eu\/wp-content\/uploads\/2011\/08\/Haagscher-Teller.jpg\" alt=\"\" title=\"Haagscher Teller\" width=\"294\" height=\"237\" class=\"alignnone size-full wp-image-2577\" \/><\/a><\/p>\n<p><a href=\"http:\/\/museumek.eu\/wp-content\/uploads\/2011\/08\/Haagscher-Teller-1.jpg\"><img loading=\"lazy\" src=\"http:\/\/museumek.eu\/wp-content\/uploads\/2011\/08\/Haagscher-Teller-1.jpg\" alt=\"\" title=\"Haagscher Teller 1\" width=\"264\" height=\"232\" class=\"alignnone size-full wp-image-2578\" \/><\/a><\/p>\n<p><a href=\"http:\/\/museumek.eu\/wp-content\/uploads\/2011\/08\/Haagscher-Teller-2.jpg\"><img loading=\"lazy\" src=\"http:\/\/museumek.eu\/wp-content\/uploads\/2011\/08\/Haagscher-Teller-2-300x218.jpg\" alt=\"\" title=\"Haagscher Teller 2\" width=\"300\" height=\"218\" class=\"alignnone size-medium wp-image-2579\" srcset=\"http:\/\/museumek.eu\/wp-content\/uploads\/2011\/08\/Haagscher-Teller-2-300x218.jpg 300w, http:\/\/museumek.eu\/wp-content\/uploads\/2011\/08\/Haagscher-Teller-2-411x300.jpg 411w, http:\/\/museumek.eu\/wp-content\/uploads\/2011\/08\/Haagscher-Teller-2.jpg 607w\" sizes=\"(max-width: 300px) 100vw, 300px\" \/><\/a><\/p>\n","protected":false},"excerpt":{"rendered":"<p>Johannes Cornelis Heijtze wurde 1873 in Den Haag geboren. Weitere Daten vom K\u00fcnstler konnten nicht eruiert werden. Abteilung Niederlande, Keramik 1860 \u2013 1960, Inventarnummer N\/I\/1 Haagsche Plateelbakkerij Rozenburg, vormals N. V. &#8217;s-Gravenhaag-sche Kunstaardewerkfabriek und Nachf. Haagsche Plateelbakkerij N. V. Rozenburg &hellip; <a href=\"http:\/\/museumek.eu\/?page_id=3501\">Weiterlesen <span class=\"meta-nav\">&rarr;<\/span><\/a><\/p>\n","protected":false},"author":1,"featured_media":0,"parent":1496,"menu_order":0,"comment_status":"closed","ping_status":"closed","template":"","meta":[],"_links":{"self":[{"href":"http:\/\/museumek.eu\/index.php?rest_route=\/wp\/v2\/pages\/3501"}],"collection":[{"href":"http:\/\/museumek.eu\/index.php?rest_route=\/wp\/v2\/pages"}],"about":[{"href":"http:\/\/museumek.eu\/index.php?rest_route=\/wp\/v2\/types\/page"}],"author":[{"embeddable":true,"href":"http:\/\/museumek.eu\/index.php?rest_route=\/wp\/v2\/users\/1"}],"replies":[{"embeddable":true,"href":"http:\/\/museumek.eu\/index.php?rest_route=%2Fwp%2Fv2%2Fcomments&post=3501"}],"version-history":[{"count":7,"href":"http:\/\/museumek.eu\/index.php?rest_route=\/wp\/v2\/pages\/3501\/revisions"}],"predecessor-version":[{"id":56926,"href":"http:\/\/museumek.eu\/index.php?rest_route=\/wp\/v2\/pages\/3501\/revisions\/56926"}],"up":[{"embeddable":true,"href":"http:\/\/museumek.eu\/index.php?rest_route=\/wp\/v2\/pages\/1496"}],"wp:attachment":[{"href":"http:\/\/museumek.eu\/index.php?rest_route=%2Fwp%2Fv2%2Fmedia&parent=3501"}],"curies":[{"name":"wp","href":"https:\/\/api.w.org\/{rel}","templated":true}]}}