{"id":3504,"date":"2011-09-15T18:33:09","date_gmt":"2011-09-15T16:33:09","guid":{"rendered":"http:\/\/museumek.eu\/?page_id=3504"},"modified":"2013-04-25T21:16:22","modified_gmt":"2013-04-25T19:16:22","slug":"kurzbiografie-und-inventar-zum-kunstler","status":"publish","type":"page","link":"http:\/\/museumek.eu\/?page_id=3504","title":{"rendered":"Kurzbiografie und Inventar zum K\u00fcnstler"},"content":{"rendered":"<p>Hermann Heindl wurde am 06.01.1875 in Wien geboren. Er starb am 15.05.1945 ebenda.<br \/>\nHeindl besuchte die Wiener Kunstgewerbeschule. Er arbeitete als Portr\u00e4tmaler und Bildhauer. Heindl schuf auch Wandmasken f\u00fcr die Oeslauer Firma Goebel und 3 Modelle f\u00fcr die Manufaktur Friedrich Goldscheider in Wien, jeweils Madonnen mit Kind. Um 1940 betrieb er in Wien eine eigene keramische Werkstatt.<\/p>\n<p><strong>Abteilung Austria\/Ungarn\/B\u00f6hmen, Keramik 1860 \u2013 1960, Inventarnummer A\/XXVI\/1<\/strong><\/p>\n<p>Hermann Heindl, Austria, Wien, 1940, Figur Madonna mit Kind, K\u00fcnstler Hermann Heindl, Werks.-Nr. 20, Exemplar Nr. IV, gemarkt Heindl sowie 20 gepresst , IV geritzt, nicht signiert, Heindl schuf auch f\u00fcr Goldscheider 2 Figuren und eine B\u00fcste von Madonnen mit Kind, H\u00f6he 24,5 cm, Breite 15 cm<\/p>\n<p><a href=\"http:\/\/museumek.eu\/wp-content\/uploads\/2011\/09\/Museum-Europ\u00e4ischer-Keramikkunst-9711.jpg\"><img loading=\"lazy\" src=\"http:\/\/museumek.eu\/wp-content\/uploads\/2011\/09\/Museum-Europ\u00e4ischer-Keramikkunst-9711-171x300.jpg\" alt=\"\" title=\"Museum Europ\u00e4ischer Keramikkunst 971\" width=\"171\" height=\"300\" class=\"alignnone size-medium wp-image-3168\" srcset=\"http:\/\/museumek.eu\/wp-content\/uploads\/2011\/09\/Museum-Europ\u00e4ischer-Keramikkunst-9711-171x300.jpg 171w, http:\/\/museumek.eu\/wp-content\/uploads\/2011\/09\/Museum-Europ\u00e4ischer-Keramikkunst-9711.jpg 527w\" sizes=\"(max-width: 171px) 100vw, 171px\" \/><\/a><\/p>\n<p><a href=\"http:\/\/museumek.eu\/wp-content\/uploads\/2011\/09\/Museum-Europ\u00e4ischer-Keramikkunst-9731.jpg\"><img loading=\"lazy\" src=\"http:\/\/museumek.eu\/wp-content\/uploads\/2011\/09\/Museum-Europ\u00e4ischer-Keramikkunst-9731-300x180.jpg\" alt=\"\" title=\"Museum Europ\u00e4ischer Keramikkunst 973\" width=\"300\" height=\"180\" class=\"alignnone size-medium wp-image-3169\" srcset=\"http:\/\/museumek.eu\/wp-content\/uploads\/2011\/09\/Museum-Europ\u00e4ischer-Keramikkunst-9731-300x180.jpg 300w, http:\/\/museumek.eu\/wp-content\/uploads\/2011\/09\/Museum-Europ\u00e4ischer-Keramikkunst-9731-497x300.jpg 497w, http:\/\/museumek.eu\/wp-content\/uploads\/2011\/09\/Museum-Europ\u00e4ischer-Keramikkunst-9731.jpg 499w\" sizes=\"(max-width: 300px) 100vw, 300px\" \/><\/a><\/p>\n<p><a href=\"http:\/\/museumek.eu\/wp-content\/uploads\/2011\/09\/Museum-Europ\u00e4ischer-Keramikkunst-9741.jpg\"><img loading=\"lazy\" src=\"http:\/\/museumek.eu\/wp-content\/uploads\/2011\/09\/Museum-Europ\u00e4ischer-Keramikkunst-9741-300x235.jpg\" alt=\"\" title=\"Museum Europ\u00e4ischer Keramikkunst 974\" width=\"300\" height=\"235\" class=\"alignnone size-medium wp-image-3170\" srcset=\"http:\/\/museumek.eu\/wp-content\/uploads\/2011\/09\/Museum-Europ\u00e4ischer-Keramikkunst-9741-300x235.jpg 300w, http:\/\/museumek.eu\/wp-content\/uploads\/2011\/09\/Museum-Europ\u00e4ischer-Keramikkunst-9741.jpg 339w\" sizes=\"(max-width: 300px) 100vw, 300px\" \/><\/a><\/p>\n<p><a href=\"http:\/\/museumek.eu\/wp-content\/uploads\/2011\/09\/Museum-Europ\u00e4ischer-Keramikkunst-975.jpg\"><img loading=\"lazy\" src=\"http:\/\/museumek.eu\/wp-content\/uploads\/2011\/09\/Museum-Europ\u00e4ischer-Keramikkunst-975-294x300.jpg\" alt=\"\" title=\"Museum Europ\u00e4ischer Keramikkunst 975\" width=\"294\" height=\"300\" class=\"alignnone size-medium wp-image-3171\" srcset=\"http:\/\/museumek.eu\/wp-content\/uploads\/2011\/09\/Museum-Europ\u00e4ischer-Keramikkunst-975-294x300.jpg 294w, http:\/\/museumek.eu\/wp-content\/uploads\/2011\/09\/Museum-Europ\u00e4ischer-Keramikkunst-975.jpg 584w\" sizes=\"(max-width: 294px) 100vw, 294px\" \/><\/a><\/p>\n","protected":false},"excerpt":{"rendered":"<p>Hermann Heindl wurde am 06.01.1875 in Wien geboren. Er starb am 15.05.1945 ebenda. Heindl besuchte die Wiener Kunstgewerbeschule. Er arbeitete als Portr\u00e4tmaler und Bildhauer. Heindl schuf auch Wandmasken f\u00fcr die Oeslauer Firma Goebel und 3 Modelle f\u00fcr die Manufaktur Friedrich &hellip; <a href=\"http:\/\/museumek.eu\/?page_id=3504\">Weiterlesen <span class=\"meta-nav\">&rarr;<\/span><\/a><\/p>\n","protected":false},"author":1,"featured_media":0,"parent":3174,"menu_order":0,"comment_status":"closed","ping_status":"closed","template":"","meta":[],"_links":{"self":[{"href":"http:\/\/museumek.eu\/index.php?rest_route=\/wp\/v2\/pages\/3504"}],"collection":[{"href":"http:\/\/museumek.eu\/index.php?rest_route=\/wp\/v2\/pages"}],"about":[{"href":"http:\/\/museumek.eu\/index.php?rest_route=\/wp\/v2\/types\/page"}],"author":[{"embeddable":true,"href":"http:\/\/museumek.eu\/index.php?rest_route=\/wp\/v2\/users\/1"}],"replies":[{"embeddable":true,"href":"http:\/\/museumek.eu\/index.php?rest_route=%2Fwp%2Fv2%2Fcomments&post=3504"}],"version-history":[{"count":4,"href":"http:\/\/museumek.eu\/index.php?rest_route=\/wp\/v2\/pages\/3504\/revisions"}],"predecessor-version":[{"id":20495,"href":"http:\/\/museumek.eu\/index.php?rest_route=\/wp\/v2\/pages\/3504\/revisions\/20495"}],"up":[{"embeddable":true,"href":"http:\/\/museumek.eu\/index.php?rest_route=\/wp\/v2\/pages\/3174"}],"wp:attachment":[{"href":"http:\/\/museumek.eu\/index.php?rest_route=%2Fwp%2Fv2%2Fmedia&parent=3504"}],"curies":[{"name":"wp","href":"https:\/\/api.w.org\/{rel}","templated":true}]}}