{"id":3513,"date":"2011-09-15T18:35:51","date_gmt":"2011-09-15T16:35:51","guid":{"rendered":"http:\/\/museumek.eu\/?page_id=3513"},"modified":"2021-01-15T10:09:38","modified_gmt":"2021-01-15T09:09:38","slug":"kurzbiografie-und-inventar-zum-kunstler","status":"publish","type":"page","link":"http:\/\/museumek.eu\/?page_id=3513","title":{"rendered":"Kurzbiografie und Inventar zum K\u00fcnstler"},"content":{"rendered":"<p>\u00dcber Franziska Hirsch konnten keinere weiteren Lebensdaten eruiert werden. Sie f\u00fchrte in der Zeit von 1893 bis 1930 ein eigenes Atelier in Dresden.<\/p>\n<p><strong>Abteilung Deutschland, Keramik 1860 \u2013 1960, Inventarnummer D\/V\/1<\/strong><\/p>\n<p>Manufaktur Porzellanmalerei Franziska Hirsch und Nachf. Franziska Hirsch GmbH und Nachf. Franziska Hirsch Nachf., Deutschland, Dresden, 1895, Relief mit Putti, K\u00fcnstler Franziska Hirsch, Werks.-Nr. 1535, Exemplar Nr. ohne, gemarkt F H 1535 sowie L gemalt, Gold geh\u00f6ht, Pate sur Pate, Franziska von Hirsch gr\u00fcndete 1893 eine Porzellanmalerei in Dresden, 1910 Umwandlung in eine GmbH, Firmierung Franziska Hirsch GmbH, 1930 wird Margot Wohlauer Nachfolgerin, Firmierung ab da Franziska Hirsch Nachf., die Porzellanmalerei nahm an Ausstellungen teil und erhielt Auszeichnungen H\u00f6he 16,5 cm, Breite 18 cm<\/p>\n<p><a href=\"http:\/\/museumek.eu\/wp-content\/uploads\/2011\/08\/Museum-Europ\u00e4ischer-Keramikkunst-Qualit\u00e4tsfotos-301.jpg\"><img loading=\"lazy\" src=\"http:\/\/museumek.eu\/wp-content\/uploads\/2011\/08\/Museum-Europ\u00e4ischer-Keramikkunst-Qualit\u00e4tsfotos-301-300x270.jpg\" alt=\"\" title=\"Museum Europ\u00e4ischer Keramikkunst Qualit\u00e4tsfotos 301\" width=\"300\" height=\"270\" class=\"alignnone size-medium wp-image-1944\" srcset=\"http:\/\/museumek.eu\/wp-content\/uploads\/2011\/08\/Museum-Europ\u00e4ischer-Keramikkunst-Qualit\u00e4tsfotos-301-300x270.jpg 300w, http:\/\/museumek.eu\/wp-content\/uploads\/2011\/08\/Museum-Europ\u00e4ischer-Keramikkunst-Qualit\u00e4tsfotos-301-332x300.jpg 332w, http:\/\/museumek.eu\/wp-content\/uploads\/2011\/08\/Museum-Europ\u00e4ischer-Keramikkunst-Qualit\u00e4tsfotos-301.jpg 764w\" sizes=\"(max-width: 300px) 100vw, 300px\" \/><\/a><\/p>\n<p><a href=\"http:\/\/museumek.eu\/wp-content\/uploads\/2011\/08\/Museum-Europ\u00e4ischer-Keramikkunst-468.jpg\"><img loading=\"lazy\" src=\"http:\/\/museumek.eu\/wp-content\/uploads\/2011\/08\/Museum-Europ\u00e4ischer-Keramikkunst-468-163x300.jpg\" alt=\"\" title=\"Museum Europ\u00e4ischer Keramikkunst 468\" width=\"163\" height=\"300\" class=\"alignnone size-medium wp-image-1946\" \/><\/a><\/p>\n<p><strong>Abteilung Deutschland, Keramik 1860 \u2013 1960, Inventarnummer D\/V\/2<\/strong><\/p>\n<p>Manufaktur Porzellanmalerei Franziska Hirsch und Nachf. Franziska Hirsch GmbH und Nachf. Franziska Hirsch Nachf., Deutschland, Dresden, um 1900, Schale, K\u00fcnstler Franziska Hirsch, Werks.-Nr. 88 (?), Exemplar Nr. ohne, gemarkt Firmenmarke zwischen einem Hirschgeweih der Buchstabe H sowie Dresden blau auf Glasur, 88 Gold gemalt auf Glasur, reichliche Goldmalerei, nicht signiert, Literatur: Otto Pelka, Keramik der Neuzeit, Markentafel II, Marke Nr. 27 identisch, Seite 209, Herstellerbezeichnung Franziska G. Hirsch sowie Seite 219, Namensverzeichnis Hirsch, Franziska G. = Marke 27, weitere Literatur: Robert E. R\u00f6ntgen, Deutsche Porzellanmarken von 1710 bis heute, Seite 73, Marke Nr. 409 identisch (dort f\u00fcr die Zeit von 1901 bis 1914), weitere Literatur: Dieter Z\u00fchlsdorff, Porzellan und Keramik Report 1885 &#8211; 1935, Markenlexikon Band 1, Werkteil-Nummer 1, Gruppen-Nummer im Werkteil 1., fortlaufende Nummer im Werkteil 504 Marke identisch (dort f\u00fcr die Zeit 1901 &#8211; 1933) sowie Seite 491, Werkteil-Nummer 3, fortlaufende Nummer im Werkteil 268, dort Beschreibung der Porzellanmalerei, Franziska von Hirsch gr\u00fcndete 1893 eine Porzellanmalerei in Dresden, 1910 Umwandlung in eine GmbH, Firmierung Franziska Hirsch GmbH, 1930 wird Margot Wohlauer Nachfolgerin, Firmierung ab da Franziska Hirsch Nachf., die Porzellanmalerei nahm an Ausstellungen teil und erhielt Auszeichnungen H\u00f6he 7,5 cm, Breite 13,5 cm<\/p>\n<p><a href=\"http:\/\/museumek.eu\/wp-content\/uploads\/2012\/06\/Museum-Europ\u00e4ischer-Keramikkunst-2458.jpg\"><img loading=\"lazy\" src=\"http:\/\/museumek.eu\/wp-content\/uploads\/2012\/06\/Museum-Europ\u00e4ischer-Keramikkunst-2458-300x229.jpg\" alt=\"\" title=\"Museum Europ\u00e4ischer Keramikkunst 2458\" width=\"300\" height=\"229\" class=\"alignnone size-medium wp-image-10941\" srcset=\"http:\/\/museumek.eu\/wp-content\/uploads\/2012\/06\/Museum-Europ\u00e4ischer-Keramikkunst-2458-300x229.jpg 300w, http:\/\/museumek.eu\/wp-content\/uploads\/2012\/06\/Museum-Europ\u00e4ischer-Keramikkunst-2458-391x300.jpg 391w, http:\/\/museumek.eu\/wp-content\/uploads\/2012\/06\/Museum-Europ\u00e4ischer-Keramikkunst-2458.jpg 702w\" sizes=\"(max-width: 300px) 100vw, 300px\" \/><\/a><\/p>\n<p><a href=\"http:\/\/museumek.eu\/wp-content\/uploads\/2012\/06\/Museum-Europ\u00e4ischer-Keramikkunst-2459.jpg\"><img loading=\"lazy\" src=\"http:\/\/museumek.eu\/wp-content\/uploads\/2012\/06\/Museum-Europ\u00e4ischer-Keramikkunst-2459-171x300.jpg\" alt=\"\" title=\"Museum Europ\u00e4ischer Keramikkunst 2459\" width=\"171\" height=\"300\" class=\"alignnone size-medium wp-image-10942\" srcset=\"http:\/\/museumek.eu\/wp-content\/uploads\/2012\/06\/Museum-Europ\u00e4ischer-Keramikkunst-2459-171x300.jpg 171w, http:\/\/museumek.eu\/wp-content\/uploads\/2012\/06\/Museum-Europ\u00e4ischer-Keramikkunst-2459.jpg 264w\" sizes=\"(max-width: 171px) 100vw, 171px\" \/><\/a><\/p>\n<p><strong>Abteilung Deutschland, Keramik 1860 \u2013 1960, Inventarnummer D\/V\/3<\/strong><\/p>\n<p>Manufaktur Porzellanmalerei Franziska Hirsch und Nachf. Franziska Hirsch GmbH und Nachf. Franziska Hirsch Nachf., Deutschland, Dresden, um 1900, Teller (zehneckig, decagon), K\u00fcnstler Franziska Hirsch, Werks.-Nr. ohne, Exemplar Nr. ohne, gemarkt Firmenmarke zwischen einem Hirschgeweih der Buchstabe H sowie Dresden blau auf Glasur, nicht signiert, Literatur: Otto Pelka, Keramik der Neuzeit, Markentafel II, Marke Nr. 27 identisch, Seite 209, Herstellerbezeichnung Franziska G. Hirsch sowie Seite 219, Namensverzeichnis Hirsch, Franziska G. = Marke 27, weitere Literatur: Robert E. R\u00f6ntgen, Deutsche Porzellanmarken von 1710 bis heute, Seite 73, Marke Nr. 409 identisch (dort f\u00fcr die Zeit von 1901 bis 1914), weitere Literatur: Dieter Z\u00fchlsdorff, Porzellan und Keramik Report 1885 &#8211; 1935, Markenlexikon Band 1, Werkteil-Nummer 1, Gruppen-Nummer im Werkteil 1., fortlaufende Nummer im Werkteil 504 Marke identisch (dort f\u00fcr die Zeit 1901 &#8211; 1933) sowie Seite 491, Werkteil-Nummer 3, fortlaufende Nummer im Werkteil 268, dort Beschreibung der Porzellanmalerei, Franziska von Hirsch gr\u00fcndete 1893 eine Porzellanmalerei in Dresden, 1910 Umwandlung in eine GmbH, Firmierung Franziska Hirsch GmbH, 1930 wird Margot Wohlauer Nachfolgerin, Firmierung ab da Franziska Hirsch Nachf., die Porzellanmalerei nahm an Ausstellungen teil und erhielt Auszeichnungen, Durchmesser 20 cm<\/p>\n<p><a href=\"http:\/\/museumek.eu\/?attachment_id=49614\" rel=\"attachment wp-att-49614\"><img loading=\"lazy\" src=\"http:\/\/museumek.eu\/wp-content\/uploads\/2011\/09\/Franziska-Hirsch-Teller-1-300x290.jpg\" alt=\"\" title=\"Franziska Hirsch Teller 1\" width=\"300\" height=\"290\" class=\"alignnone size-medium wp-image-49614\" srcset=\"http:\/\/museumek.eu\/wp-content\/uploads\/2011\/09\/Franziska-Hirsch-Teller-1-300x290.jpg 300w, http:\/\/museumek.eu\/wp-content\/uploads\/2011\/09\/Franziska-Hirsch-Teller-1-150x145.jpg 150w, http:\/\/museumek.eu\/wp-content\/uploads\/2011\/09\/Franziska-Hirsch-Teller-1-310x300.jpg 310w, http:\/\/museumek.eu\/wp-content\/uploads\/2011\/09\/Franziska-Hirsch-Teller-1.jpg 496w\" sizes=\"(max-width: 300px) 100vw, 300px\" \/><\/a><\/p>\n<p><a href=\"http:\/\/museumek.eu\/?attachment_id=49615\" rel=\"attachment wp-att-49615\"><img loading=\"lazy\" src=\"http:\/\/museumek.eu\/wp-content\/uploads\/2011\/09\/Franziska-Hirsch-Teller-2-290x300.jpg\" alt=\"\" title=\"Franziska Hirsch Teller 2\" width=\"290\" height=\"300\" class=\"alignnone size-medium wp-image-49615\" srcset=\"http:\/\/museumek.eu\/wp-content\/uploads\/2011\/09\/Franziska-Hirsch-Teller-2-290x300.jpg 290w, http:\/\/museumek.eu\/wp-content\/uploads\/2011\/09\/Franziska-Hirsch-Teller-2-145x150.jpg 145w, http:\/\/museumek.eu\/wp-content\/uploads\/2011\/09\/Franziska-Hirsch-Teller-2.jpg 480w\" sizes=\"(max-width: 290px) 100vw, 290px\" \/><\/a><\/p>\n<p><a href=\"http:\/\/museumek.eu\/?attachment_id=49616\" rel=\"attachment wp-att-49616\"><img loading=\"lazy\" src=\"http:\/\/museumek.eu\/wp-content\/uploads\/2011\/09\/Franziska-Hirsch-Teller-3-300x256.jpg\" alt=\"\" title=\"Franziska Hirsch Teller 3\" width=\"300\" height=\"256\" class=\"alignnone size-medium wp-image-49616\" srcset=\"http:\/\/museumek.eu\/wp-content\/uploads\/2011\/09\/Franziska-Hirsch-Teller-3-300x256.jpg 300w, http:\/\/museumek.eu\/wp-content\/uploads\/2011\/09\/Franziska-Hirsch-Teller-3-150x128.jpg 150w, http:\/\/museumek.eu\/wp-content\/uploads\/2011\/09\/Franziska-Hirsch-Teller-3-351x300.jpg 351w, http:\/\/museumek.eu\/wp-content\/uploads\/2011\/09\/Franziska-Hirsch-Teller-3.jpg 562w\" sizes=\"(max-width: 300px) 100vw, 300px\" \/><\/a><\/p>\n","protected":false},"excerpt":{"rendered":"<p>\u00dcber Franziska Hirsch konnten keinere weiteren Lebensdaten eruiert werden. Sie f\u00fchrte in der Zeit von 1893 bis 1930 ein eigenes Atelier in Dresden. Abteilung Deutschland, Keramik 1860 \u2013 1960, Inventarnummer D\/V\/1 Manufaktur Porzellanmalerei Franziska Hirsch und Nachf. Franziska Hirsch GmbH &hellip; <a href=\"http:\/\/museumek.eu\/?page_id=3513\">Weiterlesen <span class=\"meta-nav\">&rarr;<\/span><\/a><\/p>\n","protected":false},"author":1,"featured_media":0,"parent":1505,"menu_order":0,"comment_status":"closed","ping_status":"closed","template":"","meta":[],"_links":{"self":[{"href":"http:\/\/museumek.eu\/index.php?rest_route=\/wp\/v2\/pages\/3513"}],"collection":[{"href":"http:\/\/museumek.eu\/index.php?rest_route=\/wp\/v2\/pages"}],"about":[{"href":"http:\/\/museumek.eu\/index.php?rest_route=\/wp\/v2\/types\/page"}],"author":[{"embeddable":true,"href":"http:\/\/museumek.eu\/index.php?rest_route=\/wp\/v2\/users\/1"}],"replies":[{"embeddable":true,"href":"http:\/\/museumek.eu\/index.php?rest_route=%2Fwp%2Fv2%2Fcomments&post=3513"}],"version-history":[{"count":11,"href":"http:\/\/museumek.eu\/index.php?rest_route=\/wp\/v2\/pages\/3513\/revisions"}],"predecessor-version":[{"id":52251,"href":"http:\/\/museumek.eu\/index.php?rest_route=\/wp\/v2\/pages\/3513\/revisions\/52251"}],"up":[{"embeddable":true,"href":"http:\/\/museumek.eu\/index.php?rest_route=\/wp\/v2\/pages\/1505"}],"wp:attachment":[{"href":"http:\/\/museumek.eu\/index.php?rest_route=%2Fwp%2Fv2%2Fmedia&parent=3513"}],"curies":[{"name":"wp","href":"https:\/\/api.w.org\/{rel}","templated":true}]}}