{"id":35167,"date":"2014-12-25T19:19:00","date_gmt":"2014-12-25T18:19:00","guid":{"rendered":"http:\/\/museumek.eu\/?page_id=35167"},"modified":"2014-12-28T00:33:35","modified_gmt":"2014-12-27T23:33:35","slug":"dxlix6","status":"publish","type":"page","link":"http:\/\/museumek.eu\/?page_id=35167","title":{"rendered":"D\/XLIX\/6"},"content":{"rendered":"<p><strong>Abteilung Deutschland, Keramik 1860 \u2013 1960, Inventarnummer D\/XLIX\/6<\/strong><\/p>\n<p>Simon Peter Gerz I. GmbH Fabrik fein verzierter Gebrauchs- und Luxusgegenst\u00e4nde und Vorg\u00e4nger Simon Peter Gerz I. Fabrik antiker reichverzierter Steinzeugwaaren, Deutschland, H\u00f6hr, um 1912, Kanne, K\u00fcnstler Paul Wynand, Werks.-Nr. 3004, Exemplar Nr. ohne, gemarkt keine Fabrikmarke aber 3004 sowie 3 L (f\u00fcr 3 Liter) gepresst, nicht signiert, Literatur: J\u00fcrgen Schimanski, Braun geflammt und grau gesalzen, Seite 116, Abbildung Nr. 199 identische Kanne in der Ausf\u00fchrung als Steinzeug grau-blau glasiert, bezeichnet mit Entwurf: Paul Wynand um 1912, Ausf\u00fchrung: S. P. Gerz, Modellnummer 3004 sowie aus einem Merkelbach Modellbuch, Seite 285, dort Werks- Nr. 3004 aufgef\u00fchrt und wie folgt beschrieben: 2 \u00bd Krug, K\u00f6ln-braun u. blau gr., Wynand, dort abgebildet, weitere Literatur: J\u00fcrgen Erlebach\/J\u00fcrgen Schimanski, Westerw\u00e4lder Steinzeug, Die neue \u00c4ra, Seite 105, Abbildung 251 identische Kanne, beschrieben mit Entwurf Paul Wynand 1912 Steinzeug k\u00f6lnisch braun, Modell Nr. 3004, die Fabrik wurde 1857 von Simon Peter Gerz I (geb. 13.09.1830, gest. 12.09.1893) gegr\u00fcndet, die Registereintragung erfolgte aber erst 1862, insofern ist das Jahr 1862 das amtliche Gr\u00fcndungsdatum, bisher konnte in keiner Literatur eine Erkl\u00e4rung gefunden werden, warum Gerz seinem Namen eine r\u00f6mische I anf\u00fcgte, recherchiert werden konnte, dass es noch einen Steinzeugfabrikanten namens Simon Peter Gerz II (geb. 1833, gest. 1908) gab und dass dieser der Vater von Alois Jacob Gerz, dem Mitbegr\u00fcnder der Steinzeugfabrik Rosskopf &#038; Gerz war, 1867 erhielt die Fabrik das Pr\u00e4dikat eines Hoflieferanten des Herzog von Nassau, 1893 (Gerz Tod) wurde der Schwiegersohn Alphons William Loetschert Inhaber, sehr wahrscheinlich wurde um diese Zeit auch die Fabrikmarke SPG I in einem Kreis in die Dreieckmarke mit einem Krug ge\u00e4ndert, sp\u00e4testens aber sicher 1897, 1897 wurde die Pfeiffenfabrik M\u00fcllenbach &#038; Thewalt Mitinhaber und eine GmbH wurde gegr\u00fcndet (Gr\u00fcndungsdatum: 05.08.1897), die Fabrik bestand bis 1997, Ausf\u00fchrung als Feinsteinzeug mit dunkelgr\u00fcner und rotbrauner Bemalung sowie mit Blechdeckel (dieser evtl. sp\u00e4ter hinzugef\u00fcgt), die Kanne stammt wohl aus der Zeit der Steinzeugwerke H\u00f6hr-Grenzhausen GmbH, als die Fabriken Simon Gerz I und Reinhold Merkelbach auch die Formen tauschten aber dann unter die Fabrikate die eigene Firmenmarke pressten, urspr\u00fcnglich wurde diese Kanne bei Reinhold Merkelbach produziert, da sie im Merkelbach Modellbuch aufgef\u00fchrt ist, es ist auch m\u00f6glich, dass die Form dieser Kanne, nachdem sie in den Bestand von Simon Peter Gerz I gekommen ist, an die Fabrik Alfons Loetschert weitergegeben worden ist, deren Inhaber bekanntlich einen gewissen Formenbestand mitnehmen durfte, als er die Firma Gerz verlie\u00df und eine eigene Fabrik gr\u00fcndete, die Formen der Loetschert Fabrik gingen nach deren Produktionsende an die Fabrik Dr. F. Hammerschmidt und nach deren Produktionsende weiter an die Fabrik Steuler Steinzeugindustrie GmbH, da das MEK Exemplar keine Fabrik Marke tr\u00e4gt kann die Kanne keiner Fabrik zugeordnet werden, das MEK ordnet deshalb diese Kanne vorl\u00e4ufig der Fabrik Simon Peter Gerz I zu, bis sich evtl. die gleiche Kanne mit Fabrik Marke findet, H\u00f6he 34 cm, Breite 16,5 cm (nur die Keramik)<\/p>\n<p><a href=\"http:\/\/museumek.eu\/?attachment_id=35168\" rel=\"attachment wp-att-35168\"><img loading=\"lazy\" src=\"http:\/\/museumek.eu\/wp-content\/uploads\/2014\/12\/2158-118x300.jpg\" alt=\"\" title=\"2158\" width=\"118\" height=\"300\" class=\"alignnone size-medium wp-image-35168\" srcset=\"http:\/\/museumek.eu\/wp-content\/uploads\/2014\/12\/2158-118x300.jpg 118w, http:\/\/museumek.eu\/wp-content\/uploads\/2014\/12\/2158-59x150.jpg 59w, http:\/\/museumek.eu\/wp-content\/uploads\/2014\/12\/2158.jpg 316w\" sizes=\"(max-width: 118px) 100vw, 118px\" \/><\/a><\/p>\n<p><a href=\"http:\/\/museumek.eu\/?attachment_id=35169\" rel=\"attachment wp-att-35169\"><img loading=\"lazy\" src=\"http:\/\/museumek.eu\/wp-content\/uploads\/2014\/12\/2159-175x300.jpg\" alt=\"\" title=\"2159\" width=\"175\" height=\"300\" class=\"alignnone size-medium wp-image-35169\" srcset=\"http:\/\/museumek.eu\/wp-content\/uploads\/2014\/12\/2159-175x300.jpg 175w, http:\/\/museumek.eu\/wp-content\/uploads\/2014\/12\/2159-87x150.jpg 87w, http:\/\/museumek.eu\/wp-content\/uploads\/2014\/12\/2159.jpg 469w\" sizes=\"(max-width: 175px) 100vw, 175px\" \/><\/a><\/p>\n<p><a href=\"http:\/\/museumek.eu\/?attachment_id=35170\" rel=\"attachment wp-att-35170\"><img loading=\"lazy\" src=\"http:\/\/museumek.eu\/wp-content\/uploads\/2014\/12\/2160-161x300.jpg\" alt=\"\" title=\"2160\" width=\"161\" height=\"300\" class=\"alignnone size-medium wp-image-35170\" srcset=\"http:\/\/museumek.eu\/wp-content\/uploads\/2014\/12\/2160-161x300.jpg 161w, http:\/\/museumek.eu\/wp-content\/uploads\/2014\/12\/2160-80x150.jpg 80w, http:\/\/museumek.eu\/wp-content\/uploads\/2014\/12\/2160.jpg 431w\" sizes=\"(max-width: 161px) 100vw, 161px\" \/><\/a><\/p>\n<p><a href=\"http:\/\/museumek.eu\/?attachment_id=35171\" rel=\"attachment wp-att-35171\"><img loading=\"lazy\" src=\"http:\/\/museumek.eu\/wp-content\/uploads\/2014\/12\/2161-118x300.jpg\" alt=\"\" title=\"2161\" width=\"118\" height=\"300\" class=\"alignnone size-medium wp-image-35171\" srcset=\"http:\/\/museumek.eu\/wp-content\/uploads\/2014\/12\/2161-118x300.jpg 118w, http:\/\/museumek.eu\/wp-content\/uploads\/2014\/12\/2161-59x150.jpg 59w, http:\/\/museumek.eu\/wp-content\/uploads\/2014\/12\/2161.jpg 316w\" sizes=\"(max-width: 118px) 100vw, 118px\" \/><\/a><\/p>\n<p><a href=\"http:\/\/museumek.eu\/?attachment_id=35177\" rel=\"attachment wp-att-35177\"><img loading=\"lazy\" src=\"http:\/\/museumek.eu\/wp-content\/uploads\/2014\/12\/21621-160x300.jpg\" alt=\"\" title=\"2162\" width=\"160\" height=\"300\" class=\"alignnone size-medium wp-image-35177\" srcset=\"http:\/\/museumek.eu\/wp-content\/uploads\/2014\/12\/21621-160x300.jpg 160w, http:\/\/museumek.eu\/wp-content\/uploads\/2014\/12\/21621-80x150.jpg 80w, http:\/\/museumek.eu\/wp-content\/uploads\/2014\/12\/21621.jpg 428w\" sizes=\"(max-width: 160px) 100vw, 160px\" \/><\/a><\/p>\n<p><a href=\"http:\/\/museumek.eu\/?attachment_id=35178\" rel=\"attachment wp-att-35178\"><img loading=\"lazy\" src=\"http:\/\/museumek.eu\/wp-content\/uploads\/2014\/12\/2163-209x300.jpg\" alt=\"\" title=\"2163\" width=\"209\" height=\"300\" class=\"alignnone size-medium wp-image-35178\" srcset=\"http:\/\/museumek.eu\/wp-content\/uploads\/2014\/12\/2163-209x300.jpg 209w, http:\/\/museumek.eu\/wp-content\/uploads\/2014\/12\/2163-104x150.jpg 104w, http:\/\/museumek.eu\/wp-content\/uploads\/2014\/12\/2163.jpg 559w\" sizes=\"(max-width: 209px) 100vw, 209px\" \/><\/a><\/p>\n","protected":false},"excerpt":{"rendered":"<p>Abteilung Deutschland, Keramik 1860 \u2013 1960, Inventarnummer D\/XLIX\/6 Simon Peter Gerz I. GmbH Fabrik fein verzierter Gebrauchs- und Luxusgegenst\u00e4nde und Vorg\u00e4nger Simon Peter Gerz I. Fabrik antiker reichverzierter Steinzeugwaaren, Deutschland, H\u00f6hr, um 1912, Kanne, K\u00fcnstler Paul Wynand, Werks.-Nr. 3004, Exemplar &hellip; <a href=\"http:\/\/museumek.eu\/?page_id=35167\">Weiterlesen <span class=\"meta-nav\">&rarr;<\/span><\/a><\/p>\n","protected":false},"author":1,"featured_media":0,"parent":11558,"menu_order":6,"comment_status":"closed","ping_status":"open","template":"","meta":[],"_links":{"self":[{"href":"http:\/\/museumek.eu\/index.php?rest_route=\/wp\/v2\/pages\/35167"}],"collection":[{"href":"http:\/\/museumek.eu\/index.php?rest_route=\/wp\/v2\/pages"}],"about":[{"href":"http:\/\/museumek.eu\/index.php?rest_route=\/wp\/v2\/types\/page"}],"author":[{"embeddable":true,"href":"http:\/\/museumek.eu\/index.php?rest_route=\/wp\/v2\/users\/1"}],"replies":[{"embeddable":true,"href":"http:\/\/museumek.eu\/index.php?rest_route=%2Fwp%2Fv2%2Fcomments&post=35167"}],"version-history":[{"count":8,"href":"http:\/\/museumek.eu\/index.php?rest_route=\/wp\/v2\/pages\/35167\/revisions"}],"predecessor-version":[{"id":35305,"href":"http:\/\/museumek.eu\/index.php?rest_route=\/wp\/v2\/pages\/35167\/revisions\/35305"}],"up":[{"embeddable":true,"href":"http:\/\/museumek.eu\/index.php?rest_route=\/wp\/v2\/pages\/11558"}],"wp:attachment":[{"href":"http:\/\/museumek.eu\/index.php?rest_route=%2Fwp%2Fv2%2Fmedia&parent=35167"}],"curies":[{"name":"wp","href":"https:\/\/api.w.org\/{rel}","templated":true}]}}