{"id":35207,"date":"2014-12-26T16:13:17","date_gmt":"2014-12-26T15:13:17","guid":{"rendered":"http:\/\/museumek.eu\/?page_id=35207"},"modified":"2015-07-12T14:53:12","modified_gmt":"2015-07-12T12:53:12","slug":"dxxxvii42","status":"publish","type":"page","link":"http:\/\/museumek.eu\/?page_id=35207","title":{"rendered":"D\/XXXVII\/42"},"content":{"rendered":"<p><strong>Abteilung Deutschland, Keramik 1860 \u2013 1960, Inventarnummer D\/XXXVII\/42<\/strong><\/p>\n<p>Thonwaaren \u2013 Fabrik Marzi &#038; Remy, Deutschland, H\u00f6hr, um 1920, Krug, K\u00fcnstler Paul Wynand (attr.), Werks.-Nr. 2561, Exemplar Nr. ohne, gemarkt Firmenmarke als stilisierte T\u00f6pfermarke, bestehend aus Mittelachse, daran Antriebstretscheibe, diese immer in einem quadratischen oder trapezf\u00f6rmigen Rahmen, manchmal auch mit M links neben der Mittelachse und R rechts neben der Mittelachse (f\u00fcr Marzi &#038; Remy), Drehscheibe \u00fcber dem Rahmen, darauf eine Vase, 2561, 18 sowie 1 L \u00fcber Eichstrich gepresst, nicht signiert, Literatur: J\u00fcrgen Erlebach, J\u00fcrgen Schimanski, Westerw\u00e4lder Steinzeug, Die Neue \u00c4ra 1900 \u2013 1930, Jugendstil und Werkbund, Seite 72, Marke Nr. 17 identisch, weitere Literatur: Gisela Reineking von Bock, Meister der deutschen Keramik, Seite 329, Marke Nr. 218 identisch (dort noch als unbekannte Marke gef\u00fchrt), weitere Literatur: J\u00fcrgen Schimanski, Braun geflammt und grau gesalzen, Seite 203, Beschreibung der Fabrik sowie Marke Nr. 17 identisch, au\u00dferdem dort beschrieben, dass eine eigene Firmenmarke (Anmerkung MEK: die stilisierte T\u00f6pfermarke, bestehend aus Mittelachse, daran Antriebstretscheibe, diese immer in einem quadratischen oder trapezf\u00f6rmigen Rahmen) erst Anfang der 1920\u2018 Jahre eingef\u00fchrt worden ist und dass Erzeugnisse der fr\u00fcheren Jahre oft mit dem Schriftzug \u201eGesetzl. Gesch\u00fctzt\u201c (Anmerkung MEK: richtige Schreibweise des Stempels eigentlich mit Gro\u00dfbuchstaben und nicht wie bei Schimanski klein geschrieben, also GESETZL. GESCH\u00dcTZT) gemarkt sind, dieser Beschreibung stimmt das MEK bez\u00fcglich der Firmenmarke nicht zu, das MEK Exemplar D\/XXXVII\/64 widerlegt diese Aussage, vor, bis um 1900, wurde der M &#038; R. darunter H. in einem Rechteck Stempel verwendet, diesen gibt es auch noch als ausgeschriebene Variante (MARZI &#038; REMY darunter H\u00d6HR.), dann nicht in einem Rechteck, sogar mit dem Zusatzstempel GESETZL. GESCH\u00dcTZT, siehe http:\/\/www.steinmarks.co.uk\/pages\/pv.asp?p=stein164, dort unter Marzi &#038; Remy diese Stempelvariante abgebildet als auch die Stempelvariante des oben genannten MEK Exemplares, M &#038; R. darunter H. steht <strong>nicht<\/strong> f\u00fcr Merkelbach &#038; Remy, einer Westerw\u00e4lder Fabrik, die in der gleichen Zeit produzierte und f\u00fcr die bisher in der Fachliteratur noch keine Firmenmarke nachgewiesen worden ist, weil sich diese Fabrik in Grenzhausen und nicht in H\u00f6hr befand, bis 1936 waren die beiden Ortschaften eigenst\u00e4ndig und wurden erst am 01.04.1936 zusammen mit der Gemeinde Grenzau zu H\u00f6hr-Grenzhausen zusammengeschlossen, die Fabrik wurde 1879 von Anton Marzi und seinem Schwager Simon Peter Remy in H\u00f6hr gegr\u00fcndet und firmierte als Thonwaaren \u2013 Fabrik Marzi &#038; Remy, ab 1881 wurde eine eigene Zinngie\u00dferei angeschafft und ab 1883 neben dem grau \u2013 blau salzglasiertem Steinzeug auch Elfenbeinsteinzeug produziert, Simon Peter Remy verstarb 1919 und sein Sohn Werner Remy trat in die Fabrik ein, 1924 verstarb Anton Marzi und sein Schwiegersohn Johann Otto B\u00fchler trat in die Fabrik ein, Werner Remy verlie\u00df 1931 die Fabrik, 1941 trat Johann Otto B\u00fchlers Sohn Otto B\u00fchler in die Fabrik ein und 1953 dessen Sohn Otto Georg B\u00fchler, die Fabrik war bis zum Konkurs in den 1990\u2018 Jahren immer in Familienbesitz, Zuschreibung zum K\u00fcnstler: Wynand war ein Entwerfer, der auch V\u00f6gel im Dekor verwendet hat, Versteigerung eines solchen Kruges im Auktionshaus Vogt mit Zuordnung zu Wynand, <strong>das MEK Exemplar mit der Werks.-Nr. 2561, ist in der Fachliteratur noch nicht erfasst<\/strong>, Ausf\u00fchrung als Steinzeug braun glasiert (K\u00f6lnisch-braun), H\u00f6he 16 cm, Breite 16,5 cm (nur die Keramik)<\/p>\n<p><a href=\"http:\/\/museumek.eu\/?attachment_id=35208\" rel=\"attachment wp-att-35208\"><img loading=\"lazy\" src=\"http:\/\/museumek.eu\/wp-content\/uploads\/2014\/12\/2113-164x300.jpg\" alt=\"\" title=\"2113\" width=\"164\" height=\"300\" class=\"alignnone size-medium wp-image-35208\" srcset=\"http:\/\/museumek.eu\/wp-content\/uploads\/2014\/12\/2113-164x300.jpg 164w, http:\/\/museumek.eu\/wp-content\/uploads\/2014\/12\/2113-82x150.jpg 82w, http:\/\/museumek.eu\/wp-content\/uploads\/2014\/12\/2113.jpg 439w\" sizes=\"(max-width: 164px) 100vw, 164px\" \/><\/a><\/p>\n<p><a href=\"http:\/\/museumek.eu\/?attachment_id=35209\" rel=\"attachment wp-att-35209\"><img loading=\"lazy\" src=\"http:\/\/museumek.eu\/wp-content\/uploads\/2014\/12\/2114-199x300.jpg\" alt=\"\" title=\"2114\" width=\"199\" height=\"300\" class=\"alignnone size-medium wp-image-35209\" srcset=\"http:\/\/museumek.eu\/wp-content\/uploads\/2014\/12\/2114-199x300.jpg 199w, http:\/\/museumek.eu\/wp-content\/uploads\/2014\/12\/2114-99x150.jpg 99w, http:\/\/museumek.eu\/wp-content\/uploads\/2014\/12\/2114.jpg 532w\" sizes=\"(max-width: 199px) 100vw, 199px\" \/><\/a><\/p>\n<p><a href=\"http:\/\/museumek.eu\/?attachment_id=35210\" rel=\"attachment wp-att-35210\"><img loading=\"lazy\" src=\"http:\/\/museumek.eu\/wp-content\/uploads\/2014\/12\/2115-207x300.jpg\" alt=\"\" title=\"2115\" width=\"207\" height=\"300\" class=\"alignnone size-medium wp-image-35210\" srcset=\"http:\/\/museumek.eu\/wp-content\/uploads\/2014\/12\/2115-207x300.jpg 207w, http:\/\/museumek.eu\/wp-content\/uploads\/2014\/12\/2115-103x150.jpg 103w, http:\/\/museumek.eu\/wp-content\/uploads\/2014\/12\/2115.jpg 554w\" sizes=\"(max-width: 207px) 100vw, 207px\" \/><\/a><\/p>\n<p><a href=\"http:\/\/museumek.eu\/?attachment_id=35211\" rel=\"attachment wp-att-35211\"><img loading=\"lazy\" src=\"http:\/\/museumek.eu\/wp-content\/uploads\/2014\/12\/2116-146x300.jpg\" alt=\"\" title=\"2116\" width=\"146\" height=\"300\" class=\"alignnone size-medium wp-image-35211\" srcset=\"http:\/\/museumek.eu\/wp-content\/uploads\/2014\/12\/2116-146x300.jpg 146w, http:\/\/museumek.eu\/wp-content\/uploads\/2014\/12\/2116-73x150.jpg 73w, http:\/\/museumek.eu\/wp-content\/uploads\/2014\/12\/2116.jpg 391w\" sizes=\"(max-width: 146px) 100vw, 146px\" \/><\/a><\/p>\n<p><a href=\"http:\/\/museumek.eu\/?attachment_id=35212\" rel=\"attachment wp-att-35212\"><img loading=\"lazy\" src=\"http:\/\/museumek.eu\/wp-content\/uploads\/2014\/12\/2117-231x300.jpg\" alt=\"\" title=\"2117\" width=\"231\" height=\"300\" class=\"alignnone size-medium wp-image-35212\" srcset=\"http:\/\/museumek.eu\/wp-content\/uploads\/2014\/12\/2117-231x300.jpg 231w, http:\/\/museumek.eu\/wp-content\/uploads\/2014\/12\/2117-115x150.jpg 115w, http:\/\/museumek.eu\/wp-content\/uploads\/2014\/12\/2117.jpg 600w\" sizes=\"(max-width: 231px) 100vw, 231px\" \/><\/a><\/p>\n<p><a href=\"http:\/\/museumek.eu\/?attachment_id=35213\" rel=\"attachment wp-att-35213\"><img loading=\"lazy\" src=\"http:\/\/museumek.eu\/wp-content\/uploads\/2014\/12\/2118-214x300.jpg\" alt=\"\" title=\"2118\" width=\"214\" height=\"300\" class=\"alignnone size-medium wp-image-35213\" srcset=\"http:\/\/museumek.eu\/wp-content\/uploads\/2014\/12\/2118-214x300.jpg 214w, http:\/\/museumek.eu\/wp-content\/uploads\/2014\/12\/2118-107x150.jpg 107w, http:\/\/museumek.eu\/wp-content\/uploads\/2014\/12\/2118.jpg 571w\" sizes=\"(max-width: 214px) 100vw, 214px\" \/><\/a><\/p>\n<p><a href=\"http:\/\/museumek.eu\/?attachment_id=35214\" rel=\"attachment wp-att-35214\"><img loading=\"lazy\" src=\"http:\/\/museumek.eu\/wp-content\/uploads\/2014\/12\/2119-197x300.jpg\" alt=\"\" title=\"2119\" width=\"197\" height=\"300\" class=\"alignnone size-medium wp-image-35214\" srcset=\"http:\/\/museumek.eu\/wp-content\/uploads\/2014\/12\/2119-197x300.jpg 197w, http:\/\/museumek.eu\/wp-content\/uploads\/2014\/12\/2119-98x150.jpg 98w, http:\/\/museumek.eu\/wp-content\/uploads\/2014\/12\/2119.jpg 526w\" sizes=\"(max-width: 197px) 100vw, 197px\" \/><\/a><\/p>\n<p><a href=\"http:\/\/museumek.eu\/?attachment_id=35215\" rel=\"attachment wp-att-35215\"><img loading=\"lazy\" src=\"http:\/\/museumek.eu\/wp-content\/uploads\/2014\/12\/2120-211x300.jpg\" alt=\"\" title=\"2120\" width=\"211\" height=\"300\" class=\"alignnone size-medium wp-image-35215\" srcset=\"http:\/\/museumek.eu\/wp-content\/uploads\/2014\/12\/2120-211x300.jpg 211w, http:\/\/museumek.eu\/wp-content\/uploads\/2014\/12\/2120-105x150.jpg 105w, http:\/\/museumek.eu\/wp-content\/uploads\/2014\/12\/2120.jpg 564w\" sizes=\"(max-width: 211px) 100vw, 211px\" \/><\/a><\/p>\n<p><a href=\"http:\/\/museumek.eu\/?attachment_id=35216\" rel=\"attachment wp-att-35216\"><img loading=\"lazy\" src=\"http:\/\/museumek.eu\/wp-content\/uploads\/2014\/12\/2121-255x300.jpg\" alt=\"\" title=\"2121\" width=\"255\" height=\"300\" class=\"alignnone size-medium wp-image-35216\" srcset=\"http:\/\/museumek.eu\/wp-content\/uploads\/2014\/12\/2121-255x300.jpg 255w, http:\/\/museumek.eu\/wp-content\/uploads\/2014\/12\/2121-127x150.jpg 127w, http:\/\/museumek.eu\/wp-content\/uploads\/2014\/12\/2121.jpg 411w\" sizes=\"(max-width: 255px) 100vw, 255px\" \/><\/a><\/p>\n<p><a href=\"http:\/\/museumek.eu\/?attachment_id=35217\" rel=\"attachment wp-att-35217\"><img loading=\"lazy\" src=\"http:\/\/museumek.eu\/wp-content\/uploads\/2014\/12\/2122-134x300.jpg\" alt=\"\" title=\"2122\" width=\"134\" height=\"300\" class=\"alignnone size-medium wp-image-35217\" srcset=\"http:\/\/museumek.eu\/wp-content\/uploads\/2014\/12\/2122-134x300.jpg 134w, http:\/\/museumek.eu\/wp-content\/uploads\/2014\/12\/2122-67x150.jpg 67w, http:\/\/museumek.eu\/wp-content\/uploads\/2014\/12\/2122.jpg 358w\" sizes=\"(max-width: 134px) 100vw, 134px\" \/><\/a><\/p>\n","protected":false},"excerpt":{"rendered":"<p>Abteilung Deutschland, Keramik 1860 \u2013 1960, Inventarnummer D\/XXXVII\/42 Thonwaaren \u2013 Fabrik Marzi &#038; Remy, Deutschland, H\u00f6hr, um 1920, Krug, K\u00fcnstler Paul Wynand (attr.), Werks.-Nr. 2561, Exemplar Nr. ohne, gemarkt Firmenmarke als stilisierte T\u00f6pfermarke, bestehend aus Mittelachse, daran Antriebstretscheibe, diese immer &hellip; <a href=\"http:\/\/museumek.eu\/?page_id=35207\">Weiterlesen <span class=\"meta-nav\">&rarr;<\/span><\/a><\/p>\n","protected":false},"author":1,"featured_media":0,"parent":35188,"menu_order":42,"comment_status":"closed","ping_status":"open","template":"","meta":[],"_links":{"self":[{"href":"http:\/\/museumek.eu\/index.php?rest_route=\/wp\/v2\/pages\/35207"}],"collection":[{"href":"http:\/\/museumek.eu\/index.php?rest_route=\/wp\/v2\/pages"}],"about":[{"href":"http:\/\/museumek.eu\/index.php?rest_route=\/wp\/v2\/types\/page"}],"author":[{"embeddable":true,"href":"http:\/\/museumek.eu\/index.php?rest_route=\/wp\/v2\/users\/1"}],"replies":[{"embeddable":true,"href":"http:\/\/museumek.eu\/index.php?rest_route=%2Fwp%2Fv2%2Fcomments&post=35207"}],"version-history":[{"count":14,"href":"http:\/\/museumek.eu\/index.php?rest_route=\/wp\/v2\/pages\/35207\/revisions"}],"predecessor-version":[{"id":42200,"href":"http:\/\/museumek.eu\/index.php?rest_route=\/wp\/v2\/pages\/35207\/revisions\/42200"}],"up":[{"embeddable":true,"href":"http:\/\/museumek.eu\/index.php?rest_route=\/wp\/v2\/pages\/35188"}],"wp:attachment":[{"href":"http:\/\/museumek.eu\/index.php?rest_route=%2Fwp%2Fv2%2Fmedia&parent=35207"}],"curies":[{"name":"wp","href":"https:\/\/api.w.org\/{rel}","templated":true}]}}