{"id":35415,"date":"2014-12-31T13:30:36","date_gmt":"2014-12-31T12:30:36","guid":{"rendered":"http:\/\/museumek.eu\/?page_id=35415"},"modified":"2015-07-12T14:55:38","modified_gmt":"2015-07-12T12:55:38","slug":"dxxxvii45","status":"publish","type":"page","link":"http:\/\/museumek.eu\/?page_id=35415","title":{"rendered":"D\/XXXVII\/45"},"content":{"rendered":"<p><strong>Abteilung Deutschland, Keramik 1860 \u2013 1960, Inventarnummer D\/XXXVII\/45<\/strong><\/p>\n<p>Thonwaaren \u2013 Fabrik Marzi &#038; Remy, Deutschland, H\u00f6hr, 1910, Seidel, K\u00fcnstler unbekannt, Werks.-Nr. 1990, Exemplar Nr. ohne, gemarkt keine Firmenmarke aber GESETZL. GESCH\u00dcTZT, 1990, 22 sowie 0,5 L. \u00fcber Eichstrich gepresst, nicht signiert, Literatur: J\u00fcrgen Erlebach, J\u00fcrgen Schimanski, Westerw\u00e4lder Steinzeug, Die Neue \u00c4ra 1900 \u2013 1930, Jugendstil und Werkbund, Seite 72, Marke Nr. 16 identisch, weitere Literatur: J\u00fcrgen Schimanski, Braun geflammt und grau gesalzen, Seite 203, Beschreibung der Fabrik, Beschreibung der zeitlichen Zuordnung, Modellnummern 1900\/2000 um 1910 sowie Marke Nr. 16 identisch, au\u00dferdem dort beschrieben, dass eine eigene Firmenmarke (Anmerkung MEK: die stilisierte T\u00f6pfermarke, bestehend aus Mittelachse, daran Antriebstretscheibe, diese immer in einem quadratischen oder trapezf\u00f6rmigen Rahmen) erst Anfang der 1920\u2018 Jahre eingef\u00fchrt worden ist und dass Erzeugnisse der fr\u00fcheren Jahre oft mit dem Schriftzug \u201eGesetzl. Gesch\u00fctzt\u201c (Anmerkung MEK: richtige Schreibweise des Stempels eigentlich mit Gro\u00dfbuchstaben und nicht wie bei Schimanski klein geschrieben, also GESETZL. GESCH\u00dcTZT) gemarkt sind, dieser Beschreibung stimmt das MEK bez\u00fcglich der Firmenmarke nicht zu, das MEK Exemplar D\/XXXVII\/64 widerlegt diese Aussage, vor, bis um 1900, wurde der M &#038; R. darunter H. in einem Rechteck Stempel verwendet, diesen gibt es auch noch als ausgeschriebene Variante (MARZI &#038; REMY darunter H\u00d6HR.), dann nicht in einem Rechteck, sogar mit dem Zusatzstempel GESETZL. GESCH\u00dcTZT, siehe http:\/\/www.steinmarks.co.uk\/pages\/pv.asp?p=stein164, dort unter Marzi &#038; Remy diese Stempelvariante abgebildet als auch die Stempelvariante des oben genannten MEK Exemplares, M &#038; R. darunter H. steht <strong>nicht<\/strong> f\u00fcr Merkelbach &#038; Remy, einer Westerw\u00e4lder Fabrik, die in der gleichen Zeit produzierte und f\u00fcr die bisher in der Fachliteratur noch keine Firmenmarke nachgewiesen worden ist, weil sich diese Fabrik in Grenzhausen und nicht in H\u00f6hr befand, bis 1936 waren die beiden Ortschaften eigenst\u00e4ndig und wurden erst am 01.04.1936 zusammen mit der Gemeinde Grenzau zu H\u00f6hr-Grenzhausen zusammengeschlossen, die Fabrik wurde 1879 von Anton Marzi und seinem Schwager Simon Peter Remy in H\u00f6hr gegr\u00fcndet und firmierte als Thonwaaren \u2013 Fabrik Marzi &#038; Remy, ab 1881 wurde eine eigene Zinngie\u00dferei angeschafft und ab 1883 neben dem grau \u2013 blau salzglasiertem Steinzeug auch Elfenbeinsteinzeug produziert, Simon Peter Remy verstarb 1919 und sein Sohn Werner Remy trat in die Fabrik ein, 1924 verstarb Anton Marzi und sein Schwiegersohn Johann Otto B\u00fchler trat in die Fabrik ein, Werner Remy verlie\u00df 1931 die Fabrik, 1941 trat Johann Otto B\u00fchlers Sohn Otto B\u00fchler in die Fabrik ein und 1953 dessen Sohn Otto Georg B\u00fchler, die Fabrik war bis zum Konkurs in den 1990\u2018 Jahren immer in Familienbesitz, der 0,7 cm hohe und 1,3 cm breite Literungsstempel dient dem MEK als Identifizierungsstempel f\u00fcr nicht mit der Fabrikmarke versehene Fabrikate von Marzi &#038; Remy, <strong>das MEK Exemplar mit der Werks.-Nr. 1990, ist in der Fachliteratur noch nicht erfasst<\/strong>, Zinndeckel mit datierter Widmung 30.07.10 (1910),<br \/>\nAusf\u00fchrung als Feinsteinzeug grau-blau und dunkelblau glasiert,<br \/>\nH\u00f6he 9,5 cm, Breite 14,5 cm (nur die Keramik)<\/p>\n<p><a href=\"http:\/\/museumek.eu\/?attachment_id=35416\" rel=\"attachment wp-att-35416\"><img loading=\"lazy\" src=\"http:\/\/museumek.eu\/wp-content\/uploads\/2014\/12\/1841-213x300.jpg\" alt=\"\" title=\"1841\" width=\"213\" height=\"300\" class=\"alignnone size-medium wp-image-35416\" srcset=\"http:\/\/museumek.eu\/wp-content\/uploads\/2014\/12\/1841-213x300.jpg 213w, http:\/\/museumek.eu\/wp-content\/uploads\/2014\/12\/1841-106x150.jpg 106w, http:\/\/museumek.eu\/wp-content\/uploads\/2014\/12\/1841.jpg 570w\" sizes=\"(max-width: 213px) 100vw, 213px\" \/><\/a><\/p>\n<p><a href=\"http:\/\/museumek.eu\/?attachment_id=35417\" rel=\"attachment wp-att-35417\"><img loading=\"lazy\" src=\"http:\/\/museumek.eu\/wp-content\/uploads\/2014\/12\/1842-269x300.jpg\" alt=\"\" title=\"1842\" width=\"269\" height=\"300\" class=\"alignnone size-medium wp-image-35417\" srcset=\"http:\/\/museumek.eu\/wp-content\/uploads\/2014\/12\/1842-269x300.jpg 269w, http:\/\/museumek.eu\/wp-content\/uploads\/2014\/12\/1842-134x150.jpg 134w, http:\/\/museumek.eu\/wp-content\/uploads\/2014\/12\/1842.jpg 600w\" sizes=\"(max-width: 269px) 100vw, 269px\" \/><\/a><\/p>\n<p><a href=\"http:\/\/museumek.eu\/?attachment_id=35418\" rel=\"attachment wp-att-35418\"><img loading=\"lazy\" src=\"http:\/\/museumek.eu\/wp-content\/uploads\/2014\/12\/1843-247x300.jpg\" alt=\"\" title=\"1843\" width=\"247\" height=\"300\" class=\"alignnone size-medium wp-image-35418\" srcset=\"http:\/\/museumek.eu\/wp-content\/uploads\/2014\/12\/1843-247x300.jpg 247w, http:\/\/museumek.eu\/wp-content\/uploads\/2014\/12\/1843-123x150.jpg 123w, http:\/\/museumek.eu\/wp-content\/uploads\/2014\/12\/1843.jpg 600w\" sizes=\"(max-width: 247px) 100vw, 247px\" \/><\/a><\/p>\n<p><a href=\"http:\/\/museumek.eu\/?attachment_id=35419\" rel=\"attachment wp-att-35419\"><img loading=\"lazy\" src=\"http:\/\/museumek.eu\/wp-content\/uploads\/2014\/12\/1844-185x300.jpg\" alt=\"\" title=\"1844\" width=\"185\" height=\"300\" class=\"alignnone size-medium wp-image-35419\" srcset=\"http:\/\/museumek.eu\/wp-content\/uploads\/2014\/12\/1844-185x300.jpg 185w, http:\/\/museumek.eu\/wp-content\/uploads\/2014\/12\/1844-92x150.jpg 92w, http:\/\/museumek.eu\/wp-content\/uploads\/2014\/12\/1844.jpg 495w\" sizes=\"(max-width: 185px) 100vw, 185px\" \/><\/a><\/p>\n<p><a href=\"http:\/\/museumek.eu\/?attachment_id=35420\" rel=\"attachment wp-att-35420\"><img loading=\"lazy\" src=\"http:\/\/museumek.eu\/wp-content\/uploads\/2014\/12\/1845-300x255.jpg\" alt=\"\" title=\"1845\" width=\"300\" height=\"255\" class=\"alignnone size-medium wp-image-35420\" srcset=\"http:\/\/museumek.eu\/wp-content\/uploads\/2014\/12\/1845-300x255.jpg 300w, http:\/\/museumek.eu\/wp-content\/uploads\/2014\/12\/1845-150x127.jpg 150w, http:\/\/museumek.eu\/wp-content\/uploads\/2014\/12\/1845-351x300.jpg 351w, http:\/\/museumek.eu\/wp-content\/uploads\/2014\/12\/1845.jpg 442w\" sizes=\"(max-width: 300px) 100vw, 300px\" \/><\/a><\/p>\n<p><a href=\"http:\/\/museumek.eu\/?attachment_id=35429\" rel=\"attachment wp-att-35429\"><img loading=\"lazy\" src=\"http:\/\/museumek.eu\/wp-content\/uploads\/2014\/12\/18462-235x300.jpg\" alt=\"\" title=\"1846\" width=\"235\" height=\"300\" class=\"alignnone size-medium wp-image-35429\" srcset=\"http:\/\/museumek.eu\/wp-content\/uploads\/2014\/12\/18462-235x300.jpg 235w, http:\/\/museumek.eu\/wp-content\/uploads\/2014\/12\/18462-117x150.jpg 117w, http:\/\/museumek.eu\/wp-content\/uploads\/2014\/12\/18462.jpg 600w\" sizes=\"(max-width: 235px) 100vw, 235px\" \/><\/a><\/p>\n<p><a href=\"http:\/\/museumek.eu\/?attachment_id=35433\" rel=\"attachment wp-att-35433\"><img loading=\"lazy\" src=\"http:\/\/museumek.eu\/wp-content\/uploads\/2014\/12\/18471-300x287.jpg\" alt=\"\" title=\"1847\" width=\"300\" height=\"287\" class=\"alignnone size-medium wp-image-35433\" srcset=\"http:\/\/museumek.eu\/wp-content\/uploads\/2014\/12\/18471-300x287.jpg 300w, http:\/\/museumek.eu\/wp-content\/uploads\/2014\/12\/18471-150x143.jpg 150w, http:\/\/museumek.eu\/wp-content\/uploads\/2014\/12\/18471-313x300.jpg 313w, http:\/\/museumek.eu\/wp-content\/uploads\/2014\/12\/18471.jpg 627w\" sizes=\"(max-width: 300px) 100vw, 300px\" \/><\/a><\/p>\n","protected":false},"excerpt":{"rendered":"<p>Abteilung Deutschland, Keramik 1860 \u2013 1960, Inventarnummer D\/XXXVII\/45 Thonwaaren \u2013 Fabrik Marzi &#038; Remy, Deutschland, H\u00f6hr, 1910, Seidel, K\u00fcnstler unbekannt, Werks.-Nr. 1990, Exemplar Nr. ohne, gemarkt keine Firmenmarke aber GESETZL. GESCH\u00dcTZT, 1990, 22 sowie 0,5 L. \u00fcber Eichstrich gepresst, nicht &hellip; <a href=\"http:\/\/museumek.eu\/?page_id=35415\">Weiterlesen <span class=\"meta-nav\">&rarr;<\/span><\/a><\/p>\n","protected":false},"author":1,"featured_media":0,"parent":35188,"menu_order":45,"comment_status":"closed","ping_status":"open","template":"","meta":[],"_links":{"self":[{"href":"http:\/\/museumek.eu\/index.php?rest_route=\/wp\/v2\/pages\/35415"}],"collection":[{"href":"http:\/\/museumek.eu\/index.php?rest_route=\/wp\/v2\/pages"}],"about":[{"href":"http:\/\/museumek.eu\/index.php?rest_route=\/wp\/v2\/types\/page"}],"author":[{"embeddable":true,"href":"http:\/\/museumek.eu\/index.php?rest_route=\/wp\/v2\/users\/1"}],"replies":[{"embeddable":true,"href":"http:\/\/museumek.eu\/index.php?rest_route=%2Fwp%2Fv2%2Fcomments&post=35415"}],"version-history":[{"count":17,"href":"http:\/\/museumek.eu\/index.php?rest_route=\/wp\/v2\/pages\/35415\/revisions"}],"predecessor-version":[{"id":42206,"href":"http:\/\/museumek.eu\/index.php?rest_route=\/wp\/v2\/pages\/35415\/revisions\/42206"}],"up":[{"embeddable":true,"href":"http:\/\/museumek.eu\/index.php?rest_route=\/wp\/v2\/pages\/35188"}],"wp:attachment":[{"href":"http:\/\/museumek.eu\/index.php?rest_route=%2Fwp%2Fv2%2Fmedia&parent=35415"}],"curies":[{"name":"wp","href":"https:\/\/api.w.org\/{rel}","templated":true}]}}