{"id":35520,"date":"2015-01-01T18:39:05","date_gmt":"2015-01-01T17:39:05","guid":{"rendered":"http:\/\/museumek.eu\/?page_id=35520"},"modified":"2015-01-01T18:39:05","modified_gmt":"2015-01-01T17:39:05","slug":"kurzbiografie-und-inventar-zum-kunstler","status":"publish","type":"page","link":"http:\/\/museumek.eu\/?page_id=35520","title":{"rendered":"Kurzbiografie und Inventar zum K\u00fcnstler"},"content":{"rendered":"<p>Leonhard Hellmuth wurde am 06.05.1859 in Neuses b. Ansbach geboren. Er starb am 21.05.1932 in Ansbach. Von 1874 bis 1878 studierte er an der M\u00fcnchner Kunstgewerbeschule. Ab 1878 war er als Lehrer in Ansbach, Zweibr\u00fccken und Wei\u00dfenburg t\u00e4tig. Ab 1902 war er als K\u00f6niglicher Professor in N\u00fcrnberg t\u00e4tig. In der Zeit von 1901 bis 1905 gab er mehrere wissenschaftliche Werke zum Thema Ornamentik heraus. Ab zirka 1904 entwarf er auch f\u00fcr die Westerw\u00e4lder Steinzeugindustrie.<\/p>\n<p><strong>Abteilung Deutschland, Keramik 1860 \u2013 1960, Inventarnummer D\/CXVI\/4<\/strong><\/p>\n<p>Steinzeugfabrik Otto Blum, vormals Steinzeugfabrik Wilhelm Johann Blum und Nachfolger Steinzeugfabrik Otto Blum, Inh. Hans Fetz, Deutschland, Grenzhausen, um 1910, Kanne, K\u00fcnstler Leonhard Hellmuth (attr.), Werks.-Nr. 271, Exemplar Nr. ohne, gemarkt Firmenmarke mit O.B. geritzt, 271 sowie \u00be L \u00fcber Eichstrich gepresst, nicht signiert, Literatur: J\u00fcrgen Schimanski und J\u00fcrgen Erlebach, Westerw\u00e4lder Steinzeug, Die Neue \u00c4ra, Seite 37, Beschreibung der Fabrik, weitere Literatur: J\u00fcrgen Schimanski, Braun geflammt und grau gesalzen, Seite 158, Abbildung 344 etwas gr\u00f6\u00dfere Kanne mit identischem Dekor, anderer Farbgebung und anderem Henkel, Entwurf Leonhard Hellmuth zugeschrieben, Hersteller unbekannt sowie ohne Werks.-Nr. sowie Seite 195 Beschreibung der Fabrik sowie Marke Nr. 45 identisch, Wilhelm Johann Blum betrieb 1861 eine Steinzeugfabrik in Grenzhausen (Gr\u00fcndungsdatum 1861 (?) nicht gekl\u00e4rt), im Zeitraum vom 18.11.1864 bis 11.12.1864 (konnte amtlich nicht genau ermittelt werden) wurde ihm sein erstes Kind, ein Sohn geboren, dieser wurde auf die Namen Friedrich Wilhelm Otto Blum getauft, anl\u00e4\u00dflich der Geburt seines Sohnes benannte Wilhelm Johann Blum seine Fabrik 1864 in Steinzeugfabrik Otto Blum um und markte mit O.B. geritzt, Wilhelm Johann Blum verstarb 1882 und Otto Blum \u00fcbernahm die Fabrik noch in jungen Jahren, offizielle amtliche \u00c4nderung der Eigentumsverh\u00e4ltnisse wohl erst 1893\/1994 bzw. 1901, Otto Blum\u2018s S\u00f6hne Karl Blum und Reinhold Blum arbeiteten in der Fabrik mit, Reinhold Blum (25.04.1891 bis 1916, gefallen in der Schlacht bei Verdun) zeichnet um 1910 f\u00fcr eigene Jugendstilentw\u00fcrfe der Fabrik verantwortlich, Otto Blum verstarb 1933 und sein Sohn Karl Blum \u00fcbernahm die Fabrik, nach WK II lieferte die Fabrik auch Halbfertigprodukte an den Veredler Sahm in Rastal, Karl Blum verstarb 1977 und seine Witwe Erika Blum f\u00fchrte die Fabrik ein Jahr weiter, danach verpachtete Sie die Fabrik an Hans Fetz, Hans Fetz firmierte als Steinzeugfabrik Otto Blum, Inh. Hans Fetz, am 13.05.1985 lie\u00df Hans Fetz folgende Wortmarke patentieren: Eulerei Otto Blum, 1989 wurde die Fabrik geschlossen, Ausf\u00fchrung als Elfenbeinsteinzeug dunkelbraun und schwarz glasiert, H\u00f6he 17,4 cm, Breite 14 cm<\/p>\n<p><a href=\"http:\/\/museumek.eu\/?attachment_id=35504\" rel=\"attachment wp-att-35504\"><img loading=\"lazy\" src=\"http:\/\/museumek.eu\/wp-content\/uploads\/2015\/01\/2023-173x300.jpg\" alt=\"\" title=\"2023\" width=\"173\" height=\"300\" class=\"alignnone size-medium wp-image-35504\" srcset=\"http:\/\/museumek.eu\/wp-content\/uploads\/2015\/01\/2023-173x300.jpg 173w, http:\/\/museumek.eu\/wp-content\/uploads\/2015\/01\/2023-86x150.jpg 86w, http:\/\/museumek.eu\/wp-content\/uploads\/2015\/01\/2023.jpg 463w\" sizes=\"(max-width: 173px) 100vw, 173px\" \/><\/a><\/p>\n<p><a href=\"http:\/\/museumek.eu\/?attachment_id=35505\" rel=\"attachment wp-att-35505\"><img loading=\"lazy\" src=\"http:\/\/museumek.eu\/wp-content\/uploads\/2015\/01\/2024-231x300.jpg\" alt=\"\" title=\"2024\" width=\"231\" height=\"300\" class=\"alignnone size-medium wp-image-35505\" srcset=\"http:\/\/museumek.eu\/wp-content\/uploads\/2015\/01\/2024-231x300.jpg 231w, http:\/\/museumek.eu\/wp-content\/uploads\/2015\/01\/2024-115x150.jpg 115w, http:\/\/museumek.eu\/wp-content\/uploads\/2015\/01\/2024.jpg 600w\" sizes=\"(max-width: 231px) 100vw, 231px\" \/><\/a><\/p>\n<p><a href=\"http:\/\/museumek.eu\/?attachment_id=35506\" rel=\"attachment wp-att-35506\"><img loading=\"lazy\" src=\"http:\/\/museumek.eu\/wp-content\/uploads\/2015\/01\/2025-226x300.jpg\" alt=\"\" title=\"2025\" width=\"226\" height=\"300\" class=\"alignnone size-medium wp-image-35506\" srcset=\"http:\/\/museumek.eu\/wp-content\/uploads\/2015\/01\/2025-226x300.jpg 226w, http:\/\/museumek.eu\/wp-content\/uploads\/2015\/01\/2025-113x150.jpg 113w, http:\/\/museumek.eu\/wp-content\/uploads\/2015\/01\/2025.jpg 600w\" sizes=\"(max-width: 226px) 100vw, 226px\" \/><\/a><\/p>\n<p><a href=\"http:\/\/museumek.eu\/?attachment_id=35507\" rel=\"attachment wp-att-35507\"><img loading=\"lazy\" src=\"http:\/\/museumek.eu\/wp-content\/uploads\/2015\/01\/2026-175x300.jpg\" alt=\"\" title=\"2026\" width=\"175\" height=\"300\" class=\"alignnone size-medium wp-image-35507\" srcset=\"http:\/\/museumek.eu\/wp-content\/uploads\/2015\/01\/2026-175x300.jpg 175w, http:\/\/museumek.eu\/wp-content\/uploads\/2015\/01\/2026-87x150.jpg 87w, http:\/\/museumek.eu\/wp-content\/uploads\/2015\/01\/2026.jpg 469w\" sizes=\"(max-width: 175px) 100vw, 175px\" \/><\/a><\/p>\n<p><a href=\"http:\/\/museumek.eu\/?attachment_id=35508\" rel=\"attachment wp-att-35508\"><img loading=\"lazy\" src=\"http:\/\/museumek.eu\/wp-content\/uploads\/2015\/01\/2027-300x216.jpg\" alt=\"\" title=\"2027\" width=\"300\" height=\"216\" class=\"alignnone size-medium wp-image-35508\" srcset=\"http:\/\/museumek.eu\/wp-content\/uploads\/2015\/01\/2027-300x216.jpg 300w, http:\/\/museumek.eu\/wp-content\/uploads\/2015\/01\/2027-150x108.jpg 150w, http:\/\/museumek.eu\/wp-content\/uploads\/2015\/01\/2027-414x300.jpg 414w, http:\/\/museumek.eu\/wp-content\/uploads\/2015\/01\/2027.jpg 585w\" sizes=\"(max-width: 300px) 100vw, 300px\" \/><\/a><\/p>\n<p><a href=\"http:\/\/museumek.eu\/?attachment_id=35509\" rel=\"attachment wp-att-35509\"><img loading=\"lazy\" src=\"http:\/\/museumek.eu\/wp-content\/uploads\/2015\/01\/2028-300x235.jpg\" alt=\"\" title=\"2028\" width=\"300\" height=\"235\" class=\"alignnone size-medium wp-image-35509\" srcset=\"http:\/\/museumek.eu\/wp-content\/uploads\/2015\/01\/2028-300x235.jpg 300w, http:\/\/museumek.eu\/wp-content\/uploads\/2015\/01\/2028-150x117.jpg 150w, http:\/\/museumek.eu\/wp-content\/uploads\/2015\/01\/2028-382x300.jpg 382w, http:\/\/museumek.eu\/wp-content\/uploads\/2015\/01\/2028.jpg 440w\" sizes=\"(max-width: 300px) 100vw, 300px\" \/><\/a><\/p>\n","protected":false},"excerpt":{"rendered":"<p>Leonhard Hellmuth wurde am 06.05.1859 in Neuses b. Ansbach geboren. Er starb am 21.05.1932 in Ansbach. Von 1874 bis 1878 studierte er an der M\u00fcnchner Kunstgewerbeschule. Ab 1878 war er als Lehrer in Ansbach, Zweibr\u00fccken und Wei\u00dfenburg t\u00e4tig. Ab 1902 &hellip; <a href=\"http:\/\/museumek.eu\/?page_id=35520\">Weiterlesen <span class=\"meta-nav\">&rarr;<\/span><\/a><\/p>\n","protected":false},"author":1,"featured_media":0,"parent":35517,"menu_order":1,"comment_status":"closed","ping_status":"open","template":"","meta":[],"_links":{"self":[{"href":"http:\/\/museumek.eu\/index.php?rest_route=\/wp\/v2\/pages\/35520"}],"collection":[{"href":"http:\/\/museumek.eu\/index.php?rest_route=\/wp\/v2\/pages"}],"about":[{"href":"http:\/\/museumek.eu\/index.php?rest_route=\/wp\/v2\/types\/page"}],"author":[{"embeddable":true,"href":"http:\/\/museumek.eu\/index.php?rest_route=\/wp\/v2\/users\/1"}],"replies":[{"embeddable":true,"href":"http:\/\/museumek.eu\/index.php?rest_route=%2Fwp%2Fv2%2Fcomments&post=35520"}],"version-history":[{"count":4,"href":"http:\/\/museumek.eu\/index.php?rest_route=\/wp\/v2\/pages\/35520\/revisions"}],"predecessor-version":[{"id":35524,"href":"http:\/\/museumek.eu\/index.php?rest_route=\/wp\/v2\/pages\/35520\/revisions\/35524"}],"up":[{"embeddable":true,"href":"http:\/\/museumek.eu\/index.php?rest_route=\/wp\/v2\/pages\/35517"}],"wp:attachment":[{"href":"http:\/\/museumek.eu\/index.php?rest_route=%2Fwp%2Fv2%2Fmedia&parent=35520"}],"curies":[{"name":"wp","href":"https:\/\/api.w.org\/{rel}","templated":true}]}}