{"id":35556,"date":"2015-01-01T22:42:08","date_gmt":"2015-01-01T21:42:08","guid":{"rendered":"http:\/\/museumek.eu\/?page_id=35556"},"modified":"2015-01-01T22:43:32","modified_gmt":"2015-01-01T21:43:32","slug":"dliii22","status":"publish","type":"page","link":"http:\/\/museumek.eu\/?page_id=35556","title":{"rendered":"D\/LIII\/22"},"content":{"rendered":"<p><strong>Abteilung Deutschland, Keramik 1860 \u2013 1960, Inventarnummer D\/LIII\/22<\/strong><\/p>\n<p>Steingut- und Steinzeugfabrik, Kunstt\u00f6pferei, Zinngie\u00dferei Merkelbach &#038; Wick und Nachfolger Steingutfabrik Wick Werke AG, Vereinigte Fabriken Merkelbach &#038; Wick und Merkelbach, Stadelmann &#038; Co., Deutschland, Grenzhausen, vor 1900, Seidel, K\u00fcnstler unbekannt, Werks.-Nr. 461, Exemplar Nr. ohne, gemarkt Firmenmarke Rundstempel mit M &#038; W sowie Gr. (f\u00fcr Merkelbach, Wick, Grenzhausen), U sowie \u00bd L. \u00fcber Eichstrich gepresst, 461 sowie C unter dem Henkel mit gegossen oder aufgelegt, nicht signiert, Literatur: Gisela Reineking von Bock, Meister der deutschen Keramik, Seite 329, Marke Nr. 214 identisch, weitere Literatur: J\u00fcrgen Schimanski und J\u00fcrgen Erlebach, Westerw\u00e4lder Steinzeug, Die Neue \u00c4ra, Seite 109, Fabrikbeschreibung sowie Marke Nr. 36 identisch, weitere Literatur: J\u00fcrgen Schimanski, Braun geflammt und grau gesalzen, Seite 216, Marke Nr. 36 identisch, weitere Literatur: Beate Dry-von Zezschwitz, Westerw\u00e4lder Steinzug des Jugendstils I, Reinhold Merkelbach, Spezialpreisliste 1905, Seite 10 ff., Fabrikbeschreibung, der 1840 geborene Friedrich Wilhelm Merkelbach (gest. 1896) betrieb eine Kannenb\u00e4ckerei oder bereits eine keramische Fabrik, die unter dem Namen F. W. Merkelbach II. firmierte, 1872 (oder 1874) nimmt Friedrich Wilhelm Merkelbach den Bildhauer (Johann) Georg Peter Wick (geb. 1837, gest. 1914) in die Firma auf, die Firmierung \u00e4ndert sich in Steingut- und Steinzeugfabrik, Kunstt\u00f6pferei, Zinngie\u00dferei Merkelbach &#038; Wick, ab 1882\/1883 produzieren Sie als eine der ersten Westerw\u00e4lder Fabriken Elfenbeinsteinzeug, \u00fcber die H\u00e4lfte der Produktion wird in die USA exportiert, in der Zeit von 1886 bis 1897 liefert die Fabrik Halbfertigerzeugnisse an die keramische Fabrik von Hauber &#038; Reuther, Jugenstilk\u00fcnstler wie Peter Behrens und Henry van de Velde liefern um 1900 herausragende Entw\u00fcrfe, 1895 tritt Wicks Sohn (und evtl. gleichzeitig Merkelbachs Schwiegersohn) Ludwig Konrad Wick in die Fabrik ein und \u00fcbernimmt sicher zeitnah auch deren Leitung, bis er 1910\/1911 die Leitung an seine Frau Emma abgibt, 1921\/1922 fusioniert die Fabrik mit der um 1867 in Grenzhausen von Friedrich Wilhelm Merkelbach, Theodor Stadelmann und Julius Schr\u00f6der als Mahl- und Schleifsteinfabrik gegr\u00fcndeten Fabrik Merkelbach, Stadelmann &#038; Co. (wahrscheinlich war Konrad Wicks Frau Emma bereits Miteigent\u00fcmer dieser Fabrik) zur Steingutfabrik Wick Werke AG, Vereinigte Fabriken Merkelbach &#038; Wick und Merkelbach, Stadelmann &#038; Co., die Fabrik bestand rund 100 Jahre, soweit das C unter der unter dem Henkel angebrachten Werks.-Nr. 461 eine K\u00fcrzel f\u00fcr den Entwerfer darstellt, konnte das MEK dieses nicht aufl\u00f6sen bzw. zuordnen, Ausf\u00fchrung als Elfenbeinsteinzeug,<br \/>\nH\u00f6he 13,5 cm, Breite 13 cm (nur die Keramik)<\/p>\n<p><a href=\"http:\/\/museumek.eu\/?attachment_id=35557\" rel=\"attachment wp-att-35557\"><img loading=\"lazy\" src=\"http:\/\/museumek.eu\/wp-content\/uploads\/2015\/01\/2037-147x300.jpg\" alt=\"\" title=\"2037\" width=\"147\" height=\"300\" class=\"alignnone size-medium wp-image-35557\" srcset=\"http:\/\/museumek.eu\/wp-content\/uploads\/2015\/01\/2037-147x300.jpg 147w, http:\/\/museumek.eu\/wp-content\/uploads\/2015\/01\/2037-73x150.jpg 73w, http:\/\/museumek.eu\/wp-content\/uploads\/2015\/01\/2037.jpg 393w\" sizes=\"(max-width: 147px) 100vw, 147px\" \/><\/a><\/p>\n<p><a href=\"http:\/\/museumek.eu\/?attachment_id=35558\" rel=\"attachment wp-att-35558\"><img loading=\"lazy\" src=\"http:\/\/museumek.eu\/wp-content\/uploads\/2015\/01\/2038-199x300.jpg\" alt=\"\" title=\"2038\" width=\"199\" height=\"300\" class=\"alignnone size-medium wp-image-35558\" srcset=\"http:\/\/museumek.eu\/wp-content\/uploads\/2015\/01\/2038-199x300.jpg 199w, http:\/\/museumek.eu\/wp-content\/uploads\/2015\/01\/2038-99x150.jpg 99w, http:\/\/museumek.eu\/wp-content\/uploads\/2015\/01\/2038.jpg 532w\" sizes=\"(max-width: 199px) 100vw, 199px\" \/><\/a><\/p>\n<p><a href=\"http:\/\/museumek.eu\/?attachment_id=35559\" rel=\"attachment wp-att-35559\"><img loading=\"lazy\" src=\"http:\/\/museumek.eu\/wp-content\/uploads\/2015\/01\/2039-203x300.jpg\" alt=\"\" title=\"2039\" width=\"203\" height=\"300\" class=\"alignnone size-medium wp-image-35559\" srcset=\"http:\/\/museumek.eu\/wp-content\/uploads\/2015\/01\/2039-203x300.jpg 203w, http:\/\/museumek.eu\/wp-content\/uploads\/2015\/01\/2039-101x150.jpg 101w, http:\/\/museumek.eu\/wp-content\/uploads\/2015\/01\/2039.jpg 543w\" sizes=\"(max-width: 203px) 100vw, 203px\" \/><\/a><\/p>\n<p><a href=\"http:\/\/museumek.eu\/?attachment_id=35560\" rel=\"attachment wp-att-35560\"><img loading=\"lazy\" src=\"http:\/\/museumek.eu\/wp-content\/uploads\/2015\/01\/2040-137x300.jpg\" alt=\"\" title=\"2040\" width=\"137\" height=\"300\" class=\"alignnone size-medium wp-image-35560\" srcset=\"http:\/\/museumek.eu\/wp-content\/uploads\/2015\/01\/2040-137x300.jpg 137w, http:\/\/museumek.eu\/wp-content\/uploads\/2015\/01\/2040-68x150.jpg 68w, http:\/\/museumek.eu\/wp-content\/uploads\/2015\/01\/2040.jpg 367w\" sizes=\"(max-width: 137px) 100vw, 137px\" \/><\/a><\/p>\n<p><a href=\"http:\/\/museumek.eu\/?attachment_id=35561\" rel=\"attachment wp-att-35561\"><img loading=\"lazy\" src=\"http:\/\/museumek.eu\/wp-content\/uploads\/2015\/01\/2042-283x300.jpg\" alt=\"\" title=\"2042\" width=\"283\" height=\"300\" class=\"alignnone size-medium wp-image-35561\" srcset=\"http:\/\/museumek.eu\/wp-content\/uploads\/2015\/01\/2042-283x300.jpg 283w, http:\/\/museumek.eu\/wp-content\/uploads\/2015\/01\/2042-141x150.jpg 141w, http:\/\/museumek.eu\/wp-content\/uploads\/2015\/01\/2042.jpg 336w\" sizes=\"(max-width: 283px) 100vw, 283px\" \/><\/a><\/p>\n<p><a href=\"http:\/\/museumek.eu\/?attachment_id=35562\" rel=\"attachment wp-att-35562\"><img loading=\"lazy\" src=\"http:\/\/museumek.eu\/wp-content\/uploads\/2015\/01\/2041-300x249.jpg\" alt=\"\" title=\"2041\" width=\"300\" height=\"249\" class=\"alignnone size-medium wp-image-35562\" srcset=\"http:\/\/museumek.eu\/wp-content\/uploads\/2015\/01\/2041-300x249.jpg 300w, http:\/\/museumek.eu\/wp-content\/uploads\/2015\/01\/2041-150x124.jpg 150w, http:\/\/museumek.eu\/wp-content\/uploads\/2015\/01\/2041-360x300.jpg 360w, http:\/\/museumek.eu\/wp-content\/uploads\/2015\/01\/2041.jpg 425w\" sizes=\"(max-width: 300px) 100vw, 300px\" \/><\/a><\/p>\n<p><a href=\"http:\/\/museumek.eu\/?attachment_id=35563\" rel=\"attachment wp-att-35563\"><img loading=\"lazy\" src=\"http:\/\/museumek.eu\/wp-content\/uploads\/2015\/01\/2043-300x175.jpg\" alt=\"\" title=\"2043\" width=\"300\" height=\"175\" class=\"alignnone size-medium wp-image-35563\" srcset=\"http:\/\/museumek.eu\/wp-content\/uploads\/2015\/01\/2043-300x175.jpg 300w, http:\/\/museumek.eu\/wp-content\/uploads\/2015\/01\/2043-150x87.jpg 150w, http:\/\/museumek.eu\/wp-content\/uploads\/2015\/01\/2043-500x292.jpg 500w, http:\/\/museumek.eu\/wp-content\/uploads\/2015\/01\/2043.jpg 625w\" sizes=\"(max-width: 300px) 100vw, 300px\" \/><\/a><\/p>\n","protected":false},"excerpt":{"rendered":"<p>Abteilung Deutschland, Keramik 1860 \u2013 1960, Inventarnummer D\/LIII\/22 Steingut- und Steinzeugfabrik, Kunstt\u00f6pferei, Zinngie\u00dferei Merkelbach &#038; Wick und Nachfolger Steingutfabrik Wick Werke AG, Vereinigte Fabriken Merkelbach &#038; Wick und Merkelbach, Stadelmann &#038; Co., Deutschland, Grenzhausen, vor 1900, Seidel, K\u00fcnstler unbekannt, Werks.-Nr. &hellip; <a href=\"http:\/\/museumek.eu\/?page_id=35556\">Weiterlesen <span class=\"meta-nav\">&rarr;<\/span><\/a><\/p>\n","protected":false},"author":1,"featured_media":0,"parent":34067,"menu_order":22,"comment_status":"closed","ping_status":"open","template":"","meta":[],"_links":{"self":[{"href":"http:\/\/museumek.eu\/index.php?rest_route=\/wp\/v2\/pages\/35556"}],"collection":[{"href":"http:\/\/museumek.eu\/index.php?rest_route=\/wp\/v2\/pages"}],"about":[{"href":"http:\/\/museumek.eu\/index.php?rest_route=\/wp\/v2\/types\/page"}],"author":[{"embeddable":true,"href":"http:\/\/museumek.eu\/index.php?rest_route=\/wp\/v2\/users\/1"}],"replies":[{"embeddable":true,"href":"http:\/\/museumek.eu\/index.php?rest_route=%2Fwp%2Fv2%2Fcomments&post=35556"}],"version-history":[{"count":6,"href":"http:\/\/museumek.eu\/index.php?rest_route=\/wp\/v2\/pages\/35556\/revisions"}],"predecessor-version":[{"id":35569,"href":"http:\/\/museumek.eu\/index.php?rest_route=\/wp\/v2\/pages\/35556\/revisions\/35569"}],"up":[{"embeddable":true,"href":"http:\/\/museumek.eu\/index.php?rest_route=\/wp\/v2\/pages\/34067"}],"wp:attachment":[{"href":"http:\/\/museumek.eu\/index.php?rest_route=%2Fwp%2Fv2%2Fmedia&parent=35556"}],"curies":[{"name":"wp","href":"https:\/\/api.w.org\/{rel}","templated":true}]}}