{"id":35626,"date":"2015-01-02T22:05:54","date_gmt":"2015-01-02T21:05:54","guid":{"rendered":"http:\/\/museumek.eu\/?page_id=35626"},"modified":"2015-01-03T19:11:41","modified_gmt":"2015-01-03T18:11:41","slug":"dxlviii12","status":"publish","type":"page","link":"http:\/\/museumek.eu\/?page_id=35626","title":{"rendered":"D\/XLVIII\/12"},"content":{"rendered":"<p><strong>Abteilung Deutschland, Keramik 1860 \u2013 1960, Inventarnummer D\/XLVIII\/12<\/strong><\/p>\n<p>Albert Jacob Thewalt, Fabrik fein verzierter Steinzeugwaren, Deutschland, H\u00f6hr, um 1900, Seidel, K\u00fcnstler Wilhelm Kamp (attr.), Werks.-Nr. 517, Exemplar Nr. ohne, gemarkt Firmenmarke mit A T und \u00fcber dem T ein Punkt, dieser besagt folgendes: im alten Schreibduktus wurde I und J oft gleich gesetzt, um den Buchstaben I bzw. J kenntlich zu machen, wurde dar\u00fcber ein Punkt gesetzt, Beispiel: ein senkrechter Strich mit einem Punkt dar\u00fcber bedeutet Buchstabe I oder bei Gleichsetzung auch J, insofern versteckt sich in der Marke beim Buchstabe T auch das J, somit ist der Sinn des Punktes ermittelt, so dass die Marke als AJT f\u00fcr Albert Jacob Thewalt zu lesen ist, 517 (unter dem Henkel), F sowie GERMANY gepresst, nicht signiert, Literatur: J\u00fcrgen Schimanski, Braun geflammt und grau gesalzen, Seite 226, Beschreibung der Fabrik, Beschreibung, dass fast alle Entw\u00fcrfe von Wilhelm Anton Kamp stammen sowie Marke Nr. 43 identisch, der zweite Sohn von Joahnn Peter Thewalt jr., Albert Jacob Thewalt (1857 \u2013 1939) gr\u00fcndete 1882 zusammen mit seinem Schwager Jean Paulus die keramische Fabrik Paulus und Thewalt, trennt sich dann von Jean Paulus und gr\u00fcndet 1894 seine eigene Fabrik, die als Albert Jacob Thewalt, Fabrik fein verzierter Steinzeugwaren firmiert, nach Albert Jacobs\u2019s Tod f\u00fchren sein Sohn Albert Johann Thewalt und danach sein Enkel Albert Jakob Thewalt die Fabrik fort, K\u00fcnstlerzuschreibung: Wilhelm Anton Kamp trat 1897 in die Fabrik ein und schuf rund 800 Entw\u00fcrfe, keine Literungsangabe,<br \/>\nMEK Nachmessung 0,5 Liter, H\u00f6he 16,5 cm, Breite 13,5 cm<\/p>\n<p><a href=\"http:\/\/museumek.eu\/?attachment_id=35627\" rel=\"attachment wp-att-35627\"><img loading=\"lazy\" src=\"http:\/\/museumek.eu\/wp-content\/uploads\/2015\/01\/1604-164x300.jpg\" alt=\"\" title=\"1604\" width=\"164\" height=\"300\" class=\"alignnone size-medium wp-image-35627\" srcset=\"http:\/\/museumek.eu\/wp-content\/uploads\/2015\/01\/1604-164x300.jpg 164w, http:\/\/museumek.eu\/wp-content\/uploads\/2015\/01\/1604-82x150.jpg 82w, http:\/\/museumek.eu\/wp-content\/uploads\/2015\/01\/1604.jpg 439w\" sizes=\"(max-width: 164px) 100vw, 164px\" \/><\/a><\/p>\n<p><a href=\"http:\/\/museumek.eu\/?attachment_id=35628\" rel=\"attachment wp-att-35628\"><img loading=\"lazy\" src=\"http:\/\/museumek.eu\/wp-content\/uploads\/2015\/01\/1605-211x300.jpg\" alt=\"\" title=\"1605\" width=\"211\" height=\"300\" class=\"alignnone size-medium wp-image-35628\" srcset=\"http:\/\/museumek.eu\/wp-content\/uploads\/2015\/01\/1605-211x300.jpg 211w, http:\/\/museumek.eu\/wp-content\/uploads\/2015\/01\/1605-105x150.jpg 105w, http:\/\/museumek.eu\/wp-content\/uploads\/2015\/01\/1605.jpg 563w\" sizes=\"(max-width: 211px) 100vw, 211px\" \/><\/a><\/p>\n<p><a href=\"http:\/\/museumek.eu\/?attachment_id=35629\" rel=\"attachment wp-att-35629\"><img loading=\"lazy\" src=\"http:\/\/museumek.eu\/wp-content\/uploads\/2015\/01\/1606-223x300.jpg\" alt=\"\" title=\"1606\" width=\"223\" height=\"300\" class=\"alignnone size-medium wp-image-35629\" srcset=\"http:\/\/museumek.eu\/wp-content\/uploads\/2015\/01\/1606-223x300.jpg 223w, http:\/\/museumek.eu\/wp-content\/uploads\/2015\/01\/1606-111x150.jpg 111w, http:\/\/museumek.eu\/wp-content\/uploads\/2015\/01\/1606.jpg 596w\" sizes=\"(max-width: 223px) 100vw, 223px\" \/><\/a><\/p>\n<p><a href=\"http:\/\/museumek.eu\/?attachment_id=35630\" rel=\"attachment wp-att-35630\"><img loading=\"lazy\" src=\"http:\/\/museumek.eu\/wp-content\/uploads\/2015\/01\/1607-300x283.jpg\" alt=\"\" title=\"1607\" width=\"300\" height=\"283\" class=\"alignnone size-medium wp-image-35630\" srcset=\"http:\/\/museumek.eu\/wp-content\/uploads\/2015\/01\/1607-300x283.jpg 300w, http:\/\/museumek.eu\/wp-content\/uploads\/2015\/01\/1607-150x141.jpg 150w, http:\/\/museumek.eu\/wp-content\/uploads\/2015\/01\/1607-317x300.jpg 317w, http:\/\/museumek.eu\/wp-content\/uploads\/2015\/01\/1607.jpg 492w\" sizes=\"(max-width: 300px) 100vw, 300px\" \/><\/a><\/p>\n<p><a href=\"http:\/\/museumek.eu\/?attachment_id=35631\" rel=\"attachment wp-att-35631\"><img loading=\"lazy\" src=\"http:\/\/museumek.eu\/wp-content\/uploads\/2015\/01\/1608-300x244.jpg\" alt=\"\" title=\"1608\" width=\"300\" height=\"244\" class=\"alignnone size-medium wp-image-35631\" srcset=\"http:\/\/museumek.eu\/wp-content\/uploads\/2015\/01\/1608-300x244.jpg 300w, http:\/\/museumek.eu\/wp-content\/uploads\/2015\/01\/1608-150x122.jpg 150w, http:\/\/museumek.eu\/wp-content\/uploads\/2015\/01\/1608-368x300.jpg 368w, http:\/\/museumek.eu\/wp-content\/uploads\/2015\/01\/1608.jpg 436w\" sizes=\"(max-width: 300px) 100vw, 300px\" \/><\/a><\/p>\n<p><a href=\"http:\/\/museumek.eu\/?attachment_id=35632\" rel=\"attachment wp-att-35632\"><img loading=\"lazy\" src=\"http:\/\/museumek.eu\/wp-content\/uploads\/2015\/01\/1609-300x210.jpg\" alt=\"\" title=\"1609\" width=\"300\" height=\"210\" class=\"alignnone size-medium wp-image-35632\" srcset=\"http:\/\/museumek.eu\/wp-content\/uploads\/2015\/01\/1609-300x210.jpg 300w, http:\/\/museumek.eu\/wp-content\/uploads\/2015\/01\/1609-150x105.jpg 150w, http:\/\/museumek.eu\/wp-content\/uploads\/2015\/01\/1609-427x300.jpg 427w, http:\/\/museumek.eu\/wp-content\/uploads\/2015\/01\/1609.jpg 800w\" sizes=\"(max-width: 300px) 100vw, 300px\" \/><\/a><\/p>\n","protected":false},"excerpt":{"rendered":"<p>Abteilung Deutschland, Keramik 1860 \u2013 1960, Inventarnummer D\/XLVIII\/12 Albert Jacob Thewalt, Fabrik fein verzierter Steinzeugwaren, Deutschland, H\u00f6hr, um 1900, Seidel, K\u00fcnstler Wilhelm Kamp (attr.), Werks.-Nr. 517, Exemplar Nr. ohne, gemarkt Firmenmarke mit A T und \u00fcber dem T ein Punkt, &hellip; <a href=\"http:\/\/museumek.eu\/?page_id=35626\">Weiterlesen <span class=\"meta-nav\">&rarr;<\/span><\/a><\/p>\n","protected":false},"author":1,"featured_media":0,"parent":32687,"menu_order":12,"comment_status":"closed","ping_status":"open","template":"","meta":[],"_links":{"self":[{"href":"http:\/\/museumek.eu\/index.php?rest_route=\/wp\/v2\/pages\/35626"}],"collection":[{"href":"http:\/\/museumek.eu\/index.php?rest_route=\/wp\/v2\/pages"}],"about":[{"href":"http:\/\/museumek.eu\/index.php?rest_route=\/wp\/v2\/types\/page"}],"author":[{"embeddable":true,"href":"http:\/\/museumek.eu\/index.php?rest_route=\/wp\/v2\/users\/1"}],"replies":[{"embeddable":true,"href":"http:\/\/museumek.eu\/index.php?rest_route=%2Fwp%2Fv2%2Fcomments&post=35626"}],"version-history":[{"count":10,"href":"http:\/\/museumek.eu\/index.php?rest_route=\/wp\/v2\/pages\/35626\/revisions"}],"predecessor-version":[{"id":35703,"href":"http:\/\/museumek.eu\/index.php?rest_route=\/wp\/v2\/pages\/35626\/revisions\/35703"}],"up":[{"embeddable":true,"href":"http:\/\/museumek.eu\/index.php?rest_route=\/wp\/v2\/pages\/32687"}],"wp:attachment":[{"href":"http:\/\/museumek.eu\/index.php?rest_route=%2Fwp%2Fv2%2Fmedia&parent=35626"}],"curies":[{"name":"wp","href":"https:\/\/api.w.org\/{rel}","templated":true}]}}