{"id":35660,"date":"2015-01-03T16:00:41","date_gmt":"2015-01-03T15:00:41","guid":{"rendered":"http:\/\/museumek.eu\/?page_id=35660"},"modified":"2015-01-03T16:01:40","modified_gmt":"2015-01-03T15:01:40","slug":"dxlix7","status":"publish","type":"page","link":"http:\/\/museumek.eu\/?page_id=35660","title":{"rendered":"D\/XLIX\/7"},"content":{"rendered":"<p><strong>Abteilung Deutschland, Keramik 1860 \u2013 1960, Inventarnummer D\/XLIX\/7<\/strong><\/p>\n<p>Simon Peter Gerz I. GmbH Fabrik fein verzierter Gebrauchs- und Luxusgegenst\u00e4nde und Vorg\u00e4nger Simon Peter Gerz I. Fabrik antiker reichverzierter Steinzeugwaaren, Deutschland, H\u00f6hr, um 1908, Seidel, K\u00fcnstler unbekannt, Werks.-Nr. 1643, Exemplar Nr. ohne, gemarkt Fabrikmarke mit einem Krug in einem Dreieck, 1643, drei ineinander geschachtelte Dreiecke sowie 0,5 L. \u00fcber Eichstrich gepresst, nicht signiert, Literatur: Gisela Reineking von Bock, Meister der deutschen Keramik, Seite 329, Marke Nr. 212 identisch, weitere Literatur: J\u00fcrgen Schimanski und J\u00fcrgen Erlebach, Westerw\u00e4lder Steinzeug, Die Neue \u00c4ra, Seite 44 ff., Fabrikbeschreibung, weitere Literatur: J\u00fcrgen Schimanski, Braun geflammt und grau gesalzen, Seite 197, Beschreibung der Fabrik und Marke Nr. 6 identisch sowie Seite 200, Abbildung 506 etwas kleinerer identischer Seidel in der Ausf\u00fchrung Feinsteinzeug grau-gr\u00fcn-blau glasiert, Werks.-Nr.1643, die Fabrik wurde 1857 von Simon Peter Gerz I (geb. 13.09.1830, gest. 12.09.1893) gegr\u00fcndet, die Registereintragung erfolgte aber erst 1862, insofern ist das Jahr 1862 das amtliche Gr\u00fcndungsdatum, bisher konnte in keiner Literatur eine Erkl\u00e4rung gefunden werden, warum Gerz seinem Namen eine r\u00f6mische I anf\u00fcgte, recherchiert werden konnte, dass es noch einen Steinzeugfabrikanten namens Simon Peter Gerz II (geb. 1833, gest. 1908) gab und dass dieser der Vater von Alois Jacob Gerz, dem Mitbegr\u00fcnder der Steinzeugfabrik Rosskopf &#038; Gerz war, 1867 erhielt die Fabrik das Pr\u00e4dikat eines Hoflieferanten des Herzog von Nassau, 1893 (Gerz Tod) wurde der Schwiegersohn Alphons William Loetschert Inhaber, sehr wahrscheinlich wurde um diese Zeit auch die Fabrikmarke SPG I in einem Kreis in die Dreieckmarke mit einem Krug ge\u00e4ndert, sp\u00e4testens aber sicher 1897, 1897 wurde die Pfeiffenfabrik M\u00fcllenbach &#038; Thewalt Mitinhaber und eine GmbH wurde gegr\u00fcndet (Gr\u00fcndungsdatum: 05.08.1897), die Fabrik bestand bis 1997, Ausf\u00fchrung als Steinzeug grau-blau salzglasiert,<br \/>\nH\u00f6he 13,5 cm, Breite 13,5 cm<\/p>\n<p><a href=\"http:\/\/museumek.eu\/?attachment_id=35661\" rel=\"attachment wp-att-35661\"><img loading=\"lazy\" src=\"http:\/\/museumek.eu\/wp-content\/uploads\/2015\/01\/2107-189x300.jpg\" alt=\"\" title=\"2107\" width=\"189\" height=\"300\" class=\"alignnone size-medium wp-image-35661\" srcset=\"http:\/\/museumek.eu\/wp-content\/uploads\/2015\/01\/2107-189x300.jpg 189w, http:\/\/museumek.eu\/wp-content\/uploads\/2015\/01\/2107-94x150.jpg 94w, http:\/\/museumek.eu\/wp-content\/uploads\/2015\/01\/2107.jpg 505w\" sizes=\"(max-width: 189px) 100vw, 189px\" \/><\/a><\/p>\n<p><a href=\"http:\/\/museumek.eu\/?attachment_id=35662\" rel=\"attachment wp-att-35662\"><img loading=\"lazy\" src=\"http:\/\/museumek.eu\/wp-content\/uploads\/2015\/01\/2108-250x300.jpg\" alt=\"\" title=\"2108\" width=\"250\" height=\"300\" class=\"alignnone size-medium wp-image-35662\" srcset=\"http:\/\/museumek.eu\/wp-content\/uploads\/2015\/01\/2108-250x300.jpg 250w, http:\/\/museumek.eu\/wp-content\/uploads\/2015\/01\/2108-125x150.jpg 125w, http:\/\/museumek.eu\/wp-content\/uploads\/2015\/01\/2108.jpg 600w\" sizes=\"(max-width: 250px) 100vw, 250px\" \/><\/a><\/p>\n<p><a href=\"http:\/\/museumek.eu\/?attachment_id=35663\" rel=\"attachment wp-att-35663\"><img loading=\"lazy\" src=\"http:\/\/museumek.eu\/wp-content\/uploads\/2015\/01\/2109-252x300.jpg\" alt=\"\" title=\"2109\" width=\"252\" height=\"300\" class=\"alignnone size-medium wp-image-35663\" srcset=\"http:\/\/museumek.eu\/wp-content\/uploads\/2015\/01\/2109-252x300.jpg 252w, http:\/\/museumek.eu\/wp-content\/uploads\/2015\/01\/2109-126x150.jpg 126w, http:\/\/museumek.eu\/wp-content\/uploads\/2015\/01\/2109.jpg 600w\" sizes=\"(max-width: 252px) 100vw, 252px\" \/><\/a><\/p>\n<p><a href=\"http:\/\/museumek.eu\/?attachment_id=35664\" rel=\"attachment wp-att-35664\"><img loading=\"lazy\" src=\"http:\/\/museumek.eu\/wp-content\/uploads\/2015\/01\/2110-187x300.jpg\" alt=\"\" title=\"2110\" width=\"187\" height=\"300\" class=\"alignnone size-medium wp-image-35664\" srcset=\"http:\/\/museumek.eu\/wp-content\/uploads\/2015\/01\/2110-187x300.jpg 187w, http:\/\/museumek.eu\/wp-content\/uploads\/2015\/01\/2110-93x150.jpg 93w, http:\/\/museumek.eu\/wp-content\/uploads\/2015\/01\/2110.jpg 499w\" sizes=\"(max-width: 187px) 100vw, 187px\" \/><\/a><\/p>\n<p><a href=\"http:\/\/museumek.eu\/?attachment_id=35665\" rel=\"attachment wp-att-35665\"><img loading=\"lazy\" src=\"http:\/\/museumek.eu\/wp-content\/uploads\/2015\/01\/2111-300x157.jpg\" alt=\"\" title=\"2111\" width=\"300\" height=\"157\" class=\"alignnone size-medium wp-image-35665\" srcset=\"http:\/\/museumek.eu\/wp-content\/uploads\/2015\/01\/2111-300x157.jpg 300w, http:\/\/museumek.eu\/wp-content\/uploads\/2015\/01\/2111-150x78.jpg 150w, http:\/\/museumek.eu\/wp-content\/uploads\/2015\/01\/2111-500x262.jpg 500w, http:\/\/museumek.eu\/wp-content\/uploads\/2015\/01\/2111.jpg 815w\" sizes=\"(max-width: 300px) 100vw, 300px\" \/><\/a><\/p>\n<p><a href=\"http:\/\/museumek.eu\/?attachment_id=35666\" rel=\"attachment wp-att-35666\"><img loading=\"lazy\" src=\"http:\/\/museumek.eu\/wp-content\/uploads\/2015\/01\/2112-279x300.jpg\" alt=\"\" title=\"2112\" width=\"279\" height=\"300\" class=\"alignnone size-medium wp-image-35666\" srcset=\"http:\/\/museumek.eu\/wp-content\/uploads\/2015\/01\/2112-279x300.jpg 279w, http:\/\/museumek.eu\/wp-content\/uploads\/2015\/01\/2112-139x150.jpg 139w, http:\/\/museumek.eu\/wp-content\/uploads\/2015\/01\/2112.jpg 683w\" sizes=\"(max-width: 279px) 100vw, 279px\" \/><\/a><\/p>\n","protected":false},"excerpt":{"rendered":"<p>Abteilung Deutschland, Keramik 1860 \u2013 1960, Inventarnummer D\/XLIX\/7 Simon Peter Gerz I. GmbH Fabrik fein verzierter Gebrauchs- und Luxusgegenst\u00e4nde und Vorg\u00e4nger Simon Peter Gerz I. Fabrik antiker reichverzierter Steinzeugwaaren, Deutschland, H\u00f6hr, um 1908, Seidel, K\u00fcnstler unbekannt, Werks.-Nr. 1643, Exemplar Nr. &hellip; <a href=\"http:\/\/museumek.eu\/?page_id=35660\">Weiterlesen <span class=\"meta-nav\">&rarr;<\/span><\/a><\/p>\n","protected":false},"author":1,"featured_media":0,"parent":11558,"menu_order":7,"comment_status":"closed","ping_status":"open","template":"","meta":[],"_links":{"self":[{"href":"http:\/\/museumek.eu\/index.php?rest_route=\/wp\/v2\/pages\/35660"}],"collection":[{"href":"http:\/\/museumek.eu\/index.php?rest_route=\/wp\/v2\/pages"}],"about":[{"href":"http:\/\/museumek.eu\/index.php?rest_route=\/wp\/v2\/types\/page"}],"author":[{"embeddable":true,"href":"http:\/\/museumek.eu\/index.php?rest_route=\/wp\/v2\/users\/1"}],"replies":[{"embeddable":true,"href":"http:\/\/museumek.eu\/index.php?rest_route=%2Fwp%2Fv2%2Fcomments&post=35660"}],"version-history":[{"count":6,"href":"http:\/\/museumek.eu\/index.php?rest_route=\/wp\/v2\/pages\/35660\/revisions"}],"predecessor-version":[{"id":35672,"href":"http:\/\/museumek.eu\/index.php?rest_route=\/wp\/v2\/pages\/35660\/revisions\/35672"}],"up":[{"embeddable":true,"href":"http:\/\/museumek.eu\/index.php?rest_route=\/wp\/v2\/pages\/11558"}],"wp:attachment":[{"href":"http:\/\/museumek.eu\/index.php?rest_route=%2Fwp%2Fv2%2Fmedia&parent=35660"}],"curies":[{"name":"wp","href":"https:\/\/api.w.org\/{rel}","templated":true}]}}