{"id":35739,"date":"2015-01-04T12:21:18","date_gmt":"2015-01-04T11:21:18","guid":{"rendered":"http:\/\/museumek.eu\/?page_id=35739"},"modified":"2015-01-04T12:21:18","modified_gmt":"2015-01-04T11:21:18","slug":"dliii25","status":"publish","type":"page","link":"http:\/\/museumek.eu\/?page_id=35739","title":{"rendered":"D\/LIII\/25"},"content":{"rendered":"<p><strong>Abteilung Deutschland, Keramik 1860 \u2013 1960, Inventarnummer D\/LIII\/25<\/strong><\/p>\n<p>Steingut- und Steinzeugfabrik, Kunstt\u00f6pferei, Zinngie\u00dferei Merkelbach &#038; Wick und Nachfolger Steingutfabrik Wick Werke AG, Vereinigte Fabriken Merkelbach &#038; Wick und Merkelbach, Stadelmann &#038; Co., Deutschland, Grenzhausen, um 1883\/1884, Seidel, K\u00fcnstler unbekannt, Werks.-Nr. 1184, Exemplar Nr. ohne, gemarkt keine Firmenmarke aber Fabrikaufkleber mit M &#038; W sowie Werks.-Nr. 1184, \u00bd L. \u00fcber Eichstrich gepresst, 1184 mit gegossen oder aufgelegt (unter dem Henkel), im Zinndeckel Rundstempel mit R. Zinn M &#038; W. GR. (f\u00fcr Reichszinn Merkelbach &#038; Wick Grenzhausen), nicht signiert, Literatur: J\u00fcrgen Schimanski und J\u00fcrgen Erlebach, Westerw\u00e4lder Steinzeug, Die Neue \u00c4ra, Seite 109, Fabrikbeschreibung, weitere Literatur: Beate Dry-von Zezschwitz, Westerw\u00e4lder Steinzug des Jugendstils I, Reinhold Merkelbach, Spezialpreisliste 1905, Seite 10 ff., Fabrikbeschreibung, der 1840 geborene Friedrich Wilhelm Merkelbach (gest. 1896) betrieb eine Kannenb\u00e4ckerei oder bereits eine keramische Fabrik, die unter dem Namen F. W. Merkelbach II. firmierte, 1872 (oder 1874) nimmt Friedrich Wilhelm Merkelbach den Bildhauer (Johann) Georg Peter Wick (geb. 1837, gest. 1914) in die Firma auf, die Firmierung \u00e4ndert sich in Steingut- und Steinzeugfabrik, Kunstt\u00f6pferei, Zinngie\u00dferei Merkelbach &#038; Wick, ab 1882\/1883 produzieren Sie als eine der ersten Westerw\u00e4lder Fabriken Elfenbeinsteinzeug, \u00fcber die H\u00e4lfte der Produktion wird in die USA exportiert, in der Zeit von 1886 bis 1897 liefert die Fabrik Halbfertigerzeugnisse an die keramische Fabrik von Hauber &#038; Reuther, Jugenstilk\u00fcnstler wie Peter Behrens und Henry van de Velde liefern um 1900 herausragende Entw\u00fcrfe, 1895 tritt Wicks Sohn (und evtl. gleichzeitig Merkelbachs Schwiegersohn) Ludwig Konrad Wick in die Fabrik ein und \u00fcbernimmt sicher zeitnah auch deren Leitung, bis er 1910\/1911 die Leitung an seine Frau Emma abgibt, 1921\/1922 fusioniert die Fabrik mit der um 1867 in Grenzhausen von Friedrich Wilhelm Merkelbach, Theodor Stadelmann und Julius Schr\u00f6der als Mahl- und Schleifsteinfabrik gegr\u00fcndeten Fabrik Merkelbach, Stadelmann &#038; Co. (wahrscheinlich war Konrad Wicks Frau Emma bereits Miteigent\u00fcmer dieser Fabrik) zur Steingutfabrik Wick Werke AG, Vereinigte Fabriken Merkelbach &#038; Wick und Merkelbach, Stadelmann &#038; Co., die Fabrik bestand rund 100 Jahre, Ausf\u00fchrung als Seidel mit Hohlboden, am Hohlbodenrand befinden sich 3 L\u00f6cher zur Befestigung eines Deckels unter dem eine Spieluhr angebracht werden kann, Ausf\u00fchrung als Elfenbeinsteinzeug, Gold geh\u00f6ht und mit einem Hand gemalten Bild, der Fabrikaufkleber zeigt die Teilnahme der Fabrik an vier Weltausstellungen, 1873 in Wien, 1876 in Philadelphia, 1880 in Melbourne sowie 1883 in Amsterdam sowie an zwei nationalen Ausstellungen, 1876 an der Kunst- und Kunstgewerbe Ausstellung in M\u00fcnchen und 1880 an der Industrie- und Gewerbeausstellung in D\u00fcsseldorf, <strong>der Fabrikaufkleber ist sehr selten<\/strong>, Datierung: da die auf dem Aufkleber aufgef\u00fchrten Teilnahmen an Ausstellungen mit der Weltausstellung 1883 in Amsterdam enden und die 1884 in New Orleans stattgefundene Weltausstellung nicht mehr aufgef\u00fchrt ist, ist davon auszugehen, dass der Seidel um 1883\/1884 hergestellt worden ist (alternativ, ist es nat\u00fcrlich m\u00f6glich, dass ein Aufkleber aus der Zeit 1883\/1884 auf einem sp\u00e4ter hergestellten Fabrikat angebracht worden ist), da die Fabrik ab 1882\/1883 als eine der ersten Westerw\u00e4lder Fabriken Elfenbeinsteinzeug produzierte ist weiterhin davon auszugehen, dass der Seidel eines der ersten Fabrikate dieser Art war, die hohe Werks.-Nr. ergibt sich wohl aus fortlaufender Produktionsnummerierung oder f\u00fcr diese Fabrikate wurde vielleicht eine neue, zum Beispiel bei 1.000 beginnende Nummerierung eingef\u00fchrt, die Zinnmontur ist original, k\u00fcnstlerisch hochwertig und auf dem Deckel mit EP (?) signiert (Signierung konnte nicht aufgel\u00f6st werden), <strong>eine Signierung auf einem Zinndeckel ist sehr selten<\/strong>, H\u00f6he 19,5 cm, Breite 14,5 cm (nur die Keramik)<\/p>\n<p><a href=\"http:\/\/museumek.eu\/?attachment_id=35740\" rel=\"attachment wp-att-35740\"><img loading=\"lazy\" src=\"http:\/\/museumek.eu\/wp-content\/uploads\/2015\/01\/1986-141x300.jpg\" alt=\"\" title=\"1986\" width=\"141\" height=\"300\" class=\"alignnone size-medium wp-image-35740\" srcset=\"http:\/\/museumek.eu\/wp-content\/uploads\/2015\/01\/1986-141x300.jpg 141w, http:\/\/museumek.eu\/wp-content\/uploads\/2015\/01\/1986-70x150.jpg 70w\" sizes=\"(max-width: 141px) 100vw, 141px\" \/><\/a><\/p>\n<p><a href=\"http:\/\/museumek.eu\/?attachment_id=35741\" rel=\"attachment wp-att-35741\"><img loading=\"lazy\" src=\"http:\/\/museumek.eu\/wp-content\/uploads\/2015\/01\/1985-145x300.jpg\" alt=\"\" title=\"1985\" width=\"145\" height=\"300\" class=\"alignnone size-medium wp-image-35741\" srcset=\"http:\/\/museumek.eu\/wp-content\/uploads\/2015\/01\/1985-145x300.jpg 145w, http:\/\/museumek.eu\/wp-content\/uploads\/2015\/01\/1985-72x150.jpg 72w\" sizes=\"(max-width: 145px) 100vw, 145px\" \/><\/a><\/p>\n<p><a href=\"http:\/\/museumek.eu\/?attachment_id=35742\" rel=\"attachment wp-att-35742\"><img loading=\"lazy\" src=\"http:\/\/museumek.eu\/wp-content\/uploads\/2015\/01\/1987-186x300.jpg\" alt=\"\" title=\"1987\" width=\"186\" height=\"300\" class=\"alignnone size-medium wp-image-35742\" srcset=\"http:\/\/museumek.eu\/wp-content\/uploads\/2015\/01\/1987-186x300.jpg 186w, http:\/\/museumek.eu\/wp-content\/uploads\/2015\/01\/1987-93x150.jpg 93w, http:\/\/museumek.eu\/wp-content\/uploads\/2015\/01\/1987.jpg 498w\" sizes=\"(max-width: 186px) 100vw, 186px\" \/><\/a><\/p>\n<p><a href=\"http:\/\/museumek.eu\/?attachment_id=35743\" rel=\"attachment wp-att-35743\"><img loading=\"lazy\" src=\"http:\/\/museumek.eu\/wp-content\/uploads\/2015\/01\/1988-179x300.jpg\" alt=\"\" title=\"1988\" width=\"179\" height=\"300\" class=\"alignnone size-medium wp-image-35743\" srcset=\"http:\/\/museumek.eu\/wp-content\/uploads\/2015\/01\/1988-179x300.jpg 179w, http:\/\/museumek.eu\/wp-content\/uploads\/2015\/01\/1988-89x150.jpg 89w, http:\/\/museumek.eu\/wp-content\/uploads\/2015\/01\/1988.jpg 479w\" sizes=\"(max-width: 179px) 100vw, 179px\" \/><\/a><\/p>\n<p><a href=\"http:\/\/museumek.eu\/?attachment_id=35744\" rel=\"attachment wp-att-35744\"><img loading=\"lazy\" src=\"http:\/\/museumek.eu\/wp-content\/uploads\/2015\/01\/1989-174x300.jpg\" alt=\"\" title=\"1989\" width=\"174\" height=\"300\" class=\"alignnone size-medium wp-image-35744\" srcset=\"http:\/\/museumek.eu\/wp-content\/uploads\/2015\/01\/1989-174x300.jpg 174w, http:\/\/museumek.eu\/wp-content\/uploads\/2015\/01\/1989-87x150.jpg 87w, http:\/\/museumek.eu\/wp-content\/uploads\/2015\/01\/1989.jpg 465w\" sizes=\"(max-width: 174px) 100vw, 174px\" \/><\/a><\/p>\n<p><a href=\"http:\/\/museumek.eu\/?attachment_id=35745\" rel=\"attachment wp-att-35745\"><img loading=\"lazy\" src=\"http:\/\/museumek.eu\/wp-content\/uploads\/2015\/01\/2264-133x300.jpg\" alt=\"\" title=\"2264\" width=\"133\" height=\"300\" class=\"alignnone size-medium wp-image-35745\" srcset=\"http:\/\/museumek.eu\/wp-content\/uploads\/2015\/01\/2264-133x300.jpg 133w, http:\/\/museumek.eu\/wp-content\/uploads\/2015\/01\/2264-66x150.jpg 66w, http:\/\/museumek.eu\/wp-content\/uploads\/2015\/01\/2264.jpg 355w\" sizes=\"(max-width: 133px) 100vw, 133px\" \/><\/a><\/p>\n<p><a href=\"http:\/\/museumek.eu\/?attachment_id=35746\" rel=\"attachment wp-att-35746\"><img loading=\"lazy\" src=\"http:\/\/museumek.eu\/wp-content\/uploads\/2015\/01\/1990-292x300.jpg\" alt=\"\" title=\"1990\" width=\"292\" height=\"300\" class=\"alignnone size-medium wp-image-35746\" srcset=\"http:\/\/museumek.eu\/wp-content\/uploads\/2015\/01\/1990-292x300.jpg 292w, http:\/\/museumek.eu\/wp-content\/uploads\/2015\/01\/1990-146x150.jpg 146w, http:\/\/museumek.eu\/wp-content\/uploads\/2015\/01\/1990.jpg 600w\" sizes=\"(max-width: 292px) 100vw, 292px\" \/><\/a><\/p>\n<p><a href=\"http:\/\/museumek.eu\/?attachment_id=35747\" rel=\"attachment wp-att-35747\"><img loading=\"lazy\" src=\"http:\/\/museumek.eu\/wp-content\/uploads\/2015\/01\/2265-300x272.jpg\" alt=\"\" title=\"2265\" width=\"300\" height=\"272\" class=\"alignnone size-medium wp-image-35747\" srcset=\"http:\/\/museumek.eu\/wp-content\/uploads\/2015\/01\/2265-300x272.jpg 300w, http:\/\/museumek.eu\/wp-content\/uploads\/2015\/01\/2265-150x136.jpg 150w, http:\/\/museumek.eu\/wp-content\/uploads\/2015\/01\/2265-330x300.jpg 330w, http:\/\/museumek.eu\/wp-content\/uploads\/2015\/01\/2265.jpg 639w\" sizes=\"(max-width: 300px) 100vw, 300px\" \/><\/a><\/p>\n<p><a href=\"http:\/\/museumek.eu\/?attachment_id=35748\" rel=\"attachment wp-att-35748\"><img loading=\"lazy\" src=\"http:\/\/museumek.eu\/wp-content\/uploads\/2015\/01\/1993-300x300.jpg\" alt=\"\" title=\"1993\" width=\"300\" height=\"300\" class=\"alignnone size-medium wp-image-35748\" srcset=\"http:\/\/museumek.eu\/wp-content\/uploads\/2015\/01\/1993-300x300.jpg 300w, http:\/\/museumek.eu\/wp-content\/uploads\/2015\/01\/1993-150x150.jpg 150w, http:\/\/museumek.eu\/wp-content\/uploads\/2015\/01\/1993.jpg 600w\" sizes=\"(max-width: 300px) 100vw, 300px\" \/><\/a><\/p>\n<p><a href=\"http:\/\/museumek.eu\/?attachment_id=35749\" rel=\"attachment wp-att-35749\"><img loading=\"lazy\" src=\"http:\/\/museumek.eu\/wp-content\/uploads\/2015\/01\/1994-300x216.jpg\" alt=\"\" title=\"1994\" width=\"300\" height=\"216\" class=\"alignnone size-medium wp-image-35749\" srcset=\"http:\/\/museumek.eu\/wp-content\/uploads\/2015\/01\/1994-300x216.jpg 300w, http:\/\/museumek.eu\/wp-content\/uploads\/2015\/01\/1994-150x108.jpg 150w, http:\/\/museumek.eu\/wp-content\/uploads\/2015\/01\/1994-415x300.jpg 415w, http:\/\/museumek.eu\/wp-content\/uploads\/2015\/01\/1994.jpg 738w\" sizes=\"(max-width: 300px) 100vw, 300px\" \/><\/a><\/p>\n<p><a href=\"http:\/\/museumek.eu\/?attachment_id=35750\" rel=\"attachment wp-att-35750\"><img loading=\"lazy\" src=\"http:\/\/museumek.eu\/wp-content\/uploads\/2015\/01\/1997-175x300.jpg\" alt=\"\" title=\"1997\" width=\"175\" height=\"300\" class=\"alignnone size-medium wp-image-35750\" srcset=\"http:\/\/museumek.eu\/wp-content\/uploads\/2015\/01\/1997-175x300.jpg 175w, http:\/\/museumek.eu\/wp-content\/uploads\/2015\/01\/1997-87x150.jpg 87w, http:\/\/museumek.eu\/wp-content\/uploads\/2015\/01\/1997.jpg 451w\" sizes=\"(max-width: 175px) 100vw, 175px\" \/><\/a><\/p>\n<p><a href=\"http:\/\/museumek.eu\/?attachment_id=35751\" rel=\"attachment wp-att-35751\"><img loading=\"lazy\" src=\"http:\/\/museumek.eu\/wp-content\/uploads\/2015\/01\/1992.jpg\" alt=\"\" title=\"1992\" width=\"227\" height=\"220\" class=\"alignnone size-full wp-image-35751\" srcset=\"http:\/\/museumek.eu\/wp-content\/uploads\/2015\/01\/1992.jpg 227w, http:\/\/museumek.eu\/wp-content\/uploads\/2015\/01\/1992-150x145.jpg 150w\" sizes=\"(max-width: 227px) 100vw, 227px\" \/><\/a><\/p>\n<p><a href=\"http:\/\/museumek.eu\/?attachment_id=35752\" rel=\"attachment wp-att-35752\"><img loading=\"lazy\" src=\"http:\/\/museumek.eu\/wp-content\/uploads\/2015\/01\/2263-300x210.jpg\" alt=\"\" title=\"2263\" width=\"300\" height=\"210\" class=\"alignnone size-medium wp-image-35752\" srcset=\"http:\/\/museumek.eu\/wp-content\/uploads\/2015\/01\/2263-300x210.jpg 300w, http:\/\/museumek.eu\/wp-content\/uploads\/2015\/01\/2263-150x105.jpg 150w, http:\/\/museumek.eu\/wp-content\/uploads\/2015\/01\/2263-428x300.jpg 428w, http:\/\/museumek.eu\/wp-content\/uploads\/2015\/01\/2263.jpg 448w\" sizes=\"(max-width: 300px) 100vw, 300px\" \/><\/a><\/p>\n<p><a href=\"http:\/\/museumek.eu\/?attachment_id=35753\" rel=\"attachment wp-att-35753\"><img loading=\"lazy\" src=\"http:\/\/museumek.eu\/wp-content\/uploads\/2015\/01\/1995-169x300.jpg\" alt=\"\" title=\"1995\" width=\"169\" height=\"300\" class=\"alignnone size-medium wp-image-35753\" srcset=\"http:\/\/museumek.eu\/wp-content\/uploads\/2015\/01\/1995-169x300.jpg 169w, http:\/\/museumek.eu\/wp-content\/uploads\/2015\/01\/1995-84x150.jpg 84w, http:\/\/museumek.eu\/wp-content\/uploads\/2015\/01\/1995.jpg 452w\" sizes=\"(max-width: 169px) 100vw, 169px\" \/><\/a><\/p>\n<p><a href=\"http:\/\/museumek.eu\/?attachment_id=35754\" rel=\"attachment wp-att-35754\"><img loading=\"lazy\" src=\"http:\/\/museumek.eu\/wp-content\/uploads\/2015\/01\/1996-294x300.jpg\" alt=\"\" title=\"1996\" width=\"294\" height=\"300\" class=\"alignnone size-medium wp-image-35754\" srcset=\"http:\/\/museumek.eu\/wp-content\/uploads\/2015\/01\/1996-294x300.jpg 294w, http:\/\/museumek.eu\/wp-content\/uploads\/2015\/01\/1996-147x150.jpg 147w, http:\/\/museumek.eu\/wp-content\/uploads\/2015\/01\/1996.jpg 600w\" sizes=\"(max-width: 294px) 100vw, 294px\" \/><\/a><\/p>\n<p><a href=\"http:\/\/museumek.eu\/?attachment_id=35755\" rel=\"attachment wp-att-35755\"><img loading=\"lazy\" src=\"http:\/\/museumek.eu\/wp-content\/uploads\/2015\/01\/1998-178x300.jpg\" alt=\"\" title=\"1998\" width=\"178\" height=\"300\" class=\"alignnone size-medium wp-image-35755\" srcset=\"http:\/\/museumek.eu\/wp-content\/uploads\/2015\/01\/1998-178x300.jpg 178w, http:\/\/museumek.eu\/wp-content\/uploads\/2015\/01\/1998-89x150.jpg 89w, http:\/\/museumek.eu\/wp-content\/uploads\/2015\/01\/1998.jpg 476w\" sizes=\"(max-width: 178px) 100vw, 178px\" \/><\/a><\/p>\n","protected":false},"excerpt":{"rendered":"<p>Abteilung Deutschland, Keramik 1860 \u2013 1960, Inventarnummer D\/LIII\/25 Steingut- und Steinzeugfabrik, Kunstt\u00f6pferei, Zinngie\u00dferei Merkelbach &#038; Wick und Nachfolger Steingutfabrik Wick Werke AG, Vereinigte Fabriken Merkelbach &#038; Wick und Merkelbach, Stadelmann &#038; Co., Deutschland, Grenzhausen, um 1883\/1884, Seidel, K\u00fcnstler unbekannt, Werks.-Nr. &hellip; <a href=\"http:\/\/museumek.eu\/?page_id=35739\">Weiterlesen <span class=\"meta-nav\">&rarr;<\/span><\/a><\/p>\n","protected":false},"author":1,"featured_media":0,"parent":34067,"menu_order":25,"comment_status":"closed","ping_status":"open","template":"","meta":[],"_links":{"self":[{"href":"http:\/\/museumek.eu\/index.php?rest_route=\/wp\/v2\/pages\/35739"}],"collection":[{"href":"http:\/\/museumek.eu\/index.php?rest_route=\/wp\/v2\/pages"}],"about":[{"href":"http:\/\/museumek.eu\/index.php?rest_route=\/wp\/v2\/types\/page"}],"author":[{"embeddable":true,"href":"http:\/\/museumek.eu\/index.php?rest_route=\/wp\/v2\/users\/1"}],"replies":[{"embeddable":true,"href":"http:\/\/museumek.eu\/index.php?rest_route=%2Fwp%2Fv2%2Fcomments&post=35739"}],"version-history":[{"count":4,"href":"http:\/\/museumek.eu\/index.php?rest_route=\/wp\/v2\/pages\/35739\/revisions"}],"predecessor-version":[{"id":35759,"href":"http:\/\/museumek.eu\/index.php?rest_route=\/wp\/v2\/pages\/35739\/revisions\/35759"}],"up":[{"embeddable":true,"href":"http:\/\/museumek.eu\/index.php?rest_route=\/wp\/v2\/pages\/34067"}],"wp:attachment":[{"href":"http:\/\/museumek.eu\/index.php?rest_route=%2Fwp%2Fv2%2Fmedia&parent=35739"}],"curies":[{"name":"wp","href":"https:\/\/api.w.org\/{rel}","templated":true}]}}