{"id":35805,"date":"2015-01-05T16:42:21","date_gmt":"2015-01-05T15:42:21","guid":{"rendered":"http:\/\/museumek.eu\/?page_id=35805"},"modified":"2015-01-05T16:42:21","modified_gmt":"2015-01-05T15:42:21","slug":"daiv3","status":"publish","type":"page","link":"http:\/\/museumek.eu\/?page_id=35805","title":{"rendered":"D\u00e4\/IV\/3"},"content":{"rendered":"<p><strong>Abteilung D\u00e4nemark, Keramik 1860 \u2013 1960, Inventarnummer D\u00e4\/IV\/3<\/strong><\/p>\n<p>L. Hjorth Kunstt\u00f6pferei, D\u00e4nemark, R\u00f6nne\/Bornholm, um 1927, Vase, K\u00fcnstler Hans Adolph Hjorth (attr.) und Thora Hjorth (attr.), Werks.-Nr. 422, Exemplar Nr. ohne, gemarkt Firmenmarke Hirsch gepresst, 422 geritzt, nicht signiert, die T\u00f6pferei wurde 1859 von Lauritz Hjorth gegr\u00fcndet und erhielt internationale Auszeichnungen, Lauritz Hjorth verstarb 1912 und die T\u00f6pferei ging auf die S\u00f6hne Peter Christian Hjorth und Hans Adolph Hjorth \u00fcber, die T\u00f6pferei produzierte als Familienbetrieb bis 1993, danach wurde sie als Museum eingerichtet, der Hirsch als zus\u00e4tzliche Firmenmarke wurde wohl ab 1927 verwendet, Zuschreibung zu Hans und Thora Hjorth nach Internetrecherchen, siehe auch MEK D\u00e4\/IV\/2 Vase im gleichen Stil, Ausf\u00fchrung als sandgrauer Steinzeugscherben, hell sandfarben glasiert, umlaufende Landschaft mit Palmen und Giraffen, kupferrote und gr\u00fcnliche Oxydmalerei, dickwandige schwere Ausf\u00fchrung, H\u00f6he 10 cm, Breite 8 cm<\/p>\n<p><a href=\"http:\/\/museumek.eu\/?attachment_id=35806\" rel=\"attachment wp-att-35806\"><img loading=\"lazy\" src=\"http:\/\/museumek.eu\/wp-content\/uploads\/2015\/01\/1739-262x300.jpg\" alt=\"\" title=\"1739\" width=\"262\" height=\"300\" class=\"alignnone size-medium wp-image-35806\" srcset=\"http:\/\/museumek.eu\/wp-content\/uploads\/2015\/01\/1739-262x300.jpg 262w, http:\/\/museumek.eu\/wp-content\/uploads\/2015\/01\/1739-131x150.jpg 131w, http:\/\/museumek.eu\/wp-content\/uploads\/2015\/01\/1739.jpg 600w\" sizes=\"(max-width: 262px) 100vw, 262px\" \/><\/a><\/p>\n<p><a href=\"http:\/\/museumek.eu\/?attachment_id=35807\" rel=\"attachment wp-att-35807\"><img loading=\"lazy\" src=\"http:\/\/museumek.eu\/wp-content\/uploads\/2015\/01\/1740-244x300.jpg\" alt=\"\" title=\"1740\" width=\"244\" height=\"300\" class=\"alignnone size-medium wp-image-35807\" srcset=\"http:\/\/museumek.eu\/wp-content\/uploads\/2015\/01\/1740-244x300.jpg 244w, http:\/\/museumek.eu\/wp-content\/uploads\/2015\/01\/1740-122x150.jpg 122w, http:\/\/museumek.eu\/wp-content\/uploads\/2015\/01\/1740.jpg 600w\" sizes=\"(max-width: 244px) 100vw, 244px\" \/><\/a><\/p>\n<p><a href=\"http:\/\/museumek.eu\/?attachment_id=35808\" rel=\"attachment wp-att-35808\"><img loading=\"lazy\" src=\"http:\/\/museumek.eu\/wp-content\/uploads\/2015\/01\/1741-251x300.jpg\" alt=\"\" title=\"1741\" width=\"251\" height=\"300\" class=\"alignnone size-medium wp-image-35808\" srcset=\"http:\/\/museumek.eu\/wp-content\/uploads\/2015\/01\/1741-251x300.jpg 251w, http:\/\/museumek.eu\/wp-content\/uploads\/2015\/01\/1741-125x150.jpg 125w, http:\/\/museumek.eu\/wp-content\/uploads\/2015\/01\/1741.jpg 600w\" sizes=\"(max-width: 251px) 100vw, 251px\" \/><\/a><\/p>\n<p><a href=\"http:\/\/museumek.eu\/?attachment_id=35809\" rel=\"attachment wp-att-35809\"><img loading=\"lazy\" src=\"http:\/\/museumek.eu\/wp-content\/uploads\/2015\/01\/1742-288x300.jpg\" alt=\"\" title=\"1742\" width=\"288\" height=\"300\" class=\"alignnone size-medium wp-image-35809\" srcset=\"http:\/\/museumek.eu\/wp-content\/uploads\/2015\/01\/1742-288x300.jpg 288w, http:\/\/museumek.eu\/wp-content\/uploads\/2015\/01\/1742-144x150.jpg 144w, http:\/\/museumek.eu\/wp-content\/uploads\/2015\/01\/1742.jpg 647w\" sizes=\"(max-width: 288px) 100vw, 288px\" \/><\/a><\/p>\n","protected":false},"excerpt":{"rendered":"<p>Abteilung D\u00e4nemark, Keramik 1860 \u2013 1960, Inventarnummer D\u00e4\/IV\/3 L. Hjorth Kunstt\u00f6pferei, D\u00e4nemark, R\u00f6nne\/Bornholm, um 1927, Vase, K\u00fcnstler Hans Adolph Hjorth (attr.) und Thora Hjorth (attr.), Werks.-Nr. 422, Exemplar Nr. ohne, gemarkt Firmenmarke Hirsch gepresst, 422 geritzt, nicht signiert, die T\u00f6pferei &hellip; <a href=\"http:\/\/museumek.eu\/?page_id=35805\">Weiterlesen <span class=\"meta-nav\">&rarr;<\/span><\/a><\/p>\n","protected":false},"author":1,"featured_media":0,"parent":8160,"menu_order":3,"comment_status":"closed","ping_status":"open","template":"","meta":[],"_links":{"self":[{"href":"http:\/\/museumek.eu\/index.php?rest_route=\/wp\/v2\/pages\/35805"}],"collection":[{"href":"http:\/\/museumek.eu\/index.php?rest_route=\/wp\/v2\/pages"}],"about":[{"href":"http:\/\/museumek.eu\/index.php?rest_route=\/wp\/v2\/types\/page"}],"author":[{"embeddable":true,"href":"http:\/\/museumek.eu\/index.php?rest_route=\/wp\/v2\/users\/1"}],"replies":[{"embeddable":true,"href":"http:\/\/museumek.eu\/index.php?rest_route=%2Fwp%2Fv2%2Fcomments&post=35805"}],"version-history":[{"count":4,"href":"http:\/\/museumek.eu\/index.php?rest_route=\/wp\/v2\/pages\/35805\/revisions"}],"predecessor-version":[{"id":35813,"href":"http:\/\/museumek.eu\/index.php?rest_route=\/wp\/v2\/pages\/35805\/revisions\/35813"}],"up":[{"embeddable":true,"href":"http:\/\/museumek.eu\/index.php?rest_route=\/wp\/v2\/pages\/8160"}],"wp:attachment":[{"href":"http:\/\/museumek.eu\/index.php?rest_route=%2Fwp%2Fv2%2Fmedia&parent=35805"}],"curies":[{"name":"wp","href":"https:\/\/api.w.org\/{rel}","templated":true}]}}