{"id":35926,"date":"2015-01-06T21:25:46","date_gmt":"2015-01-06T20:25:46","guid":{"rendered":"http:\/\/museumek.eu\/?page_id=35926"},"modified":"2015-07-12T14:56:17","modified_gmt":"2015-07-12T12:56:17","slug":"dxxxvii48","status":"publish","type":"page","link":"http:\/\/museumek.eu\/?page_id=35926","title":{"rendered":"D\/XXXVII\/48"},"content":{"rendered":"<p><strong>Abteilung Deutschland, Keramik 1860 \u2013 1960, Inventarnummer D\/XXXVII\/48<\/strong><\/p>\n<p>Thonwaaren \u2013 Fabrik Marzi &#038; Remy (attr.), Deutschland, H\u00f6hr, um 1912, Seidel, K\u00fcnstler unbekannt, Werks.-Nr. 2330, Exemplar Nr. ohne, gemarkt keine Firmenmarke aber 2330, 22 sowie 0,5 L. \u00fcber Eichstrich gepresst, nicht signiert, Literatur: J\u00fcrgen Schimanski, Braun geflammt und grau gesalzen, Seite 203, Beschreibung der Fabrik, Beschreibung der zeitlichen Zuordnung, Modellnummern 1900\/2000 um 1910, au\u00dferdem dort beschrieben, dass eine eigene Firmenmarke (Anmerkung MEK: die stilisierte T\u00f6pfermarke, bestehend aus Mittelachse, daran Antriebstretscheibe, diese immer in einem quadratischen oder trapezf\u00f6rmigen Rahmen) erst Anfang der 1920\u2018 Jahre eingef\u00fchrt worden ist und dass Erzeugnisse der fr\u00fcheren Jahre oft mit dem Schriftzug \u201eGesetzl. Gesch\u00fctzt\u201c (Anmerkung MEK: richtige Schreibweise des Stempels eigentlich mit Gro\u00dfbuchstaben und nicht wie bei Schimanski klein geschrieben, also GESETZL. GESCH\u00dcTZT) gemarkt sind, dieser Beschreibung stimmt das MEK bez\u00fcglich der Firmenmarke nicht zu, das MEK Exemplar D\/XXXVII\/64 widerlegt diese Aussage, vor, bis um 1900, wurde der M &#038; R. darunter H. in einem Rechteck Stempel verwendet, diesen gibt es auch noch als ausgeschriebene Variante (MARZI &#038; REMY darunter H\u00d6HR.), dann nicht in einem Rechteck, sogar mit dem Zusatzstempel GESETZL. GESCH\u00dcTZT, siehe http:\/\/www.steinmarks.co.uk\/pages\/pv.asp?p=stein164, dort unter Marzi &#038; Remy diese Stempelvariante abgebildet als auch die Stempelvariante des oben genannten MEK Exemplares, M &#038; R. darunter H. steht <strong>nicht<\/strong> f\u00fcr Merkelbach &#038; Remy, einer Westerw\u00e4lder Fabrik, die in der gleichen Zeit produzierte und f\u00fcr die bisher in der Fachliteratur noch keine Firmenmarke nachgewiesen worden ist, weil sich diese Fabrik in Grenzhausen und nicht in H\u00f6hr befand, bis 1936 waren die beiden Ortschaften eigenst\u00e4ndig und wurden erst am 01.04.1936 zusammen mit der Gemeinde Grenzau zu H\u00f6hr-Grenzhausen zusammengeschlossen, die Fabrik wurde 1879 von Anton Marzi und seinem Schwager Simon Peter Remy in H\u00f6hr gegr\u00fcndet und firmierte als Thonwaaren \u2013 Fabrik Marzi &#038; Remy, ab 1881 wurde eine eigene Zinngie\u00dferei angeschafft und ab 1883 neben dem grau \u2013 blau salzglasiertem Steinzeug auch Elfenbeinsteinzeug produziert, Simon Peter Remy verstarb 1919 und sein Sohn Werner Remy trat in die Fabrik ein, 1924 verstarb Anton Marzi und sein Schwiegersohn Johann Otto B\u00fchler trat in die Fabrik ein, Werner Remy verlie\u00df 1931 die Fabrik, 1941 trat Johann Otto B\u00fchlers Sohn Otto B\u00fchler in die Fabrik ein und 1953 dessen Sohn Otto Georg B\u00fchler, die Fabrik war bis zum Konkurs in den 1990\u2018 Jahren immer in Familienbesitz, Fabrikzuschreibung: erfolgt auf Grund identischer Ausf\u00fchrung und Gr\u00f6\u00dfe des 0,5 L. \u00fcber Eichstrich Stempels, der besonders markant hinsichtlich seines weit nach unten abgesetzten F\u00fcllstrichs ist, sowie die mit der gleichen Systematik vorgenommenen Bodennummern, eine vierstellige Werks.-Nr. und eine zweistellig weitere Nummer, wie die mit der Fabrikmarke versehenen MEK Exemplare: D\/XXXVII\/15, D\/XXXVII\/41 sowie D\/XXXVII\/42, <strong>das MEK Exemplar mit der Werks.-Nr. 2330, ist in der Fachliteratur noch nicht erfasst<\/strong>,<br \/>\nH\u00f6he 12,5 cm, Breite 13 cm (nur die Keramik)<\/p>\n<p><a href=\"http:\/\/museumek.eu\/?attachment_id=35927\" rel=\"attachment wp-att-35927\"><img loading=\"lazy\" src=\"http:\/\/museumek.eu\/wp-content\/uploads\/2015\/01\/1042-190x300.jpg\" alt=\"\" title=\"1042\" width=\"190\" height=\"300\" class=\"alignnone size-medium wp-image-35927\" srcset=\"http:\/\/museumek.eu\/wp-content\/uploads\/2015\/01\/1042-190x300.jpg 190w, http:\/\/museumek.eu\/wp-content\/uploads\/2015\/01\/1042-95x150.jpg 95w, http:\/\/museumek.eu\/wp-content\/uploads\/2015\/01\/1042.jpg 455w\" sizes=\"(max-width: 190px) 100vw, 190px\" \/><\/a><\/p>\n<p><a href=\"http:\/\/museumek.eu\/?attachment_id=35928\" rel=\"attachment wp-att-35928\"><img loading=\"lazy\" src=\"http:\/\/museumek.eu\/wp-content\/uploads\/2015\/01\/1043-224x300.jpg\" alt=\"\" title=\"1043\" width=\"224\" height=\"300\" class=\"alignnone size-medium wp-image-35928\" srcset=\"http:\/\/museumek.eu\/wp-content\/uploads\/2015\/01\/1043-224x300.jpg 224w, http:\/\/museumek.eu\/wp-content\/uploads\/2015\/01\/1043-112x150.jpg 112w, http:\/\/museumek.eu\/wp-content\/uploads\/2015\/01\/1043.jpg 487w\" sizes=\"(max-width: 224px) 100vw, 224px\" \/><\/a><\/p>\n<p><a href=\"http:\/\/museumek.eu\/?attachment_id=35929\" rel=\"attachment wp-att-35929\"><img loading=\"lazy\" src=\"http:\/\/museumek.eu\/wp-content\/uploads\/2015\/01\/1044-228x300.jpg\" alt=\"\" title=\"1044\" width=\"228\" height=\"300\" class=\"alignnone size-medium wp-image-35929\" srcset=\"http:\/\/museumek.eu\/wp-content\/uploads\/2015\/01\/1044-228x300.jpg 228w, http:\/\/museumek.eu\/wp-content\/uploads\/2015\/01\/1044-114x150.jpg 114w, http:\/\/museumek.eu\/wp-content\/uploads\/2015\/01\/1044.jpg 519w\" sizes=\"(max-width: 228px) 100vw, 228px\" \/><\/a><\/p>\n<p><a href=\"http:\/\/museumek.eu\/?attachment_id=35930\" rel=\"attachment wp-att-35930\"><img loading=\"lazy\" src=\"http:\/\/museumek.eu\/wp-content\/uploads\/2015\/01\/1045-300x225.jpg\" alt=\"\" title=\"1045\" width=\"300\" height=\"225\" class=\"alignnone size-medium wp-image-35930\" srcset=\"http:\/\/museumek.eu\/wp-content\/uploads\/2015\/01\/1045-300x225.jpg 300w, http:\/\/museumek.eu\/wp-content\/uploads\/2015\/01\/1045-150x112.jpg 150w, http:\/\/museumek.eu\/wp-content\/uploads\/2015\/01\/1045-400x300.jpg 400w, http:\/\/museumek.eu\/wp-content\/uploads\/2015\/01\/1045.jpg 800w\" sizes=\"(max-width: 300px) 100vw, 300px\" \/><\/a><\/p>\n<p><a href=\"http:\/\/museumek.eu\/?attachment_id=35931\" rel=\"attachment wp-att-35931\"><img loading=\"lazy\" src=\"http:\/\/museumek.eu\/wp-content\/uploads\/2015\/01\/1046-245x300.jpg\" alt=\"\" title=\"1046\" width=\"245\" height=\"300\" class=\"alignnone size-medium wp-image-35931\" srcset=\"http:\/\/museumek.eu\/wp-content\/uploads\/2015\/01\/1046-245x300.jpg 245w, http:\/\/museumek.eu\/wp-content\/uploads\/2015\/01\/1046-122x150.jpg 122w, http:\/\/museumek.eu\/wp-content\/uploads\/2015\/01\/1046.jpg 600w\" sizes=\"(max-width: 245px) 100vw, 245px\" \/><\/a><\/p>\n","protected":false},"excerpt":{"rendered":"<p>Abteilung Deutschland, Keramik 1860 \u2013 1960, Inventarnummer D\/XXXVII\/48 Thonwaaren \u2013 Fabrik Marzi &#038; Remy (attr.), Deutschland, H\u00f6hr, um 1912, Seidel, K\u00fcnstler unbekannt, Werks.-Nr. 2330, Exemplar Nr. ohne, gemarkt keine Firmenmarke aber 2330, 22 sowie 0,5 L. \u00fcber Eichstrich gepresst, nicht &hellip; <a href=\"http:\/\/museumek.eu\/?page_id=35926\">Weiterlesen <span class=\"meta-nav\">&rarr;<\/span><\/a><\/p>\n","protected":false},"author":1,"featured_media":0,"parent":35188,"menu_order":48,"comment_status":"closed","ping_status":"open","template":"","meta":[],"_links":{"self":[{"href":"http:\/\/museumek.eu\/index.php?rest_route=\/wp\/v2\/pages\/35926"}],"collection":[{"href":"http:\/\/museumek.eu\/index.php?rest_route=\/wp\/v2\/pages"}],"about":[{"href":"http:\/\/museumek.eu\/index.php?rest_route=\/wp\/v2\/types\/page"}],"author":[{"embeddable":true,"href":"http:\/\/museumek.eu\/index.php?rest_route=\/wp\/v2\/users\/1"}],"replies":[{"embeddable":true,"href":"http:\/\/museumek.eu\/index.php?rest_route=%2Fwp%2Fv2%2Fcomments&post=35926"}],"version-history":[{"count":12,"href":"http:\/\/museumek.eu\/index.php?rest_route=\/wp\/v2\/pages\/35926\/revisions"}],"predecessor-version":[{"id":42208,"href":"http:\/\/museumek.eu\/index.php?rest_route=\/wp\/v2\/pages\/35926\/revisions\/42208"}],"up":[{"embeddable":true,"href":"http:\/\/museumek.eu\/index.php?rest_route=\/wp\/v2\/pages\/35188"}],"wp:attachment":[{"href":"http:\/\/museumek.eu\/index.php?rest_route=%2Fwp%2Fv2%2Fmedia&parent=35926"}],"curies":[{"name":"wp","href":"https:\/\/api.w.org\/{rel}","templated":true}]}}