{"id":3604,"date":"2011-09-16T16:16:08","date_gmt":"2011-09-16T14:16:08","guid":{"rendered":"http:\/\/museumek.eu\/?page_id=3604"},"modified":"2013-05-25T15:22:30","modified_gmt":"2013-05-25T13:22:30","slug":"fxii2","status":"publish","type":"page","link":"http:\/\/museumek.eu\/?page_id=3604","title":{"rendered":"F\/XII\/2"},"content":{"rendered":"<p><strong>Abteilung Frankreich, Keramik 1860 \u2013 1960, Inventarnummer F\/XII\/2<\/strong><\/p>\n<p>ohne Zuordnung Frankreich, Frankreich, Vase mit 2 floralen Henkeln und gemaltem Blumenbuket, vor 1900, K\u00fcnstler unbekannt, Werks.-Nr. 1088, Exemplar Nr. ohne, gemarkt F (f\u00fcr France) geritzt, 1088 gepresst, nicht signiert,<br \/>\nH\u00f6he 29, 5 cm, Breite 13 cm<\/p>\n<p><a href=\"http:\/\/museumek.eu\/wp-content\/uploads\/2011\/09\/Museum-Europ\u00e4ischer-Keramikkunst-1037.jpg\"><img loading=\"lazy\" src=\"http:\/\/museumek.eu\/wp-content\/uploads\/2011\/09\/Museum-Europ\u00e4ischer-Keramikkunst-1037-152x300.jpg\" alt=\"\" title=\"Museum Europ\u00e4ischer Keramikkunst 1037\" width=\"152\" height=\"300\" class=\"alignnone size-medium wp-image-3605\" \/><\/a><\/p>\n<p><a href=\"http:\/\/museumek.eu\/wp-content\/uploads\/2011\/09\/Museum-Europ\u00e4ischer-Keramikkunst-1034.jpg\"><img loading=\"lazy\" src=\"http:\/\/museumek.eu\/wp-content\/uploads\/2011\/09\/Museum-Europ\u00e4ischer-Keramikkunst-1034-300x184.jpg\" alt=\"\" title=\"Museum Europ\u00e4ischer Keramikkunst 1034\" width=\"300\" height=\"184\" class=\"alignnone size-medium wp-image-3606\" srcset=\"http:\/\/museumek.eu\/wp-content\/uploads\/2011\/09\/Museum-Europ\u00e4ischer-Keramikkunst-1034-300x184.jpg 300w, http:\/\/museumek.eu\/wp-content\/uploads\/2011\/09\/Museum-Europ\u00e4ischer-Keramikkunst-1034-488x300.jpg 488w, http:\/\/museumek.eu\/wp-content\/uploads\/2011\/09\/Museum-Europ\u00e4ischer-Keramikkunst-1034.jpg 624w\" sizes=\"(max-width: 300px) 100vw, 300px\" \/><\/a><\/p>\n<p><a href=\"http:\/\/museumek.eu\/wp-content\/uploads\/2011\/09\/Museum-Europ\u00e4ischer-Keramikkunst-1035.jpg\"><img loading=\"lazy\" src=\"http:\/\/museumek.eu\/wp-content\/uploads\/2011\/09\/Museum-Europ\u00e4ischer-Keramikkunst-1035-300x224.jpg\" alt=\"\" title=\"Museum Europ\u00e4ischer Keramikkunst 1035\" width=\"300\" height=\"224\" class=\"alignnone size-medium wp-image-3607\" srcset=\"http:\/\/museumek.eu\/wp-content\/uploads\/2011\/09\/Museum-Europ\u00e4ischer-Keramikkunst-1035-300x224.jpg 300w, http:\/\/museumek.eu\/wp-content\/uploads\/2011\/09\/Museum-Europ\u00e4ischer-Keramikkunst-1035-400x300.jpg 400w, http:\/\/museumek.eu\/wp-content\/uploads\/2011\/09\/Museum-Europ\u00e4ischer-Keramikkunst-1035.jpg 625w\" sizes=\"(max-width: 300px) 100vw, 300px\" \/><\/a><\/p>\n","protected":false},"excerpt":{"rendered":"<p>Abteilung Frankreich, Keramik 1860 \u2013 1960, Inventarnummer F\/XII\/2 ohne Zuordnung Frankreich, Frankreich, Vase mit 2 floralen Henkeln und gemaltem Blumenbuket, vor 1900, K\u00fcnstler unbekannt, Werks.-Nr. 1088, Exemplar Nr. ohne, gemarkt F (f\u00fcr France) geritzt, 1088 gepresst, nicht signiert, H\u00f6he 29, &hellip; <a href=\"http:\/\/museumek.eu\/?page_id=3604\">Weiterlesen <span class=\"meta-nav\">&rarr;<\/span><\/a><\/p>\n","protected":false},"author":1,"featured_media":0,"parent":3100,"menu_order":2,"comment_status":"open","ping_status":"open","template":"","meta":[],"_links":{"self":[{"href":"http:\/\/museumek.eu\/index.php?rest_route=\/wp\/v2\/pages\/3604"}],"collection":[{"href":"http:\/\/museumek.eu\/index.php?rest_route=\/wp\/v2\/pages"}],"about":[{"href":"http:\/\/museumek.eu\/index.php?rest_route=\/wp\/v2\/types\/page"}],"author":[{"embeddable":true,"href":"http:\/\/museumek.eu\/index.php?rest_route=\/wp\/v2\/users\/1"}],"replies":[{"embeddable":true,"href":"http:\/\/museumek.eu\/index.php?rest_route=%2Fwp%2Fv2%2Fcomments&post=3604"}],"version-history":[{"count":4,"href":"http:\/\/museumek.eu\/index.php?rest_route=\/wp\/v2\/pages\/3604\/revisions"}],"predecessor-version":[{"id":22615,"href":"http:\/\/museumek.eu\/index.php?rest_route=\/wp\/v2\/pages\/3604\/revisions\/22615"}],"up":[{"embeddable":true,"href":"http:\/\/museumek.eu\/index.php?rest_route=\/wp\/v2\/pages\/3100"}],"wp:attachment":[{"href":"http:\/\/museumek.eu\/index.php?rest_route=%2Fwp%2Fv2%2Fmedia&parent=3604"}],"curies":[{"name":"wp","href":"https:\/\/api.w.org\/{rel}","templated":true}]}}