{"id":36545,"date":"2015-02-14T21:07:46","date_gmt":"2015-02-14T20:07:46","guid":{"rendered":"http:\/\/museumek.eu\/?page_id=36545"},"modified":"2015-07-12T15:03:14","modified_gmt":"2015-07-12T13:03:14","slug":"dxxxvii57","status":"publish","type":"page","link":"http:\/\/museumek.eu\/?page_id=36545","title":{"rendered":"D\/XXXVII\/57"},"content":{"rendered":"<p><strong>Abteilung Deutschland, Keramik 1860 \u2013 1960, Inventarnummer D\/XXXVII\/57<\/strong><\/p>\n<p>Thonwaaren \u2013 Fabrik Marzi &#038; Remy, Deutschland, H\u00f6hr, um 1903, Seidel, K\u00fcnstler Karl G\u00f6rig, Werks.-Nr. 1668, Exemplar Nr. ohne, gemarkt keine Firmenmarke aber GESETZL. GESCH\u00dcTZT, 1668, 2 sowie \u00bd L \u00fcber Eichstrich gepresst, nicht lesbares Zeichen geritzt, nicht lesbare schwarze Zahlen oder Buchstaben gemalt, nicht signiert, Literatur: J\u00fcrgen Erlebach, J\u00fcrgen Schimanski, Westerw\u00e4lder Steinzeug, Die Neue \u00c4ra 1900 \u2013 1930, Jugendstil und Werkbund, Seite 72, Marke Nr. 16 identisch sowie Abbildung Nr. 111, fast identischer Krug mit Werks.-Nr. 1671, weitere Literatur: J\u00fcrgen Schimanski, Braun geflammt und grau gesalzen, Seite 143, Abbildungen 281, 282 sowie 283, Werks.-Nr. 1667, Werks.-Nr. 1670 sowie Werks.-Nr. 1671, Kr\u00fcge mit fast identischer Gestaltung, Seite 146, Abbildung Nr. 295 dort ein Seidel mit Bl\u00e4ttern und Erdbeeren, Entwurf Karl G\u00f6rig, Seite 203, Beschreibung der Fabrik, Beschreibung der zeitlichen Zuordnung, Modellnummern 1600\/1700 um 1905 sowie Marke Nr. 16 identisch, au\u00dferdem dort beschrieben, dass eine eigene Firmenmarke (Anmerkung MEK: die stilisierte T\u00f6pfermarke, bestehend aus Mittelachse, daran Antriebstretscheibe, diese immer in einem quadratischen oder trapezf\u00f6rmigen Rahmen) erst Anfang der 1920\u2018 Jahre eingef\u00fchrt worden ist und dass Erzeugnisse der fr\u00fcheren Jahre oft mit dem Schriftzug \u201eGesetzl. Gesch\u00fctzt\u201c (Anmerkung MEK: richtige Schreibweise des Stempels eigentlich mit Gro\u00dfbuchstaben und nicht wie bei Schimanski klein geschrieben, also GESETZL. GESCH\u00dcTZT) gemarkt sind, dieser Beschreibung stimmt das MEK bez\u00fcglich der Firmenmarke nicht zu, das MEK Exemplar D\/XXXVII\/64 widerlegt diese Aussage, vor, bis um 1900, wurde der M &#038; R. darunter H. in einem Rechteck Stempel verwendet, diesen gibt es auch noch als ausgeschriebene Variante (MARZI &#038; REMY darunter H\u00d6HR.), dann nicht in einem Rechteck, sogar mit dem Zusatzstempel GESETZL. GESCH\u00dcTZT, siehe http:\/\/www.steinmarks.co.uk\/pages\/pv.asp?p=stein164, dort unter Marzi &#038; Remy diese Stempelvariante abgebildet als auch die Stempelvariante des oben genannten MEK Exemplares, M &#038; R. darunter H. steht <strong>nicht<\/strong> f\u00fcr Merkelbach &#038; Remy, einer Westerw\u00e4lder Fabrik, die in der gleichen Zeit produzierte und f\u00fcr die bisher in der Fachliteratur noch keine Firmenmarke nachgewiesen worden ist, weil sich diese Fabrik in Grenzhausen und nicht in H\u00f6hr befand, bis 1936 waren die beiden Ortschaften eigenst\u00e4ndig und wurden erst am 01.04.1936 zusammen mit der Gemeinde Grenzau zu H\u00f6hr-Grenzhausen zusammengeschlossen, die Fabrik wurde 1879 von Anton Marzi und seinem Schwager Simon Peter Remy in H\u00f6hr gegr\u00fcndet und firmierte als Thonwaaren \u2013 Fabrik Marzi &#038; Remy, ab 1881 wurde eine eigene Zinngie\u00dferei angeschafft und ab 1883 neben dem grau \u2013 blau salzglasiertem Steinzeug auch Elfenbeinsteinzeug produziert, Simon Peter Remy verstarb 1919 und sein Sohn Werner Remy trat in die Fabrik ein, 1924 verstarb Anton Marzi und sein Schwiegersohn Johann Otto B\u00fchler trat in die Fabrik ein, Werner Remy verlie\u00df 1931 die Fabrik, 1941 trat Johann Otto B\u00fchlers Sohn Otto B\u00fchler in die Fabrik ein und 1953 dessen Sohn Otto Georg B\u00fchler, die Fabrik war bis zum Konkurs in den 1990\u2018 Jahren immer in Familienbesitz, <strong>das MEK Exemplar mit der Werks.-Nr. 1668, ist in der Fachliteratur noch nicht erfasst<\/strong>, Ausf\u00fchrung als Steinzeug grau-blau salzglasiert,<br \/>\nH\u00f6he 19 cm, Breite 13 cm (nur die Keramik)<\/p>\n<p><a href=\"http:\/\/museumek.eu\/?attachment_id=36546\" rel=\"attachment wp-att-36546\"><img loading=\"lazy\" src=\"http:\/\/museumek.eu\/wp-content\/uploads\/2015\/02\/2320-124x300.jpg\" alt=\"\" title=\"2320\" width=\"124\" height=\"300\" class=\"alignnone size-medium wp-image-36546\" srcset=\"http:\/\/museumek.eu\/wp-content\/uploads\/2015\/02\/2320-124x300.jpg 124w, http:\/\/museumek.eu\/wp-content\/uploads\/2015\/02\/2320-62x150.jpg 62w, http:\/\/museumek.eu\/wp-content\/uploads\/2015\/02\/2320.jpg 332w\" sizes=\"(max-width: 124px) 100vw, 124px\" \/><\/a><\/p>\n<p><a href=\"http:\/\/museumek.eu\/?attachment_id=36553\" rel=\"attachment wp-att-36553\"><img loading=\"lazy\" src=\"http:\/\/museumek.eu\/wp-content\/uploads\/2015\/02\/2327-158x300.jpg\" alt=\"\" title=\"2327\" width=\"158\" height=\"300\" class=\"alignnone size-medium wp-image-36553\" srcset=\"http:\/\/museumek.eu\/wp-content\/uploads\/2015\/02\/2327-158x300.jpg 158w, http:\/\/museumek.eu\/wp-content\/uploads\/2015\/02\/2327-79x150.jpg 79w, http:\/\/museumek.eu\/wp-content\/uploads\/2015\/02\/2327.jpg 422w\" sizes=\"(max-width: 158px) 100vw, 158px\" \/><\/a><\/p>\n<p><a href=\"http:\/\/museumek.eu\/?attachment_id=36547\" rel=\"attachment wp-att-36547\"><img loading=\"lazy\" src=\"http:\/\/museumek.eu\/wp-content\/uploads\/2015\/02\/2321-113x300.jpg\" alt=\"\" title=\"2321\" width=\"113\" height=\"300\" class=\"alignnone size-medium wp-image-36547\" srcset=\"http:\/\/museumek.eu\/wp-content\/uploads\/2015\/02\/2321-113x300.jpg 113w, http:\/\/museumek.eu\/wp-content\/uploads\/2015\/02\/2321-56x150.jpg 56w\" sizes=\"(max-width: 113px) 100vw, 113px\" \/><\/a><\/p>\n<p><a href=\"http:\/\/museumek.eu\/?attachment_id=36548\" rel=\"attachment wp-att-36548\"><img loading=\"lazy\" src=\"http:\/\/museumek.eu\/wp-content\/uploads\/2015\/02\/2322-142x300.jpg\" alt=\"\" title=\"2322\" width=\"142\" height=\"300\" class=\"alignnone size-medium wp-image-36548\" srcset=\"http:\/\/museumek.eu\/wp-content\/uploads\/2015\/02\/2322-142x300.jpg 142w, http:\/\/museumek.eu\/wp-content\/uploads\/2015\/02\/2322-71x150.jpg 71w\" sizes=\"(max-width: 142px) 100vw, 142px\" \/><\/a><\/p>\n<p><a href=\"http:\/\/museumek.eu\/?attachment_id=36549\" rel=\"attachment wp-att-36549\"><img loading=\"lazy\" src=\"http:\/\/museumek.eu\/wp-content\/uploads\/2015\/02\/2323-123x300.jpg\" alt=\"\" title=\"2323\" width=\"123\" height=\"300\" class=\"alignnone size-medium wp-image-36549\" srcset=\"http:\/\/museumek.eu\/wp-content\/uploads\/2015\/02\/2323-123x300.jpg 123w, http:\/\/museumek.eu\/wp-content\/uploads\/2015\/02\/2323-61x150.jpg 61w, http:\/\/museumek.eu\/wp-content\/uploads\/2015\/02\/2323.jpg 328w\" sizes=\"(max-width: 123px) 100vw, 123px\" \/><\/a><\/p>\n<p><a href=\"http:\/\/museumek.eu\/?attachment_id=36550\" rel=\"attachment wp-att-36550\"><img loading=\"lazy\" src=\"http:\/\/museumek.eu\/wp-content\/uploads\/2015\/02\/2324-153x300.jpg\" alt=\"\" title=\"2324\" width=\"153\" height=\"300\" class=\"alignnone size-medium wp-image-36550\" srcset=\"http:\/\/museumek.eu\/wp-content\/uploads\/2015\/02\/2324-153x300.jpg 153w, http:\/\/museumek.eu\/wp-content\/uploads\/2015\/02\/2324-76x150.jpg 76w, http:\/\/museumek.eu\/wp-content\/uploads\/2015\/02\/2324.jpg 408w\" sizes=\"(max-width: 153px) 100vw, 153px\" \/><\/a><\/p>\n<p><a href=\"http:\/\/museumek.eu\/?attachment_id=36551\" rel=\"attachment wp-att-36551\"><img loading=\"lazy\" src=\"http:\/\/museumek.eu\/wp-content\/uploads\/2015\/02\/2325-111x300.jpg\" alt=\"\" title=\"2325\" width=\"111\" height=\"300\" class=\"alignnone size-medium wp-image-36551\" srcset=\"http:\/\/museumek.eu\/wp-content\/uploads\/2015\/02\/2325-111x300.jpg 111w, http:\/\/museumek.eu\/wp-content\/uploads\/2015\/02\/2325-55x150.jpg 55w\" sizes=\"(max-width: 111px) 100vw, 111px\" \/><\/a><\/p>\n<p><a href=\"http:\/\/museumek.eu\/?attachment_id=36552\" rel=\"attachment wp-att-36552\"><img loading=\"lazy\" src=\"http:\/\/museumek.eu\/wp-content\/uploads\/2015\/02\/2326-171x300.jpg\" alt=\"\" title=\"2326\" width=\"171\" height=\"300\" class=\"alignnone size-medium wp-image-36552\" srcset=\"http:\/\/museumek.eu\/wp-content\/uploads\/2015\/02\/2326-171x300.jpg 171w, http:\/\/museumek.eu\/wp-content\/uploads\/2015\/02\/2326-85x150.jpg 85w, http:\/\/museumek.eu\/wp-content\/uploads\/2015\/02\/2326.jpg 456w\" sizes=\"(max-width: 171px) 100vw, 171px\" \/><\/a><\/p>\n<p><a href=\"http:\/\/museumek.eu\/?attachment_id=36554\" rel=\"attachment wp-att-36554\"><img loading=\"lazy\" src=\"http:\/\/museumek.eu\/wp-content\/uploads\/2015\/02\/2329-300x214.jpg\" alt=\"\" title=\"2329\" width=\"300\" height=\"214\" class=\"alignnone size-medium wp-image-36554\" srcset=\"http:\/\/museumek.eu\/wp-content\/uploads\/2015\/02\/2329-300x214.jpg 300w, http:\/\/museumek.eu\/wp-content\/uploads\/2015\/02\/2329-150x107.jpg 150w, http:\/\/museumek.eu\/wp-content\/uploads\/2015\/02\/2329-420x300.jpg 420w, http:\/\/museumek.eu\/wp-content\/uploads\/2015\/02\/2329.jpg 476w\" sizes=\"(max-width: 300px) 100vw, 300px\" \/><\/a><\/p>\n<p><a href=\"http:\/\/museumek.eu\/?attachment_id=36555\" rel=\"attachment wp-att-36555\"><img loading=\"lazy\" src=\"http:\/\/museumek.eu\/wp-content\/uploads\/2015\/02\/2330-258x300.jpg\" alt=\"\" title=\"2330\" width=\"258\" height=\"300\" class=\"alignnone size-medium wp-image-36555\" srcset=\"http:\/\/museumek.eu\/wp-content\/uploads\/2015\/02\/2330-258x300.jpg 258w, http:\/\/museumek.eu\/wp-content\/uploads\/2015\/02\/2330-129x150.jpg 129w, http:\/\/museumek.eu\/wp-content\/uploads\/2015\/02\/2330.jpg 600w\" sizes=\"(max-width: 258px) 100vw, 258px\" \/><\/a><\/p>\n<p><a href=\"http:\/\/museumek.eu\/?attachment_id=36556\" rel=\"attachment wp-att-36556\"><img loading=\"lazy\" src=\"http:\/\/museumek.eu\/wp-content\/uploads\/2015\/02\/2331-272x300.jpg\" alt=\"\" title=\"2331\" width=\"272\" height=\"300\" class=\"alignnone size-medium wp-image-36556\" srcset=\"http:\/\/museumek.eu\/wp-content\/uploads\/2015\/02\/2331-272x300.jpg 272w, http:\/\/museumek.eu\/wp-content\/uploads\/2015\/02\/2331-136x150.jpg 136w, http:\/\/museumek.eu\/wp-content\/uploads\/2015\/02\/2331.jpg 600w\" sizes=\"(max-width: 272px) 100vw, 272px\" \/><\/a><\/p>\n","protected":false},"excerpt":{"rendered":"<p>Abteilung Deutschland, Keramik 1860 \u2013 1960, Inventarnummer D\/XXXVII\/57 Thonwaaren \u2013 Fabrik Marzi &#038; Remy, Deutschland, H\u00f6hr, um 1903, Seidel, K\u00fcnstler Karl G\u00f6rig, Werks.-Nr. 1668, Exemplar Nr. ohne, gemarkt keine Firmenmarke aber GESETZL. GESCH\u00dcTZT, 1668, 2 sowie \u00bd L \u00fcber Eichstrich &hellip; <a href=\"http:\/\/museumek.eu\/?page_id=36545\">Weiterlesen <span class=\"meta-nav\">&rarr;<\/span><\/a><\/p>\n","protected":false},"author":1,"featured_media":0,"parent":36482,"menu_order":57,"comment_status":"closed","ping_status":"open","template":"","meta":[],"_links":{"self":[{"href":"http:\/\/museumek.eu\/index.php?rest_route=\/wp\/v2\/pages\/36545"}],"collection":[{"href":"http:\/\/museumek.eu\/index.php?rest_route=\/wp\/v2\/pages"}],"about":[{"href":"http:\/\/museumek.eu\/index.php?rest_route=\/wp\/v2\/types\/page"}],"author":[{"embeddable":true,"href":"http:\/\/museumek.eu\/index.php?rest_route=\/wp\/v2\/users\/1"}],"replies":[{"embeddable":true,"href":"http:\/\/museumek.eu\/index.php?rest_route=%2Fwp%2Fv2%2Fcomments&post=36545"}],"version-history":[{"count":9,"href":"http:\/\/museumek.eu\/index.php?rest_route=\/wp\/v2\/pages\/36545\/revisions"}],"predecessor-version":[{"id":42213,"href":"http:\/\/museumek.eu\/index.php?rest_route=\/wp\/v2\/pages\/36545\/revisions\/42213"}],"up":[{"embeddable":true,"href":"http:\/\/museumek.eu\/index.php?rest_route=\/wp\/v2\/pages\/36482"}],"wp:attachment":[{"href":"http:\/\/museumek.eu\/index.php?rest_route=%2Fwp%2Fv2%2Fmedia&parent=36545"}],"curies":[{"name":"wp","href":"https:\/\/api.w.org\/{rel}","templated":true}]}}