{"id":36569,"date":"2015-02-15T13:05:32","date_gmt":"2015-02-15T12:05:32","guid":{"rendered":"http:\/\/museumek.eu\/?page_id=36569"},"modified":"2015-02-15T14:56:19","modified_gmt":"2015-02-15T13:56:19","slug":"dxlv54","status":"publish","type":"page","link":"http:\/\/museumek.eu\/?page_id=36569","title":{"rendered":"D\/XLV\/54"},"content":{"rendered":"<p><strong>Abteilung Deutschland, Keramik 1860 \u2013 1960, Inventarnummer D\/XLV\/54<\/strong><\/p>\n<p>Steinzeug- &#038; Thonwaarenfabrik, Zinngiesserei &#038; Malerei Reinhold Merkelbach und Nachfolger Steinzeug- und Hartsteingutfabrik, Zinngie\u00dfereien und Malereien Reinhold Merkelbach, Deutschland, Grenzhausen, 1911, Kanne, K\u00fcnstler Karl Peter Gelhard, Werks.-Nr. 2283, Exemplar Nr. ohne, gemarkt Firmenmarke Rundstempel mit R. Merkelbach Grenzhausen, von diesem Rundstempel gab es zwei Ausf\u00fchrugen erste Ausf\u00fchrung wie hier und MEK Exemplare D\/XLV\/5 und D\/XLV\/14, verwendet ab 1900, zwischen den W\u00f6rtern befindet sich ein kleiner Kreis, zweite Ausf\u00fchrung, verwendet ab 1916, wie MEK D\/XLV\/40, zwischen den W\u00f6rtern befindet sich statt einem Kreis ein Punkt und das Z von Grenzhausen ist als S \u00e4hnlicher Buchstabe ausgef\u00fchrt, 2283, 1,5 L sowie Beizeichen gepresst, nicht signiert, Literatur: Gisela Reineking von Bock, Meister der deutschen Keramik, Seite 221 ff., Fabrikbeschreibung sowie Seite 325, Marke Nr. 153 identisch, weitere Literatur: Beate Dry-v. Zezschwitz, Westerw\u00e4lder Steinzeug des Jugendstils I, R. Merkelbach Grenzhausen und M\u00fcnchen, Nachdruck der Spezialpreisliste 1905, Seite 31, Marke Nr. 17 identisch sowie Beschreibung der Bezeichen, weitere Literatur: J\u00fcrgen Schimanski und J\u00fcrgen Erlebach, Westerw\u00e4lder Steinzeug, Die Neue \u00c4ra, Seite 77 ff., Fabrikbeschreibung und Marke Nr. 18 identisch (verwendet ab 1900) sowie Seite 82, Abbildung Nr. 141 identische kleinere Kanne beschrieben mit Entwurf Karl Gelhard 1910\/11, Werks.-Nr- 2283, weitere Literatur: J\u00fcrgen Schimanski, Braun geflammt und grau gesalzen, Seite 141, Abbildung Nr. 227 identische etwas kleinere Kanne, beschrieben mit Entwurf: Karl Gelhard 1911, Werks.-Nr. 2283, Seite 208 ff., Beschreibung der Fabrik, Seite 209, Marke Nr. 18 identisch (verwendet ab 1900) sowie Seite 284, Modellbuch Reinhold Merkelbach, dort unter 2283 folgender Eintrag: Gebrauchskrug, grau glasiert, Gelhard sowie Hand ausgef\u00fchrte Zeichnung dieser Kanne, 1845 gr\u00fcndete Wilhelm Merkelbach (1817 \u2013 1859) in Grenzhausen eine Kannenb\u00e4ckerei, wann sich diese zur Steinzeugfabrik weiterentwickelte und wie diese Fabrik firmierte konnte nicht recherchiert werden, nach dem fr\u00fchen Tod von Wilhelm Merkelbach \u00fcbernahm dessen Sohn Wilhelm Reinhold Merkelbach (1847 \u2013 1891) die Fabrik, wie Reinhold Merkelbach direkt nach der \u00dcbernahme firmierte konnte nicht recherchiert werden, sp\u00e4testens ab 1892 firmierte die Fabrik als Steinzeug- &#038; Thonwaarenfabrik, Zinngiesserei &#038; Malerei Reinhold Merkelbach, dies ergibt sich aus dem Preis-Courant des Jahres 1892, seit 1878 hatte die Fabrik ein Fabriklager in M\u00fcnchen, welches ab 1891 als Bierkrugfabrikniederlage, Inh. Tosca Merkelbach, Grenzhausen bezeichnet wurde, nach Reinhold Merkelbachs Tod 1891 f\u00fchrte seine Witwe Tosca Merkelbach die Fabrik weiter, bis die S\u00f6hne Paul Merkelbach (1882 \u2013 1917) und Reinhold Merkelbach (1885 \u2013 1918) am 23.05.1907 die Fabrik \u00fcbernahmen, ab 1905 firmierte die Fabrik als Steinzeug- und Hartsteingutfabrik, Zinngie\u00dfereien und Malereien Reinhold Merkelbach, dies ergibt sich aus der Spezialpreisliste des Jahres 1905, im Zuge der Fabrik\u00fcbergabe an die S\u00f6hne wurde die Niederlage in M\u00fcnchen gel\u00f6scht und daf\u00fcr als selbstst\u00e4ndiges Unternehmen neu gegr\u00fcndet, nach dem beide S\u00f6hne im WK I gefallen waren, \u00fcbernahm wieder Tosca Merkelbach die Leitung der Fabrik, 1911 gr\u00fcndete die Fabrik zusammen mit den Fabriken M\u00fcller, Hanke und Gerz die Steinzeugwerke H\u00f6hr-Grenzhausen GmbH, um sich gegenseitig im Vertrieb und in der Produktion zu bef\u00f6rdern, bis zum Jahre 1918 stiegen die Fabriken M\u00fcller, Hanke und Gerz wieder aus der GmbH aus, Merkelbach \u00fcbernahm viele der Formen der anderen Fabriken und die GmbH ging im Laufe der n\u00e4chsten Jahre in die Steinzeugfabrik Reinhold Merkelbach auf, w\u00e4hrend des Bestehens der GmbH stellten die Fabriken jeweils auch Steinzeuge nach den Formen der anderen Fabriken her, die GmbH hatte keinen eigenen Markenstempel, die Produkte, auch die nach den Formen der anderen Fabriken hergestellten, wurden mit der jeweils eigenen Marke gekennzeichnet soweit \u00fcberhaupt gemarkt worden ist, nach Tosca Merkelbachs Tod f\u00fchrte die Schwiegertochter Gertrud Merkelbach, wohl zusammen mit anderen Verwandten und nicht verwandten Gesch\u00e4ftsf\u00fchrern die Fabrik weiter, 1957 \u00fcbernahm Prof. Reinhold Paul Bernhard Merkelbach (1918 \u2013 2006), ein Enkel von Reinhold Merkelbach, die Leitung der Fabrik, ab 1970 \u00e4nderte die Fabrik mehrmals ihre Firmierung und ab 1971 stieg die Goebel\u2019sche Porzellanfabrik erst mit 50 % sp\u00e4ter dann mit 100 % in die Eigentumsverh\u00e4ltnisse der Fabrik ein, 1988 kauften Familienangeh\u00f6rige der Merkelbachs zusammen mit Investoren die Fabrik zur\u00fcck, ab 1995 bis 2007 leitete die Familienangeh\u00f6rige Judith Engelmann, geb. Merkelbach die Fabrik, 2007 wurde die Produktion aufgegeben und die Steinzeugfabrik Matthias Girmscheid \u00fcbernahm viele der Formen, sowohl Goebel als auch Girmscheid produzierten viele Jugendstilentw\u00fcrfe als Neuauflagen, Ausf\u00fchrung als Steinzeug grau-blau salzglasiert, H\u00f6he 25 cm, Breite 14,8 cm (nur die Keramik)<\/p>\n<p><a href=\"http:\/\/museumek.eu\/?attachment_id=36570\" rel=\"attachment wp-att-36570\"><img loading=\"lazy\" src=\"http:\/\/museumek.eu\/wp-content\/uploads\/2015\/02\/2285-140x300.jpg\" alt=\"\" title=\"2285\" width=\"140\" height=\"300\" class=\"alignnone size-medium wp-image-36570\" srcset=\"http:\/\/museumek.eu\/wp-content\/uploads\/2015\/02\/2285-140x300.jpg 140w, http:\/\/museumek.eu\/wp-content\/uploads\/2015\/02\/2285-70x150.jpg 70w, http:\/\/museumek.eu\/wp-content\/uploads\/2015\/02\/2285.jpg 374w\" sizes=\"(max-width: 140px) 100vw, 140px\" \/><\/a><\/p>\n<p><a href=\"http:\/\/museumek.eu\/?attachment_id=36571\" rel=\"attachment wp-att-36571\"><img loading=\"lazy\" src=\"http:\/\/museumek.eu\/wp-content\/uploads\/2015\/02\/2286-126x300.jpg\" alt=\"\" title=\"2286\" width=\"126\" height=\"300\" class=\"alignnone size-medium wp-image-36571\" srcset=\"http:\/\/museumek.eu\/wp-content\/uploads\/2015\/02\/2286-126x300.jpg 126w, http:\/\/museumek.eu\/wp-content\/uploads\/2015\/02\/2286-63x150.jpg 63w, http:\/\/museumek.eu\/wp-content\/uploads\/2015\/02\/2286.jpg 337w\" sizes=\"(max-width: 126px) 100vw, 126px\" \/><\/a><\/p>\n<p><a href=\"http:\/\/museumek.eu\/?attachment_id=36572\" rel=\"attachment wp-att-36572\"><img loading=\"lazy\" src=\"http:\/\/museumek.eu\/wp-content\/uploads\/2015\/02\/2287-154x300.jpg\" alt=\"\" title=\"2287\" width=\"154\" height=\"300\" class=\"alignnone size-medium wp-image-36572\" srcset=\"http:\/\/museumek.eu\/wp-content\/uploads\/2015\/02\/2287-154x300.jpg 154w, http:\/\/museumek.eu\/wp-content\/uploads\/2015\/02\/2287-77x150.jpg 77w, http:\/\/museumek.eu\/wp-content\/uploads\/2015\/02\/2287.jpg 411w\" sizes=\"(max-width: 154px) 100vw, 154px\" \/><\/a><\/p>\n<p><a href=\"http:\/\/museumek.eu\/?attachment_id=36578\" rel=\"attachment wp-att-36578\"><img loading=\"lazy\" src=\"http:\/\/museumek.eu\/wp-content\/uploads\/2015\/02\/22881-152x300.jpg\" alt=\"\" title=\"2288\" width=\"152\" height=\"300\" class=\"alignnone size-medium wp-image-36578\" srcset=\"http:\/\/museumek.eu\/wp-content\/uploads\/2015\/02\/22881-152x300.jpg 152w, http:\/\/museumek.eu\/wp-content\/uploads\/2015\/02\/22881-76x150.jpg 76w, http:\/\/museumek.eu\/wp-content\/uploads\/2015\/02\/22881.jpg 406w\" sizes=\"(max-width: 152px) 100vw, 152px\" \/><\/a><\/p>\n<p><a href=\"http:\/\/museumek.eu\/?attachment_id=36583\" rel=\"attachment wp-att-36583\"><img loading=\"lazy\" src=\"http:\/\/museumek.eu\/wp-content\/uploads\/2015\/02\/22891-118x300.jpg\" alt=\"\" title=\"2289\" width=\"118\" height=\"300\" class=\"alignnone size-medium wp-image-36583\" srcset=\"http:\/\/museumek.eu\/wp-content\/uploads\/2015\/02\/22891-118x300.jpg 118w, http:\/\/museumek.eu\/wp-content\/uploads\/2015\/02\/22891-59x150.jpg 59w, http:\/\/museumek.eu\/wp-content\/uploads\/2015\/02\/22891.jpg 316w\" sizes=\"(max-width: 118px) 100vw, 118px\" \/><\/a><\/p>\n<p><a href=\"http:\/\/museumek.eu\/?attachment_id=36582\" rel=\"attachment wp-att-36582\"><img loading=\"lazy\" src=\"http:\/\/museumek.eu\/wp-content\/uploads\/2015\/02\/2290-188x300.jpg\" alt=\"\" title=\"2290\" width=\"188\" height=\"300\" class=\"alignnone size-medium wp-image-36582\" srcset=\"http:\/\/museumek.eu\/wp-content\/uploads\/2015\/02\/2290-188x300.jpg 188w, http:\/\/museumek.eu\/wp-content\/uploads\/2015\/02\/2290-94x150.jpg 94w, http:\/\/museumek.eu\/wp-content\/uploads\/2015\/02\/2290.jpg 503w\" sizes=\"(max-width: 188px) 100vw, 188px\" \/><\/a><\/p>\n<p><a href=\"http:\/\/museumek.eu\/?attachment_id=36586\" rel=\"attachment wp-att-36586\"><img loading=\"lazy\" src=\"http:\/\/museumek.eu\/wp-content\/uploads\/2015\/02\/2291-300x135.jpg\" alt=\"\" title=\"2291\" width=\"300\" height=\"135\" class=\"alignnone size-medium wp-image-36586\" srcset=\"http:\/\/museumek.eu\/wp-content\/uploads\/2015\/02\/2291-300x135.jpg 300w, http:\/\/museumek.eu\/wp-content\/uploads\/2015\/02\/2291-150x67.jpg 150w, http:\/\/museumek.eu\/wp-content\/uploads\/2015\/02\/2291-500x225.jpg 500w, http:\/\/museumek.eu\/wp-content\/uploads\/2015\/02\/2291.jpg 800w\" sizes=\"(max-width: 300px) 100vw, 300px\" \/><\/a><\/p>\n<p><a href=\"http:\/\/museumek.eu\/?attachment_id=36587\" rel=\"attachment wp-att-36587\"><img loading=\"lazy\" src=\"http:\/\/museumek.eu\/wp-content\/uploads\/2015\/02\/2292-300x145.jpg\" alt=\"\" title=\"2292\" width=\"300\" height=\"145\" class=\"alignnone size-medium wp-image-36587\" srcset=\"http:\/\/museumek.eu\/wp-content\/uploads\/2015\/02\/2292-300x145.jpg 300w, http:\/\/museumek.eu\/wp-content\/uploads\/2015\/02\/2292-150x72.jpg 150w, http:\/\/museumek.eu\/wp-content\/uploads\/2015\/02\/2292-500x242.jpg 500w, http:\/\/museumek.eu\/wp-content\/uploads\/2015\/02\/2292.jpg 800w\" sizes=\"(max-width: 300px) 100vw, 300px\" \/><\/a><\/p>\n","protected":false},"excerpt":{"rendered":"<p>Abteilung Deutschland, Keramik 1860 \u2013 1960, Inventarnummer D\/XLV\/54 Steinzeug- &#038; Thonwaarenfabrik, Zinngiesserei &#038; Malerei Reinhold Merkelbach und Nachfolger Steinzeug- und Hartsteingutfabrik, Zinngie\u00dfereien und Malereien Reinhold Merkelbach, Deutschland, Grenzhausen, 1911, Kanne, K\u00fcnstler Karl Peter Gelhard, Werks.-Nr. 2283, Exemplar Nr. ohne, gemarkt &hellip; <a href=\"http:\/\/museumek.eu\/?page_id=36569\">Weiterlesen <span class=\"meta-nav\">&rarr;<\/span><\/a><\/p>\n","protected":false},"author":1,"featured_media":0,"parent":35453,"menu_order":54,"comment_status":"closed","ping_status":"open","template":"","meta":[],"_links":{"self":[{"href":"http:\/\/museumek.eu\/index.php?rest_route=\/wp\/v2\/pages\/36569"}],"collection":[{"href":"http:\/\/museumek.eu\/index.php?rest_route=\/wp\/v2\/pages"}],"about":[{"href":"http:\/\/museumek.eu\/index.php?rest_route=\/wp\/v2\/types\/page"}],"author":[{"embeddable":true,"href":"http:\/\/museumek.eu\/index.php?rest_route=\/wp\/v2\/users\/1"}],"replies":[{"embeddable":true,"href":"http:\/\/museumek.eu\/index.php?rest_route=%2Fwp%2Fv2%2Fcomments&post=36569"}],"version-history":[{"count":12,"href":"http:\/\/museumek.eu\/index.php?rest_route=\/wp\/v2\/pages\/36569\/revisions"}],"predecessor-version":[{"id":36596,"href":"http:\/\/museumek.eu\/index.php?rest_route=\/wp\/v2\/pages\/36569\/revisions\/36596"}],"up":[{"embeddable":true,"href":"http:\/\/museumek.eu\/index.php?rest_route=\/wp\/v2\/pages\/35453"}],"wp:attachment":[{"href":"http:\/\/museumek.eu\/index.php?rest_route=%2Fwp%2Fv2%2Fmedia&parent=36569"}],"curies":[{"name":"wp","href":"https:\/\/api.w.org\/{rel}","templated":true}]}}