{"id":36656,"date":"2015-02-15T17:49:21","date_gmt":"2015-02-15T16:49:21","guid":{"rendered":"http:\/\/museumek.eu\/?page_id=36656"},"modified":"2015-02-15T17:56:40","modified_gmt":"2015-02-15T16:56:40","slug":"kunsttopferei-ludwig-kessler-inhaber-hans-kesler-vormals-kunsttopferei-ludwig-kesler","status":"publish","type":"page","link":"http:\/\/museumek.eu\/?page_id=36656","title":{"rendered":"Kunstt\u00f6pferei Ludwig Ke\u00dfler Inhaber Hans Ke\u00dfler vormals Kunstt\u00f6pferei Ludwig Ke\u00dfler"},"content":{"rendered":"","protected":false},"excerpt":{"rendered":"","protected":false},"author":1,"featured_media":0,"parent":44,"menu_order":120,"comment_status":"closed","ping_status":"open","template":"","meta":[],"_links":{"self":[{"href":"http:\/\/museumek.eu\/index.php?rest_route=\/wp\/v2\/pages\/36656"}],"collection":[{"href":"http:\/\/museumek.eu\/index.php?rest_route=\/wp\/v2\/pages"}],"about":[{"href":"http:\/\/museumek.eu\/index.php?rest_route=\/wp\/v2\/types\/page"}],"author":[{"embeddable":true,"href":"http:\/\/museumek.eu\/index.php?rest_route=\/wp\/v2\/users\/1"}],"replies":[{"embeddable":true,"href":"http:\/\/museumek.eu\/index.php?rest_route=%2Fwp%2Fv2%2Fcomments&post=36656"}],"version-history":[{"count":3,"href":"http:\/\/museumek.eu\/index.php?rest_route=\/wp\/v2\/pages\/36656\/revisions"}],"predecessor-version":[{"id":36673,"href":"http:\/\/museumek.eu\/index.php?rest_route=\/wp\/v2\/pages\/36656\/revisions\/36673"}],"up":[{"embeddable":true,"href":"http:\/\/museumek.eu\/index.php?rest_route=\/wp\/v2\/pages\/44"}],"wp:attachment":[{"href":"http:\/\/museumek.eu\/index.php?rest_route=%2Fwp%2Fv2%2Fmedia&parent=36656"}],"curies":[{"name":"wp","href":"https:\/\/api.w.org\/{rel}","templated":true}]}}