{"id":36662,"date":"2015-02-15T17:53:23","date_gmt":"2015-02-15T16:53:23","guid":{"rendered":"http:\/\/museumek.eu\/?page_id=36662"},"modified":"2015-02-15T17:56:08","modified_gmt":"2015-02-15T16:56:08","slug":"dcxx1","status":"publish","type":"page","link":"http:\/\/museumek.eu\/?page_id=36662","title":{"rendered":"D\/CXX\/1"},"content":{"rendered":"<p><strong>Abteilung Deutschland, Keramik 1860 \u2013 1960, Inventarnummer D\/CXX\/1<\/strong><\/p>\n<p>Kunstt\u00f6pferei Ludwig Ke\u00dfler Inhaber Hans Ke\u00dfler vormals Kunstt\u00f6pferei Ludwig Ke\u00dfler, Deutschland, Wieseck, um 1930 bis 1960, Vase, K\u00fcnstler Hans Ke\u00dfler (attr.), Werks.-Nr. ohne, Exemplar Nr. ohne, gemarkt Firmenmarke mit L. K. W. (f\u00fcr Ludwig Ke\u00dfler Wieseck) sowie III. wei\u00df unter Glasur gemalt, nicht signiert, die Kunstt\u00f6pferei wurde 1889 von Ludwig Ke\u00dfler (1859 (?) bis 1912 (?)) gegr\u00fcndet und anscheinend um 1912 von Hans Ke\u00dfler, dem Sohn (?) von Ludwig Ke\u00dfler \u00fcbernommen, die T\u00f6pferei arbeitete wohl bis in die 1980 Jahre, H\u00f6he 14,3 cm, Breite 8 cm<\/p>\n<p><a href=\"http:\/\/museumek.eu\/?attachment_id=36663\" rel=\"attachment wp-att-36663\"><img loading=\"lazy\" src=\"http:\/\/museumek.eu\/wp-content\/uploads\/2015\/02\/897-169x300.jpg\" alt=\"\" title=\"897\" width=\"169\" height=\"300\" class=\"alignnone size-medium wp-image-36663\" srcset=\"http:\/\/museumek.eu\/wp-content\/uploads\/2015\/02\/897-169x300.jpg 169w, http:\/\/museumek.eu\/wp-content\/uploads\/2015\/02\/897-84x150.jpg 84w, http:\/\/museumek.eu\/wp-content\/uploads\/2015\/02\/897.jpg 359w\" sizes=\"(max-width: 169px) 100vw, 169px\" \/><\/a><\/p>\n<p><a href=\"http:\/\/museumek.eu\/?attachment_id=36664\" rel=\"attachment wp-att-36664\"><img loading=\"lazy\" src=\"http:\/\/museumek.eu\/wp-content\/uploads\/2015\/02\/898-171x300.jpg\" alt=\"\" title=\"898\" width=\"171\" height=\"300\" class=\"alignnone size-medium wp-image-36664\" srcset=\"http:\/\/museumek.eu\/wp-content\/uploads\/2015\/02\/898-171x300.jpg 171w, http:\/\/museumek.eu\/wp-content\/uploads\/2015\/02\/898-85x150.jpg 85w, http:\/\/museumek.eu\/wp-content\/uploads\/2015\/02\/898.jpg 373w\" sizes=\"(max-width: 171px) 100vw, 171px\" \/><\/a><\/p>\n<p><a href=\"http:\/\/museumek.eu\/?attachment_id=36665\" rel=\"attachment wp-att-36665\"><img loading=\"lazy\" src=\"http:\/\/museumek.eu\/wp-content\/uploads\/2015\/02\/899-300x271.jpg\" alt=\"\" title=\"899\" width=\"300\" height=\"271\" class=\"alignnone size-medium wp-image-36665\" srcset=\"http:\/\/museumek.eu\/wp-content\/uploads\/2015\/02\/899-300x271.jpg 300w, http:\/\/museumek.eu\/wp-content\/uploads\/2015\/02\/899-150x135.jpg 150w, http:\/\/museumek.eu\/wp-content\/uploads\/2015\/02\/899-331x300.jpg 331w, http:\/\/museumek.eu\/wp-content\/uploads\/2015\/02\/899.jpg 662w\" sizes=\"(max-width: 300px) 100vw, 300px\" \/><\/a><\/p>\n","protected":false},"excerpt":{"rendered":"<p>Abteilung Deutschland, Keramik 1860 \u2013 1960, Inventarnummer D\/CXX\/1 Kunstt\u00f6pferei Ludwig Ke\u00dfler Inhaber Hans Ke\u00dfler vormals Kunstt\u00f6pferei Ludwig Ke\u00dfler, Deutschland, Wieseck, um 1930 bis 1960, Vase, K\u00fcnstler Hans Ke\u00dfler (attr.), Werks.-Nr. ohne, Exemplar Nr. ohne, gemarkt Firmenmarke mit L. K. W. &hellip; <a href=\"http:\/\/museumek.eu\/?page_id=36662\">Weiterlesen <span class=\"meta-nav\">&rarr;<\/span><\/a><\/p>\n","protected":false},"author":1,"featured_media":0,"parent":36659,"menu_order":1,"comment_status":"closed","ping_status":"open","template":"","meta":[],"_links":{"self":[{"href":"http:\/\/museumek.eu\/index.php?rest_route=\/wp\/v2\/pages\/36662"}],"collection":[{"href":"http:\/\/museumek.eu\/index.php?rest_route=\/wp\/v2\/pages"}],"about":[{"href":"http:\/\/museumek.eu\/index.php?rest_route=\/wp\/v2\/types\/page"}],"author":[{"embeddable":true,"href":"http:\/\/museumek.eu\/index.php?rest_route=\/wp\/v2\/users\/1"}],"replies":[{"embeddable":true,"href":"http:\/\/museumek.eu\/index.php?rest_route=%2Fwp%2Fv2%2Fcomments&post=36662"}],"version-history":[{"count":6,"href":"http:\/\/museumek.eu\/index.php?rest_route=\/wp\/v2\/pages\/36662\/revisions"}],"predecessor-version":[{"id":36672,"href":"http:\/\/museumek.eu\/index.php?rest_route=\/wp\/v2\/pages\/36662\/revisions\/36672"}],"up":[{"embeddable":true,"href":"http:\/\/museumek.eu\/index.php?rest_route=\/wp\/v2\/pages\/36659"}],"wp:attachment":[{"href":"http:\/\/museumek.eu\/index.php?rest_route=%2Fwp%2Fv2%2Fmedia&parent=36662"}],"curies":[{"name":"wp","href":"https:\/\/api.w.org\/{rel}","templated":true}]}}