{"id":36741,"date":"2015-02-16T14:06:48","date_gmt":"2015-02-16T13:06:48","guid":{"rendered":"http:\/\/museumek.eu\/?page_id=36741"},"modified":"2015-02-16T14:06:48","modified_gmt":"2015-02-16T13:06:48","slug":"dxlix10","status":"publish","type":"page","link":"http:\/\/museumek.eu\/?page_id=36741","title":{"rendered":"D\/XLIX\/10"},"content":{"rendered":"<p><strong>Abteilung Deutschland, Keramik 1860 \u2013 1960, Inventarnummer D\/XLIX\/10<\/strong><\/p>\n<p>Simon Peter Gerz I. GmbH Fabrik fein verzierter Gebrauchs- und Luxusgegenst\u00e4nde und Vorg\u00e4nger Simon Peter Gerz I. Fabrik antiker reichverzierter Steinzeugwaaren, Deutschland, H\u00f6hr, um 1900, Seidel, K\u00fcnstler unbekannt, Werks.-Nr. 736, Exemplar Nr. ohne, gemarkt Firmenmarke mit einem Krug in einem Dreieck sowie \u00bc L. \u00fcber Eichstrich gepresst, nicht signiert, Literatur: Gisela Reineking von Bock, Meister der deutschen Keramik, Seite 329, Marke Nr. 212 identisch, weitere Literatur: J\u00fcrgen Schimanski und J\u00fcrgen Erlebach, Westerw\u00e4lder Steinzeug, Die Neue \u00c4ra, Seite 44 ff., Fabrikbeschreibung sowie Seite 44, Marke Nr. 6 identisch, weitere Literatur: J\u00fcrgen Schimanski, Braun geflammt und grau gesalzen, Seite 197, Beschreibung der Fabrik sowie Marke Nr. 6 identisch, die Fabrik wurde 1857 von Simon Peter Gerz I (geb. 13.09.1830, gest. 12.09.1893) gegr\u00fcndet, die Registereintragung erfolgte aber erst 1862, insofern ist das Jahr 1862 das amtliche Gr\u00fcndungsdatum, bisher konnte in keiner Literatur eine Erkl\u00e4rung gefunden werden, warum Gerz seinem Namen eine r\u00f6mische I anf\u00fcgte, recherchiert werden konnte, dass es noch einen Steinzeugfabrikanten namens Simon Peter Gerz II (geb. 1833, gest. 1908) gab und dass dieser der Vater von Alois Jacob Gerz, dem Mitbegr\u00fcnder der Steinzeugfabrik Rosskopf &#038; Gerz war, 1867 erhielt die Fabrik das Pr\u00e4dikat eines Hoflieferanten des Herzog von Nassau, 1893 (Gerz Tod) wurde der Schwiegersohn Alphons William Loetschert Inhaber, sehr wahrscheinlich wurde um diese Zeit auch die Fabrikmarke SPG I in einem Kreis in die Dreieckmarke mit einem Krug ge\u00e4ndert, sp\u00e4testens aber sicher 1897, 1897 wurde die Pfeiffenfabrik M\u00fcllenbach &#038; Thewalt Mitinhaber und eine GmbH wurde gegr\u00fcndet (Gr\u00fcndungsdatum: 05.08.1897), die Fabrik bestand bis 1997, H\u00f6he 10,5 cm, Breite 11 cm<\/p>\n<p><a href=\"http:\/\/museumek.eu\/?attachment_id=36742\" rel=\"attachment wp-att-36742\"><img loading=\"lazy\" src=\"http:\/\/museumek.eu\/wp-content\/uploads\/2015\/02\/2600-218x300.jpg\" alt=\"\" title=\"2600\" width=\"218\" height=\"300\" class=\"alignnone size-medium wp-image-36742\" srcset=\"http:\/\/museumek.eu\/wp-content\/uploads\/2015\/02\/2600-218x300.jpg 218w, http:\/\/museumek.eu\/wp-content\/uploads\/2015\/02\/2600-109x150.jpg 109w, http:\/\/museumek.eu\/wp-content\/uploads\/2015\/02\/2600.jpg 583w\" sizes=\"(max-width: 218px) 100vw, 218px\" \/><\/a><\/p>\n<p><a href=\"http:\/\/museumek.eu\/?attachment_id=36743\" rel=\"attachment wp-att-36743\"><img loading=\"lazy\" src=\"http:\/\/museumek.eu\/wp-content\/uploads\/2015\/02\/2601-293x300.jpg\" alt=\"\" title=\"2601\" width=\"293\" height=\"300\" class=\"alignnone size-medium wp-image-36743\" srcset=\"http:\/\/museumek.eu\/wp-content\/uploads\/2015\/02\/2601-293x300.jpg 293w, http:\/\/museumek.eu\/wp-content\/uploads\/2015\/02\/2601-146x150.jpg 146w, http:\/\/museumek.eu\/wp-content\/uploads\/2015\/02\/2601.jpg 600w\" sizes=\"(max-width: 293px) 100vw, 293px\" \/><\/a><\/p>\n<p><a href=\"http:\/\/museumek.eu\/?attachment_id=36744\" rel=\"attachment wp-att-36744\"><img loading=\"lazy\" src=\"http:\/\/museumek.eu\/wp-content\/uploads\/2015\/02\/2602-286x300.jpg\" alt=\"\" title=\"2602\" width=\"286\" height=\"300\" class=\"alignnone size-medium wp-image-36744\" srcset=\"http:\/\/museumek.eu\/wp-content\/uploads\/2015\/02\/2602-286x300.jpg 286w, http:\/\/museumek.eu\/wp-content\/uploads\/2015\/02\/2602-143x150.jpg 143w, http:\/\/museumek.eu\/wp-content\/uploads\/2015\/02\/2602.jpg 600w\" sizes=\"(max-width: 286px) 100vw, 286px\" \/><\/a><\/p>\n<p><a href=\"http:\/\/museumek.eu\/?attachment_id=36745\" rel=\"attachment wp-att-36745\"><img loading=\"lazy\" src=\"http:\/\/museumek.eu\/wp-content\/uploads\/2015\/02\/2603-209x300.jpg\" alt=\"\" title=\"2603\" width=\"209\" height=\"300\" class=\"alignnone size-medium wp-image-36745\" srcset=\"http:\/\/museumek.eu\/wp-content\/uploads\/2015\/02\/2603-209x300.jpg 209w, http:\/\/museumek.eu\/wp-content\/uploads\/2015\/02\/2603-104x150.jpg 104w, http:\/\/museumek.eu\/wp-content\/uploads\/2015\/02\/2603.jpg 559w\" sizes=\"(max-width: 209px) 100vw, 209px\" \/><\/a><\/p>\n<p><a href=\"http:\/\/museumek.eu\/?attachment_id=36746\" rel=\"attachment wp-att-36746\"><img loading=\"lazy\" src=\"http:\/\/museumek.eu\/wp-content\/uploads\/2015\/02\/2604-210x300.jpg\" alt=\"\" title=\"2604\" width=\"210\" height=\"300\" class=\"alignnone size-medium wp-image-36746\" srcset=\"http:\/\/museumek.eu\/wp-content\/uploads\/2015\/02\/2604-210x300.jpg 210w, http:\/\/museumek.eu\/wp-content\/uploads\/2015\/02\/2604-105x150.jpg 105w, http:\/\/museumek.eu\/wp-content\/uploads\/2015\/02\/2604.jpg 562w\" sizes=\"(max-width: 210px) 100vw, 210px\" \/><\/a><\/p>\n<p><a href=\"http:\/\/museumek.eu\/?attachment_id=36747\" rel=\"attachment wp-att-36747\"><img loading=\"lazy\" src=\"http:\/\/museumek.eu\/wp-content\/uploads\/2015\/02\/2605-228x300.jpg\" alt=\"\" title=\"2605\" width=\"228\" height=\"300\" class=\"alignnone size-medium wp-image-36747\" srcset=\"http:\/\/museumek.eu\/wp-content\/uploads\/2015\/02\/2605-228x300.jpg 228w, http:\/\/museumek.eu\/wp-content\/uploads\/2015\/02\/2605-114x150.jpg 114w, http:\/\/museumek.eu\/wp-content\/uploads\/2015\/02\/2605.jpg 600w\" sizes=\"(max-width: 228px) 100vw, 228px\" \/><\/a><\/p>\n","protected":false},"excerpt":{"rendered":"<p>Abteilung Deutschland, Keramik 1860 \u2013 1960, Inventarnummer D\/XLIX\/10 Simon Peter Gerz I. GmbH Fabrik fein verzierter Gebrauchs- und Luxusgegenst\u00e4nde und Vorg\u00e4nger Simon Peter Gerz I. Fabrik antiker reichverzierter Steinzeugwaaren, Deutschland, H\u00f6hr, um 1900, Seidel, K\u00fcnstler unbekannt, Werks.-Nr. 736, Exemplar Nr. &hellip; <a href=\"http:\/\/museumek.eu\/?page_id=36741\">Weiterlesen <span class=\"meta-nav\">&rarr;<\/span><\/a><\/p>\n","protected":false},"author":1,"featured_media":0,"parent":11558,"menu_order":10,"comment_status":"closed","ping_status":"open","template":"","meta":[],"_links":{"self":[{"href":"http:\/\/museumek.eu\/index.php?rest_route=\/wp\/v2\/pages\/36741"}],"collection":[{"href":"http:\/\/museumek.eu\/index.php?rest_route=\/wp\/v2\/pages"}],"about":[{"href":"http:\/\/museumek.eu\/index.php?rest_route=\/wp\/v2\/types\/page"}],"author":[{"embeddable":true,"href":"http:\/\/museumek.eu\/index.php?rest_route=\/wp\/v2\/users\/1"}],"replies":[{"embeddable":true,"href":"http:\/\/museumek.eu\/index.php?rest_route=%2Fwp%2Fv2%2Fcomments&post=36741"}],"version-history":[{"count":4,"href":"http:\/\/museumek.eu\/index.php?rest_route=\/wp\/v2\/pages\/36741\/revisions"}],"predecessor-version":[{"id":36751,"href":"http:\/\/museumek.eu\/index.php?rest_route=\/wp\/v2\/pages\/36741\/revisions\/36751"}],"up":[{"embeddable":true,"href":"http:\/\/museumek.eu\/index.php?rest_route=\/wp\/v2\/pages\/11558"}],"wp:attachment":[{"href":"http:\/\/museumek.eu\/index.php?rest_route=%2Fwp%2Fv2%2Fmedia&parent=36741"}],"curies":[{"name":"wp","href":"https:\/\/api.w.org\/{rel}","templated":true}]}}