{"id":36766,"date":"2015-02-16T20:34:10","date_gmt":"2015-02-16T19:34:10","guid":{"rendered":"http:\/\/museumek.eu\/?page_id=36766"},"modified":"2015-02-16T20:34:10","modified_gmt":"2015-02-16T19:34:10","slug":"ai137","status":"publish","type":"page","link":"http:\/\/museumek.eu\/?page_id=36766","title":{"rendered":"A\/I\/137"},"content":{"rendered":"<p><strong>Abteilung Austria\/Ungarn\/B\u00f6hmen, Keramik 1860 &#8211; 1960, Inventarnummer A\/I\/137<\/strong><\/p>\n<p>Friedrich Goldscheider Erste Wiener Terrakottafabrik, Austria, Wien, um 1895, Wandrelief, K\u00fcnstler unbekannt, Werks.-Nr. 727, Exemplar Nr. 8, Modelleur Nr. 13, gemarkt Firmenmarke mit Friedrich Goldscheider Wien, P, 727, 8 sowie 13 alles gepresst, nicht signiert, Literatur: Robert E. Dechant\/Filipp Goldscheider, Firmengeschichte und Werkverzeichnis, Seite 299, dort noch nicht erfasst, daf\u00fcr zwei andere Erfassungen unter Werks-Nr. 727, eine Figur und eine Statuette, Seite 604, Firmenmarke Nr. GS 7 (f\u00fcr die Zeit 1895 \u2013 1910) identisch sowie Seite 606, Zusatzzeichen GS Z 3 (f\u00fcr die Zeit 1885 \u2013 1922) identisch, die Urspr\u00fcnge der Firma gehen zur\u00fcck auf das Pilsener Handelsunternehmen Moritz Goldscheider der 1860\u2018 Jahre, nach dem Tode von Moritz Goldscheider werden die Br\u00fcder Eduard und Friedrich Goldscheider Eigent\u00fcmer und firmieren ab 1877 als M. Goldscheider\u2019s Erben, Thon-und Kunststeinmanufactur Werk Moldau und ab 1878 als Br\u00fcder Goldscheider, im Jahre 1878 wandert Friedrich Goldscheider nach Wien aus und Eduard f\u00fchrt die Firma in Pilsen bis zum Konkurs 1892 allein weiter, Friedrich Goldscheider firmiert in Wien ab 1880 als Goldscheider\u2019sche Porzellan-Manufaktur und Porzellanmalerei, neben Handelsgesch\u00e4ften betreibt die Firma vorwiegend die Porzellanmalerei, das Porzellan wird von b\u00f6hmischen Manufakturen bezogen und teilweise auch in B\u00f6hmen bemalt, ab 1885 \u00e4ndert sich die Firmierung in Goldscheider\u2019sche Porzellan-Manufaktur und Majolicafabrik, das Jahr 1885 gilt als das offizielle Gr\u00fcndungsjahr, ab 1887 bezeichnet Friedrich Goldscheider seine Fabrik als Erste Wiener Terracotta- und Majolika-Fabrik Friedrich Goldscheider oder als Erste Wiener Kunst-Terracotta-Fabrik und kunstgewerbliche Ateliers Friedrich Goldscheider und offiziell ab 1894 als Friedrich Goldscheider Erste Wiener Terrakottafabrik, Friedrich Goldscheider stirbt im Jahre 1897, seine Ehefrau Regine Goldscheider wird Alleineigent\u00fcmer und firmiert ab 1899 als Friedrich Goldscheider in Wien, Berlin und Leipzig, ab 1907 firmiert die Firma als Erste Wiener Terrakottafabrik und Atelier f\u00fcr k\u00fcnstlerische Fayencen Friedrich Goldscheider, im Jahre 1918 stirbt Regine und die S\u00f6hne Walter und Marcell Goldscheider werden Inhaber, ab 1921 \u00e4ndert sich die Firmierung in Wiener Manufaktur Friedrich Goldscheider, 1928 scheidet Marcell Goldscheider aus und gr\u00fcndet seine eigene Firma in Wien, 1939 wird die Firma arisiert und Josef Schuster wird Inhaber, Firmierung ab 1939, Wiener Manufaktur Friedrich Goldscheider Nachf., Inhaber Josef Schuster, ab 1941 lautet die Firmierung Wiener Manufaktur Josef Schuster, vorm. Friedrich Goldscheider, nach dem WK II erh\u00e4lt Friedrich Goldscheider seine Firma zur\u00fcck und firmiert ab 1950 wieder als Wiener Manufaktur Friedrich Goldscheider, in dieser Zeit verkauft er die Firma an die Majolikafabrik Carstens, in Fredelsloh, die in Fredelsloh Wiederauflagen alter Modelle in minderwertigem braunem Ton aber auch neue Modelle ebenfalls in dieser Tonart produziert, ab 1953 firmiert die Firma als Kunstkeramische Manufaktur Goldscheider GmbH und 1960 wird die Produktion in Fredelsloh eingestellt, da die im Werkverzeichnis unter Werks.-Nr. 727 genannten Goldscheider Fabrikate (Figur und Statuette) nur von alten schriftlichen \u00dcberlieferungen \u00fcbernommen worden sind und keines der beiden Fabrikate als erhalten recherchiert werden konnte, das MEK Exemplar aber erhalten und somit nachweisbar ist, geht das MEK davon aus, dass Werks.-Nr. 727 f\u00fcr das Wandrelief vergeben worden ist, m\u00f6glich ist weiterhin, dass entweder f\u00fcr die Figur oder die Statuette auch die Werks.-Nr. 727 vergeben worden ist, dann handelt es sich um eine der um diese Zeit \u00fcblichen \u00dcberschneidungen mit der Pariser Produktion, m\u00f6glich ist aber auch, dass das MEK Exemplar mit einer falschen Werks.-Nr. versehen worden ist, links neben der Fabrikmarke gibt es etwas Farbverlust, in diesem Bereich gibt es evtl. eine K\u00fcnstlersignatur, sollte das so sein, so ist diese nicht lesbar, <strong>das MEK Exemplar dieses Wandreliefs ist eines der Wenigen, wenn nicht das Letzte weltweit erhalten gebliebene Exemplar<\/strong>, H\u00f6he 27 cm, Breite 30,5 cm<\/p>\n<p><a href=\"http:\/\/museumek.eu\/?attachment_id=36767\" rel=\"attachment wp-att-36767\"><img loading=\"lazy\" src=\"http:\/\/museumek.eu\/wp-content\/uploads\/2015\/02\/2467-295x300.jpg\" alt=\"\" title=\"2467\" width=\"295\" height=\"300\" class=\"alignnone size-medium wp-image-36767\" srcset=\"http:\/\/museumek.eu\/wp-content\/uploads\/2015\/02\/2467-295x300.jpg 295w, http:\/\/museumek.eu\/wp-content\/uploads\/2015\/02\/2467-147x150.jpg 147w, http:\/\/museumek.eu\/wp-content\/uploads\/2015\/02\/2467.jpg 600w\" sizes=\"(max-width: 295px) 100vw, 295px\" \/><\/a><\/p>\n<p><a href=\"http:\/\/museumek.eu\/?attachment_id=36768\" rel=\"attachment wp-att-36768\"><img loading=\"lazy\" src=\"http:\/\/museumek.eu\/wp-content\/uploads\/2015\/02\/2468-300x225.jpg\" alt=\"\" title=\"2468\" width=\"300\" height=\"225\" class=\"alignnone size-medium wp-image-36768\" srcset=\"http:\/\/museumek.eu\/wp-content\/uploads\/2015\/02\/2468-300x225.jpg 300w, http:\/\/museumek.eu\/wp-content\/uploads\/2015\/02\/2468-150x112.jpg 150w, http:\/\/museumek.eu\/wp-content\/uploads\/2015\/02\/2468-400x300.jpg 400w, http:\/\/museumek.eu\/wp-content\/uploads\/2015\/02\/2468.jpg 800w\" sizes=\"(max-width: 300px) 100vw, 300px\" \/><\/a><\/p>\n<p><a href=\"http:\/\/museumek.eu\/?attachment_id=36769\" rel=\"attachment wp-att-36769\"><img loading=\"lazy\" src=\"http:\/\/museumek.eu\/wp-content\/uploads\/2015\/02\/2469-300x176.jpg\" alt=\"\" title=\"2469\" width=\"300\" height=\"176\" class=\"alignnone size-medium wp-image-36769\" srcset=\"http:\/\/museumek.eu\/wp-content\/uploads\/2015\/02\/2469-300x176.jpg 300w, http:\/\/museumek.eu\/wp-content\/uploads\/2015\/02\/2469-150x88.jpg 150w, http:\/\/museumek.eu\/wp-content\/uploads\/2015\/02\/2469-500x293.jpg 500w, http:\/\/museumek.eu\/wp-content\/uploads\/2015\/02\/2469.jpg 800w\" sizes=\"(max-width: 300px) 100vw, 300px\" \/><\/a><\/p>\n<p><a href=\"http:\/\/museumek.eu\/?attachment_id=36770\" rel=\"attachment wp-att-36770\"><img loading=\"lazy\" src=\"http:\/\/museumek.eu\/wp-content\/uploads\/2015\/02\/2470-300x281.jpg\" alt=\"\" title=\"2470\" width=\"300\" height=\"281\" class=\"alignnone size-medium wp-image-36770\" srcset=\"http:\/\/museumek.eu\/wp-content\/uploads\/2015\/02\/2470-300x281.jpg 300w, http:\/\/museumek.eu\/wp-content\/uploads\/2015\/02\/2470-150x140.jpg 150w, http:\/\/museumek.eu\/wp-content\/uploads\/2015\/02\/2470-320x300.jpg 320w, http:\/\/museumek.eu\/wp-content\/uploads\/2015\/02\/2470.jpg 640w\" sizes=\"(max-width: 300px) 100vw, 300px\" \/><\/a><\/p>\n<p><a href=\"http:\/\/museumek.eu\/?attachment_id=36771\" rel=\"attachment wp-att-36771\"><img loading=\"lazy\" src=\"http:\/\/museumek.eu\/wp-content\/uploads\/2015\/02\/2471-213x300.jpg\" alt=\"\" title=\"2471\" width=\"213\" height=\"300\" class=\"alignnone size-medium wp-image-36771\" srcset=\"http:\/\/museumek.eu\/wp-content\/uploads\/2015\/02\/2471-213x300.jpg 213w, http:\/\/museumek.eu\/wp-content\/uploads\/2015\/02\/2471-106x150.jpg 106w, http:\/\/museumek.eu\/wp-content\/uploads\/2015\/02\/2471.jpg 281w\" sizes=\"(max-width: 213px) 100vw, 213px\" \/><\/a><\/p>\n<p><a href=\"http:\/\/museumek.eu\/?attachment_id=36772\" rel=\"attachment wp-att-36772\"><img loading=\"lazy\" src=\"http:\/\/museumek.eu\/wp-content\/uploads\/2015\/02\/2472-182x300.jpg\" alt=\"\" title=\"2472\" width=\"182\" height=\"300\" class=\"alignnone size-medium wp-image-36772\" srcset=\"http:\/\/museumek.eu\/wp-content\/uploads\/2015\/02\/2472-182x300.jpg 182w, http:\/\/museumek.eu\/wp-content\/uploads\/2015\/02\/2472-91x150.jpg 91w, http:\/\/museumek.eu\/wp-content\/uploads\/2015\/02\/2472.jpg 486w\" sizes=\"(max-width: 182px) 100vw, 182px\" \/><\/a><\/p>\n<p><a href=\"http:\/\/museumek.eu\/?attachment_id=36773\" rel=\"attachment wp-att-36773\"><img loading=\"lazy\" src=\"http:\/\/museumek.eu\/wp-content\/uploads\/2015\/02\/2473-300x112.jpg\" alt=\"\" title=\"2473\" width=\"300\" height=\"112\" class=\"alignnone size-medium wp-image-36773\" srcset=\"http:\/\/museumek.eu\/wp-content\/uploads\/2015\/02\/2473-300x112.jpg 300w, http:\/\/museumek.eu\/wp-content\/uploads\/2015\/02\/2473-150x56.jpg 150w, http:\/\/museumek.eu\/wp-content\/uploads\/2015\/02\/2473-500x187.jpg 500w, http:\/\/museumek.eu\/wp-content\/uploads\/2015\/02\/2473.jpg 982w\" sizes=\"(max-width: 300px) 100vw, 300px\" \/><\/a><\/p>\n<p><a href=\"http:\/\/museumek.eu\/?attachment_id=36774\" rel=\"attachment wp-att-36774\"><img loading=\"lazy\" src=\"http:\/\/museumek.eu\/wp-content\/uploads\/2015\/02\/2474-300x126.jpg\" alt=\"\" title=\"2474\" width=\"300\" height=\"126\" class=\"alignnone size-medium wp-image-36774\" srcset=\"http:\/\/museumek.eu\/wp-content\/uploads\/2015\/02\/2474-300x126.jpg 300w, http:\/\/museumek.eu\/wp-content\/uploads\/2015\/02\/2474-150x63.jpg 150w, http:\/\/museumek.eu\/wp-content\/uploads\/2015\/02\/2474-1024x432.jpg 1024w, http:\/\/museumek.eu\/wp-content\/uploads\/2015\/02\/2474-500x210.jpg 500w, http:\/\/museumek.eu\/wp-content\/uploads\/2015\/02\/2474.jpg 1140w\" sizes=\"(max-width: 300px) 100vw, 300px\" \/><\/a><\/p>\n<p><a href=\"http:\/\/museumek.eu\/?attachment_id=36775\" rel=\"attachment wp-att-36775\"><img loading=\"lazy\" src=\"http:\/\/museumek.eu\/wp-content\/uploads\/2015\/02\/2475-221x300.jpg\" alt=\"\" title=\"2475\" width=\"221\" height=\"300\" class=\"alignnone size-medium wp-image-36775\" srcset=\"http:\/\/museumek.eu\/wp-content\/uploads\/2015\/02\/2475-221x300.jpg 221w, http:\/\/museumek.eu\/wp-content\/uploads\/2015\/02\/2475-110x150.jpg 110w, http:\/\/museumek.eu\/wp-content\/uploads\/2015\/02\/2475.jpg 591w\" sizes=\"(max-width: 221px) 100vw, 221px\" \/><\/a><\/p>\n","protected":false},"excerpt":{"rendered":"<p>Abteilung Austria\/Ungarn\/B\u00f6hmen, Keramik 1860 &#8211; 1960, Inventarnummer A\/I\/137 Friedrich Goldscheider Erste Wiener Terrakottafabrik, Austria, Wien, um 1895, Wandrelief, K\u00fcnstler unbekannt, Werks.-Nr. 727, Exemplar Nr. 8, Modelleur Nr. 13, gemarkt Firmenmarke mit Friedrich Goldscheider Wien, P, 727, 8 sowie 13 alles &hellip; <a href=\"http:\/\/museumek.eu\/?page_id=36766\">Weiterlesen <span class=\"meta-nav\">&rarr;<\/span><\/a><\/p>\n","protected":false},"author":1,"featured_media":0,"parent":32309,"menu_order":137,"comment_status":"closed","ping_status":"open","template":"","meta":[],"_links":{"self":[{"href":"http:\/\/museumek.eu\/index.php?rest_route=\/wp\/v2\/pages\/36766"}],"collection":[{"href":"http:\/\/museumek.eu\/index.php?rest_route=\/wp\/v2\/pages"}],"about":[{"href":"http:\/\/museumek.eu\/index.php?rest_route=\/wp\/v2\/types\/page"}],"author":[{"embeddable":true,"href":"http:\/\/museumek.eu\/index.php?rest_route=\/wp\/v2\/users\/1"}],"replies":[{"embeddable":true,"href":"http:\/\/museumek.eu\/index.php?rest_route=%2Fwp%2Fv2%2Fcomments&post=36766"}],"version-history":[{"count":4,"href":"http:\/\/museumek.eu\/index.php?rest_route=\/wp\/v2\/pages\/36766\/revisions"}],"predecessor-version":[{"id":36779,"href":"http:\/\/museumek.eu\/index.php?rest_route=\/wp\/v2\/pages\/36766\/revisions\/36779"}],"up":[{"embeddable":true,"href":"http:\/\/museumek.eu\/index.php?rest_route=\/wp\/v2\/pages\/32309"}],"wp:attachment":[{"href":"http:\/\/museumek.eu\/index.php?rest_route=%2Fwp%2Fv2%2Fmedia&parent=36766"}],"curies":[{"name":"wp","href":"https:\/\/api.w.org\/{rel}","templated":true}]}}