{"id":36836,"date":"2015-02-17T21:54:44","date_gmt":"2015-02-17T20:54:44","guid":{"rendered":"http:\/\/museumek.eu\/?page_id=36836"},"modified":"2015-05-23T15:11:56","modified_gmt":"2015-05-23T13:11:56","slug":"dlxxxiii3","status":"publish","type":"page","link":"http:\/\/museumek.eu\/?page_id=36836","title":{"rendered":"D\/LXXXIII\/3"},"content":{"rendered":"<p><strong>Abteilung Deutschland, Keramik 1860 \u2013 1960, Inventarnummer D\/LXXXIII\/\/3<\/strong><\/p>\n<p>D\u00fcmler &#038; Breiden Fabrik reichverzierter, altdeutscher Steinkr\u00fcge, Trinkhumpen, Pokale, Wein- u. Bierkannen etc. sowie Steinwaren in modernem Geschmack in bunter Glasur und bester Ausf\u00fchrung, Deutschland, H\u00f6hr, um 1910, Kanne, K\u00fcnstler Paul D\u00fcmler, Werks.-Nr. 1230, Exemplar Nr. ohne, gemarkt Firmenmarke T (f\u00fcr Terra sigilata), 1230 sowie 2 Ltr. gepresst, unbekanntes Zeichen geritzt, nicht signiert, Literatur: J\u00fcrgen Schimanski und J\u00fcrgen Erlebach, Westerw\u00e4lder Steinzeug, Die Neue \u00c4ra, Seite 38, Fabrikbeschreibung, weitere Literatur: J\u00fcrgen Schimanski, Braun geflammt und grau gesalzen, Seite 135, Abbildung Nr. 255, Senftopf mit identischem Dekor sowie Seite 196, Fabrikbeschreibung und Marke Nr. 2 a fast identisch, die Fabrik wurde 1883\/1884 von Peter D\u00fcmler und seinem sp\u00e4teren Schwager Albert Breiden in H\u00f6hr gegr\u00fcndet, 1907 zum Tode Peter D\u00fcmlers treten seine Witwe Bertha und sein Sohn Paul in die Fabrik ein, Paul wird seit dem WK I vermi\u00dft, um 1913 verkauft Albert Breiden seine Fabrikanteile (an wen konnte nicht recherchiert werden) und um 1918 tritt der Cousin Ernst D\u00fcmler in die Fabrik ein, die o. g. Fabrikbezeichnung wurde von einer Zeitungsanzeige des Jahres 1907 \u00fcbernommen, die Fabrik bestand \u00fcber den WK II hinaus, <strong>der 0,7 cm hohe und 2 cm breite 2 Liter Stempel, dient dem MEK als Identifizierungsstempel f\u00fcr nicht mit einer Fabrikmarke versehene Fabrikate von D\u00fcmler &#038; Breiden, wobei es f\u00fcr die Identifizierung vor allem auf die Darstellung der Literangabe Ltr. ankommt, das MEK Exemplar mit der Werks.-Nr. 1230 ist in der Fachliteratur noch nicht erfasst<\/strong>, H\u00f6he 27,7 cm, Breite 15,5 cm<\/p>\n<p><a href=\"http:\/\/museumek.eu\/?attachment_id=36837\" rel=\"attachment wp-att-36837\"><img loading=\"lazy\" src=\"http:\/\/museumek.eu\/wp-content\/uploads\/2015\/02\/2555-136x300.jpg\" alt=\"\" title=\"2555\" width=\"136\" height=\"300\" class=\"alignnone size-medium wp-image-36837\" srcset=\"http:\/\/museumek.eu\/wp-content\/uploads\/2015\/02\/2555-136x300.jpg 136w, http:\/\/museumek.eu\/wp-content\/uploads\/2015\/02\/2555-68x150.jpg 68w, http:\/\/museumek.eu\/wp-content\/uploads\/2015\/02\/2555.jpg 363w\" sizes=\"(max-width: 136px) 100vw, 136px\" \/><\/a><\/p>\n<p><a href=\"http:\/\/museumek.eu\/?attachment_id=36838\" rel=\"attachment wp-att-36838\"><img loading=\"lazy\" src=\"http:\/\/museumek.eu\/wp-content\/uploads\/2015\/02\/2556-133x300.jpg\" alt=\"\" title=\"2556\" width=\"133\" height=\"300\" class=\"alignnone size-medium wp-image-36838\" srcset=\"http:\/\/museumek.eu\/wp-content\/uploads\/2015\/02\/2556-133x300.jpg 133w, http:\/\/museumek.eu\/wp-content\/uploads\/2015\/02\/2556-66x150.jpg 66w, http:\/\/museumek.eu\/wp-content\/uploads\/2015\/02\/2556.jpg 355w\" sizes=\"(max-width: 133px) 100vw, 133px\" \/><\/a><\/p>\n<p><a href=\"http:\/\/museumek.eu\/?attachment_id=36839\" rel=\"attachment wp-att-36839\"><img loading=\"lazy\" src=\"http:\/\/museumek.eu\/wp-content\/uploads\/2015\/02\/2557-139x300.jpg\" alt=\"\" title=\"2557\" width=\"139\" height=\"300\" class=\"alignnone size-medium wp-image-36839\" srcset=\"http:\/\/museumek.eu\/wp-content\/uploads\/2015\/02\/2557-139x300.jpg 139w, http:\/\/museumek.eu\/wp-content\/uploads\/2015\/02\/2557-69x150.jpg 69w, http:\/\/museumek.eu\/wp-content\/uploads\/2015\/02\/2557.jpg 372w\" sizes=\"(max-width: 139px) 100vw, 139px\" \/><\/a><\/p>\n<p><a href=\"http:\/\/museumek.eu\/?attachment_id=36840\" rel=\"attachment wp-att-36840\"><img loading=\"lazy\" src=\"http:\/\/museumek.eu\/wp-content\/uploads\/2015\/02\/2558-161x300.jpg\" alt=\"\" title=\"2558\" width=\"161\" height=\"300\" class=\"alignnone size-medium wp-image-36840\" srcset=\"http:\/\/museumek.eu\/wp-content\/uploads\/2015\/02\/2558-161x300.jpg 161w, http:\/\/museumek.eu\/wp-content\/uploads\/2015\/02\/2558-80x150.jpg 80w, http:\/\/museumek.eu\/wp-content\/uploads\/2015\/02\/2558.jpg 431w\" sizes=\"(max-width: 161px) 100vw, 161px\" \/><\/a><\/p>\n<p><a href=\"http:\/\/museumek.eu\/?attachment_id=36841\" rel=\"attachment wp-att-36841\"><img loading=\"lazy\" src=\"http:\/\/museumek.eu\/wp-content\/uploads\/2015\/02\/2559-147x300.jpg\" alt=\"\" title=\"2559\" width=\"147\" height=\"300\" class=\"alignnone size-medium wp-image-36841\" srcset=\"http:\/\/museumek.eu\/wp-content\/uploads\/2015\/02\/2559-147x300.jpg 147w, http:\/\/museumek.eu\/wp-content\/uploads\/2015\/02\/2559-73x150.jpg 73w\" sizes=\"(max-width: 147px) 100vw, 147px\" \/><\/a><\/p>\n<p><a href=\"http:\/\/museumek.eu\/?attachment_id=36842\" rel=\"attachment wp-att-36842\"><img loading=\"lazy\" src=\"http:\/\/museumek.eu\/wp-content\/uploads\/2015\/02\/2560-166x300.jpg\" alt=\"\" title=\"2560\" width=\"166\" height=\"300\" class=\"alignnone size-medium wp-image-36842\" srcset=\"http:\/\/museumek.eu\/wp-content\/uploads\/2015\/02\/2560-166x300.jpg 166w, http:\/\/museumek.eu\/wp-content\/uploads\/2015\/02\/2560-83x150.jpg 83w, http:\/\/museumek.eu\/wp-content\/uploads\/2015\/02\/2560.jpg 444w\" sizes=\"(max-width: 166px) 100vw, 166px\" \/><\/a><\/p>\n<p><a href=\"http:\/\/museumek.eu\/?attachment_id=36848\" rel=\"attachment wp-att-36848\"><img loading=\"lazy\" src=\"http:\/\/museumek.eu\/wp-content\/uploads\/2015\/02\/25611-120x300.jpg\" alt=\"\" title=\"2561\" width=\"120\" height=\"300\" class=\"alignnone size-medium wp-image-36848\" srcset=\"http:\/\/museumek.eu\/wp-content\/uploads\/2015\/02\/25611-120x300.jpg 120w, http:\/\/museumek.eu\/wp-content\/uploads\/2015\/02\/25611-60x150.jpg 60w, http:\/\/museumek.eu\/wp-content\/uploads\/2015\/02\/25611.jpg 320w\" sizes=\"(max-width: 120px) 100vw, 120px\" \/><\/a><\/p>\n<p><a href=\"http:\/\/museumek.eu\/?attachment_id=36849\" rel=\"attachment wp-att-36849\"><img loading=\"lazy\" src=\"http:\/\/museumek.eu\/wp-content\/uploads\/2015\/02\/2563-165x300.jpg\" alt=\"\" title=\"2563\" width=\"165\" height=\"300\" class=\"alignnone size-medium wp-image-36849\" srcset=\"http:\/\/museumek.eu\/wp-content\/uploads\/2015\/02\/2563-165x300.jpg 165w, http:\/\/museumek.eu\/wp-content\/uploads\/2015\/02\/2563-82x150.jpg 82w, http:\/\/museumek.eu\/wp-content\/uploads\/2015\/02\/2563.jpg 441w\" sizes=\"(max-width: 165px) 100vw, 165px\" \/><\/a><\/p>\n<p><a href=\"http:\/\/museumek.eu\/?attachment_id=36853\" rel=\"attachment wp-att-36853\"><img loading=\"lazy\" src=\"http:\/\/museumek.eu\/wp-content\/uploads\/2015\/02\/25621-160x300.jpg\" alt=\"\" title=\"2562\" width=\"160\" height=\"300\" class=\"alignnone size-medium wp-image-36853\" srcset=\"http:\/\/museumek.eu\/wp-content\/uploads\/2015\/02\/25621-160x300.jpg 160w, http:\/\/museumek.eu\/wp-content\/uploads\/2015\/02\/25621-80x150.jpg 80w\" sizes=\"(max-width: 160px) 100vw, 160px\" \/><\/a><\/p>\n<p><a href=\"http:\/\/museumek.eu\/?attachment_id=36854\" rel=\"attachment wp-att-36854\"><img loading=\"lazy\" src=\"http:\/\/museumek.eu\/wp-content\/uploads\/2015\/02\/2564-300x175.jpg\" alt=\"\" title=\"2564\" width=\"300\" height=\"175\" class=\"alignnone size-medium wp-image-36854\" srcset=\"http:\/\/museumek.eu\/wp-content\/uploads\/2015\/02\/2564-300x175.jpg 300w, http:\/\/museumek.eu\/wp-content\/uploads\/2015\/02\/2564-150x87.jpg 150w, http:\/\/museumek.eu\/wp-content\/uploads\/2015\/02\/2564-500x292.jpg 500w, http:\/\/museumek.eu\/wp-content\/uploads\/2015\/02\/2564.jpg 512w\" sizes=\"(max-width: 300px) 100vw, 300px\" \/><\/a><\/p>\n<p><a href=\"http:\/\/museumek.eu\/?attachment_id=36855\" rel=\"attachment wp-att-36855\"><img loading=\"lazy\" src=\"http:\/\/museumek.eu\/wp-content\/uploads\/2015\/02\/2565-226x300.jpg\" alt=\"\" title=\"2565\" width=\"226\" height=\"300\" class=\"alignnone size-medium wp-image-36855\" srcset=\"http:\/\/museumek.eu\/wp-content\/uploads\/2015\/02\/2565-226x300.jpg 226w, http:\/\/museumek.eu\/wp-content\/uploads\/2015\/02\/2565-113x150.jpg 113w, http:\/\/museumek.eu\/wp-content\/uploads\/2015\/02\/2565.jpg 532w\" sizes=\"(max-width: 226px) 100vw, 226px\" \/><\/a><\/p>\n","protected":false},"excerpt":{"rendered":"<p>Abteilung Deutschland, Keramik 1860 \u2013 1960, Inventarnummer D\/LXXXIII\/\/3 D\u00fcmler &#038; Breiden Fabrik reichverzierter, altdeutscher Steinkr\u00fcge, Trinkhumpen, Pokale, Wein- u. Bierkannen etc. sowie Steinwaren in modernem Geschmack in bunter Glasur und bester Ausf\u00fchrung, Deutschland, H\u00f6hr, um 1910, Kanne, K\u00fcnstler Paul D\u00fcmler, &hellip; <a href=\"http:\/\/museumek.eu\/?page_id=36836\">Weiterlesen <span class=\"meta-nav\">&rarr;<\/span><\/a><\/p>\n","protected":false},"author":1,"featured_media":0,"parent":22586,"menu_order":3,"comment_status":"closed","ping_status":"open","template":"","meta":[],"_links":{"self":[{"href":"http:\/\/museumek.eu\/index.php?rest_route=\/wp\/v2\/pages\/36836"}],"collection":[{"href":"http:\/\/museumek.eu\/index.php?rest_route=\/wp\/v2\/pages"}],"about":[{"href":"http:\/\/museumek.eu\/index.php?rest_route=\/wp\/v2\/types\/page"}],"author":[{"embeddable":true,"href":"http:\/\/museumek.eu\/index.php?rest_route=\/wp\/v2\/users\/1"}],"replies":[{"embeddable":true,"href":"http:\/\/museumek.eu\/index.php?rest_route=%2Fwp%2Fv2%2Fcomments&post=36836"}],"version-history":[{"count":10,"href":"http:\/\/museumek.eu\/index.php?rest_route=\/wp\/v2\/pages\/36836\/revisions"}],"predecessor-version":[{"id":40120,"href":"http:\/\/museumek.eu\/index.php?rest_route=\/wp\/v2\/pages\/36836\/revisions\/40120"}],"up":[{"embeddable":true,"href":"http:\/\/museumek.eu\/index.php?rest_route=\/wp\/v2\/pages\/22586"}],"wp:attachment":[{"href":"http:\/\/museumek.eu\/index.php?rest_route=%2Fwp%2Fv2%2Fmedia&parent=36836"}],"curies":[{"name":"wp","href":"https:\/\/api.w.org\/{rel}","templated":true}]}}