{"id":36883,"date":"2015-02-19T22:22:47","date_gmt":"2015-02-19T21:22:47","guid":{"rendered":"http:\/\/museumek.eu\/?page_id=36883"},"modified":"2021-05-22T12:42:59","modified_gmt":"2021-05-22T10:42:59","slug":"hb-werkstatten-fur-keramik-vormals-hael-werkstatten-fur-kunstlerische-keramik-inv-nr-dcxxi1-dcxxi2","status":"publish","type":"page","link":"http:\/\/museumek.eu\/?page_id=36883","title":{"rendered":"HB-Werkst\u00e4tten f\u00fcr Keramik, vormals Hael Werkst\u00e4tten f\u00fcr k\u00fcnstlerische Keramik &#8211; Inv.Nr. D\/CXXI\/1, D\/CXXI\/2"},"content":{"rendered":"","protected":false},"excerpt":{"rendered":"","protected":false},"author":1,"featured_media":0,"parent":2715,"menu_order":133,"comment_status":"closed","ping_status":"open","template":"","meta":[],"_links":{"self":[{"href":"http:\/\/museumek.eu\/index.php?rest_route=\/wp\/v2\/pages\/36883"}],"collection":[{"href":"http:\/\/museumek.eu\/index.php?rest_route=\/wp\/v2\/pages"}],"about":[{"href":"http:\/\/museumek.eu\/index.php?rest_route=\/wp\/v2\/types\/page"}],"author":[{"embeddable":true,"href":"http:\/\/museumek.eu\/index.php?rest_route=\/wp\/v2\/users\/1"}],"replies":[{"embeddable":true,"href":"http:\/\/museumek.eu\/index.php?rest_route=%2Fwp%2Fv2%2Fcomments&post=36883"}],"version-history":[{"count":4,"href":"http:\/\/museumek.eu\/index.php?rest_route=\/wp\/v2\/pages\/36883\/revisions"}],"predecessor-version":[{"id":57025,"href":"http:\/\/museumek.eu\/index.php?rest_route=\/wp\/v2\/pages\/36883\/revisions\/57025"}],"up":[{"embeddable":true,"href":"http:\/\/museumek.eu\/index.php?rest_route=\/wp\/v2\/pages\/2715"}],"wp:attachment":[{"href":"http:\/\/museumek.eu\/index.php?rest_route=%2Fwp%2Fv2%2Fmedia&parent=36883"}],"curies":[{"name":"wp","href":"https:\/\/api.w.org\/{rel}","templated":true}]}}