{"id":36886,"date":"2015-02-19T22:23:59","date_gmt":"2015-02-19T21:23:59","guid":{"rendered":"http:\/\/museumek.eu\/?page_id=36886"},"modified":"2015-02-19T22:23:59","modified_gmt":"2015-02-19T21:23:59","slug":"fotos-und-beschreibung","status":"publish","type":"page","link":"http:\/\/museumek.eu\/?page_id=36886","title":{"rendered":"Fotos und Beschreibung"},"content":{"rendered":"<p><strong>Abteilung Deutschland, Keramik 1860 \u2013 1960, Inventarnummer D\/CXXI\/1<\/strong><\/p>\n<p>HB-Werkst\u00e4tten f\u00fcr Keramik vormals Hael-Werkst\u00e4tten f\u00fcr k\u00fcnstlerische Keramik, Deutschland, Marwitz, um 1936, Teller, K\u00fcnstler Hedwig Bollhagen, Werks.-Nr. 1003, Exemplar Nr. 16 (?), gemarkt Firmenmarke in einem Rahmen Velten, darunter HB, darunter Keramik, unter dem Rahmen handgemalt schwarze Stempel unter Glasur sowie 1003 und 16 blau unter Glasur gemalt, nicht signiert, Literatur: Gisela Reineking von Bock, Meister der deutschen Keramik, 1900 bis 1950, Seite 64 ff., Beschreibung der Werkstatt, weitere Literatur: F\u00f6rderverein Ofen- und Keramikmuseum Velten e.V., Vollendung des Einfachen, Hedwig Bollhagen wird neunzig, Einbandseite, Dekor-Tafel 1936 (Jahr), Abbildung Dekor 1003, Teller mit identischen Dekor, Seite 1 ff., Beschreibung der Werkstatt sowie Seite 11, identische Marke, 1923 gr\u00fcndeten Magarete Heymann und Gustav Loebenstein in Marwitz bei Velten eine Werkstatt f\u00fcr k\u00fcnstlerische Keramik, die Firmierung lautete Hael-Werkst\u00e4tten f\u00fcr k\u00fcnstlerische Keramik, im April\/Mai 1934 \u00fcbernahm Hedwig Bollhagen zusammen mit dem Teilhaber Dr. Heinrich Schild diese Werkstatt und firmierte als HB-Werkst\u00e4tten f\u00fcr Keramik, Schild \u00fcbernahm die Gesch\u00e4ftsleitung und Bollhagen die k\u00fcnstlerische Leitung, die Werkstatt exportierte in das gesamte europ\u00e4ische Ausland und bis S\u00fcd- und Nordamerika, in der Werkstatt arbeiteten auch immer wieder andere K\u00fcnstler w.z.B. Werner Burri und Charles Crodel mit, 1945 ging Schild in den westlichen Teil Deutschlands und Bollhagen f\u00fchrte die Werkstatt allein fort, 1972 wurde die Werkstatt verstaatlicht und dem VEB Steingutfabrik Rheinsberg zugeordnet, seit 1976 geh\u00f6rte die Werkstatt zum Staatlichen Kunsthandel der DDR, nach der Wende 1990 wurde die Art-Union G.m.b.H. als Nachfolger des Staatlichen Kunsthandels Eigent\u00fcmer und firmierte als Werkstatt f\u00fcr Keramik Marwitz, 1993 konnte Hedwig Bollhane im Rahmen der Reprivatisierung die Werkstatt wieder \u00fcbernehmen, Teilhaber war Wolfgang Scholz, die Firmierung lautete seit 1993 wieder HB-Werkst\u00e4tten f\u00fcr Keramik, Ausf\u00fchrung als Fayence,<br \/>\nDurchmesser 16,5 cm<\/p>\n<p><a href=\"http:\/\/museumek.eu\/?attachment_id=36875\" rel=\"attachment wp-att-36875\"><img loading=\"lazy\" src=\"http:\/\/museumek.eu\/wp-content\/uploads\/2015\/02\/522-300x284.jpg\" alt=\"\" title=\"522\" width=\"300\" height=\"284\" class=\"alignnone size-medium wp-image-36875\" srcset=\"http:\/\/museumek.eu\/wp-content\/uploads\/2015\/02\/522-300x284.jpg 300w, http:\/\/museumek.eu\/wp-content\/uploads\/2015\/02\/522-150x142.jpg 150w, http:\/\/museumek.eu\/wp-content\/uploads\/2015\/02\/522-316x300.jpg 316w, http:\/\/museumek.eu\/wp-content\/uploads\/2015\/02\/522.jpg 576w\" sizes=\"(max-width: 300px) 100vw, 300px\" \/><\/a><\/p>\n<p><a href=\"http:\/\/museumek.eu\/?attachment_id=36876\" rel=\"attachment wp-att-36876\"><img loading=\"lazy\" src=\"http:\/\/museumek.eu\/wp-content\/uploads\/2015\/02\/523-255x300.jpg\" alt=\"\" title=\"523\" width=\"255\" height=\"300\" class=\"alignnone size-medium wp-image-36876\" srcset=\"http:\/\/museumek.eu\/wp-content\/uploads\/2015\/02\/523-255x300.jpg 255w, http:\/\/museumek.eu\/wp-content\/uploads\/2015\/02\/523-127x150.jpg 127w, http:\/\/museumek.eu\/wp-content\/uploads\/2015\/02\/523.jpg 483w\" sizes=\"(max-width: 255px) 100vw, 255px\" \/><\/a><\/p>\n","protected":false},"excerpt":{"rendered":"<p>Abteilung Deutschland, Keramik 1860 \u2013 1960, Inventarnummer D\/CXXI\/1 HB-Werkst\u00e4tten f\u00fcr Keramik vormals Hael-Werkst\u00e4tten f\u00fcr k\u00fcnstlerische Keramik, Deutschland, Marwitz, um 1936, Teller, K\u00fcnstler Hedwig Bollhagen, Werks.-Nr. 1003, Exemplar Nr. 16 (?), gemarkt Firmenmarke in einem Rahmen Velten, darunter HB, darunter Keramik, &hellip; <a href=\"http:\/\/museumek.eu\/?page_id=36886\">Weiterlesen <span class=\"meta-nav\">&rarr;<\/span><\/a><\/p>\n","protected":false},"author":1,"featured_media":0,"parent":36883,"menu_order":1,"comment_status":"closed","ping_status":"open","template":"","meta":[],"_links":{"self":[{"href":"http:\/\/museumek.eu\/index.php?rest_route=\/wp\/v2\/pages\/36886"}],"collection":[{"href":"http:\/\/museumek.eu\/index.php?rest_route=\/wp\/v2\/pages"}],"about":[{"href":"http:\/\/museumek.eu\/index.php?rest_route=\/wp\/v2\/types\/page"}],"author":[{"embeddable":true,"href":"http:\/\/museumek.eu\/index.php?rest_route=\/wp\/v2\/users\/1"}],"replies":[{"embeddable":true,"href":"http:\/\/museumek.eu\/index.php?rest_route=%2Fwp%2Fv2%2Fcomments&post=36886"}],"version-history":[{"count":4,"href":"http:\/\/museumek.eu\/index.php?rest_route=\/wp\/v2\/pages\/36886\/revisions"}],"predecessor-version":[{"id":36890,"href":"http:\/\/museumek.eu\/index.php?rest_route=\/wp\/v2\/pages\/36886\/revisions\/36890"}],"up":[{"embeddable":true,"href":"http:\/\/museumek.eu\/index.php?rest_route=\/wp\/v2\/pages\/36883"}],"wp:attachment":[{"href":"http:\/\/museumek.eu\/index.php?rest_route=%2Fwp%2Fv2%2Fmedia&parent=36886"}],"curies":[{"name":"wp","href":"https:\/\/api.w.org\/{rel}","templated":true}]}}