{"id":37021,"date":"2015-02-21T20:42:36","date_gmt":"2015-02-21T19:42:36","guid":{"rendered":"http:\/\/museumek.eu\/?page_id=37021"},"modified":"2015-02-21T20:42:36","modified_gmt":"2015-02-21T19:42:36","slug":"dxlv57","status":"publish","type":"page","link":"http:\/\/museumek.eu\/?page_id=37021","title":{"rendered":"D\/XLV\/57"},"content":{"rendered":"<p><strong>Abteilung Deutschland, Keramik 1860 \u2013 1960, Inventarnummer D\/XLV\/57<\/strong><\/p>\n<p>Steinzeug- &#038; Thonwaarenfabrik, Zinngiesserei &#038; Malerei Reinhold Merkelbach und Nachfolger Steinzeug- und Hartsteingutfabrik, Zinngie\u00dfereien und Malereien Reinhold Merkelbach, Deutschland, Grenzhausen, um 1902, Senftopf, K\u00fcnstler Richard Riemerschmid, Werks.-Nr. 1730, Exemplar Nr. ohne, gemarkt keine Firmenmarke, nicht signiert, Literatur: Gisela Reineking von Bock, Meister der deutschen Keramik, Seite 221 ff., Fabrikbeschreibung, weitere Literatur: J\u00fcrgen Schimanski und J\u00fcrgen Erlebach, Westerw\u00e4lder Steinzeug, Die Neue \u00c4ra, Seite 77 ff., Fabrikbeschreibung sowie Seite 93, Abbildung 198 d, dort dieser Senftopf abgebildet, weitere Literatur: Beate Dry-v. Zezschwitz, Westerw\u00e4lder Steinzeug des Jugendstils I, R. Merkelbach Grenzhausen und M\u00fcnchen, Nachdruck der Spezialpreisliste 1905, Seite 124, Preise zu Tafel 94, dort beschrieben, dass der Senftopf Werks.-Nr. 1730 nach k\u00fcnstlerischer Vorlage entworfen worden ist, sowie Seite 125, Abbildung 94 zur Preistafel, dort der Senftopf mit Werks.-Nr. 1730 abgebildet, weitere Literatur: J\u00fcrgen Schimanski, Braun geflammt und grau gesalzen, Seite 60, Abbildung 39, zwei identische Senft\u00f6pfe sowie beschrieben, dass nur der Senftopf und das Dekor dieses Senftopfes von Riemerschmid entworfenen worden sind, dort beschrieben, dass f\u00fcr alle anderen Teile der Werks.-Nr. 1730 das Dekor, sicherlich mit Zustimmung von Riemerschmid, adaptiert worden ist, Seite 208, Beschreibung der Fabrik sowie Seite 244, Preistafel 7, dort beschrieben, dass alle Bestandteile der Werks.Nr. 1730, wie Senftopf, Butterdose usw. nicht von Riemerschmid, sondern nach Riemerschmid entworfen worden sind sowie Abbildung zu Preistafel 7, dort der Senftopf unter Werks.-Nr. 1730 abgebildet, weitere Literatur: Irmela Franzke, Badisches Landesmuseum Karlsruhe, Bestandskatalog Jugendstil, Seite 340, Beschreibung zu Abbildung 511, dort beschrieben, dass nur der Senftopf von Riemerschmid entworfen worden ist und alle anderen Teile wie Butterdose, Eierbecher usw. Werksentw\u00fcrfe sind, Inv.Nr. 70\/87 a &#8211; d sowie Seite 341, Abbildung 511 dort der identische Senftopf ohne Deckel abgebildet, 1845 gr\u00fcndete Wilhelm Merkelbach (1817 \u2013 1859) in Grenzhausen eine Kannenb\u00e4ckerei, wann sich diese zur Steinzeugfabrik weiterentwickelte und wie diese Fabrik firmierte konnte nicht recherchiert werden, nach dem fr\u00fchen Tod von Wilhelm Merkelbach \u00fcbernahm dessen Sohn Wilhelm Reinhold Merkelbach (1847 \u2013 1891) die Fabrik, wie Reinhold Merkelbach direkt nach der \u00dcbernahme firmierte konnte nicht recherchiert werden, sp\u00e4testens ab 1892 firmierte die Fabrik als Steinzeug- &#038; Thonwaarenfabrik, Zinngiesserei &#038; Malerei Reinhold Merkelbach, dies ergibt sich aus dem Preis-Courant des Jahres 1892, seit 1878 hatte die Fabrik ein Fabriklager in M\u00fcnchen, welches ab 1891 als Bierkrugfabrikniederlage, Inh. Tosca Merkelbach, Grenzhausen bezeichnet wurde, nach Reinhold Merkelbachs Tod 1891 f\u00fchrte seine Witwe Tosca Merkelbach die Fabrik weiter, bis die S\u00f6hne Paul Merkelbach (1882 \u2013 1917) und Reinhold Merkelbach (1885 \u2013 1918) am 23.05.1907 die Fabrik \u00fcbernahmen, ab 1905 firmierte die Fabrik als Steinzeug- und Hartsteingutfabrik, Zinngie\u00dfereien und Malereien Reinhold Merkelbach, dies ergibt sich aus der Spezialpreisliste des Jahres 1905, im Zuge der Fabrik\u00fcbergabe an die S\u00f6hne wurde die Niederlage in M\u00fcnchen gel\u00f6scht und daf\u00fcr als selbstst\u00e4ndiges Unternehmen neu gegr\u00fcndet, nach dem beide S\u00f6hne im WK I gefallen waren, \u00fcbernahm wieder Tosca Merkelbach die Leitung der Fabrik, 1911 gr\u00fcndete die Fabrik zusammen mit den Fabriken M\u00fcller, Hanke und Gerz die Steinzeugwerke H\u00f6hr-Grenzhausen GmbH, um sich gegenseitig im Vertrieb und in der Produktion zu bef\u00f6rdern, bis zum Jahre 1918 stiegen die Fabriken M\u00fcller, Hanke und Gerz wieder aus der GmbH aus, Merkelbach \u00fcbernahm viele der Formen der anderen Fabriken und die GmbH ging im Laufe der n\u00e4chsten Jahre in die Steinzeugfabrik Reinhold Merkelbach auf, w\u00e4hrend des Bestehens der GmbH stellten die Fabriken jeweils auch Steinzeuge nach den Formen der anderen Fabriken her, die GmbH hatte keinen eigenen Markenstempel, die Produkte, auch die nach den Formen der anderen Fabriken hergestellten, wurden mit der jeweils eigenen Marke gekennzeichnet soweit \u00fcberhaupt gemarkt worden ist, nach Tosca Merkelbachs Tod f\u00fchrte die Schwiegertochter Gertrud Merkelbach, wohl zusammen mit anderen Verwandten und nicht verwandten Gesch\u00e4ftsf\u00fchrern die Fabrik weiter, 1957 \u00fcbernahm Prof. Reinhold Paul Bernhard Merkelbach (1918 \u2013 2006), ein Enkel von Reinhold Merkelbach, die Leitung der Fabrik, ab 1970 \u00e4nderte die Fabrik mehrmals ihre Firmierung und ab 1971 stieg die Goebel\u2019sche Porzellanfabrik erst mit 50 % sp\u00e4ter dann mit 100 % in die Eigentumsverh\u00e4ltnisse der Fabrik ein, 1988 kauften Familienangeh\u00f6rige der Merkelbachs zusammen mit Investoren die Fabrik zur\u00fcck, ab 1995 bis 2007 leitete die Familienangeh\u00f6rige Judith Engelmann, geb. Merkelbach die Fabrik, 2007 wurde die Produktion aufgegeben und die Steinzeugfabrik Matthias Girmscheid \u00fcbernahm viele der Formen, sowohl Goebel als auch Girmscheid produzierten viele Jugendstilentw\u00fcrfe als Neuauflagen, f\u00fcr das MEK ist nicht nachvollziehbar, woher Franzke und Schimanski ableiten, dass der Senftopf von Riemerschmid entworfen worden ist und alle anderen Teile der Werks.-Nr. 1730 nach Riemerschmid entworfen worden sind, denn aus den Werks.-Unterlagen ergibt sich, dass alle Teile, einschlie\u00dflich des Senftopfes, nach Vorlage von Riemerschmid entworfen worden sind, also Werks.-Entw\u00fcrfe sind, das MEK ordnet deshalb den Senftopf vorl\u00e4ufig Riemerschmid zu, Ausf\u00fchrung als Feinsteinzeug grau-blau glasiert, Zinnmontur des MEK Exemplares verbogen, siehe auch MEK D\/XLV\/32, dort eine Butterdose mit diesem Dekor, H\u00f6he 8 cm, Breite 10 cm<\/p>\n<p><a href=\"http:\/\/museumek.eu\/?attachment_id=37022\" rel=\"attachment wp-att-37022\"><img loading=\"lazy\" src=\"http:\/\/museumek.eu\/wp-content\/uploads\/2015\/02\/2437-282x300.jpg\" alt=\"\" title=\"2437\" width=\"282\" height=\"300\" class=\"alignnone size-medium wp-image-37022\" srcset=\"http:\/\/museumek.eu\/wp-content\/uploads\/2015\/02\/2437-282x300.jpg 282w, http:\/\/museumek.eu\/wp-content\/uploads\/2015\/02\/2437-141x150.jpg 141w, http:\/\/museumek.eu\/wp-content\/uploads\/2015\/02\/2437.jpg 600w\" sizes=\"(max-width: 282px) 100vw, 282px\" \/><\/a><\/p>\n<p><a href=\"http:\/\/museumek.eu\/?attachment_id=37023\" rel=\"attachment wp-att-37023\"><img loading=\"lazy\" src=\"http:\/\/museumek.eu\/wp-content\/uploads\/2015\/02\/2438-236x300.jpg\" alt=\"\" title=\"2438\" width=\"236\" height=\"300\" class=\"alignnone size-medium wp-image-37023\" srcset=\"http:\/\/museumek.eu\/wp-content\/uploads\/2015\/02\/2438-236x300.jpg 236w, http:\/\/museumek.eu\/wp-content\/uploads\/2015\/02\/2438-118x150.jpg 118w, http:\/\/museumek.eu\/wp-content\/uploads\/2015\/02\/2438.jpg 600w\" sizes=\"(max-width: 236px) 100vw, 236px\" \/><\/a><\/p>\n<p><a href=\"http:\/\/museumek.eu\/?attachment_id=37024\" rel=\"attachment wp-att-37024\"><img loading=\"lazy\" src=\"http:\/\/museumek.eu\/wp-content\/uploads\/2015\/02\/2439-216x300.jpg\" alt=\"\" title=\"2439\" width=\"216\" height=\"300\" class=\"alignnone size-medium wp-image-37024\" srcset=\"http:\/\/museumek.eu\/wp-content\/uploads\/2015\/02\/2439-216x300.jpg 216w, http:\/\/museumek.eu\/wp-content\/uploads\/2015\/02\/2439-108x150.jpg 108w, http:\/\/museumek.eu\/wp-content\/uploads\/2015\/02\/2439.jpg 576w\" sizes=\"(max-width: 216px) 100vw, 216px\" \/><\/a><\/p>\n","protected":false},"excerpt":{"rendered":"<p>Abteilung Deutschland, Keramik 1860 \u2013 1960, Inventarnummer D\/XLV\/57 Steinzeug- &#038; Thonwaarenfabrik, Zinngiesserei &#038; Malerei Reinhold Merkelbach und Nachfolger Steinzeug- und Hartsteingutfabrik, Zinngie\u00dfereien und Malereien Reinhold Merkelbach, Deutschland, Grenzhausen, um 1902, Senftopf, K\u00fcnstler Richard Riemerschmid, Werks.-Nr. 1730, Exemplar Nr. ohne, gemarkt &hellip; <a href=\"http:\/\/museumek.eu\/?page_id=37021\">Weiterlesen <span class=\"meta-nav\">&rarr;<\/span><\/a><\/p>\n","protected":false},"author":1,"featured_media":0,"parent":35453,"menu_order":57,"comment_status":"closed","ping_status":"open","template":"","meta":[],"_links":{"self":[{"href":"http:\/\/museumek.eu\/index.php?rest_route=\/wp\/v2\/pages\/37021"}],"collection":[{"href":"http:\/\/museumek.eu\/index.php?rest_route=\/wp\/v2\/pages"}],"about":[{"href":"http:\/\/museumek.eu\/index.php?rest_route=\/wp\/v2\/types\/page"}],"author":[{"embeddable":true,"href":"http:\/\/museumek.eu\/index.php?rest_route=\/wp\/v2\/users\/1"}],"replies":[{"embeddable":true,"href":"http:\/\/museumek.eu\/index.php?rest_route=%2Fwp%2Fv2%2Fcomments&post=37021"}],"version-history":[{"count":4,"href":"http:\/\/museumek.eu\/index.php?rest_route=\/wp\/v2\/pages\/37021\/revisions"}],"predecessor-version":[{"id":37028,"href":"http:\/\/museumek.eu\/index.php?rest_route=\/wp\/v2\/pages\/37021\/revisions\/37028"}],"up":[{"embeddable":true,"href":"http:\/\/museumek.eu\/index.php?rest_route=\/wp\/v2\/pages\/35453"}],"wp:attachment":[{"href":"http:\/\/museumek.eu\/index.php?rest_route=%2Fwp%2Fv2%2Fmedia&parent=37021"}],"curies":[{"name":"wp","href":"https:\/\/api.w.org\/{rel}","templated":true}]}}