{"id":37062,"date":"2015-02-22T15:18:40","date_gmt":"2015-02-22T14:18:40","guid":{"rendered":"http:\/\/museumek.eu\/?page_id=37062"},"modified":"2015-07-12T15:24:58","modified_gmt":"2015-07-12T13:24:58","slug":"fotos-und-beschreibung","status":"publish","type":"page","link":"http:\/\/museumek.eu\/?page_id=37062","title":{"rendered":"Fotos und Beschreibung"},"content":{"rendered":"<p><strong>Abteilung Deutschland, Keramik 1860 \u2013 1960, Inventarnummer D\/CXXII\/1<\/strong><\/p>\n<p>J. W. Remy Fabrik und Lager gew\u00f6hnlicher und verzierter Steinzeug-Waren, Deutschland, H\u00f6hr, um 1903, Seidel, K\u00fcnstler Karl G\u00f6rig, Werks.-Nr. 1116 (oder 1016), Exemplar Nr. ohne, gemarkt Firmenmarke mit J.W.R. (f\u00fcr Johann Wilhelm Remy) in einem Rahmen, 1116 am Boden, 1016 unter dem Henkel sowie 0,5 L \u00fcber Eichstrich gepresst, 2 geritzt, nicht signiert, Literatur: J\u00fcrgen Schimanski, Braun geflammt und grau gesalzen, Seite 220 sowie Seite 221, Erw\u00e4hnung der Fabrik, Beschreibung, dass Karl G\u00f6rig, Albin M\u00fcller und Wilhelm Ratelbeck zwischen 1903 und 1909 Entw\u00fcrfe f\u00fcr die Fabrik fertigten, Beschreibung, dass die Fabrik vierstellig nummerierte und Beschreibung, dass eine Fabrikmarke nur mit historisierendem Steinzeug bekannt ist ( das MEK Exemplar beweist, dass das nicht korrekt ist), Johann Wilhelm Remy (geb. 26.02.1833) gr\u00fcndete 1860 in H\u00f6hr eine Steinzeugfabrik, die Firmierung ist nicht bekannt, wahrscheinlich J. W. Remy Steinzeugfabrik, J. W. Remy war der Bruder von Simon Peter Remy, dem Mitinhaber der Thonwaaren-Fabrik Marzi &#038; Remy, J. W. Remy hatte mindestens 4 Kinder, eine Tochter namens Katarina heiratet Wilhelm Kessler, das Paar hatte mindestens einen Sohn mit Namen Robert Kessler, J. W. Remy\u2019s S\u00f6hne August Wilhelm und Franz Jakob arbeiteten in der Fabrik mit, anscheinend haben beide S\u00f6hne auch an der K\u00f6niglichen Keramischen Fachschule in H\u00f6hr studiert, noch vor dem dem Ende des 19. Jahrhunderts wurde J. W. Remy Mitinhaber beziehungsweise kam es mindestens zu einer intensiven Zusammenarbeit mit der von Johann Peter Thewalt (verheiratet mit Katharina Gerz) um 1850 in H\u00f6hr gegr\u00fcndeten Steinzeugfabrik Johann Peter Thewalt Fabrik gew\u00f6hnlicher und feinverzierter Steinzeugwaren, die inzwischen von Johann Peter Thewalts Sohn Carl gef\u00fchrt wurde, da Johann Peter Thewalt 1887 verstarb, Carl Thewalt war der Schwiegersohn von J. W. Remy, da er dessen Tochter Anna geheiratet hat, die Fabrik von Johann Peter Thewalt ist nicht zu verwechseln mit der Fabrik, die sein anderer Sohn Albert Jakob Thewalt 1894 gegr\u00fcndet hat, an der Markung beider Fabriken lassen sich diese leicht unterscheiden, Johann Peter Thewalt markte JPT und Albert Jakob Thewalt markte AJT, im Zuge der Zusammenarbeit oder Teilhaberschaft von Johann Wilhelm Remy mit Carl Thewalt wurde evtl. ein neuer Ofen auf dem Thewaltschen Fabrikgel\u00e4nde gebaut, in dem wohl Elfenbeinsteinzeug gebrannt werden konnte, insofern ist es durchaus m\u00f6glich, dass Halbfertigfabrikate von J. W. Remy in der Fabrik von Carl Thewalt gebrannt worden sind, zwischen 1903 und 1909 fertigte die Fabrik von J. W. Remy Steinzeug nach Entw\u00fcrfen von Karl G\u00f6rig, Albin M\u00fcller, Wilhelm Ratelbeck und evtl. auch Peter Behrens und Henry van de Velde an, die Firmierung um 1907 lautete J. W. Remy Fabrik und Lager gew\u00f6hnlicher und verzierter Steinzeug-Waren, das MEK hat diese Firmierung von einer Zeitungsanzeige aus dem Jahre 1907 \u00fcbernommen, nach Johann Wilhelm Remy\u2019s Tod 1911, f\u00fchrten seine S\u00f6hne August Wilhelm und Franz Jakob die Fabrik fort, beide S\u00f6hnen blieben anscheinend ohne Kinder und verstarben bis 1928, ab 1929 f\u00fchrte der Enkel von J. W. Remy Robert Kessler die Fabrik fort, das MEK kann nicht belegen, dass Katarina Kessler und Wilhelm Kessler weitere Kinder hatten, somot ist nicht belegbar, dass neben Robert Kessler auch zwei Br\u00fcder August Kessler und Karl Kessler die Fabrik f\u00fchrten, zumindest sind alle Kessler\u2019s, die die Fabrik f\u00fchrten bis 1965 verstorben und da deren Kinder die Fabrik nicht fortf\u00fchren wollten, wurde diese 1966 geschlossen und abgerissen, Ausf\u00fchrung als Elfenbeinsteinzeug dunkelgr\u00fcn und braun glasiert, die Werks.Nr. lautet entweder 1016 oder 1116, ein Stempel der beiden Werks.Nr. Stempel ist falsch, <strong>der 0,7 cm hohe und 1,3 cm breite 0,5 L \u00fcber Eichstrich Stempel, dient dem MEK als Identifizierungsstempel f\u00fcr nicht mit einer Firmenmarke versehene Fabrikate von J. W. Remy, wobei zu beachten ist, dass dieser Stempel in seinen Ma\u00dfen exakt mit einem 0,5 Liter Stempel von Marzi &#038; Remy \u00fcbereinstimmt und eine Unterscheidung nur durch verschiedene Schr\u00e4gstellungen z. B. der Zahl 0 erfolgen kann, bei J. W. Remy steht die Zahl 0 schr\u00e4ger als bei Marzi &#038; Remy, das MEK Exemplar mit der Werks.-Nr. 1116 (oder 1016) ist in der Fachliteratur noch nicht erfasst<\/strong>,<br \/>\nH\u00f6he 14 cm, Breite 13 cm (nur die Keramik)<\/p>\n<p><a href=\"http:\/\/museumek.eu\/?attachment_id=37043\" rel=\"attachment wp-att-37043\"><img loading=\"lazy\" src=\"http:\/\/museumek.eu\/wp-content\/uploads\/2015\/02\/2523-162x300.jpg\" alt=\"\" title=\"2523\" width=\"162\" height=\"300\" class=\"alignnone size-medium wp-image-37043\" srcset=\"http:\/\/museumek.eu\/wp-content\/uploads\/2015\/02\/2523-162x300.jpg 162w, http:\/\/museumek.eu\/wp-content\/uploads\/2015\/02\/2523-81x150.jpg 81w, http:\/\/museumek.eu\/wp-content\/uploads\/2015\/02\/2523.jpg 433w\" sizes=\"(max-width: 162px) 100vw, 162px\" \/><\/a><\/p>\n<p><a href=\"http:\/\/museumek.eu\/?attachment_id=37044\" rel=\"attachment wp-att-37044\"><img loading=\"lazy\" src=\"http:\/\/museumek.eu\/wp-content\/uploads\/2015\/02\/2524-170x300.jpg\" alt=\"\" title=\"2524\" width=\"170\" height=\"300\" class=\"alignnone size-medium wp-image-37044\" srcset=\"http:\/\/museumek.eu\/wp-content\/uploads\/2015\/02\/2524-170x300.jpg 170w, http:\/\/museumek.eu\/wp-content\/uploads\/2015\/02\/2524-85x150.jpg 85w, http:\/\/museumek.eu\/wp-content\/uploads\/2015\/02\/2524.jpg 454w\" sizes=\"(max-width: 170px) 100vw, 170px\" \/><\/a><\/p>\n<p><a href=\"http:\/\/museumek.eu\/?attachment_id=37045\" rel=\"attachment wp-att-37045\"><img loading=\"lazy\" src=\"http:\/\/museumek.eu\/wp-content\/uploads\/2015\/02\/2525-175x300.jpg\" alt=\"\" title=\"2525\" width=\"175\" height=\"300\" class=\"alignnone size-medium wp-image-37045\" srcset=\"http:\/\/museumek.eu\/wp-content\/uploads\/2015\/02\/2525-175x300.jpg 175w, http:\/\/museumek.eu\/wp-content\/uploads\/2015\/02\/2525-87x150.jpg 87w, http:\/\/museumek.eu\/wp-content\/uploads\/2015\/02\/2525.jpg 469w\" sizes=\"(max-width: 175px) 100vw, 175px\" \/><\/a><\/p>\n<p><a href=\"http:\/\/museumek.eu\/?attachment_id=37046\" rel=\"attachment wp-att-37046\"><img loading=\"lazy\" src=\"http:\/\/museumek.eu\/wp-content\/uploads\/2015\/02\/2526-191x300.jpg\" alt=\"\" title=\"2526\" width=\"191\" height=\"300\" class=\"alignnone size-medium wp-image-37046\" srcset=\"http:\/\/museumek.eu\/wp-content\/uploads\/2015\/02\/2526-191x300.jpg 191w, http:\/\/museumek.eu\/wp-content\/uploads\/2015\/02\/2526-95x150.jpg 95w, http:\/\/museumek.eu\/wp-content\/uploads\/2015\/02\/2526.jpg 510w\" sizes=\"(max-width: 191px) 100vw, 191px\" \/><\/a><\/p>\n<p><a href=\"http:\/\/museumek.eu\/?attachment_id=37047\" rel=\"attachment wp-att-37047\"><img loading=\"lazy\" src=\"http:\/\/museumek.eu\/wp-content\/uploads\/2015\/02\/2527-190x300.jpg\" alt=\"\" title=\"2527\" width=\"190\" height=\"300\" class=\"alignnone size-medium wp-image-37047\" srcset=\"http:\/\/museumek.eu\/wp-content\/uploads\/2015\/02\/2527-190x300.jpg 190w, http:\/\/museumek.eu\/wp-content\/uploads\/2015\/02\/2527-95x150.jpg 95w, http:\/\/museumek.eu\/wp-content\/uploads\/2015\/02\/2527.jpg 509w\" sizes=\"(max-width: 190px) 100vw, 190px\" \/><\/a><\/p>\n<p><a href=\"http:\/\/museumek.eu\/?attachment_id=37048\" rel=\"attachment wp-att-37048\"><img loading=\"lazy\" src=\"http:\/\/museumek.eu\/wp-content\/uploads\/2015\/02\/2528-142x300.jpg\" alt=\"\" title=\"2528\" width=\"142\" height=\"300\" class=\"alignnone size-medium wp-image-37048\" srcset=\"http:\/\/museumek.eu\/wp-content\/uploads\/2015\/02\/2528-142x300.jpg 142w, http:\/\/museumek.eu\/wp-content\/uploads\/2015\/02\/2528-71x150.jpg 71w, http:\/\/museumek.eu\/wp-content\/uploads\/2015\/02\/2528.jpg 379w\" sizes=\"(max-width: 142px) 100vw, 142px\" \/><\/a><\/p>\n<p><a href=\"http:\/\/museumek.eu\/?attachment_id=37049\" rel=\"attachment wp-att-37049\"><img loading=\"lazy\" src=\"http:\/\/museumek.eu\/wp-content\/uploads\/2015\/02\/2529-138x300.jpg\" alt=\"\" title=\"2529\" width=\"138\" height=\"300\" class=\"alignnone size-medium wp-image-37049\" srcset=\"http:\/\/museumek.eu\/wp-content\/uploads\/2015\/02\/2529-138x300.jpg 138w, http:\/\/museumek.eu\/wp-content\/uploads\/2015\/02\/2529-69x150.jpg 69w, http:\/\/museumek.eu\/wp-content\/uploads\/2015\/02\/2529.jpg 369w\" sizes=\"(max-width: 138px) 100vw, 138px\" \/><\/a><\/p>\n<p><a href=\"http:\/\/museumek.eu\/?attachment_id=37050\" rel=\"attachment wp-att-37050\"><img loading=\"lazy\" src=\"http:\/\/museumek.eu\/wp-content\/uploads\/2015\/02\/2531-300x194.jpg\" alt=\"\" title=\"2531\" width=\"300\" height=\"194\" class=\"alignnone size-medium wp-image-37050\" srcset=\"http:\/\/museumek.eu\/wp-content\/uploads\/2015\/02\/2531-300x194.jpg 300w, http:\/\/museumek.eu\/wp-content\/uploads\/2015\/02\/2531-150x97.jpg 150w, http:\/\/museumek.eu\/wp-content\/uploads\/2015\/02\/2531-463x300.jpg 463w, http:\/\/museumek.eu\/wp-content\/uploads\/2015\/02\/2531.jpg 564w\" sizes=\"(max-width: 300px) 100vw, 300px\" \/><\/a><\/p>\n<p><a href=\"http:\/\/museumek.eu\/?attachment_id=37051\" rel=\"attachment wp-att-37051\"><img loading=\"lazy\" src=\"http:\/\/museumek.eu\/wp-content\/uploads\/2015\/02\/2530-300x284.jpg\" alt=\"\" title=\"2530\" width=\"300\" height=\"284\" class=\"alignnone size-medium wp-image-37051\" srcset=\"http:\/\/museumek.eu\/wp-content\/uploads\/2015\/02\/2530-300x284.jpg 300w, http:\/\/museumek.eu\/wp-content\/uploads\/2015\/02\/2530-150x142.jpg 150w, http:\/\/museumek.eu\/wp-content\/uploads\/2015\/02\/2530-316x300.jpg 316w, http:\/\/museumek.eu\/wp-content\/uploads\/2015\/02\/2530.jpg 632w\" sizes=\"(max-width: 300px) 100vw, 300px\" \/><\/a><\/p>\n<p><a href=\"http:\/\/museumek.eu\/?attachment_id=37052\" rel=\"attachment wp-att-37052\"><img loading=\"lazy\" src=\"http:\/\/museumek.eu\/wp-content\/uploads\/2015\/02\/2532-300x207.jpg\" alt=\"\" title=\"2532\" width=\"300\" height=\"207\" class=\"alignnone size-medium wp-image-37052\" srcset=\"http:\/\/museumek.eu\/wp-content\/uploads\/2015\/02\/2532-300x207.jpg 300w, http:\/\/museumek.eu\/wp-content\/uploads\/2015\/02\/2532-150x103.jpg 150w, http:\/\/museumek.eu\/wp-content\/uploads\/2015\/02\/2532-433x300.jpg 433w, http:\/\/museumek.eu\/wp-content\/uploads\/2015\/02\/2532.jpg 800w\" sizes=\"(max-width: 300px) 100vw, 300px\" \/><\/a><\/p>\n<p><strong>Abteilung Deutschland, Keramik 1860 \u2013 1960, Inventarnummer D\/CXXII\/2<\/strong><\/p>\n<p>J. W. Remy Fabrik und Lager gew\u00f6hnlicher und verzierter Steinzeug-Waren, Deutschland, H\u00f6hr, vor 1900, Krug, K\u00fcnstler unbekannt, Werks.-Nr. 619, Exemplar Nr. ohne, gemarkt Firmenmarke mit J.W.R. (f\u00fcr Johann Wilhelm Remy) in einem Rahmen, GERMANY, 619 sowie 2 L. \u00fcber Eichstrich gepresst, nicht signiert, Literatur: J\u00fcrgen Schimanski, Braun geflammt und grau gesalzen, Seite 220 sowie Seite 221, Erw\u00e4hnung der Fabrik, Johann Wilhelm Remy (geb. 26.02.1833) gr\u00fcndete 1860 in H\u00f6hr eine Steinzeugfabrik, die Firmierung ist nicht bekannt, wahrscheinlich J. W. Remy Steinzeugfabrik, J. W. Remy war der Bruder von Simon Peter Remy, dem Mitinhaber der Thonwaaren-Fabrik Marzi &#038; Remy, J. W. Remy hatte mindestens 4 Kinder, eine Tochter namens Katarina heiratet Wilhelm Kessler, das Paar hatte mindestens einen Sohn mit Namen Robert Kessler, J. W. Remy\u2019s S\u00f6hne August Wilhelm und Franz Jakob arbeiteten in der Fabrik mit, anscheinend haben beide S\u00f6hne auch an der K\u00f6niglichen Keramischen Fachschule in H\u00f6hr studiert, noch vor dem dem Ende des 19. Jahrhunderts wurde J. W. Remy Mitinhaber beziehungsweise kam es mindestens zu einer intensiven Zusammenarbeit mit der von Johann Peter Thewalt (verheiratet mit Katharina Gerz) um 1850 in H\u00f6hr gegr\u00fcndeten Steinzeugfabrik Johann Peter Thewalt Fabrik gew\u00f6hnlicher und feinverzierter Steinzeugwaren, die inzwischen von Johann Peter Thewalts Sohn Carl gef\u00fchrt wurde, da Johann Peter Thewalt 1887 verstarb, Carl Thewalt war der Schwiegersohn von J. W. Remy, da er dessen Tochter Anna geheiratet hat, die Fabrik von Johann Peter Thewalt ist nicht zu verwechseln mit der Fabrik, die sein anderer Sohn Albert Jakob Thewalt 1894 gegr\u00fcndet hat, an der Markung beider Fabriken lassen sich diese leicht unterscheiden, Johann Peter Thewalt markte JPT und Albert Jakob Thewalt markte AJT, im Zuge der Zusammenarbeit oder Teilhaberschaft von Johann Wilhelm Remy mit Carl Thewalt wurde evtl. ein neuer Ofen auf dem Thewaltschen Fabrikgel\u00e4nde gebaut, in dem wohl Elfenbeinsteinzeug gebrannt werden konnte, insofern ist es durchaus m\u00f6glich, dass Halbfertigfabrikate von J. W. Remy in der Fabrik von Carl Thewalt gebrannt worden sind, zwischen 1903 und 1909 fertigte die Fabrik von J. W. Remy Steinzeug nach Entw\u00fcrfen von Karl G\u00f6rig, Albin M\u00fcller, Wilhelm Ratelbeck und evtl. auch Peter Behrens und Henry van de Velde an, die Firmierung um 1907 lautete J. W. Remy Fabrik und Lager gew\u00f6hnlicher und verzierter Steinzeug-Waren, das MEK hat diese Firmierung von einer Zeitungsanzeige aus dem Jahre 1907 \u00fcbernommen, nach Johann Wilhelm Remy\u2019s Tod 1911, f\u00fchrten seine S\u00f6hne August Wilhelm und Franz Jakob die Fabrik fort, beide S\u00f6hnen blieben anscheinend ohne Kinder und verstarben bis 1928, ab 1929 f\u00fchrte der Enkel von J. W. Remy Robert Kessler die Fabrik fort, das MEK kann nicht belegen, dass Katarina Kessler und Wilhelm Kessler weitere Kinder hatten, somot ist nicht belegbar, dass neben Robert Kessler auch zwei Br\u00fcder August Kessler und Karl Kessler die Fabrik f\u00fchrten, zumindest sind alle Kessler\u2019s, die die Fabrik f\u00fchrten bis 1965 verstorben und da deren Kinder die Fabrik nicht fortf\u00fchren wollten, wurde diese 1966 geschlossen und abgerissen, <strong>der 1,5 cm breite und 1,1 cm hohe 2 Liter Stempel, dient dem MEK als Identifizierungsstempel f\u00fcr nicht mit einer Firmenmarke versehenen Fabrikate von J. W. Remy<\/strong>, <strong>der 1,9 cm breite und 0,4 hohe GERMANY Stempel, dient dem MEK als Identifizierungsstempel f\u00fcr nicht mit einer Firmenmarke versehene Fabrikate von J. W. Remy<\/strong>,  Ausf\u00fchrung als Elfenbeinsteinzeug blau und braun glasiert,<br \/>\nH\u00f6he 29,5 cm, Breite 18 cm<\/p>\n<p><a href=\"http:\/\/museumek.eu\/?attachment_id=38917\" rel=\"attachment wp-att-38917\"><img loading=\"lazy\" src=\"http:\/\/museumek.eu\/wp-content\/uploads\/2015\/04\/3360-141x300.jpg\" alt=\"\" title=\"3360\" width=\"141\" height=\"300\" class=\"alignnone size-medium wp-image-38917\" srcset=\"http:\/\/museumek.eu\/wp-content\/uploads\/2015\/04\/3360-141x300.jpg 141w, http:\/\/museumek.eu\/wp-content\/uploads\/2015\/04\/3360-70x150.jpg 70w, http:\/\/museumek.eu\/wp-content\/uploads\/2015\/04\/3360.jpg 376w\" sizes=\"(max-width: 141px) 100vw, 141px\" \/><\/a><\/p>\n<p><a href=\"http:\/\/museumek.eu\/?attachment_id=38918\" rel=\"attachment wp-att-38918\"><img loading=\"lazy\" src=\"http:\/\/museumek.eu\/wp-content\/uploads\/2015\/04\/3361-165x300.jpg\" alt=\"\" title=\"3361\" width=\"165\" height=\"300\" class=\"alignnone size-medium wp-image-38918\" srcset=\"http:\/\/museumek.eu\/wp-content\/uploads\/2015\/04\/3361-165x300.jpg 165w, http:\/\/museumek.eu\/wp-content\/uploads\/2015\/04\/3361-82x150.jpg 82w, http:\/\/museumek.eu\/wp-content\/uploads\/2015\/04\/3361.jpg 442w\" sizes=\"(max-width: 165px) 100vw, 165px\" \/><\/a><\/p>\n<p><a href=\"http:\/\/museumek.eu\/?attachment_id=38919\" rel=\"attachment wp-att-38919\"><img loading=\"lazy\" src=\"http:\/\/museumek.eu\/wp-content\/uploads\/2015\/04\/3362-158x300.jpg\" alt=\"\" title=\"3362\" width=\"158\" height=\"300\" class=\"alignnone size-medium wp-image-38919\" srcset=\"http:\/\/museumek.eu\/wp-content\/uploads\/2015\/04\/3362-158x300.jpg 158w, http:\/\/museumek.eu\/wp-content\/uploads\/2015\/04\/3362-79x150.jpg 79w, http:\/\/museumek.eu\/wp-content\/uploads\/2015\/04\/3362.jpg 423w\" sizes=\"(max-width: 158px) 100vw, 158px\" \/><\/a><\/p>\n<p><a href=\"http:\/\/museumek.eu\/?attachment_id=38932\" rel=\"attachment wp-att-38932\"><img loading=\"lazy\" src=\"http:\/\/museumek.eu\/wp-content\/uploads\/2015\/04\/33632-124x300.jpg\" alt=\"\" title=\"3363\" width=\"124\" height=\"300\" class=\"alignnone size-medium wp-image-38932\" srcset=\"http:\/\/museumek.eu\/wp-content\/uploads\/2015\/04\/33632-124x300.jpg 124w, http:\/\/museumek.eu\/wp-content\/uploads\/2015\/04\/33632-62x150.jpg 62w, http:\/\/museumek.eu\/wp-content\/uploads\/2015\/04\/33632.jpg 331w\" sizes=\"(max-width: 124px) 100vw, 124px\" \/><\/a><\/p>\n<p><a href=\"http:\/\/museumek.eu\/?attachment_id=38933\" rel=\"attachment wp-att-38933\"><img loading=\"lazy\" src=\"http:\/\/museumek.eu\/wp-content\/uploads\/2015\/04\/33651-208x300.jpg\" alt=\"\" title=\"3365\" width=\"208\" height=\"300\" class=\"alignnone size-medium wp-image-38933\" srcset=\"http:\/\/museumek.eu\/wp-content\/uploads\/2015\/04\/33651-208x300.jpg 208w, http:\/\/museumek.eu\/wp-content\/uploads\/2015\/04\/33651-104x150.jpg 104w, http:\/\/museumek.eu\/wp-content\/uploads\/2015\/04\/33651.jpg 557w\" sizes=\"(max-width: 208px) 100vw, 208px\" \/><\/a><\/p>\n<p><a href=\"http:\/\/museumek.eu\/?attachment_id=38934\" rel=\"attachment wp-att-38934\"><img loading=\"lazy\" src=\"http:\/\/museumek.eu\/wp-content\/uploads\/2015\/04\/33641-151x300.jpg\" alt=\"\" title=\"3364\" width=\"151\" height=\"300\" class=\"alignnone size-medium wp-image-38934\" srcset=\"http:\/\/museumek.eu\/wp-content\/uploads\/2015\/04\/33641-151x300.jpg 151w, http:\/\/museumek.eu\/wp-content\/uploads\/2015\/04\/33641-75x150.jpg 75w, http:\/\/museumek.eu\/wp-content\/uploads\/2015\/04\/33641.jpg 403w\" sizes=\"(max-width: 151px) 100vw, 151px\" \/><\/a><\/p>\n<p><a href=\"http:\/\/museumek.eu\/?attachment_id=38937\" rel=\"attachment wp-att-38937\"><img loading=\"lazy\" src=\"http:\/\/museumek.eu\/wp-content\/uploads\/2015\/04\/33661-198x300.jpg\" alt=\"\" title=\"3366\" width=\"198\" height=\"300\" class=\"alignnone size-medium wp-image-38937\" srcset=\"http:\/\/museumek.eu\/wp-content\/uploads\/2015\/04\/33661-198x300.jpg 198w, http:\/\/museumek.eu\/wp-content\/uploads\/2015\/04\/33661-99x150.jpg 99w, http:\/\/museumek.eu\/wp-content\/uploads\/2015\/04\/33661.jpg 528w\" sizes=\"(max-width: 198px) 100vw, 198px\" \/><\/a><\/p>\n<p><a href=\"http:\/\/museumek.eu\/?attachment_id=38938\" rel=\"attachment wp-att-38938\"><img loading=\"lazy\" src=\"http:\/\/museumek.eu\/wp-content\/uploads\/2015\/04\/3367-300x234.jpg\" alt=\"\" title=\"3367\" width=\"300\" height=\"234\" class=\"alignnone size-medium wp-image-38938\" srcset=\"http:\/\/museumek.eu\/wp-content\/uploads\/2015\/04\/3367-300x234.jpg 300w, http:\/\/museumek.eu\/wp-content\/uploads\/2015\/04\/3367-150x117.jpg 150w, http:\/\/museumek.eu\/wp-content\/uploads\/2015\/04\/3367-383x300.jpg 383w, http:\/\/museumek.eu\/wp-content\/uploads\/2015\/04\/3367.jpg 585w\" sizes=\"(max-width: 300px) 100vw, 300px\" \/><\/a><\/p>\n<p><a href=\"http:\/\/museumek.eu\/?attachment_id=38939\" rel=\"attachment wp-att-38939\"><img loading=\"lazy\" src=\"http:\/\/museumek.eu\/wp-content\/uploads\/2015\/04\/3368-213x300.jpg\" alt=\"\" title=\"3368\" width=\"213\" height=\"300\" class=\"alignnone size-medium wp-image-38939\" srcset=\"http:\/\/museumek.eu\/wp-content\/uploads\/2015\/04\/3368-213x300.jpg 213w, http:\/\/museumek.eu\/wp-content\/uploads\/2015\/04\/3368-106x150.jpg 106w, http:\/\/museumek.eu\/wp-content\/uploads\/2015\/04\/3368.jpg 570w\" sizes=\"(max-width: 213px) 100vw, 213px\" \/><\/a><\/p>\n<p><a href=\"http:\/\/museumek.eu\/?attachment_id=38940\" rel=\"attachment wp-att-38940\"><img loading=\"lazy\" src=\"http:\/\/museumek.eu\/wp-content\/uploads\/2015\/04\/3369-300x89.jpg\" alt=\"\" title=\"3369\" width=\"300\" height=\"89\" class=\"alignnone size-medium wp-image-38940\" srcset=\"http:\/\/museumek.eu\/wp-content\/uploads\/2015\/04\/3369-300x89.jpg 300w, http:\/\/museumek.eu\/wp-content\/uploads\/2015\/04\/3369-150x44.jpg 150w, http:\/\/museumek.eu\/wp-content\/uploads\/2015\/04\/3369-500x149.jpg 500w, http:\/\/museumek.eu\/wp-content\/uploads\/2015\/04\/3369.jpg 654w\" sizes=\"(max-width: 300px) 100vw, 300px\" \/><\/a><\/p>\n<p><a href=\"http:\/\/museumek.eu\/?attachment_id=38941\" rel=\"attachment wp-att-38941\"><img loading=\"lazy\" src=\"http:\/\/museumek.eu\/wp-content\/uploads\/2015\/04\/3370-300x158.jpg\" alt=\"\" title=\"3370\" width=\"300\" height=\"158\" class=\"alignnone size-medium wp-image-38941\" srcset=\"http:\/\/museumek.eu\/wp-content\/uploads\/2015\/04\/3370-300x158.jpg 300w, http:\/\/museumek.eu\/wp-content\/uploads\/2015\/04\/3370-150x79.jpg 150w, http:\/\/museumek.eu\/wp-content\/uploads\/2015\/04\/3370-500x263.jpg 500w, http:\/\/museumek.eu\/wp-content\/uploads\/2015\/04\/3370.jpg 674w\" sizes=\"(max-width: 300px) 100vw, 300px\" \/><\/a><\/p>\n","protected":false},"excerpt":{"rendered":"<p>Abteilung Deutschland, Keramik 1860 \u2013 1960, Inventarnummer D\/CXXII\/1 J. W. Remy Fabrik und Lager gew\u00f6hnlicher und verzierter Steinzeug-Waren, Deutschland, H\u00f6hr, um 1903, Seidel, K\u00fcnstler Karl G\u00f6rig, Werks.-Nr. 1116 (oder 1016), Exemplar Nr. ohne, gemarkt Firmenmarke mit J.W.R. (f\u00fcr Johann Wilhelm &hellip; <a href=\"http:\/\/museumek.eu\/?page_id=37062\">Weiterlesen <span class=\"meta-nav\">&rarr;<\/span><\/a><\/p>\n","protected":false},"author":1,"featured_media":0,"parent":37059,"menu_order":1,"comment_status":"closed","ping_status":"open","template":"","meta":[],"_links":{"self":[{"href":"http:\/\/museumek.eu\/index.php?rest_route=\/wp\/v2\/pages\/37062"}],"collection":[{"href":"http:\/\/museumek.eu\/index.php?rest_route=\/wp\/v2\/pages"}],"about":[{"href":"http:\/\/museumek.eu\/index.php?rest_route=\/wp\/v2\/types\/page"}],"author":[{"embeddable":true,"href":"http:\/\/museumek.eu\/index.php?rest_route=\/wp\/v2\/users\/1"}],"replies":[{"embeddable":true,"href":"http:\/\/museumek.eu\/index.php?rest_route=%2Fwp%2Fv2%2Fcomments&post=37062"}],"version-history":[{"count":9,"href":"http:\/\/museumek.eu\/index.php?rest_route=\/wp\/v2\/pages\/37062\/revisions"}],"predecessor-version":[{"id":59582,"href":"http:\/\/museumek.eu\/index.php?rest_route=\/wp\/v2\/pages\/37062\/revisions\/59582"}],"up":[{"embeddable":true,"href":"http:\/\/museumek.eu\/index.php?rest_route=\/wp\/v2\/pages\/37059"}],"wp:attachment":[{"href":"http:\/\/museumek.eu\/index.php?rest_route=%2Fwp%2Fv2%2Fmedia&parent=37062"}],"curies":[{"name":"wp","href":"https:\/\/api.w.org\/{rel}","templated":true}]}}