{"id":37125,"date":"2015-02-22T19:36:25","date_gmt":"2015-02-22T18:36:25","guid":{"rendered":"http:\/\/museumek.eu\/?page_id=37125"},"modified":"2015-02-28T14:08:06","modified_gmt":"2015-02-28T13:08:06","slug":"fotos-und-beschreibung","status":"publish","type":"page","link":"http:\/\/museumek.eu\/?page_id=37125","title":{"rendered":"Fotos und Beschreibung"},"content":{"rendered":"<p><strong>Abteilung Deutschland, Keramik 1860 \u2013 1960, Inventarnummer D\/CXXIII\/1<\/strong><\/p>\n<p>Adolf Diesinger Majolia-Fabrik und Nachfolger Karl Diesinger Steinzeug- u. Majolika-Fabrik, Deutschland, H\u00f6hr, um 1900, Tabaktopf, K\u00fcnstler unbekannt, Werks.-Nr. ohne, Exemplar Nr. ohne, gemarkt Firmenmarke in einem Oval A. Diesinger, darunter Majolika-Fabrik, darunter H\u00f6hr. gepresst, nicht signiert, die Fabrik wurde 1860 von Adolf Diesinger in H\u00f6hr in der Rheinstr. gegr\u00fcndet, Diesinger firmierte als Adolf Diesinger Majolika-Fabrik, die Fabrik war Inhaber zweier Patente des Deutschen Reichs Gebrauchsmusterschutzes und zwar DRGB Nr. 154.927 f\u00fcr die Abgrenzung von bemalten Dekorationen sowie DRGB Nr. 250.635 f\u00fcr die Zinnmonturverbindung mit der Keramik ohne umlaufende Lasche um den Henkel von Seideln und Kr\u00fcgen, in der Regel wurden die Patentnummern am Boden der Seidel und Kr\u00fcge gemarkt, so dass sich Seidel und Kr\u00fcge ohne Firmenmarke auf Grund der Patentnummern zu Diesinger zuordnen lassen, die Fabrik in der Rheinstr. bestand bis 1906, in einer Zeitungsanzeige aus dem Jahr 1907 erscheint eine Diesinger Fabrik in der Sch\u00fctzenstr. in H\u00f6hr, diese firmierte als Karl Diesinger Steinzeug- u. Majolika-Fabrik und bestand wohl bis 1910, vermutlich ist Karl Diesinger der Sohn von Adolf Diesinger und Nachfolger der seitherigen Fabrik, warum Karl Diesinger den Fabrikationsort \u00e4nderte, konnte nicht recherchiert werden, <strong>das MEK Exemplar dieses Diesinger Fabrikats ist in der Fachliteratur noch nicht erfasst<\/strong>, H\u00f6he 22,5 cm, Breite 15 cm<\/p>\n<p><a href=\"http:\/\/museumek.eu\/?attachment_id=37106\" rel=\"attachment wp-att-37106\"><img loading=\"lazy\" src=\"http:\/\/museumek.eu\/wp-content\/uploads\/2015\/02\/2533-180x300.jpg\" alt=\"\" title=\"2533\" width=\"180\" height=\"300\" class=\"alignnone size-medium wp-image-37106\" srcset=\"http:\/\/museumek.eu\/wp-content\/uploads\/2015\/02\/2533-180x300.jpg 180w, http:\/\/museumek.eu\/wp-content\/uploads\/2015\/02\/2533-90x150.jpg 90w, http:\/\/museumek.eu\/wp-content\/uploads\/2015\/02\/2533.jpg 482w\" sizes=\"(max-width: 180px) 100vw, 180px\" \/><\/a><\/p>\n<p><a href=\"http:\/\/museumek.eu\/?attachment_id=37107\" rel=\"attachment wp-att-37107\"><img loading=\"lazy\" src=\"http:\/\/museumek.eu\/wp-content\/uploads\/2015\/02\/2534-180x300.jpg\" alt=\"\" title=\"2534\" width=\"180\" height=\"300\" class=\"alignnone size-medium wp-image-37107\" srcset=\"http:\/\/museumek.eu\/wp-content\/uploads\/2015\/02\/2534-180x300.jpg 180w, http:\/\/museumek.eu\/wp-content\/uploads\/2015\/02\/2534-90x150.jpg 90w, http:\/\/museumek.eu\/wp-content\/uploads\/2015\/02\/2534.jpg 481w\" sizes=\"(max-width: 180px) 100vw, 180px\" \/><\/a><\/p>\n<p><a href=\"http:\/\/museumek.eu\/?attachment_id=37108\" rel=\"attachment wp-att-37108\"><img loading=\"lazy\" src=\"http:\/\/museumek.eu\/wp-content\/uploads\/2015\/02\/2535-180x300.jpg\" alt=\"\" title=\"2535\" width=\"180\" height=\"300\" class=\"alignnone size-medium wp-image-37108\" srcset=\"http:\/\/museumek.eu\/wp-content\/uploads\/2015\/02\/2535-180x300.jpg 180w, http:\/\/museumek.eu\/wp-content\/uploads\/2015\/02\/2535-90x150.jpg 90w, http:\/\/museumek.eu\/wp-content\/uploads\/2015\/02\/2535.jpg 480w\" sizes=\"(max-width: 180px) 100vw, 180px\" \/><\/a><\/p>\n<p><a href=\"http:\/\/museumek.eu\/?attachment_id=37109\" rel=\"attachment wp-att-37109\"><img loading=\"lazy\" src=\"http:\/\/museumek.eu\/wp-content\/uploads\/2015\/02\/2536-183x300.jpg\" alt=\"\" title=\"2536\" width=\"183\" height=\"300\" class=\"alignnone size-medium wp-image-37109\" srcset=\"http:\/\/museumek.eu\/wp-content\/uploads\/2015\/02\/2536-183x300.jpg 183w, http:\/\/museumek.eu\/wp-content\/uploads\/2015\/02\/2536-91x150.jpg 91w, http:\/\/museumek.eu\/wp-content\/uploads\/2015\/02\/2536.jpg 490w\" sizes=\"(max-width: 183px) 100vw, 183px\" \/><\/a><\/p>\n<p><a href=\"http:\/\/museumek.eu\/?attachment_id=37110\" rel=\"attachment wp-att-37110\"><img loading=\"lazy\" src=\"http:\/\/museumek.eu\/wp-content\/uploads\/2015\/02\/2537-240x300.jpg\" alt=\"\" title=\"2537\" width=\"240\" height=\"300\" class=\"alignnone size-medium wp-image-37110\" srcset=\"http:\/\/museumek.eu\/wp-content\/uploads\/2015\/02\/2537-240x300.jpg 240w, http:\/\/museumek.eu\/wp-content\/uploads\/2015\/02\/2537-120x150.jpg 120w, http:\/\/museumek.eu\/wp-content\/uploads\/2015\/02\/2537.jpg 600w\" sizes=\"(max-width: 240px) 100vw, 240px\" \/><\/a><\/p>\n<p><a href=\"http:\/\/museumek.eu\/?attachment_id=37111\" rel=\"attachment wp-att-37111\"><img loading=\"lazy\" src=\"http:\/\/museumek.eu\/wp-content\/uploads\/2015\/02\/2538-254x300.jpg\" alt=\"\" title=\"2538\" width=\"254\" height=\"300\" class=\"alignnone size-medium wp-image-37111\" srcset=\"http:\/\/museumek.eu\/wp-content\/uploads\/2015\/02\/2538-254x300.jpg 254w, http:\/\/museumek.eu\/wp-content\/uploads\/2015\/02\/2538-127x150.jpg 127w, http:\/\/museumek.eu\/wp-content\/uploads\/2015\/02\/2538.jpg 600w\" sizes=\"(max-width: 254px) 100vw, 254px\" \/><\/a><\/p>\n<p><a href=\"http:\/\/museumek.eu\/?attachment_id=37112\" rel=\"attachment wp-att-37112\"><img loading=\"lazy\" src=\"http:\/\/museumek.eu\/wp-content\/uploads\/2015\/02\/2539-274x300.jpg\" alt=\"\" title=\"2539\" width=\"274\" height=\"300\" class=\"alignnone size-medium wp-image-37112\" srcset=\"http:\/\/museumek.eu\/wp-content\/uploads\/2015\/02\/2539-274x300.jpg 274w, http:\/\/museumek.eu\/wp-content\/uploads\/2015\/02\/2539-137x150.jpg 137w, http:\/\/museumek.eu\/wp-content\/uploads\/2015\/02\/2539.jpg 600w\" sizes=\"(max-width: 274px) 100vw, 274px\" \/><\/a><\/p>\n<p><a href=\"http:\/\/museumek.eu\/?attachment_id=37255\" rel=\"attachment wp-att-37255\"><img loading=\"lazy\" src=\"http:\/\/museumek.eu\/wp-content\/uploads\/2015\/02\/25401-163x300.jpg\" alt=\"\" title=\"2540\" width=\"163\" height=\"300\" class=\"alignnone size-medium wp-image-37255\" srcset=\"http:\/\/museumek.eu\/wp-content\/uploads\/2015\/02\/25401-163x300.jpg 163w, http:\/\/museumek.eu\/wp-content\/uploads\/2015\/02\/25401-81x150.jpg 81w\" sizes=\"(max-width: 163px) 100vw, 163px\" \/><\/a><\/p>\n<p><a href=\"http:\/\/museumek.eu\/?attachment_id=37114\" rel=\"attachment wp-att-37114\"><img loading=\"lazy\" src=\"http:\/\/museumek.eu\/wp-content\/uploads\/2015\/02\/2541-145x300.jpg\" alt=\"\" title=\"2541\" width=\"145\" height=\"300\" class=\"alignnone size-medium wp-image-37114\" srcset=\"http:\/\/museumek.eu\/wp-content\/uploads\/2015\/02\/2541-145x300.jpg 145w, http:\/\/museumek.eu\/wp-content\/uploads\/2015\/02\/2541-72x150.jpg 72w, http:\/\/museumek.eu\/wp-content\/uploads\/2015\/02\/2541.jpg 387w\" sizes=\"(max-width: 145px) 100vw, 145px\" \/><\/a><\/p>\n<p><a href=\"http:\/\/museumek.eu\/?attachment_id=37115\" rel=\"attachment wp-att-37115\"><img loading=\"lazy\" src=\"http:\/\/museumek.eu\/wp-content\/uploads\/2015\/02\/2542-300x184.jpg\" alt=\"\" title=\"2542\" width=\"300\" height=\"184\" class=\"alignnone size-medium wp-image-37115\" srcset=\"http:\/\/museumek.eu\/wp-content\/uploads\/2015\/02\/2542-300x184.jpg 300w, http:\/\/museumek.eu\/wp-content\/uploads\/2015\/02\/2542-150x92.jpg 150w, http:\/\/museumek.eu\/wp-content\/uploads\/2015\/02\/2542-487x300.jpg 487w, http:\/\/museumek.eu\/wp-content\/uploads\/2015\/02\/2542.jpg 800w\" sizes=\"(max-width: 300px) 100vw, 300px\" \/><\/a><\/p>\n","protected":false},"excerpt":{"rendered":"<p>Abteilung Deutschland, Keramik 1860 \u2013 1960, Inventarnummer D\/CXXIII\/1 Adolf Diesinger Majolia-Fabrik und Nachfolger Karl Diesinger Steinzeug- u. Majolika-Fabrik, Deutschland, H\u00f6hr, um 1900, Tabaktopf, K\u00fcnstler unbekannt, Werks.-Nr. ohne, Exemplar Nr. ohne, gemarkt Firmenmarke in einem Oval A. Diesinger, darunter Majolika-Fabrik, darunter &hellip; <a href=\"http:\/\/museumek.eu\/?page_id=37125\">Weiterlesen <span class=\"meta-nav\">&rarr;<\/span><\/a><\/p>\n","protected":false},"author":1,"featured_media":0,"parent":37122,"menu_order":1,"comment_status":"closed","ping_status":"open","template":"","meta":[],"_links":{"self":[{"href":"http:\/\/museumek.eu\/index.php?rest_route=\/wp\/v2\/pages\/37125"}],"collection":[{"href":"http:\/\/museumek.eu\/index.php?rest_route=\/wp\/v2\/pages"}],"about":[{"href":"http:\/\/museumek.eu\/index.php?rest_route=\/wp\/v2\/types\/page"}],"author":[{"embeddable":true,"href":"http:\/\/museumek.eu\/index.php?rest_route=\/wp\/v2\/users\/1"}],"replies":[{"embeddable":true,"href":"http:\/\/museumek.eu\/index.php?rest_route=%2Fwp%2Fv2%2Fcomments&post=37125"}],"version-history":[{"count":7,"href":"http:\/\/museumek.eu\/index.php?rest_route=\/wp\/v2\/pages\/37125\/revisions"}],"predecessor-version":[{"id":37260,"href":"http:\/\/museumek.eu\/index.php?rest_route=\/wp\/v2\/pages\/37125\/revisions\/37260"}],"up":[{"embeddable":true,"href":"http:\/\/museumek.eu\/index.php?rest_route=\/wp\/v2\/pages\/37122"}],"wp:attachment":[{"href":"http:\/\/museumek.eu\/index.php?rest_route=%2Fwp%2Fv2%2Fmedia&parent=37125"}],"curies":[{"name":"wp","href":"https:\/\/api.w.org\/{rel}","templated":true}]}}