{"id":37216,"date":"2015-02-27T21:00:14","date_gmt":"2015-02-27T20:00:14","guid":{"rendered":"http:\/\/museumek.eu\/?page_id=37216"},"modified":"2021-01-15T09:58:47","modified_gmt":"2021-01-15T08:58:47","slug":"kurzbiografie-und-inventar-zum-kunstler","status":"publish","type":"page","link":"http:\/\/museumek.eu\/?page_id=37216","title":{"rendered":"Kurzbiografie und Inventar zum K\u00fcnstler"},"content":{"rendered":"<p>F. Gustav Partz wurde 1883 in Waplitz geboren. er starb 1957 in Krefeld oder Darmstadt. F. Gustav Partz war der Sohn des bekannten Naturmalers Carl Partz. Er besuchte die Textilfachschule in Krefeld und studierte an der D\u00fcsseldorfer Kunstgewerbeschule. Von 1906 bis 1911 arbeitete er dort wahrscheinlich auch als Lehrer. Peter Behrens war anscheinend einer seiner Lehrer oder Kollegen. Partz arbeitete als Innenarchitekt und Entwerfer. Er schuf einige Entw\u00fcrfe f\u00fcr die Westerw\u00e4lder Steinzeugindustrie, diverse Entw\u00fcrfe f\u00fcr die Villeroy &#038; Boch Fabrik in Dresden sowie viele Entw\u00fcrfe f\u00fcr die Fabrik von Max R\u00f6\u00dfler in Rodach, f\u00fcr die er auch k\u00fcnstlerischer Berater war. Von 1921 bis 1924 war er Prof. an der Staatlichen Hochschule f\u00fcr Bildende K\u00fcnste in Weimar. <\/p>\n<p><strong>Abteilung Deutschland, Keramik 1860 \u2013 1960, Inventarnummer D\/XXXVII\/58<\/strong><\/p>\n<p>Thonwaaren \u2013 Fabrik Marzi &#038; Remy, Deutschland, H\u00f6hr, um 1912, Krug, K\u00fcnstler F. Gustav Partz, Werks.-Nr. 2238, Exemplar Nr. ohne, gemarkt Firmenmarke als stilisierte T\u00f6pfermarke, bestehend aus Mittelachse, daran Antriebstretscheibe, diese immer in einem quadratischen oder trapezf\u00f6rmigen Rahmen, manchmal auch mit M links neben der Mittelachse und R rechts neben der Mittelachse (f\u00fcr Marzi &#038; Remy), Drehscheibe \u00fcber dem Rahmen, darauf eine Vase, 2238 sowie 1 L \u00fcber Eichstrich gepresst, nicht signiert, Literatur: J\u00fcrgen Erlebach, J\u00fcrgen Schimanski, Westerw\u00e4lder Steinzeug, Die Neue \u00c4ra 1900 \u2013 1930, Jugendstil und Werkbund, Seite 72, Marke Nr. 17 identisch, weitere Literatur: Gisela Reineking von Bock, Meister der deutschen Keramik, Seite 329, Marke Nr. 218 identisch (dort noch als unbekannte Marke gef\u00fchrt), weitere Literatur: J\u00fcrgen Schimanski, Braun geflammt und grau gesalzen, Seite 203, Beschreibung der Fabrik sowie Marke Nr. 17 identisch sowie Seite 182, Abbildung Nr. 438, identischer Krug mit Werks.-Nr. 2238 und Zuordnung zu Gustav Partz, au\u00dferdem dort beschrieben, dass eine eigene Firmenmarke (Anmerkung MEK: die stilisierte T\u00f6pfermarke, bestehend aus Mittelachse, daran Antriebstretscheibe, diese immer in einem quadratischen oder trapezf\u00f6rmigen Rahmen) erst Anfang der 1920\u2018 Jahre eingef\u00fchrt worden ist und dass Erzeugnisse der fr\u00fcheren Jahre oft mit dem Schriftzug \u201eGesetzl. Gesch\u00fctzt\u201c (Anmerkung MEK: richtige Schreibweise des Stempels eigentlich mit Gro\u00dfbuchstaben und nicht wie bei Schimanski klein geschrieben, also GESETZL. GESCH\u00dcTZT) gemarkt sind, dieser Beschreibung stimmt das MEK bez\u00fcglich der Firmenmarke nicht zu, das MEK Exemplar D\/XXXVII\/64 widerlegt diese Aussage, vor, bis um 1900, wurde der M &#038; R. darunter H. in einem Rechteck Stempel verwendet, diesen gibt es auch noch als ausgeschriebene Variante (MARZI &#038; REMY darunter H\u00d6HR.), dann nicht in einem Rechteck, sogar mit dem Zusatzstempel GESETZL. GESCH\u00dcTZT, siehe http:\/\/www.steinmarks.co.uk\/pages\/pv.asp?p=stein164, dort unter Marzi &#038; Remy diese Stempelvariante abgebildet als auch die Stempelvariante des oben genannten MEK Exemplares, M &#038; R. darunter H. steht <strong>nicht<\/strong> f\u00fcr Merkelbach &#038; Remy, einer Westerw\u00e4lder Fabrik, die in der gleichen Zeit produzierte und f\u00fcr die bisher in der Fachliteratur noch keine Firmenmarke nachgewiesen worden ist, weil sich diese Fabrik in Grenzhausen und nicht in H\u00f6hr befand, bis 1936 waren die beiden Ortschaften eigenst\u00e4ndig und wurden erst am 01.04.1936 zusammen mit der Gemeinde Grenzau zu H\u00f6hr-Grenzhausen zusammengeschlossen, die Fabrik wurde 1879 von Anton Marzi und seinem Schwager Simon Peter Remy in H\u00f6hr gegr\u00fcndet und firmierte als Thonwaaren \u2013 Fabrik Marzi &#038; Remy, ab 1881 wurde eine eigene Zinngie\u00dferei angeschafft und ab 1883 neben dem grau \u2013 blau salzglasiertem Steinzeug auch Elfenbeinsteinzeug produziert, Simon Peter Remy verstarb 1919 und sein Sohn Werner Remy trat in die Fabrik ein, 1924 verstarb Anton Marzi und sein Schwiegersohn Johann Otto B\u00fchler trat in die Fabrik ein, Werner Remy verlie\u00df 1931 die Fabrik, 1941 trat Johann Otto B\u00fchlers Sohn Otto B\u00fchler in die Fabrik ein und 1953 dessen Sohn Otto Georg B\u00fchler, die Fabrik war bis zum Konkurs in den 1990\u2018 Jahren immer in Familienbesitz, im Zinndeckel Rundstempel mit Adler (?), auf dem Zinndeckel Gravur mit Widmung, Ausf\u00fchrung als Steinzeug grau-blau salzglasiert,<br \/>\nH\u00f6he 18,5 cm, Breite 16 cm (nur die Keramik)<\/p>\n<p><a href=\"http:\/\/museumek.eu\/?attachment_id=37197\" rel=\"attachment wp-att-37197\"><img loading=\"lazy\" src=\"http:\/\/museumek.eu\/wp-content\/uploads\/2015\/02\/2714-156x300.jpg\" alt=\"\" title=\"2714\" width=\"156\" height=\"300\" class=\"alignnone size-medium wp-image-37197\" srcset=\"http:\/\/museumek.eu\/wp-content\/uploads\/2015\/02\/2714-156x300.jpg 156w, http:\/\/museumek.eu\/wp-content\/uploads\/2015\/02\/2714-78x150.jpg 78w, http:\/\/museumek.eu\/wp-content\/uploads\/2015\/02\/2714.jpg 418w\" sizes=\"(max-width: 156px) 100vw, 156px\" \/><\/a><\/p>\n<p><a href=\"http:\/\/museumek.eu\/?attachment_id=37198\" rel=\"attachment wp-att-37198\"><img loading=\"lazy\" src=\"http:\/\/museumek.eu\/wp-content\/uploads\/2015\/02\/2715-195x300.jpg\" alt=\"\" title=\"2715\" width=\"195\" height=\"300\" class=\"alignnone size-medium wp-image-37198\" srcset=\"http:\/\/museumek.eu\/wp-content\/uploads\/2015\/02\/2715-195x300.jpg 195w, http:\/\/museumek.eu\/wp-content\/uploads\/2015\/02\/2715-97x150.jpg 97w, http:\/\/museumek.eu\/wp-content\/uploads\/2015\/02\/2715.jpg 522w\" sizes=\"(max-width: 195px) 100vw, 195px\" \/><\/a><\/p>\n<p><a href=\"http:\/\/museumek.eu\/?attachment_id=37199\" rel=\"attachment wp-att-37199\"><img loading=\"lazy\" src=\"http:\/\/museumek.eu\/wp-content\/uploads\/2015\/02\/2716-193x300.jpg\" alt=\"\" title=\"2716\" width=\"193\" height=\"300\" class=\"alignnone size-medium wp-image-37199\" srcset=\"http:\/\/museumek.eu\/wp-content\/uploads\/2015\/02\/2716-193x300.jpg 193w, http:\/\/museumek.eu\/wp-content\/uploads\/2015\/02\/2716-96x150.jpg 96w, http:\/\/museumek.eu\/wp-content\/uploads\/2015\/02\/2716.jpg 515w\" sizes=\"(max-width: 193px) 100vw, 193px\" \/><\/a><\/p>\n<p><a href=\"http:\/\/museumek.eu\/?attachment_id=37200\" rel=\"attachment wp-att-37200\"><img loading=\"lazy\" src=\"http:\/\/museumek.eu\/wp-content\/uploads\/2015\/02\/2717-146x300.jpg\" alt=\"\" title=\"2717\" width=\"146\" height=\"300\" class=\"alignnone size-medium wp-image-37200\" srcset=\"http:\/\/museumek.eu\/wp-content\/uploads\/2015\/02\/2717-146x300.jpg 146w, http:\/\/museumek.eu\/wp-content\/uploads\/2015\/02\/2717-73x150.jpg 73w, http:\/\/museumek.eu\/wp-content\/uploads\/2015\/02\/2717.jpg 390w\" sizes=\"(max-width: 146px) 100vw, 146px\" \/><\/a><\/p>\n<p><a href=\"http:\/\/museumek.eu\/?attachment_id=37201\" rel=\"attachment wp-att-37201\"><img loading=\"lazy\" src=\"http:\/\/museumek.eu\/wp-content\/uploads\/2015\/02\/2718-300x219.jpg\" alt=\"\" title=\"2718\" width=\"300\" height=\"219\" class=\"alignnone size-medium wp-image-37201\" srcset=\"http:\/\/museumek.eu\/wp-content\/uploads\/2015\/02\/2718-300x219.jpg 300w, http:\/\/museumek.eu\/wp-content\/uploads\/2015\/02\/2718-150x109.jpg 150w, http:\/\/museumek.eu\/wp-content\/uploads\/2015\/02\/2718-409x300.jpg 409w, http:\/\/museumek.eu\/wp-content\/uploads\/2015\/02\/2718.jpg 800w\" sizes=\"(max-width: 300px) 100vw, 300px\" \/><\/a><\/p>\n<p><a href=\"http:\/\/museumek.eu\/?attachment_id=37202\" rel=\"attachment wp-att-37202\"><img loading=\"lazy\" src=\"http:\/\/museumek.eu\/wp-content\/uploads\/2015\/02\/2719-238x300.jpg\" alt=\"\" title=\"2719\" width=\"238\" height=\"300\" class=\"alignnone size-medium wp-image-37202\" srcset=\"http:\/\/museumek.eu\/wp-content\/uploads\/2015\/02\/2719-238x300.jpg 238w, http:\/\/museumek.eu\/wp-content\/uploads\/2015\/02\/2719-119x150.jpg 119w, http:\/\/museumek.eu\/wp-content\/uploads\/2015\/02\/2719.jpg 600w\" sizes=\"(max-width: 238px) 100vw, 238px\" \/><\/a><\/p>\n<p><a href=\"http:\/\/museumek.eu\/?attachment_id=37203\" rel=\"attachment wp-att-37203\"><img loading=\"lazy\" src=\"http:\/\/museumek.eu\/wp-content\/uploads\/2015\/02\/2720-300x215.jpg\" alt=\"\" title=\"2720\" width=\"300\" height=\"215\" class=\"alignnone size-medium wp-image-37203\" srcset=\"http:\/\/museumek.eu\/wp-content\/uploads\/2015\/02\/2720-300x215.jpg 300w, http:\/\/museumek.eu\/wp-content\/uploads\/2015\/02\/2720-150x107.jpg 150w, http:\/\/museumek.eu\/wp-content\/uploads\/2015\/02\/2720.jpg 387w\" sizes=\"(max-width: 300px) 100vw, 300px\" \/><\/a><\/p>\n<p><a href=\"http:\/\/museumek.eu\/?attachment_id=37204\" rel=\"attachment wp-att-37204\"><img loading=\"lazy\" src=\"http:\/\/museumek.eu\/wp-content\/uploads\/2015\/02\/2721-168x300.jpg\" alt=\"\" title=\"2721\" width=\"168\" height=\"300\" class=\"alignnone size-medium wp-image-37204\" srcset=\"http:\/\/museumek.eu\/wp-content\/uploads\/2015\/02\/2721-168x300.jpg 168w, http:\/\/museumek.eu\/wp-content\/uploads\/2015\/02\/2721-84x150.jpg 84w, http:\/\/museumek.eu\/wp-content\/uploads\/2015\/02\/2721.jpg 450w\" sizes=\"(max-width: 168px) 100vw, 168px\" \/><\/a><\/p>\n<p><a href=\"http:\/\/museumek.eu\/?attachment_id=37205\" rel=\"attachment wp-att-37205\"><img loading=\"lazy\" src=\"http:\/\/museumek.eu\/wp-content\/uploads\/2015\/02\/2722.jpg\" alt=\"\" title=\"2722\" width=\"259\" height=\"275\" class=\"alignnone size-full wp-image-37205\" srcset=\"http:\/\/museumek.eu\/wp-content\/uploads\/2015\/02\/2722.jpg 259w, http:\/\/museumek.eu\/wp-content\/uploads\/2015\/02\/2722-141x150.jpg 141w\" sizes=\"(max-width: 259px) 100vw, 259px\" \/><\/a><\/p>\n<p><a href=\"http:\/\/museumek.eu\/?attachment_id=37206\" rel=\"attachment wp-att-37206\"><img loading=\"lazy\" src=\"http:\/\/museumek.eu\/wp-content\/uploads\/2015\/02\/2723-300x223.jpg\" alt=\"\" title=\"2723\" width=\"300\" height=\"223\" class=\"alignnone size-medium wp-image-37206\" srcset=\"http:\/\/museumek.eu\/wp-content\/uploads\/2015\/02\/2723-300x223.jpg 300w, http:\/\/museumek.eu\/wp-content\/uploads\/2015\/02\/2723-150x111.jpg 150w, http:\/\/museumek.eu\/wp-content\/uploads\/2015\/02\/2723-403x300.jpg 403w, http:\/\/museumek.eu\/wp-content\/uploads\/2015\/02\/2723.jpg 800w\" sizes=\"(max-width: 300px) 100vw, 300px\" \/><\/a><\/p>\n<p><strong>Abteilung Deutschland, Keramik 1860 \u2013 1960, Inventarnummer D\/LXXIX\/4<\/strong><\/p>\n<p>Max Roesler Porzellan- und Steingutfabrik und Nachf. Max Roesler Porzellan- und Steingutfabrik AG, Deutschland, Rodach, um 1910, Vase, K\u00fcnstler Gustav Partz, Werks.-Nr. 9319\/2, Exemplar Nr. ohne, gemarkt Firmenmarke Wappenschild mit Heckenrose (Familienwappen der Roeslers) dar\u00fcber RMR (f\u00fcr Rodach und Max Roesler) sowie in einer Umrahmung ENTW. (f\u00fcr Entwurf) darunter PARTZ blaue Stempel unter Glasur, sowie 9319\/2 gepresst, nicht signiert, Literatur: Gisela Reineking von Bock, Meister der Deutschen Keramik 1900 bis 1950, Seite 264, Beschreibung der Fabrik sowie Seite 327, Marke Nr. 176 identisch, weitere Literatur: Otto Pelka, Keramik der Neuzeit, Markentafel Nr. VII, Marke Nr. 119 identisch, Seite 212, Herstellerverzeichnis, Rodach, Max Roesler AG 119 sowie Seite 221 Namenverzeichnis, R\u00f6sler, Max, Steingutfabrik, M 119, weitere Literatur: Gustav Wei\u00df, Ullstein Porzellanbuch, Seite 297, Marke Nr. 9 identisch (dort ebenfalls mit Zusatz RMR), weitere Literatur: Dieter Z\u00fchlsdorff, Markenlexikon Band 1, Porzellan und Keramikreport 1885 &#8211; 1935, Seite 289, Werkteil-Nummer 1, Gruppennummer des Werkteils 5., fortlaufende Nummer der Gruppe 103, dort identische Marke (dort f\u00fcr die Zeit 1894 bis 1924) sowie Seite 594, Werkteil-Nummer 3, fortlaufende Nummer des Werkteils 1066, dort Fabrikbeschreibung, weitere Literatur: Robert E. R\u00f6ntgen, Deutsche Porzellanmarken von 1710 bis heute, Seite 290, dort identische Marke (f\u00fcr die Zeit 1894 bis 1925), die Fabrik wurde 1894 von Max Roesler gegr\u00fcndet, Firmierung Max Roesler Porzellan- und Steingutfabrik, im Jahre 1910 wurde die Fabrik in eine AG umgewandelt, Anteilseigner Max Roesler und Hermann Schraidt, Firmierung ab da Max Roesler Porzellan- und Steingutfabrik AG, 1919 verkaufte Roesler seine Aktienanteile an das Dresdner Bankhaus Gebr\u00fcder Arnold, die die Fabrik einem Industriekonsortium angliederten, 1924 kauft die AG die Gro\u00dfherzogliche Keramische Manufaktur Darmstadt, 1938 wurde die Fabrik an die Siemens-Schuckertwerke verkauft, die bisherige Firmierung wurde bis 1943 beibehalten, seit 1938 wurde aber keine Gebrauchs- und Kunstkeramik mehr produziert, sondern nur noch technische Keramik, an Hand der Markung l\u00e4\u00dft sich kein Produktionsdatum erkennen, insofern ist die zeitliche Zuordnung schwierig, H\u00f6he 20,5 cm, Breite 11,5 cm<\/p>\n<p><a href=\"http:\/\/museumek.eu\/?attachment_id=49891\" rel=\"attachment wp-att-49891\"><img loading=\"lazy\" src=\"http:\/\/museumek.eu\/wp-content\/uploads\/2013\/05\/R\u00f6\u00dfler-Partz-Vase-1-179x300.jpg\" alt=\"\" title=\"R\u00f6\u00dfler Partz Vase 1\" width=\"179\" height=\"300\" class=\"alignnone size-medium wp-image-49891\" srcset=\"http:\/\/museumek.eu\/wp-content\/uploads\/2013\/05\/R\u00f6\u00dfler-Partz-Vase-1-179x300.jpg 179w, http:\/\/museumek.eu\/wp-content\/uploads\/2013\/05\/R\u00f6\u00dfler-Partz-Vase-1-89x150.jpg 89w, http:\/\/museumek.eu\/wp-content\/uploads\/2013\/05\/R\u00f6\u00dfler-Partz-Vase-1.jpg 382w\" sizes=\"(max-width: 179px) 100vw, 179px\" \/><\/a><\/p>\n<p><a href=\"http:\/\/museumek.eu\/?attachment_id=49892\" rel=\"attachment wp-att-49892\"><img loading=\"lazy\" src=\"http:\/\/museumek.eu\/wp-content\/uploads\/2013\/05\/R\u00f6\u00dfler-Partz-Vase-2-193x300.jpg\" alt=\"\" title=\"R\u00f6\u00dfler Partz Vase 2\" width=\"193\" height=\"300\" class=\"alignnone size-medium wp-image-49892\" srcset=\"http:\/\/museumek.eu\/wp-content\/uploads\/2013\/05\/R\u00f6\u00dfler-Partz-Vase-2-193x300.jpg 193w, http:\/\/museumek.eu\/wp-content\/uploads\/2013\/05\/R\u00f6\u00dfler-Partz-Vase-2-96x150.jpg 96w, http:\/\/museumek.eu\/wp-content\/uploads\/2013\/05\/R\u00f6\u00dfler-Partz-Vase-2.jpg 413w\" sizes=\"(max-width: 193px) 100vw, 193px\" \/><\/a><\/p>\n<p><a href=\"http:\/\/museumek.eu\/?attachment_id=49893\" rel=\"attachment wp-att-49893\"><img loading=\"lazy\" src=\"http:\/\/museumek.eu\/wp-content\/uploads\/2013\/05\/R\u00f6\u00dfler-Partz-Vase-3-261x300.jpg\" alt=\"\" title=\"R\u00f6\u00dfler Partz Vase 3\" width=\"261\" height=\"300\" class=\"alignnone size-medium wp-image-49893\" srcset=\"http:\/\/museumek.eu\/wp-content\/uploads\/2013\/05\/R\u00f6\u00dfler-Partz-Vase-3-261x300.jpg 261w, http:\/\/museumek.eu\/wp-content\/uploads\/2013\/05\/R\u00f6\u00dfler-Partz-Vase-3-130x150.jpg 130w, http:\/\/museumek.eu\/wp-content\/uploads\/2013\/05\/R\u00f6\u00dfler-Partz-Vase-3.jpg 480w\" sizes=\"(max-width: 261px) 100vw, 261px\" \/><\/a><\/p>\n<p><a href=\"http:\/\/museumek.eu\/?attachment_id=49894\" rel=\"attachment wp-att-49894\"><img loading=\"lazy\" src=\"http:\/\/museumek.eu\/wp-content\/uploads\/2013\/05\/R\u00f6\u00dfler-Partz-Vase-4-225x300.jpg\" alt=\"\" title=\"R\u00f6\u00dfler Partz Vase 4\" width=\"225\" height=\"300\" class=\"alignnone size-medium wp-image-49894\" srcset=\"http:\/\/museumek.eu\/wp-content\/uploads\/2013\/05\/R\u00f6\u00dfler-Partz-Vase-4-225x300.jpg 225w, http:\/\/museumek.eu\/wp-content\/uploads\/2013\/05\/R\u00f6\u00dfler-Partz-Vase-4-112x150.jpg 112w, http:\/\/museumek.eu\/wp-content\/uploads\/2013\/05\/R\u00f6\u00dfler-Partz-Vase-4.jpg 480w\" sizes=\"(max-width: 225px) 100vw, 225px\" \/><\/a><\/p>\n<p><a href=\"http:\/\/museumek.eu\/?attachment_id=49895\" rel=\"attachment wp-att-49895\"><img loading=\"lazy\" src=\"http:\/\/museumek.eu\/wp-content\/uploads\/2013\/05\/R\u00f6\u00dfler-Partz-Vase-5-300x214.jpg\" alt=\"\" title=\"R\u00f6\u00dfler Partz Vase 5\" width=\"300\" height=\"214\" class=\"alignnone size-medium wp-image-49895\" srcset=\"http:\/\/museumek.eu\/wp-content\/uploads\/2013\/05\/R\u00f6\u00dfler-Partz-Vase-5-300x214.jpg 300w, http:\/\/museumek.eu\/wp-content\/uploads\/2013\/05\/R\u00f6\u00dfler-Partz-Vase-5-150x107.jpg 150w, http:\/\/museumek.eu\/wp-content\/uploads\/2013\/05\/R\u00f6\u00dfler-Partz-Vase-5-420x300.jpg 420w, http:\/\/museumek.eu\/wp-content\/uploads\/2013\/05\/R\u00f6\u00dfler-Partz-Vase-5.jpg 640w\" sizes=\"(max-width: 300px) 100vw, 300px\" \/><\/a><\/p>\n","protected":false},"excerpt":{"rendered":"<p>F. Gustav Partz wurde 1883 in Waplitz geboren. er starb 1957 in Krefeld oder Darmstadt. F. Gustav Partz war der Sohn des bekannten Naturmalers Carl Partz. Er besuchte die Textilfachschule in Krefeld und studierte an der D\u00fcsseldorfer Kunstgewerbeschule. Von 1906 &hellip; <a href=\"http:\/\/museumek.eu\/?page_id=37216\">Weiterlesen <span class=\"meta-nav\">&rarr;<\/span><\/a><\/p>\n","protected":false},"author":1,"featured_media":0,"parent":37181,"menu_order":1,"comment_status":"closed","ping_status":"open","template":"","meta":[],"_links":{"self":[{"href":"http:\/\/museumek.eu\/index.php?rest_route=\/wp\/v2\/pages\/37216"}],"collection":[{"href":"http:\/\/museumek.eu\/index.php?rest_route=\/wp\/v2\/pages"}],"about":[{"href":"http:\/\/museumek.eu\/index.php?rest_route=\/wp\/v2\/types\/page"}],"author":[{"embeddable":true,"href":"http:\/\/museumek.eu\/index.php?rest_route=\/wp\/v2\/users\/1"}],"replies":[{"embeddable":true,"href":"http:\/\/museumek.eu\/index.php?rest_route=%2Fwp%2Fv2%2Fcomments&post=37216"}],"version-history":[{"count":11,"href":"http:\/\/museumek.eu\/index.php?rest_route=\/wp\/v2\/pages\/37216\/revisions"}],"predecessor-version":[{"id":52247,"href":"http:\/\/museumek.eu\/index.php?rest_route=\/wp\/v2\/pages\/37216\/revisions\/52247"}],"up":[{"embeddable":true,"href":"http:\/\/museumek.eu\/index.php?rest_route=\/wp\/v2\/pages\/37181"}],"wp:attachment":[{"href":"http:\/\/museumek.eu\/index.php?rest_route=%2Fwp%2Fv2%2Fmedia&parent=37216"}],"curies":[{"name":"wp","href":"https:\/\/api.w.org\/{rel}","templated":true}]}}