{"id":37222,"date":"2015-02-28T13:23:25","date_gmt":"2015-02-28T12:23:25","guid":{"rendered":"http:\/\/museumek.eu\/?page_id=37222"},"modified":"2015-02-28T13:31:09","modified_gmt":"2015-02-28T12:31:09","slug":"dlii2","status":"publish","type":"page","link":"http:\/\/museumek.eu\/?page_id=37222","title":{"rendered":"D\/LII\/2"},"content":{"rendered":"<p><strong>Abteilung Deutschland, Keramik 1860 \u2013 1960, Inventarnummer D\/LII\/2<\/strong><\/p>\n<p>Rosskopf &#038; Gerz Fabrik fein verzierter Steinzeugwaren, Deutschland, H\u00f6hr, um 1906, Kanne, K\u00fcnstler unbekannt, Werks.-Nr. 661, Exemplar Nr. ohne, gemarkt keine Firmenmarke aber GES. darunter GESCH\u00dcTZT, 661, B, 3 sowie 2 L \u00fcber Eichstrich gepresst, nicht signiert, Literatur: Beate Dry-v. Zezschwitz, Westerw\u00e4lder Steinzeug des Jugendstils IV, Rosskopf &#038; Gerz, Steinzeugfabrik H\u00f6hr im Westerwald, 1901 \u2013 1914, Seite 12, Abbildung Nr. 2, identische Marke, Seite 30, Werksverzeichnis, als 2 Liter Gebrauchskann dort unter Werks.-Nr. 661 aufgelistet sowie Seite 52, Werksverzeichnis, dort als Werks.-Nr. 900 als Bestandteil eines Bierservice abgebildet sowie Seite 56, dort unter Werks.-Nr. 661 als 2 Liter Gebrauchskanne abgebildet, weitere Literatur: J\u00fcrgen Schimanski, Braun geflammt und grau gesalzen, Seite 221, Beschreibung der Fabrik sowie Marke Nr. 40 identisch, weitere Literatur: J\u00fcrgen Erlebach und J\u00fcrgen Schimanski, Westerw\u00e4lder Steinzeug, Die Neue \u00c4ra 1900 \u2013 1930, Jugendstil und Werkbund, Seite 115, Beschreibung der Fabrik sowie Marke Nr. 40 identisch, 1901 gr\u00fcndeten der Kaufmann Alois Jakob Gerz und der T\u00f6pfer und Modelleur Karl Wilhelm Ro\u00dfkopf eine Steinzeugfabrik in H\u00f6hr, die Fabrik firmierte als Ro\u00dfkopf &#038; Gerz Fabrik fein verzierter Steinzeugwaren, die Firmierung wurde von einer Zeitungsanzeige der Fabrik aus dem Jahr 1907 \u00fcbernommen, bereits 1905 scheidet Ro\u00dfkopf aus der Fabrik wieder aus, Gerz wird Alleineigent\u00fcmer, die Fabrik betrieb auch eine eigene Zinngie\u00dferei und Malerei, ab ca. 1907 \u00fcbernahm das H\u00f6hrer Handelsunternehmen Eckhardt &#038; Engler den Vertrieb der Fabrikate, dieses Handelsunternehmen \u00fcbernahm 1914 eine Eulerei und produzierte nun auch selbst Steinzeug, 1918 \u00fcbernahmen Eckhardt &#038; Engler einige Formen der Fabrik von Ro\u00dfkopf &#038; Gerz, markte diese aber mit der eigenen Marke, Gerz verstarb 1913 und seine Witwe Barbara Gerz \u00fcbernahm die Fabrik, auf Grund wirtschaftlicher Schwierigkeiten w\u00e4hrend der Kriegsjahre des WK I \u00fcbernahm 1917 der L\u00fcbecker Kaufmann Rudolf Reeder die Fabrik, allerdings wurde nach dem Krieg wohl nicht weiter produziert, 1922\/1923 \u00fcbernahm Eckardt &#038; Engler alle Formen der Fabrik, die amtliche L\u00f6schung der Fabrik erfolgte aber erst 1930, Ausf\u00fchrung als Steinzeug dunkelgr\u00fcn-blau und grau glasiert,<br \/>\nH\u00f6he 29,5 cm, Breite 17 cm (nur die Keramik)<\/p>\n<p><a href=\"http:\/\/museumek.eu\/?attachment_id=37226\" rel=\"attachment wp-att-37226\"><img loading=\"lazy\" src=\"http:\/\/museumek.eu\/wp-content\/uploads\/2015\/02\/2660-114x300.jpg\" alt=\"\" title=\"2660\" width=\"114\" height=\"300\" class=\"alignnone size-medium wp-image-37226\" srcset=\"http:\/\/museumek.eu\/wp-content\/uploads\/2015\/02\/2660-114x300.jpg 114w, http:\/\/museumek.eu\/wp-content\/uploads\/2015\/02\/2660-57x150.jpg 57w, http:\/\/museumek.eu\/wp-content\/uploads\/2015\/02\/2660.jpg 305w\" sizes=\"(max-width: 114px) 100vw, 114px\" \/><\/a><\/p>\n<p><a href=\"http:\/\/museumek.eu\/?attachment_id=37227\" rel=\"attachment wp-att-37227\"><img loading=\"lazy\" src=\"http:\/\/museumek.eu\/wp-content\/uploads\/2015\/02\/2659-150x300.jpg\" alt=\"\" title=\"2659\" width=\"150\" height=\"300\" class=\"alignnone size-medium wp-image-37227\" srcset=\"http:\/\/museumek.eu\/wp-content\/uploads\/2015\/02\/2659-150x300.jpg 150w, http:\/\/museumek.eu\/wp-content\/uploads\/2015\/02\/2659-75x150.jpg 75w, http:\/\/museumek.eu\/wp-content\/uploads\/2015\/02\/2659.jpg 401w\" sizes=\"(max-width: 150px) 100vw, 150px\" \/><\/a><\/p>\n<p><a href=\"http:\/\/museumek.eu\/?attachment_id=37228\" rel=\"attachment wp-att-37228\"><img loading=\"lazy\" src=\"http:\/\/museumek.eu\/wp-content\/uploads\/2015\/02\/2661-154x300.jpg\" alt=\"\" title=\"2661\" width=\"154\" height=\"300\" class=\"alignnone size-medium wp-image-37228\" srcset=\"http:\/\/museumek.eu\/wp-content\/uploads\/2015\/02\/2661-154x300.jpg 154w, http:\/\/museumek.eu\/wp-content\/uploads\/2015\/02\/2661-77x150.jpg 77w, http:\/\/museumek.eu\/wp-content\/uploads\/2015\/02\/2661.jpg 412w\" sizes=\"(max-width: 154px) 100vw, 154px\" \/><\/a><\/p>\n<p><a href=\"http:\/\/museumek.eu\/?attachment_id=37229\" rel=\"attachment wp-att-37229\"><img loading=\"lazy\" src=\"http:\/\/museumek.eu\/wp-content\/uploads\/2015\/02\/2662-145x300.jpg\" alt=\"\" title=\"2662\" width=\"145\" height=\"300\" class=\"alignnone size-medium wp-image-37229\" srcset=\"http:\/\/museumek.eu\/wp-content\/uploads\/2015\/02\/2662-145x300.jpg 145w, http:\/\/museumek.eu\/wp-content\/uploads\/2015\/02\/2662-72x150.jpg 72w, http:\/\/museumek.eu\/wp-content\/uploads\/2015\/02\/2662.jpg 387w\" sizes=\"(max-width: 145px) 100vw, 145px\" \/><\/a><\/p>\n<p><a href=\"http:\/\/museumek.eu\/?attachment_id=37233\" rel=\"attachment wp-att-37233\"><img loading=\"lazy\" src=\"http:\/\/museumek.eu\/wp-content\/uploads\/2015\/02\/26631-102x300.jpg\" alt=\"\" title=\"2663\" width=\"102\" height=\"300\" class=\"alignnone size-medium wp-image-37233\" srcset=\"http:\/\/museumek.eu\/wp-content\/uploads\/2015\/02\/26631-102x300.jpg 102w, http:\/\/museumek.eu\/wp-content\/uploads\/2015\/02\/26631-51x150.jpg 51w\" sizes=\"(max-width: 102px) 100vw, 102px\" \/><\/a><\/p>\n<p><a href=\"http:\/\/museumek.eu\/?attachment_id=37234\" rel=\"attachment wp-att-37234\"><img loading=\"lazy\" src=\"http:\/\/museumek.eu\/wp-content\/uploads\/2015\/02\/2664-161x300.jpg\" alt=\"\" title=\"2664\" width=\"161\" height=\"300\" class=\"alignnone size-medium wp-image-37234\" srcset=\"http:\/\/museumek.eu\/wp-content\/uploads\/2015\/02\/2664-161x300.jpg 161w, http:\/\/museumek.eu\/wp-content\/uploads\/2015\/02\/2664-80x150.jpg 80w, http:\/\/museumek.eu\/wp-content\/uploads\/2015\/02\/2664.jpg 430w\" sizes=\"(max-width: 161px) 100vw, 161px\" \/><\/a><\/p>\n<p><a href=\"http:\/\/museumek.eu\/?attachment_id=37235\" rel=\"attachment wp-att-37235\"><img loading=\"lazy\" src=\"http:\/\/museumek.eu\/wp-content\/uploads\/2015\/02\/2665-222x300.jpg\" alt=\"\" title=\"2665\" width=\"222\" height=\"300\" class=\"alignnone size-medium wp-image-37235\" srcset=\"http:\/\/museumek.eu\/wp-content\/uploads\/2015\/02\/2665-222x300.jpg 222w, http:\/\/museumek.eu\/wp-content\/uploads\/2015\/02\/2665-111x150.jpg 111w, http:\/\/museumek.eu\/wp-content\/uploads\/2015\/02\/2665.jpg 593w\" sizes=\"(max-width: 222px) 100vw, 222px\" \/><\/a><\/p>\n<p><a href=\"http:\/\/museumek.eu\/?attachment_id=37236\" rel=\"attachment wp-att-37236\"><img loading=\"lazy\" src=\"http:\/\/museumek.eu\/wp-content\/uploads\/2015\/02\/2666-269x300.jpg\" alt=\"\" title=\"2666\" width=\"269\" height=\"300\" class=\"alignnone size-medium wp-image-37236\" srcset=\"http:\/\/museumek.eu\/wp-content\/uploads\/2015\/02\/2666-269x300.jpg 269w, http:\/\/museumek.eu\/wp-content\/uploads\/2015\/02\/2666-134x150.jpg 134w, http:\/\/museumek.eu\/wp-content\/uploads\/2015\/02\/2666.jpg 600w\" sizes=\"(max-width: 269px) 100vw, 269px\" \/><\/a><\/p>\n<p><a href=\"http:\/\/museumek.eu\/?attachment_id=37237\" rel=\"attachment wp-att-37237\"><img loading=\"lazy\" src=\"http:\/\/museumek.eu\/wp-content\/uploads\/2015\/02\/2667-300x296.jpg\" alt=\"\" title=\"2667\" width=\"300\" height=\"296\" class=\"alignnone size-medium wp-image-37237\" srcset=\"http:\/\/museumek.eu\/wp-content\/uploads\/2015\/02\/2667-300x296.jpg 300w, http:\/\/museumek.eu\/wp-content\/uploads\/2015\/02\/2667-150x148.jpg 150w, http:\/\/museumek.eu\/wp-content\/uploads\/2015\/02\/2667-303x300.jpg 303w, http:\/\/museumek.eu\/wp-content\/uploads\/2015\/02\/2667.jpg 607w\" sizes=\"(max-width: 300px) 100vw, 300px\" \/><\/a><\/p>\n","protected":false},"excerpt":{"rendered":"<p>Abteilung Deutschland, Keramik 1860 \u2013 1960, Inventarnummer D\/LII\/2 Rosskopf &#038; Gerz Fabrik fein verzierter Steinzeugwaren, Deutschland, H\u00f6hr, um 1906, Kanne, K\u00fcnstler unbekannt, Werks.-Nr. 661, Exemplar Nr. ohne, gemarkt keine Firmenmarke aber GES. darunter GESCH\u00dcTZT, 661, B, 3 sowie 2 L &hellip; <a href=\"http:\/\/museumek.eu\/?page_id=37222\">Weiterlesen <span class=\"meta-nav\">&rarr;<\/span><\/a><\/p>\n","protected":false},"author":1,"featured_media":0,"parent":12425,"menu_order":2,"comment_status":"closed","ping_status":"open","template":"","meta":[],"_links":{"self":[{"href":"http:\/\/museumek.eu\/index.php?rest_route=\/wp\/v2\/pages\/37222"}],"collection":[{"href":"http:\/\/museumek.eu\/index.php?rest_route=\/wp\/v2\/pages"}],"about":[{"href":"http:\/\/museumek.eu\/index.php?rest_route=\/wp\/v2\/types\/page"}],"author":[{"embeddable":true,"href":"http:\/\/museumek.eu\/index.php?rest_route=\/wp\/v2\/users\/1"}],"replies":[{"embeddable":true,"href":"http:\/\/museumek.eu\/index.php?rest_route=%2Fwp%2Fv2%2Fcomments&post=37222"}],"version-history":[{"count":7,"href":"http:\/\/museumek.eu\/index.php?rest_route=\/wp\/v2\/pages\/37222\/revisions"}],"predecessor-version":[{"id":37239,"href":"http:\/\/museumek.eu\/index.php?rest_route=\/wp\/v2\/pages\/37222\/revisions\/37239"}],"up":[{"embeddable":true,"href":"http:\/\/museumek.eu\/index.php?rest_route=\/wp\/v2\/pages\/12425"}],"wp:attachment":[{"href":"http:\/\/museumek.eu\/index.php?rest_route=%2Fwp%2Fv2%2Fmedia&parent=37222"}],"curies":[{"name":"wp","href":"https:\/\/api.w.org\/{rel}","templated":true}]}}