{"id":37299,"date":"2015-02-28T21:04:53","date_gmt":"2015-02-28T20:04:53","guid":{"rendered":"http:\/\/museumek.eu\/?page_id=37299"},"modified":"2015-02-28T21:06:50","modified_gmt":"2015-02-28T20:06:50","slug":"dxlix11","status":"publish","type":"page","link":"http:\/\/museumek.eu\/?page_id=37299","title":{"rendered":"D\/XLIX\/11"},"content":{"rendered":"<p><strong>Abteilung Deutschland, Keramik 1860 \u2013 1960, Inventarnummer D\/XLIX\/11<\/strong><\/p>\n<p>Simon Peter Gerz I. GmbH Fabrik fein verzierter Gebrauchs- und Luxusgegenst\u00e4nde und Vorg\u00e4nger Simon Peter Gerz I. Fabrik antiker reichverzierter Steinzeugwaaren, Deutschland, H\u00f6hr, um 1907, Bowle, K\u00fcnstler Paul Wynand, Werks.-Nr. 1542 A, Exemplar Nr. ohne, gemarkt Fabrikmarke mit einem Krug in einem Dreieck, 1542 A, ein Punkt mit zwei Kreisen darum (nicht gedeutet) gepresst, nicht signiert, Literatur: Gisela Reineking von Bock, Meister der deutschen Keramik, Seite 329, Marke Nr. 212 identisch, weitere Literatur: J\u00fcrgen Schimanski und J\u00fcrgen Erlebach, Westerw\u00e4lder Steinzeug, Die Neue \u00c4ra, Seite 44 ff., Fabrikbeschreibung, Seite 44, Marke Nr. 6 identisch sowie Seite 52, Abbildung Nr. 48, <strong>genau diese Bowle abgebildet, da die MEK Bowle aus dem Bestand von J\u00fcrgen Erlebach stammt<\/strong>, beschrieben mit Entwurd Paul Wynand und Werks.-Nr. 1542, weitere Literatur: J\u00fcrgen Schimanski, Braun geflammt und grau gesalzen, Seite 99, Abbildung Nr. 148, identische Bowle abgebildet, beschrieben mit Entwurf Paul Wynand, 1907 und Werks.-Nr.1542, Seite 197, Beschreibung der Fabrik und Marke Nr. 6 identisch sowie Seite 260, Preistafel 23 der Steinzeugwerke H\u00f6hr-Grenzhausen GmbH, dort unter Nr. G 1542 abgebildet und unter G 1542 (G steht f\u00fcr Gerz) wie folgt beschrieben: Bowle mit Deckel, Inhalt 8 Liter, Entwurf von Paul Wynand, Rom, die Fabrik wurde 1857 von Simon Peter Gerz I (geb. 13.09.1830, gest. 12.09.1893) gegr\u00fcndet, die Registereintragung erfolgte aber erst 1862, insofern ist das Jahr 1862 das amtliche Gr\u00fcndungsdatum, bisher konnte in keiner Literatur eine Erkl\u00e4rung gefunden werden, warum Gerz seinem Namen eine r\u00f6mische I anf\u00fcgte, recherchiert werden konnte, dass es noch einen Steinzeugfabrikanten namens Simon Peter Gerz II (geb. 1833, gest. 1908) gab und dass dieser der Vater von Alois Jacob Gerz, dem Mitbegr\u00fcnder der Steinzeugfabrik Rosskopf &#038; Gerz war, 1867 erhielt die Fabrik das Pr\u00e4dikat eines Hoflieferanten des Herzog von Nassau, 1893 (Gerz Tod) wurde der Schwiegersohn Alphons William Loetschert Inhaber, sehr wahrscheinlich wurde um diese Zeit auch die Fabrikmarke SPG I in einem Kreis in die Dreieckmarke mit einem Krug ge\u00e4ndert, sp\u00e4testens aber sicher 1897, 1897 wurde die Pfeiffenfabrik M\u00fcllenbach &#038; Thewalt Mitinhaber und eine GmbH wurde gegr\u00fcndet (Gr\u00fcndungsdatum: 05.08.1897), die Fabrik bestand bis 1997, das A neben der Werks.-Nr. steht sicher f\u00fcr die Gr\u00f6\u00dfenangabe 8 Liter, Ausf\u00fchrung als Steinzeug grau-blau salzglasiert,<br \/>\nH\u00f6he 25 cm (mit Deckel), Breite 34,5 cm<\/p>\n<p><a href=\"http:\/\/museumek.eu\/?attachment_id=37300\" rel=\"attachment wp-att-37300\"><img loading=\"lazy\" src=\"http:\/\/museumek.eu\/wp-content\/uploads\/2015\/02\/2875-300x256.jpg\" alt=\"\" title=\"2875\" width=\"300\" height=\"256\" class=\"alignnone size-medium wp-image-37300\" srcset=\"http:\/\/museumek.eu\/wp-content\/uploads\/2015\/02\/2875-300x256.jpg 300w, http:\/\/museumek.eu\/wp-content\/uploads\/2015\/02\/2875-150x128.jpg 150w, http:\/\/museumek.eu\/wp-content\/uploads\/2015\/02\/2875-351x300.jpg 351w, http:\/\/museumek.eu\/wp-content\/uploads\/2015\/02\/2875.jpg 702w\" sizes=\"(max-width: 300px) 100vw, 300px\" \/><\/a><\/p>\n<p><a href=\"http:\/\/museumek.eu\/?attachment_id=37301\" rel=\"attachment wp-att-37301\"><img loading=\"lazy\" src=\"http:\/\/museumek.eu\/wp-content\/uploads\/2015\/02\/2874-300x267.jpg\" alt=\"\" title=\"2874\" width=\"300\" height=\"267\" class=\"alignnone size-medium wp-image-37301\" srcset=\"http:\/\/museumek.eu\/wp-content\/uploads\/2015\/02\/2874-300x267.jpg 300w, http:\/\/museumek.eu\/wp-content\/uploads\/2015\/02\/2874-150x133.jpg 150w, http:\/\/museumek.eu\/wp-content\/uploads\/2015\/02\/2874-336x300.jpg 336w, http:\/\/museumek.eu\/wp-content\/uploads\/2015\/02\/2874.jpg 673w\" sizes=\"(max-width: 300px) 100vw, 300px\" \/><\/a><\/p>\n<p><a href=\"http:\/\/museumek.eu\/?attachment_id=37302\" rel=\"attachment wp-att-37302\"><img loading=\"lazy\" src=\"http:\/\/museumek.eu\/wp-content\/uploads\/2015\/02\/2876-300x261.jpg\" alt=\"\" title=\"2876\" width=\"300\" height=\"261\" class=\"alignnone size-medium wp-image-37302\" srcset=\"http:\/\/museumek.eu\/wp-content\/uploads\/2015\/02\/2876-300x261.jpg 300w, http:\/\/museumek.eu\/wp-content\/uploads\/2015\/02\/2876-150x130.jpg 150w, http:\/\/museumek.eu\/wp-content\/uploads\/2015\/02\/2876-344x300.jpg 344w, http:\/\/museumek.eu\/wp-content\/uploads\/2015\/02\/2876.jpg 689w\" sizes=\"(max-width: 300px) 100vw, 300px\" \/><\/a><\/p>\n<p><a href=\"http:\/\/museumek.eu\/?attachment_id=37303\" rel=\"attachment wp-att-37303\"><img loading=\"lazy\" src=\"http:\/\/museumek.eu\/wp-content\/uploads\/2015\/02\/2877-278x300.jpg\" alt=\"\" title=\"2877\" width=\"278\" height=\"300\" class=\"alignnone size-medium wp-image-37303\" srcset=\"http:\/\/museumek.eu\/wp-content\/uploads\/2015\/02\/2877-278x300.jpg 278w, http:\/\/museumek.eu\/wp-content\/uploads\/2015\/02\/2877-139x150.jpg 139w, http:\/\/museumek.eu\/wp-content\/uploads\/2015\/02\/2877.jpg 600w\" sizes=\"(max-width: 278px) 100vw, 278px\" \/><\/a><\/p>\n<p><a href=\"http:\/\/museumek.eu\/?attachment_id=37304\" rel=\"attachment wp-att-37304\"><img loading=\"lazy\" src=\"http:\/\/museumek.eu\/wp-content\/uploads\/2015\/02\/2878-300x285.jpg\" alt=\"\" title=\"2878\" width=\"300\" height=\"285\" class=\"alignnone size-medium wp-image-37304\" srcset=\"http:\/\/museumek.eu\/wp-content\/uploads\/2015\/02\/2878-300x285.jpg 300w, http:\/\/museumek.eu\/wp-content\/uploads\/2015\/02\/2878-150x142.jpg 150w, http:\/\/museumek.eu\/wp-content\/uploads\/2015\/02\/2878-315x300.jpg 315w, http:\/\/museumek.eu\/wp-content\/uploads\/2015\/02\/2878.jpg 631w\" sizes=\"(max-width: 300px) 100vw, 300px\" \/><\/a><\/p>\n<p><a href=\"http:\/\/museumek.eu\/?attachment_id=37305\" rel=\"attachment wp-att-37305\"><img loading=\"lazy\" src=\"http:\/\/museumek.eu\/wp-content\/uploads\/2015\/02\/2879-300x246.jpg\" alt=\"\" title=\"2879\" width=\"300\" height=\"246\" class=\"alignnone size-medium wp-image-37305\" srcset=\"http:\/\/museumek.eu\/wp-content\/uploads\/2015\/02\/2879-300x246.jpg 300w, http:\/\/museumek.eu\/wp-content\/uploads\/2015\/02\/2879-150x123.jpg 150w, http:\/\/museumek.eu\/wp-content\/uploads\/2015\/02\/2879-365x300.jpg 365w, http:\/\/museumek.eu\/wp-content\/uploads\/2015\/02\/2879.jpg 730w\" sizes=\"(max-width: 300px) 100vw, 300px\" \/><\/a><\/p>\n<p><a href=\"http:\/\/museumek.eu\/?attachment_id=37306\" rel=\"attachment wp-att-37306\"><img loading=\"lazy\" src=\"http:\/\/museumek.eu\/wp-content\/uploads\/2015\/02\/2880-263x300.jpg\" alt=\"\" title=\"2880\" width=\"263\" height=\"300\" class=\"alignnone size-medium wp-image-37306\" srcset=\"http:\/\/museumek.eu\/wp-content\/uploads\/2015\/02\/2880-263x300.jpg 263w, http:\/\/museumek.eu\/wp-content\/uploads\/2015\/02\/2880-131x150.jpg 131w, http:\/\/museumek.eu\/wp-content\/uploads\/2015\/02\/2880.jpg 600w\" sizes=\"(max-width: 263px) 100vw, 263px\" \/><\/a><\/p>\n<p><a href=\"http:\/\/museumek.eu\/?attachment_id=37307\" rel=\"attachment wp-att-37307\"><img loading=\"lazy\" src=\"http:\/\/museumek.eu\/wp-content\/uploads\/2015\/02\/2881-300x157.jpg\" alt=\"\" title=\"2881\" width=\"300\" height=\"157\" class=\"alignnone size-medium wp-image-37307\" srcset=\"http:\/\/museumek.eu\/wp-content\/uploads\/2015\/02\/2881-300x157.jpg 300w, http:\/\/museumek.eu\/wp-content\/uploads\/2015\/02\/2881-150x78.jpg 150w, http:\/\/museumek.eu\/wp-content\/uploads\/2015\/02\/2881-500x262.jpg 500w, http:\/\/museumek.eu\/wp-content\/uploads\/2015\/02\/2881.jpg 800w\" sizes=\"(max-width: 300px) 100vw, 300px\" \/><\/a><\/p>\n<p><a href=\"http:\/\/museumek.eu\/?attachment_id=37308\" rel=\"attachment wp-att-37308\"><img loading=\"lazy\" src=\"http:\/\/museumek.eu\/wp-content\/uploads\/2015\/02\/2882-206x300.jpg\" alt=\"\" title=\"2882\" width=\"206\" height=\"300\" class=\"alignnone size-medium wp-image-37308\" srcset=\"http:\/\/museumek.eu\/wp-content\/uploads\/2015\/02\/2882-206x300.jpg 206w, http:\/\/museumek.eu\/wp-content\/uploads\/2015\/02\/2882-103x150.jpg 103w, http:\/\/museumek.eu\/wp-content\/uploads\/2015\/02\/2882.jpg 550w\" sizes=\"(max-width: 206px) 100vw, 206px\" \/><\/a><\/p>\n<p><a href=\"http:\/\/museumek.eu\/?attachment_id=37314\" rel=\"attachment wp-att-37314\"><img loading=\"lazy\" src=\"http:\/\/museumek.eu\/wp-content\/uploads\/2015\/02\/28831-195x300.jpg\" alt=\"\" title=\"2883\" width=\"195\" height=\"300\" class=\"alignnone size-medium wp-image-37314\" srcset=\"http:\/\/museumek.eu\/wp-content\/uploads\/2015\/02\/28831-195x300.jpg 195w, http:\/\/museumek.eu\/wp-content\/uploads\/2015\/02\/28831-97x150.jpg 97w, http:\/\/museumek.eu\/wp-content\/uploads\/2015\/02\/28831.jpg 521w\" sizes=\"(max-width: 195px) 100vw, 195px\" \/><\/a><\/p>\n<p><a href=\"http:\/\/museumek.eu\/?attachment_id=37315\" rel=\"attachment wp-att-37315\"><img loading=\"lazy\" src=\"http:\/\/museumek.eu\/wp-content\/uploads\/2015\/02\/2884-283x300.jpg\" alt=\"\" title=\"2884\" width=\"283\" height=\"300\" class=\"alignnone size-medium wp-image-37315\" srcset=\"http:\/\/museumek.eu\/wp-content\/uploads\/2015\/02\/2884-283x300.jpg 283w, http:\/\/museumek.eu\/wp-content\/uploads\/2015\/02\/2884-141x150.jpg 141w, http:\/\/museumek.eu\/wp-content\/uploads\/2015\/02\/2884.jpg 543w\" sizes=\"(max-width: 283px) 100vw, 283px\" \/><\/a><\/p>\n","protected":false},"excerpt":{"rendered":"<p>Abteilung Deutschland, Keramik 1860 \u2013 1960, Inventarnummer D\/XLIX\/11 Simon Peter Gerz I. GmbH Fabrik fein verzierter Gebrauchs- und Luxusgegenst\u00e4nde und Vorg\u00e4nger Simon Peter Gerz I. Fabrik antiker reichverzierter Steinzeugwaaren, Deutschland, H\u00f6hr, um 1907, Bowle, K\u00fcnstler Paul Wynand, Werks.-Nr. 1542 A, &hellip; <a href=\"http:\/\/museumek.eu\/?page_id=37299\">Weiterlesen <span class=\"meta-nav\">&rarr;<\/span><\/a><\/p>\n","protected":false},"author":1,"featured_media":0,"parent":37296,"menu_order":11,"comment_status":"closed","ping_status":"open","template":"","meta":[],"_links":{"self":[{"href":"http:\/\/museumek.eu\/index.php?rest_route=\/wp\/v2\/pages\/37299"}],"collection":[{"href":"http:\/\/museumek.eu\/index.php?rest_route=\/wp\/v2\/pages"}],"about":[{"href":"http:\/\/museumek.eu\/index.php?rest_route=\/wp\/v2\/types\/page"}],"author":[{"embeddable":true,"href":"http:\/\/museumek.eu\/index.php?rest_route=\/wp\/v2\/users\/1"}],"replies":[{"embeddable":true,"href":"http:\/\/museumek.eu\/index.php?rest_route=%2Fwp%2Fv2%2Fcomments&post=37299"}],"version-history":[{"count":6,"href":"http:\/\/museumek.eu\/index.php?rest_route=\/wp\/v2\/pages\/37299\/revisions"}],"predecessor-version":[{"id":37317,"href":"http:\/\/museumek.eu\/index.php?rest_route=\/wp\/v2\/pages\/37299\/revisions\/37317"}],"up":[{"embeddable":true,"href":"http:\/\/museumek.eu\/index.php?rest_route=\/wp\/v2\/pages\/37296"}],"wp:attachment":[{"href":"http:\/\/museumek.eu\/index.php?rest_route=%2Fwp%2Fv2%2Fmedia&parent=37299"}],"curies":[{"name":"wp","href":"https:\/\/api.w.org\/{rel}","templated":true}]}}