{"id":37399,"date":"2015-03-02T20:41:48","date_gmt":"2015-03-02T19:41:48","guid":{"rendered":"http:\/\/museumek.eu\/?page_id=37399"},"modified":"2015-05-25T13:50:05","modified_gmt":"2015-05-25T11:50:05","slug":"dlxxxii24","status":"publish","type":"page","link":"http:\/\/museumek.eu\/?page_id=37399","title":{"rendered":"D\/LXXXII\/24"},"content":{"rendered":"<p><strong>Abteilung Deutschland, Keramik 1860 \u2013 1960, Inventarnummer D\/LXXXII\/24<\/strong><\/p>\n<p>Westerw\u00e4lder Steinzeug ohne Fabrikzuordnung, Deutschland, Westerwald, um 1910, Seidel, K\u00fcnstler unbekannt, Werks.-Nr. 126, Exemplar Nr. ohne, gemarkt keine Firmenmarke aber 0,5 L rechts neben Eichstrich sowie 126 gepresst, nicht signiert, Ausf\u00fchrung als Elfenbeinsteinzeug schwarz-blau glasiert, Zinndeckel wohl ein K\u00fcnstlerentwurf, H\u00f6he 11 cm, Breite 15,3 cm (nur die Keramik)<\/p>\n<p><a href=\"http:\/\/museumek.eu\/?attachment_id=40307\" rel=\"attachment wp-att-40307\"><img loading=\"lazy\" src=\"http:\/\/museumek.eu\/wp-content\/uploads\/2015\/03\/2823-196x300.jpg\" alt=\"\" title=\"2823\" width=\"196\" height=\"300\" class=\"alignnone size-medium wp-image-40307\" srcset=\"http:\/\/museumek.eu\/wp-content\/uploads\/2015\/03\/2823-196x300.jpg 196w, http:\/\/museumek.eu\/wp-content\/uploads\/2015\/03\/2823-98x150.jpg 98w, http:\/\/museumek.eu\/wp-content\/uploads\/2015\/03\/2823.jpg 525w\" sizes=\"(max-width: 196px) 100vw, 196px\" \/><\/a><\/p>\n<p><a href=\"http:\/\/museumek.eu\/?attachment_id=40309\" rel=\"attachment wp-att-40309\"><img loading=\"lazy\" src=\"http:\/\/museumek.eu\/wp-content\/uploads\/2015\/03\/2824-265x300.jpg\" alt=\"\" title=\"2824\" width=\"265\" height=\"300\" class=\"alignnone size-medium wp-image-40309\" srcset=\"http:\/\/museumek.eu\/wp-content\/uploads\/2015\/03\/2824-265x300.jpg 265w, http:\/\/museumek.eu\/wp-content\/uploads\/2015\/03\/2824-132x150.jpg 132w, http:\/\/museumek.eu\/wp-content\/uploads\/2015\/03\/2824.jpg 600w\" sizes=\"(max-width: 265px) 100vw, 265px\" \/><\/a><\/p>\n<p><a href=\"http:\/\/museumek.eu\/?attachment_id=40310\" rel=\"attachment wp-att-40310\"><img loading=\"lazy\" src=\"http:\/\/museumek.eu\/wp-content\/uploads\/2015\/03\/2825-275x300.jpg\" alt=\"\" title=\"2825\" width=\"275\" height=\"300\" class=\"alignnone size-medium wp-image-40310\" srcset=\"http:\/\/museumek.eu\/wp-content\/uploads\/2015\/03\/2825-275x300.jpg 275w, http:\/\/museumek.eu\/wp-content\/uploads\/2015\/03\/2825-137x150.jpg 137w, http:\/\/museumek.eu\/wp-content\/uploads\/2015\/03\/2825.jpg 600w\" sizes=\"(max-width: 275px) 100vw, 275px\" \/><\/a><\/p>\n<p><a href=\"http:\/\/museumek.eu\/?attachment_id=40311\" rel=\"attachment wp-att-40311\"><img loading=\"lazy\" src=\"http:\/\/museumek.eu\/wp-content\/uploads\/2015\/03\/2826-194x300.jpg\" alt=\"\" title=\"2826\" width=\"194\" height=\"300\" class=\"alignnone size-medium wp-image-40311\" srcset=\"http:\/\/museumek.eu\/wp-content\/uploads\/2015\/03\/2826-194x300.jpg 194w, http:\/\/museumek.eu\/wp-content\/uploads\/2015\/03\/2826-97x150.jpg 97w, http:\/\/museumek.eu\/wp-content\/uploads\/2015\/03\/2826-663x1024.jpg 663w, http:\/\/museumek.eu\/wp-content\/uploads\/2015\/03\/2826.jpg 1034w\" sizes=\"(max-width: 194px) 100vw, 194px\" \/><\/a><\/p>\n<p><a href=\"http:\/\/museumek.eu\/?attachment_id=40315\" rel=\"attachment wp-att-40315\"><img loading=\"lazy\" src=\"http:\/\/museumek.eu\/wp-content\/uploads\/2015\/03\/28271-300x243.jpg\" alt=\"\" title=\"2827\" width=\"300\" height=\"243\" class=\"alignnone size-medium wp-image-40315\" srcset=\"http:\/\/museumek.eu\/wp-content\/uploads\/2015\/03\/28271-300x243.jpg 300w, http:\/\/museumek.eu\/wp-content\/uploads\/2015\/03\/28271-150x121.jpg 150w, http:\/\/museumek.eu\/wp-content\/uploads\/2015\/03\/28271-370x300.jpg 370w, http:\/\/museumek.eu\/wp-content\/uploads\/2015\/03\/28271.jpg 740w\" sizes=\"(max-width: 300px) 100vw, 300px\" \/><\/a><\/p>\n<p><a href=\"http:\/\/museumek.eu\/?attachment_id=40316\" rel=\"attachment wp-att-40316\"><img loading=\"lazy\" src=\"http:\/\/museumek.eu\/wp-content\/uploads\/2015\/03\/2828-300x153.jpg\" alt=\"\" title=\"2828\" width=\"300\" height=\"153\" class=\"alignnone size-medium wp-image-40316\" srcset=\"http:\/\/museumek.eu\/wp-content\/uploads\/2015\/03\/2828-300x153.jpg 300w, http:\/\/museumek.eu\/wp-content\/uploads\/2015\/03\/2828-150x76.jpg 150w, http:\/\/museumek.eu\/wp-content\/uploads\/2015\/03\/2828.jpg 412w\" sizes=\"(max-width: 300px) 100vw, 300px\" \/><\/a><\/p>\n<p><a href=\"http:\/\/museumek.eu\/?attachment_id=40317\" rel=\"attachment wp-att-40317\"><img loading=\"lazy\" src=\"http:\/\/museumek.eu\/wp-content\/uploads\/2015\/03\/2829-300x191.jpg\" alt=\"\" title=\"2829\" width=\"300\" height=\"191\" class=\"alignnone size-medium wp-image-40317\" srcset=\"http:\/\/museumek.eu\/wp-content\/uploads\/2015\/03\/2829-300x191.jpg 300w, http:\/\/museumek.eu\/wp-content\/uploads\/2015\/03\/2829-150x95.jpg 150w, http:\/\/museumek.eu\/wp-content\/uploads\/2015\/03\/2829.jpg 353w\" sizes=\"(max-width: 300px) 100vw, 300px\" \/><\/a><\/p>\n<p><a href=\"http:\/\/museumek.eu\/?attachment_id=40318\" rel=\"attachment wp-att-40318\"><img loading=\"lazy\" src=\"http:\/\/museumek.eu\/wp-content\/uploads\/2015\/03\/2830-208x300.jpg\" alt=\"\" title=\"2830\" width=\"208\" height=\"300\" class=\"alignnone size-medium wp-image-40318\" srcset=\"http:\/\/museumek.eu\/wp-content\/uploads\/2015\/03\/2830-208x300.jpg 208w, http:\/\/museumek.eu\/wp-content\/uploads\/2015\/03\/2830-104x150.jpg 104w, http:\/\/museumek.eu\/wp-content\/uploads\/2015\/03\/2830.jpg 555w\" sizes=\"(max-width: 208px) 100vw, 208px\" \/><\/a><\/p>\n","protected":false},"excerpt":{"rendered":"<p>Abteilung Deutschland, Keramik 1860 \u2013 1960, Inventarnummer D\/LXXXII\/24 Westerw\u00e4lder Steinzeug ohne Fabrikzuordnung, Deutschland, Westerwald, um 1910, Seidel, K\u00fcnstler unbekannt, Werks.-Nr. 126, Exemplar Nr. ohne, gemarkt keine Firmenmarke aber 0,5 L rechts neben Eichstrich sowie 126 gepresst, nicht signiert, Ausf\u00fchrung als &hellip; <a href=\"http:\/\/museumek.eu\/?page_id=37399\">Weiterlesen <span class=\"meta-nav\">&rarr;<\/span><\/a><\/p>\n","protected":false},"author":1,"featured_media":0,"parent":33436,"menu_order":24,"comment_status":"closed","ping_status":"open","template":"","meta":[],"_links":{"self":[{"href":"http:\/\/museumek.eu\/index.php?rest_route=\/wp\/v2\/pages\/37399"}],"collection":[{"href":"http:\/\/museumek.eu\/index.php?rest_route=\/wp\/v2\/pages"}],"about":[{"href":"http:\/\/museumek.eu\/index.php?rest_route=\/wp\/v2\/types\/page"}],"author":[{"embeddable":true,"href":"http:\/\/museumek.eu\/index.php?rest_route=\/wp\/v2\/users\/1"}],"replies":[{"embeddable":true,"href":"http:\/\/museumek.eu\/index.php?rest_route=%2Fwp%2Fv2%2Fcomments&post=37399"}],"version-history":[{"count":12,"href":"http:\/\/museumek.eu\/index.php?rest_route=\/wp\/v2\/pages\/37399\/revisions"}],"predecessor-version":[{"id":40320,"href":"http:\/\/museumek.eu\/index.php?rest_route=\/wp\/v2\/pages\/37399\/revisions\/40320"}],"up":[{"embeddable":true,"href":"http:\/\/museumek.eu\/index.php?rest_route=\/wp\/v2\/pages\/33436"}],"wp:attachment":[{"href":"http:\/\/museumek.eu\/index.php?rest_route=%2Fwp%2Fv2%2Fmedia&parent=37399"}],"curies":[{"name":"wp","href":"https:\/\/api.w.org\/{rel}","templated":true}]}}