{"id":37429,"date":"2015-03-03T21:40:12","date_gmt":"2015-03-03T20:40:12","guid":{"rendered":"http:\/\/museumek.eu\/?page_id=37429"},"modified":"2015-03-03T21:41:01","modified_gmt":"2015-03-03T20:41:01","slug":"dlxxxiii4","status":"publish","type":"page","link":"http:\/\/museumek.eu\/?page_id=37429","title":{"rendered":"D\/LXXXIII\/4"},"content":{"rendered":"<p><strong>Abteilung Deutschland, Keramik 1860 \u2013 1960, Inventarnummer D\/LXXXIII\/\/4<\/strong><\/p>\n<p>D\u00fcmler &#038; Breiden Fabrik reichverzierter, altdeutscher Steinkr\u00fcge, Trinkhumpen, Pokale, Wein- u. Bierkannen etc. sowie Steinwaren in modernem Geschmack in bunter Glasur und bester Ausf\u00fchrung, Deutschland, H\u00f6hr, um 1925, Seidel, K\u00fcnstler unbekannt, Werks.-Nr. 1824, Exemplar Nr. 7 (?), gemarkt Firmenmarke zwei gekreuzte Degen, die Degengriffe als Buchstaben D &#038; B ausgef\u00fchrt darunter H\u00f6hr, 1824, 7 sowie \u00bd L \u00fcber Eichstrich gepresst, nicht signiert, Literatur: Gisela Reineking von Bock, Meister der deutschen Keramik, Seite 329, Marke Nr. 211 identisch, weitere Literatur: J\u00fcrgen Schimanski und J\u00fcrgen Erlebach, Westerw\u00e4lder Steinzeug, Die Neue \u00c4ra, Seite 38, Fabrikbeschreibung sowie Marke Nr. 1 identisch, weitere Literatur: J\u00fcrgen Schimanski, Braun geflammt und grau gesalzen, Seite 196, Fabrikbeschreibung sowie Marke Nr. 1 identisch sowie Hinweis, dass die Marke nach 1918 verwendet worden ist, die Fabrik wurde 1883\/1884 von Peter D\u00fcmler und seinem sp\u00e4teren Schwager Albert Breiden in H\u00f6hr gegr\u00fcndet, 1907 zum Tode Peter D\u00fcmlers treten seine Witwe Bertha und sein Sohn Paul in die Fabrik ein, Paul wird seit dem WK I vermi\u00dft, um 1913 verkauft Albert Breiden seine Fabrikanteile (an wen konnte nicht recherchiert werden) und um 1918 tritt der Cousin Ernst D\u00fcmler in die Fabrik ein, die o. g. Fabrikbezeichnung wurde von einer Zeitungsanzeige des Jahres 1907 \u00fcbernommen, die Fabrik bestand \u00fcber den WK II hinaus, weitere Fabrikbezeichnungen und Inhaberverh\u00e4ltnisse konnten nicht recherchiert werden, Zinnmontur mit Blechdeckel,<br \/>\nH\u00f6he 11 cm, Breite 15 cm (nur die Keramik)<\/p>\n<p><a href=\"http:\/\/museumek.eu\/?attachment_id=37430\" rel=\"attachment wp-att-37430\"><img loading=\"lazy\" src=\"http:\/\/museumek.eu\/wp-content\/uploads\/2015\/03\/2382-231x300.jpg\" alt=\"\" title=\"2382\" width=\"231\" height=\"300\" class=\"alignnone size-medium wp-image-37430\" srcset=\"http:\/\/museumek.eu\/wp-content\/uploads\/2015\/03\/2382-231x300.jpg 231w, http:\/\/museumek.eu\/wp-content\/uploads\/2015\/03\/2382-115x150.jpg 115w, http:\/\/museumek.eu\/wp-content\/uploads\/2015\/03\/2382.jpg 600w\" sizes=\"(max-width: 231px) 100vw, 231px\" \/><\/a><\/p>\n<p><a href=\"http:\/\/museumek.eu\/?attachment_id=37431\" rel=\"attachment wp-att-37431\"><img loading=\"lazy\" src=\"http:\/\/museumek.eu\/wp-content\/uploads\/2015\/03\/2383-270x300.jpg\" alt=\"\" title=\"2383\" width=\"270\" height=\"300\" class=\"alignnone size-medium wp-image-37431\" srcset=\"http:\/\/museumek.eu\/wp-content\/uploads\/2015\/03\/2383-270x300.jpg 270w, http:\/\/museumek.eu\/wp-content\/uploads\/2015\/03\/2383-135x150.jpg 135w, http:\/\/museumek.eu\/wp-content\/uploads\/2015\/03\/2383.jpg 600w\" sizes=\"(max-width: 270px) 100vw, 270px\" \/><\/a><\/p>\n<p><a href=\"http:\/\/museumek.eu\/?attachment_id=37432\" rel=\"attachment wp-att-37432\"><img loading=\"lazy\" src=\"http:\/\/museumek.eu\/wp-content\/uploads\/2015\/03\/2384-275x300.jpg\" alt=\"\" title=\"2384\" width=\"275\" height=\"300\" class=\"alignnone size-medium wp-image-37432\" srcset=\"http:\/\/museumek.eu\/wp-content\/uploads\/2015\/03\/2384-275x300.jpg 275w, http:\/\/museumek.eu\/wp-content\/uploads\/2015\/03\/2384-137x150.jpg 137w, http:\/\/museumek.eu\/wp-content\/uploads\/2015\/03\/2384.jpg 600w\" sizes=\"(max-width: 275px) 100vw, 275px\" \/><\/a><\/p>\n<p><a href=\"http:\/\/museumek.eu\/?attachment_id=37433\" rel=\"attachment wp-att-37433\"><img loading=\"lazy\" src=\"http:\/\/museumek.eu\/wp-content\/uploads\/2015\/03\/2385-195x300.jpg\" alt=\"\" title=\"2385\" width=\"195\" height=\"300\" class=\"alignnone size-medium wp-image-37433\" srcset=\"http:\/\/museumek.eu\/wp-content\/uploads\/2015\/03\/2385-195x300.jpg 195w, http:\/\/museumek.eu\/wp-content\/uploads\/2015\/03\/2385-97x150.jpg 97w, http:\/\/museumek.eu\/wp-content\/uploads\/2015\/03\/2385.jpg 520w\" sizes=\"(max-width: 195px) 100vw, 195px\" \/><\/a><\/p>\n<p><a href=\"http:\/\/museumek.eu\/?attachment_id=37434\" rel=\"attachment wp-att-37434\"><img loading=\"lazy\" src=\"http:\/\/museumek.eu\/wp-content\/uploads\/2015\/03\/2387-300x258.jpg\" alt=\"\" title=\"2387\" width=\"300\" height=\"258\" class=\"alignnone size-medium wp-image-37434\" srcset=\"http:\/\/museumek.eu\/wp-content\/uploads\/2015\/03\/2387-300x258.jpg 300w, http:\/\/museumek.eu\/wp-content\/uploads\/2015\/03\/2387-150x129.jpg 150w, http:\/\/museumek.eu\/wp-content\/uploads\/2015\/03\/2387-348x300.jpg 348w, http:\/\/museumek.eu\/wp-content\/uploads\/2015\/03\/2387.jpg 417w\" sizes=\"(max-width: 300px) 100vw, 300px\" \/><\/a><\/p>\n<p><a href=\"http:\/\/museumek.eu\/?attachment_id=37435\" rel=\"attachment wp-att-37435\"><img loading=\"lazy\" src=\"http:\/\/museumek.eu\/wp-content\/uploads\/2015\/03\/2386-183x300.jpg\" alt=\"\" title=\"2386\" width=\"183\" height=\"300\" class=\"alignnone size-medium wp-image-37435\" srcset=\"http:\/\/museumek.eu\/wp-content\/uploads\/2015\/03\/2386-183x300.jpg 183w, http:\/\/museumek.eu\/wp-content\/uploads\/2015\/03\/2386-91x150.jpg 91w, http:\/\/museumek.eu\/wp-content\/uploads\/2015\/03\/2386.jpg 438w\" sizes=\"(max-width: 183px) 100vw, 183px\" \/><\/a><\/p>\n","protected":false},"excerpt":{"rendered":"<p>Abteilung Deutschland, Keramik 1860 \u2013 1960, Inventarnummer D\/LXXXIII\/\/4 D\u00fcmler &#038; Breiden Fabrik reichverzierter, altdeutscher Steinkr\u00fcge, Trinkhumpen, Pokale, Wein- u. Bierkannen etc. sowie Steinwaren in modernem Geschmack in bunter Glasur und bester Ausf\u00fchrung, Deutschland, H\u00f6hr, um 1925, Seidel, K\u00fcnstler unbekannt, Werks.-Nr. &hellip; <a href=\"http:\/\/museumek.eu\/?page_id=37429\">Weiterlesen <span class=\"meta-nav\">&rarr;<\/span><\/a><\/p>\n","protected":false},"author":1,"featured_media":0,"parent":22586,"menu_order":4,"comment_status":"closed","ping_status":"open","template":"","meta":[],"_links":{"self":[{"href":"http:\/\/museumek.eu\/index.php?rest_route=\/wp\/v2\/pages\/37429"}],"collection":[{"href":"http:\/\/museumek.eu\/index.php?rest_route=\/wp\/v2\/pages"}],"about":[{"href":"http:\/\/museumek.eu\/index.php?rest_route=\/wp\/v2\/types\/page"}],"author":[{"embeddable":true,"href":"http:\/\/museumek.eu\/index.php?rest_route=\/wp\/v2\/users\/1"}],"replies":[{"embeddable":true,"href":"http:\/\/museumek.eu\/index.php?rest_route=%2Fwp%2Fv2%2Fcomments&post=37429"}],"version-history":[{"count":6,"href":"http:\/\/museumek.eu\/index.php?rest_route=\/wp\/v2\/pages\/37429\/revisions"}],"predecessor-version":[{"id":37441,"href":"http:\/\/museumek.eu\/index.php?rest_route=\/wp\/v2\/pages\/37429\/revisions\/37441"}],"up":[{"embeddable":true,"href":"http:\/\/museumek.eu\/index.php?rest_route=\/wp\/v2\/pages\/22586"}],"wp:attachment":[{"href":"http:\/\/museumek.eu\/index.php?rest_route=%2Fwp%2Fv2%2Fmedia&parent=37429"}],"curies":[{"name":"wp","href":"https:\/\/api.w.org\/{rel}","templated":true}]}}