{"id":37445,"date":"2015-03-05T14:07:34","date_gmt":"2015-03-05T13:07:34","guid":{"rendered":"http:\/\/museumek.eu\/?page_id=37445"},"modified":"2015-03-05T14:09:32","modified_gmt":"2015-03-05T13:09:32","slug":"dlxxxii25","status":"publish","type":"page","link":"http:\/\/museumek.eu\/?page_id=37445","title":{"rendered":"D\/LXXXII\/25"},"content":{"rendered":"<p><strong>Abteilung Deutschland, Keramik 1860 \u2013 1960, Inventarnummer D\/LXXXII\/25<\/strong><\/p>\n<p>Westerw\u00e4lder Steinzeug ohne Fabrikzuordnung, Deutschland, Westerwald, um 1890, Krug, K\u00fcnstler unbekannt, Werks.-Nr. ohne, Exemplar Nr. ohne, gemarkt keine Firmenmarke aber 0,8 L \u00fcber Eichstrich gepresst, nicht signiert, die Adlerbrauerei in Eislingen wurde urkundlich bereits 1493 erw\u00e4hnt, 1886 war der in die Brauereifamilie 1880 eingeheirate Carl Oskar Holzherr Eigent\u00fcmer, Firmierung Adler-Brauerei, 1891 hie\u00df sie Brauerei zum Adler, 1933 hie\u00df sie Adlerbrauerei Gro\u00dfeislingen,1971 hie\u00df sie Adlerbrauerei, Inhaber Adolf Holzherr, die dicke blaue Emailschrift ist aufgelegt,<br \/>\nH\u00f6he 17 cm, Breite 15 cm<\/p>\n<p><a href=\"http:\/\/museumek.eu\/?attachment_id=37446\" rel=\"attachment wp-att-37446\"><img loading=\"lazy\" src=\"http:\/\/museumek.eu\/wp-content\/uploads\/2015\/03\/1410-180x300.jpg\" alt=\"\" title=\"1410\" width=\"180\" height=\"300\" class=\"alignnone size-medium wp-image-37446\" srcset=\"http:\/\/museumek.eu\/wp-content\/uploads\/2015\/03\/1410-180x300.jpg 180w, http:\/\/museumek.eu\/wp-content\/uploads\/2015\/03\/1410-90x150.jpg 90w, http:\/\/museumek.eu\/wp-content\/uploads\/2015\/03\/1410.jpg 482w\" sizes=\"(max-width: 180px) 100vw, 180px\" \/><\/a><\/p>\n<p><a href=\"http:\/\/museumek.eu\/?attachment_id=37447\" rel=\"attachment wp-att-37447\"><img loading=\"lazy\" src=\"http:\/\/museumek.eu\/wp-content\/uploads\/2015\/03\/1411-214x300.jpg\" alt=\"\" title=\"1411\" width=\"214\" height=\"300\" class=\"alignnone size-medium wp-image-37447\" srcset=\"http:\/\/museumek.eu\/wp-content\/uploads\/2015\/03\/1411-214x300.jpg 214w, http:\/\/museumek.eu\/wp-content\/uploads\/2015\/03\/1411-107x150.jpg 107w, http:\/\/museumek.eu\/wp-content\/uploads\/2015\/03\/1411.jpg 573w\" sizes=\"(max-width: 214px) 100vw, 214px\" \/><\/a><\/p>\n<p><a href=\"http:\/\/museumek.eu\/?attachment_id=37448\" rel=\"attachment wp-att-37448\"><img loading=\"lazy\" src=\"http:\/\/museumek.eu\/wp-content\/uploads\/2015\/03\/1412-171x300.jpg\" alt=\"\" title=\"1412\" width=\"171\" height=\"300\" class=\"alignnone size-medium wp-image-37448\" srcset=\"http:\/\/museumek.eu\/wp-content\/uploads\/2015\/03\/1412-171x300.jpg 171w, http:\/\/museumek.eu\/wp-content\/uploads\/2015\/03\/1412-85x150.jpg 85w, http:\/\/museumek.eu\/wp-content\/uploads\/2015\/03\/1412.jpg 458w\" sizes=\"(max-width: 171px) 100vw, 171px\" \/><\/a><\/p>\n<p><a href=\"http:\/\/museumek.eu\/?attachment_id=37449\" rel=\"attachment wp-att-37449\"><img loading=\"lazy\" src=\"http:\/\/museumek.eu\/wp-content\/uploads\/2015\/03\/1413-205x300.jpg\" alt=\"\" title=\"1413\" width=\"205\" height=\"300\" class=\"alignnone size-medium wp-image-37449\" srcset=\"http:\/\/museumek.eu\/wp-content\/uploads\/2015\/03\/1413-205x300.jpg 205w, http:\/\/museumek.eu\/wp-content\/uploads\/2015\/03\/1413-102x150.jpg 102w, http:\/\/museumek.eu\/wp-content\/uploads\/2015\/03\/1413.jpg 549w\" sizes=\"(max-width: 205px) 100vw, 205px\" \/><\/a><\/p>\n<p><a href=\"http:\/\/museumek.eu\/?attachment_id=37450\" rel=\"attachment wp-att-37450\"><img loading=\"lazy\" src=\"http:\/\/museumek.eu\/wp-content\/uploads\/2015\/03\/1414-182x300.jpg\" alt=\"\" title=\"1414\" width=\"182\" height=\"300\" class=\"alignnone size-medium wp-image-37450\" srcset=\"http:\/\/museumek.eu\/wp-content\/uploads\/2015\/03\/1414-182x300.jpg 182w, http:\/\/museumek.eu\/wp-content\/uploads\/2015\/03\/1414-91x150.jpg 91w, http:\/\/museumek.eu\/wp-content\/uploads\/2015\/03\/1414.jpg 428w\" sizes=\"(max-width: 182px) 100vw, 182px\" \/><\/a><\/p>\n<p><a href=\"http:\/\/museumek.eu\/?attachment_id=37451\" rel=\"attachment wp-att-37451\"><img loading=\"lazy\" src=\"http:\/\/museumek.eu\/wp-content\/uploads\/2015\/03\/1415-300x279.jpg\" alt=\"\" title=\"1415\" width=\"300\" height=\"279\" class=\"alignnone size-medium wp-image-37451\" srcset=\"http:\/\/museumek.eu\/wp-content\/uploads\/2015\/03\/1415-300x279.jpg 300w, http:\/\/museumek.eu\/wp-content\/uploads\/2015\/03\/1415-150x139.jpg 150w, http:\/\/museumek.eu\/wp-content\/uploads\/2015\/03\/1415-322x300.jpg 322w, http:\/\/museumek.eu\/wp-content\/uploads\/2015\/03\/1415.jpg 645w\" sizes=\"(max-width: 300px) 100vw, 300px\" \/><\/a><\/p>\n","protected":false},"excerpt":{"rendered":"<p>Abteilung Deutschland, Keramik 1860 \u2013 1960, Inventarnummer D\/LXXXII\/25 Westerw\u00e4lder Steinzeug ohne Fabrikzuordnung, Deutschland, Westerwald, um 1890, Krug, K\u00fcnstler unbekannt, Werks.-Nr. ohne, Exemplar Nr. ohne, gemarkt keine Firmenmarke aber 0,8 L \u00fcber Eichstrich gepresst, nicht signiert, die Adlerbrauerei in Eislingen wurde &hellip; <a href=\"http:\/\/museumek.eu\/?page_id=37445\">Weiterlesen <span class=\"meta-nav\">&rarr;<\/span><\/a><\/p>\n","protected":false},"author":1,"featured_media":0,"parent":33436,"menu_order":25,"comment_status":"closed","ping_status":"open","template":"","meta":[],"_links":{"self":[{"href":"http:\/\/museumek.eu\/index.php?rest_route=\/wp\/v2\/pages\/37445"}],"collection":[{"href":"http:\/\/museumek.eu\/index.php?rest_route=\/wp\/v2\/pages"}],"about":[{"href":"http:\/\/museumek.eu\/index.php?rest_route=\/wp\/v2\/types\/page"}],"author":[{"embeddable":true,"href":"http:\/\/museumek.eu\/index.php?rest_route=\/wp\/v2\/users\/1"}],"replies":[{"embeddable":true,"href":"http:\/\/museumek.eu\/index.php?rest_route=%2Fwp%2Fv2%2Fcomments&post=37445"}],"version-history":[{"count":6,"href":"http:\/\/museumek.eu\/index.php?rest_route=\/wp\/v2\/pages\/37445\/revisions"}],"predecessor-version":[{"id":37457,"href":"http:\/\/museumek.eu\/index.php?rest_route=\/wp\/v2\/pages\/37445\/revisions\/37457"}],"up":[{"embeddable":true,"href":"http:\/\/museumek.eu\/index.php?rest_route=\/wp\/v2\/pages\/33436"}],"wp:attachment":[{"href":"http:\/\/museumek.eu\/index.php?rest_route=%2Fwp%2Fv2%2Fmedia&parent=37445"}],"curies":[{"name":"wp","href":"https:\/\/api.w.org\/{rel}","templated":true}]}}