{"id":37479,"date":"2015-03-06T19:53:57","date_gmt":"2015-03-06T18:53:57","guid":{"rendered":"http:\/\/museumek.eu\/?page_id=37479"},"modified":"2015-03-06T19:53:58","modified_gmt":"2015-03-06T18:53:58","slug":"dlxxxii27","status":"publish","type":"page","link":"http:\/\/museumek.eu\/?page_id=37479","title":{"rendered":"D\/LXXXII\/27"},"content":{"rendered":"<p><strong>Abteilung Deutschland, Keramik 1860 \u2013 1960, Inventarnummer D\/LXXXII\/27<\/strong><\/p>\n<p>Westerw\u00e4lder Steinzeug ohne Fabrikzuordnung, Deutschland, Westerwald, um 1920, Seidel, K\u00fcnstler unbekannt, Werks.-Nr. ohne, Exemplar Nr. ohne, gemarkt keine Firmenmarke aber 0,5 L \u00fcber Eichstrich gepresst, nicht signiert, Hersteller des Siechen Bieres war die J. G. Reif Brauerei in N\u00fcrnberg, die 1966 mit der Freiherrlich von Tucher\u2019schen Brauerei AG fusionierte, der Name Siechen leitet sich wohl vom Bierhaus Siechen (Gr\u00fcnder Carl Siechen) in Berlin ab, dass ab 1875 das Exportbier der J. G. Reif Brauerei verkauft hat, H\u00f6he 12,5 cm, Breite 14 cm<\/p>\n<p><a href=\"http:\/\/museumek.eu\/?attachment_id=37480\" rel=\"attachment wp-att-37480\"><img loading=\"lazy\" src=\"http:\/\/museumek.eu\/wp-content\/uploads\/2015\/03\/1644-205x300.jpg\" alt=\"\" title=\"1644\" width=\"205\" height=\"300\" class=\"alignnone size-medium wp-image-37480\" srcset=\"http:\/\/museumek.eu\/wp-content\/uploads\/2015\/03\/1644-205x300.jpg 205w, http:\/\/museumek.eu\/wp-content\/uploads\/2015\/03\/1644-102x150.jpg 102w, http:\/\/museumek.eu\/wp-content\/uploads\/2015\/03\/1644.jpg 547w\" sizes=\"(max-width: 205px) 100vw, 205px\" \/><\/a><\/p>\n<p><a href=\"http:\/\/museumek.eu\/?attachment_id=37481\" rel=\"attachment wp-att-37481\"><img loading=\"lazy\" src=\"http:\/\/museumek.eu\/wp-content\/uploads\/2015\/03\/1645-293x300.jpg\" alt=\"\" title=\"1645\" width=\"293\" height=\"300\" class=\"alignnone size-medium wp-image-37481\" srcset=\"http:\/\/museumek.eu\/wp-content\/uploads\/2015\/03\/1645-293x300.jpg 293w, http:\/\/museumek.eu\/wp-content\/uploads\/2015\/03\/1645-146x150.jpg 146w, http:\/\/museumek.eu\/wp-content\/uploads\/2015\/03\/1645.jpg 600w\" sizes=\"(max-width: 293px) 100vw, 293px\" \/><\/a><\/p>\n<p><a href=\"http:\/\/museumek.eu\/?attachment_id=37482\" rel=\"attachment wp-att-37482\"><img loading=\"lazy\" src=\"http:\/\/museumek.eu\/wp-content\/uploads\/2015\/03\/1646-300x294.jpg\" alt=\"\" title=\"1646\" width=\"300\" height=\"294\" class=\"alignnone size-medium wp-image-37482\" srcset=\"http:\/\/museumek.eu\/wp-content\/uploads\/2015\/03\/1646-300x294.jpg 300w, http:\/\/museumek.eu\/wp-content\/uploads\/2015\/03\/1646-150x147.jpg 150w, http:\/\/museumek.eu\/wp-content\/uploads\/2015\/03\/1646-305x300.jpg 305w, http:\/\/museumek.eu\/wp-content\/uploads\/2015\/03\/1646.jpg 611w\" sizes=\"(max-width: 300px) 100vw, 300px\" \/><\/a><\/p>\n<p><a href=\"http:\/\/museumek.eu\/?attachment_id=37483\" rel=\"attachment wp-att-37483\"><img loading=\"lazy\" src=\"http:\/\/museumek.eu\/wp-content\/uploads\/2015\/03\/1647-300x182.jpg\" alt=\"\" title=\"1647\" width=\"300\" height=\"182\" class=\"alignnone size-medium wp-image-37483\" srcset=\"http:\/\/museumek.eu\/wp-content\/uploads\/2015\/03\/1647-300x182.jpg 300w, http:\/\/museumek.eu\/wp-content\/uploads\/2015\/03\/1647-150x91.jpg 150w, http:\/\/museumek.eu\/wp-content\/uploads\/2015\/03\/1647-492x300.jpg 492w, http:\/\/museumek.eu\/wp-content\/uploads\/2015\/03\/1647.jpg 547w\" sizes=\"(max-width: 300px) 100vw, 300px\" \/><\/a><\/p>\n","protected":false},"excerpt":{"rendered":"<p>Abteilung Deutschland, Keramik 1860 \u2013 1960, Inventarnummer D\/LXXXII\/27 Westerw\u00e4lder Steinzeug ohne Fabrikzuordnung, Deutschland, Westerwald, um 1920, Seidel, K\u00fcnstler unbekannt, Werks.-Nr. ohne, Exemplar Nr. ohne, gemarkt keine Firmenmarke aber 0,5 L \u00fcber Eichstrich gepresst, nicht signiert, Hersteller des Siechen Bieres war &hellip; <a href=\"http:\/\/museumek.eu\/?page_id=37479\">Weiterlesen <span class=\"meta-nav\">&rarr;<\/span><\/a><\/p>\n","protected":false},"author":1,"featured_media":0,"parent":33436,"menu_order":27,"comment_status":"closed","ping_status":"open","template":"","meta":[],"_links":{"self":[{"href":"http:\/\/museumek.eu\/index.php?rest_route=\/wp\/v2\/pages\/37479"}],"collection":[{"href":"http:\/\/museumek.eu\/index.php?rest_route=\/wp\/v2\/pages"}],"about":[{"href":"http:\/\/museumek.eu\/index.php?rest_route=\/wp\/v2\/types\/page"}],"author":[{"embeddable":true,"href":"http:\/\/museumek.eu\/index.php?rest_route=\/wp\/v2\/users\/1"}],"replies":[{"embeddable":true,"href":"http:\/\/museumek.eu\/index.php?rest_route=%2Fwp%2Fv2%2Fcomments&post=37479"}],"version-history":[{"count":4,"href":"http:\/\/museumek.eu\/index.php?rest_route=\/wp\/v2\/pages\/37479\/revisions"}],"predecessor-version":[{"id":37487,"href":"http:\/\/museumek.eu\/index.php?rest_route=\/wp\/v2\/pages\/37479\/revisions\/37487"}],"up":[{"embeddable":true,"href":"http:\/\/museumek.eu\/index.php?rest_route=\/wp\/v2\/pages\/33436"}],"wp:attachment":[{"href":"http:\/\/museumek.eu\/index.php?rest_route=%2Fwp%2Fv2%2Fmedia&parent=37479"}],"curies":[{"name":"wp","href":"https:\/\/api.w.org\/{rel}","templated":true}]}}