{"id":37544,"date":"2015-03-14T19:17:32","date_gmt":"2015-03-14T18:17:32","guid":{"rendered":"http:\/\/museumek.eu\/?page_id=37544"},"modified":"2015-03-14T19:17:32","modified_gmt":"2015-03-14T18:17:32","slug":"dxlv58","status":"publish","type":"page","link":"http:\/\/museumek.eu\/?page_id=37544","title":{"rendered":"D\/XLV\/58"},"content":{"rendered":"<p><strong>Abteilung Deutschland, Keramik 1860 \u2013 1960, Inventarnummer D\/XLV\/58<\/strong><\/p>\n<p>Steinzeug- &#038; Thonwaarenfabrik, Zinngiesserei &#038; Malerei Reinhold Merkelbach und Nachfolger Steinzeug- und Hartsteingutfabrik, Zinngie\u00dfereien und Malereien Reinhold Merkelbach, Deutschland, Grenzhausen, um 1910, Bowle, K\u00fcnstler Paul Wynand, Werks.-Nr. 2116, Exemplar Nr. ohne, gemarkt Firmenmarke mit R. MERKELBACH GRENZHAUSEN, (NASSAU), dazu Verzierungen in einem Kreis (Marke g\u00fcltig ab 1909), 2116 sowie PAUL WYNAND gepresst, nicht signiert, Literatur: Gisela Reineking von Bock, Meister der deutschen Keramik, Seite 221 ff., Fabrikbeschreibung, Seite 325, Marke Nr. 149 identisch, weitere Literatur: J\u00fcrgen Schimanski und J\u00fcrgen Erlebach, Westerw\u00e4lder Steinzeug, Die Neue \u00c4ra, Seite 77 ff., Fabrikbeschreibung und Marke Nr. 20 identisch, Seite 78, Abbildung Nr. 34, identischer Namenszug PAUL WYNAND sowie Seite 101, Abbildung Nr. 230, identische Bowle <strong>(genau diese Bowle, da das MEK Exemplar aus dem Bestand von J\u00fcrgen Erlebach stammt)<\/strong>, weitere Literatur: J\u00fcrgen Schimanski, Braun geflammt und grau gesalzen, Seite 106, Abbildung Nr. 169 a, identische Bowle mit identischer Werksnummer 2116 sowie identischer Marke, Seite 208, Beschreibung der Fabrik, Seite 209, Marke Nr. 20 identisch, Seite 210, Abbildung Nr. 34, identischer Namenzug PAUL WYNAND, Seite 251, Katalog der Steinzeugwerke Grenzhausen GmbH, Abbildung 2116, identische Bowle, wie folgt beschrieben: Nummer 2116, Bowle, 5 Liter, Paul Wynand sowie braun geflammt sowie Seite 279, Kopie aus einem Merkelbach Modellbuch, Nr. 2116, dort aufgef\u00fchrt als 5 Liter Bowle, dort abgebildet, dort mit Entwurf Wynand bezeichnet, 1845 gr\u00fcndete Wilhelm Merkelbach (1817 \u2013 1859) in Grenzhausen eine Kannenb\u00e4ckerei, wann sich diese zur Steinzeugfabrik weiterentwickelte und wie diese Fabrik firmierte konnte nicht recherchiert werden, nach dem fr\u00fchen Tod von Wilhelm Merkelbach \u00fcbernahm dessen Sohn Wilhelm Reinhold Merkelbach (1847 \u2013 1891) die Fabrik, wie Reinhold Merkelbach direkt nach der \u00dcbernahme firmierte konnte nicht recherchiert werden, sp\u00e4testens ab 1892 firmierte die Fabrik als Steinzeug- &#038; Thonwaarenfabrik, Zinngiesserei &#038; Malerei Reinhold Merkelbach, dies ergibt sich aus dem Preis-Courant des Jahres 1892, seit 1878 hatte die Fabrik ein Fabriklager in M\u00fcnchen, welches ab 1891 als Bierkrugfabrikniederlage, Inh. Tosca Merkelbach, Grenzhausen bezeichnet wurde, nach Reinhold Merkelbachs Tod 1891 f\u00fchrte seine Witwe Tosca Merkelbach die Fabrik weiter, bis die S\u00f6hne Paul Merkelbach (1882 \u2013 1917) und Reinhold Merkelbach (1885 \u2013 1918) am 23.05.1907 die Fabrik \u00fcbernahmen, ab 1905 firmierte die Fabrik als Steinzeug- und Hartsteingutfabrik, Zinngie\u00dfereien und Malereien Reinhold Merkelbach, dies ergibt sich aus der Spezialpreisliste des Jahres 1905, im Zuge der Fabrik\u00fcbergabe an die S\u00f6hne wurde die Niederlage in M\u00fcnchen gel\u00f6scht und daf\u00fcr als selbstst\u00e4ndiges Unternehmen neu gegr\u00fcndet, nach dem beide S\u00f6hne im WK I gefallen waren, \u00fcbernahm wieder Tosca Merkelbach die Leitung der Fabrik, 1911 gr\u00fcndete die Fabrik zusammen mit den Fabriken M\u00fcller, Hanke und Gerz die Steinzeugwerke H\u00f6hr-Grenzhausen GmbH, um sich gegenseitig im Vertrieb und in der Produktion zu bef\u00f6rdern, bis zum Jahre 1918 stiegen die Fabriken M\u00fcller, Hanke und Gerz wieder aus der GmbH aus, Merkelbach \u00fcbernahm viele der Formen der anderen Fabriken und die GmbH ging im Laufe der n\u00e4chsten Jahre in die Steinzeugfabrik Reinhold Merkelbach auf, w\u00e4hrend des Bestehens der GmbH stellten die Fabriken jeweils auch Steinzeuge nach den Formen der anderen Fabriken her, die GmbH hatte keinen eigenen Markenstempel, die Produkte, auch die nach den Formen der anderen Fabriken hergestellten, wurden mit der jeweils eigenen Marke gekennzeichnet soweit \u00fcberhaupt gemarkt worden ist, nach Tosca Merkelbachs Tod f\u00fchrte die Schwiegertochter Gertrud Merkelbach, wohl zusammen mit anderen Verwandten und nicht verwandten Gesch\u00e4ftsf\u00fchrern die Fabrik weiter, 1957 \u00fcbernahm Prof. Reinhold Paul Bernhard Merkelbach (1918 \u2013 2006), ein Enkel von Reinhold Merkelbach, die Leitung der Fabrik, ab 1970 \u00e4nderte die Fabrik mehrmals ihre Firmierung und ab 1971 stieg die Goebel\u2019sche Porzellanfabrik erst mit 50 % sp\u00e4ter dann mit 100 % in die Eigentumsverh\u00e4ltnisse der Fabrik ein, 1988 kauften Familienangeh\u00f6rige der Merkelbachs zusammen mit Investoren die Fabrik zur\u00fcck, ab 1995 bis 2007 leitete die Familienangeh\u00f6rige Judith Engelmann, geb. Merkelbach die Fabrik, 2007 wurde die Produktion aufgegeben und die Steinzeugfabrik Matthias Girmscheid \u00fcbernahm viele der Formen, sowohl Goebel als auch Girmscheid produzierten viele Jugendstilentw\u00fcrfe als Neuauflagen, Ausf\u00fchrung als Steinzeug braun salzglasiert (braun geflammt) mit schwarzen Belegen, H\u00f6he 29 cm, Breite 20,5 cm<\/p>\n<p><a href=\"http:\/\/museumek.eu\/?attachment_id=37545\" rel=\"attachment wp-att-37545\"><img loading=\"lazy\" src=\"http:\/\/museumek.eu\/wp-content\/uploads\/2015\/03\/2640-196x300.jpg\" alt=\"\" title=\"2640\" width=\"196\" height=\"300\" class=\"alignnone size-medium wp-image-37545\" srcset=\"http:\/\/museumek.eu\/wp-content\/uploads\/2015\/03\/2640-196x300.jpg 196w, http:\/\/museumek.eu\/wp-content\/uploads\/2015\/03\/2640-98x150.jpg 98w, http:\/\/museumek.eu\/wp-content\/uploads\/2015\/03\/2640.jpg 524w\" sizes=\"(max-width: 196px) 100vw, 196px\" \/><\/a><\/p>\n<p><a href=\"http:\/\/museumek.eu\/?attachment_id=37546\" rel=\"attachment wp-att-37546\"><img loading=\"lazy\" src=\"http:\/\/museumek.eu\/wp-content\/uploads\/2015\/03\/2641-213x300.jpg\" alt=\"\" title=\"2641\" width=\"213\" height=\"300\" class=\"alignnone size-medium wp-image-37546\" srcset=\"http:\/\/museumek.eu\/wp-content\/uploads\/2015\/03\/2641-213x300.jpg 213w, http:\/\/museumek.eu\/wp-content\/uploads\/2015\/03\/2641-106x150.jpg 106w, http:\/\/museumek.eu\/wp-content\/uploads\/2015\/03\/2641.jpg 569w\" sizes=\"(max-width: 213px) 100vw, 213px\" \/><\/a><\/p>\n<p><a href=\"http:\/\/museumek.eu\/?attachment_id=37547\" rel=\"attachment wp-att-37547\"><img loading=\"lazy\" src=\"http:\/\/museumek.eu\/wp-content\/uploads\/2015\/03\/2642-187x300.jpg\" alt=\"\" title=\"2642\" width=\"187\" height=\"300\" class=\"alignnone size-medium wp-image-37547\" srcset=\"http:\/\/museumek.eu\/wp-content\/uploads\/2015\/03\/2642-187x300.jpg 187w, http:\/\/museumek.eu\/wp-content\/uploads\/2015\/03\/2642-93x150.jpg 93w, http:\/\/museumek.eu\/wp-content\/uploads\/2015\/03\/2642.jpg 501w\" sizes=\"(max-width: 187px) 100vw, 187px\" \/><\/a><\/p>\n<p><a href=\"http:\/\/museumek.eu\/?attachment_id=37548\" rel=\"attachment wp-att-37548\"><img loading=\"lazy\" src=\"http:\/\/museumek.eu\/wp-content\/uploads\/2015\/03\/2643-300x150.jpg\" alt=\"\" title=\"2643\" width=\"300\" height=\"150\" class=\"alignnone size-medium wp-image-37548\" srcset=\"http:\/\/museumek.eu\/wp-content\/uploads\/2015\/03\/2643-300x150.jpg 300w, http:\/\/museumek.eu\/wp-content\/uploads\/2015\/03\/2643-150x75.jpg 150w, http:\/\/museumek.eu\/wp-content\/uploads\/2015\/03\/2643-500x250.jpg 500w, http:\/\/museumek.eu\/wp-content\/uploads\/2015\/03\/2643.jpg 800w\" sizes=\"(max-width: 300px) 100vw, 300px\" \/><\/a><\/p>\n<p><a href=\"http:\/\/museumek.eu\/?attachment_id=37549\" rel=\"attachment wp-att-37549\"><img loading=\"lazy\" src=\"http:\/\/museumek.eu\/wp-content\/uploads\/2015\/03\/2644-300x140.jpg\" alt=\"\" title=\"2644\" width=\"300\" height=\"140\" class=\"alignnone size-medium wp-image-37549\" srcset=\"http:\/\/museumek.eu\/wp-content\/uploads\/2015\/03\/2644-300x140.jpg 300w, http:\/\/museumek.eu\/wp-content\/uploads\/2015\/03\/2644-150x70.jpg 150w, http:\/\/museumek.eu\/wp-content\/uploads\/2015\/03\/2644-500x234.jpg 500w, http:\/\/museumek.eu\/wp-content\/uploads\/2015\/03\/2644.jpg 800w\" sizes=\"(max-width: 300px) 100vw, 300px\" \/><\/a><\/p>\n<p><a href=\"http:\/\/museumek.eu\/?attachment_id=37550\" rel=\"attachment wp-att-37550\"><img loading=\"lazy\" src=\"http:\/\/museumek.eu\/wp-content\/uploads\/2015\/03\/2645-155x300.jpg\" alt=\"\" title=\"2645\" width=\"155\" height=\"300\" class=\"alignnone size-medium wp-image-37550\" srcset=\"http:\/\/museumek.eu\/wp-content\/uploads\/2015\/03\/2645-155x300.jpg 155w, http:\/\/museumek.eu\/wp-content\/uploads\/2015\/03\/2645-77x150.jpg 77w, http:\/\/museumek.eu\/wp-content\/uploads\/2015\/03\/2645.jpg 415w\" sizes=\"(max-width: 155px) 100vw, 155px\" \/><\/a><\/p>\n<p><a href=\"http:\/\/museumek.eu\/?attachment_id=37551\" rel=\"attachment wp-att-37551\"><img loading=\"lazy\" src=\"http:\/\/museumek.eu\/wp-content\/uploads\/2015\/03\/2646-157x300.jpg\" alt=\"\" title=\"2646\" width=\"157\" height=\"300\" class=\"alignnone size-medium wp-image-37551\" srcset=\"http:\/\/museumek.eu\/wp-content\/uploads\/2015\/03\/2646-157x300.jpg 157w, http:\/\/museumek.eu\/wp-content\/uploads\/2015\/03\/2646-78x150.jpg 78w\" sizes=\"(max-width: 157px) 100vw, 157px\" \/><\/a><\/p>\n<p><a href=\"http:\/\/museumek.eu\/?attachment_id=37552\" rel=\"attachment wp-att-37552\"><img loading=\"lazy\" src=\"http:\/\/museumek.eu\/wp-content\/uploads\/2015\/03\/2647-300x224.jpg\" alt=\"\" title=\"2647\" width=\"300\" height=\"224\" class=\"alignnone size-medium wp-image-37552\" srcset=\"http:\/\/museumek.eu\/wp-content\/uploads\/2015\/03\/2647-300x224.jpg 300w, http:\/\/museumek.eu\/wp-content\/uploads\/2015\/03\/2647-150x112.jpg 150w, http:\/\/museumek.eu\/wp-content\/uploads\/2015\/03\/2647-401x300.jpg 401w, http:\/\/museumek.eu\/wp-content\/uploads\/2015\/03\/2647.jpg 800w\" sizes=\"(max-width: 300px) 100vw, 300px\" \/><\/a><\/p>\n<p><a href=\"http:\/\/museumek.eu\/?attachment_id=37553\" rel=\"attachment wp-att-37553\"><img loading=\"lazy\" src=\"http:\/\/museumek.eu\/wp-content\/uploads\/2015\/03\/2648-183x300.jpg\" alt=\"\" title=\"2648\" width=\"183\" height=\"300\" class=\"alignnone size-medium wp-image-37553\" srcset=\"http:\/\/museumek.eu\/wp-content\/uploads\/2015\/03\/2648-183x300.jpg 183w, http:\/\/museumek.eu\/wp-content\/uploads\/2015\/03\/2648-91x150.jpg 91w, http:\/\/museumek.eu\/wp-content\/uploads\/2015\/03\/2648.jpg 490w\" sizes=\"(max-width: 183px) 100vw, 183px\" \/><\/a><\/p>\n","protected":false},"excerpt":{"rendered":"<p>Abteilung Deutschland, Keramik 1860 \u2013 1960, Inventarnummer D\/XLV\/58 Steinzeug- &#038; Thonwaarenfabrik, Zinngiesserei &#038; Malerei Reinhold Merkelbach und Nachfolger Steinzeug- und Hartsteingutfabrik, Zinngie\u00dfereien und Malereien Reinhold Merkelbach, Deutschland, Grenzhausen, um 1910, Bowle, K\u00fcnstler Paul Wynand, Werks.-Nr. 2116, Exemplar Nr. ohne, gemarkt &hellip; <a href=\"http:\/\/museumek.eu\/?page_id=37544\">Weiterlesen <span class=\"meta-nav\">&rarr;<\/span><\/a><\/p>\n","protected":false},"author":1,"featured_media":0,"parent":35453,"menu_order":58,"comment_status":"closed","ping_status":"open","template":"","meta":[],"_links":{"self":[{"href":"http:\/\/museumek.eu\/index.php?rest_route=\/wp\/v2\/pages\/37544"}],"collection":[{"href":"http:\/\/museumek.eu\/index.php?rest_route=\/wp\/v2\/pages"}],"about":[{"href":"http:\/\/museumek.eu\/index.php?rest_route=\/wp\/v2\/types\/page"}],"author":[{"embeddable":true,"href":"http:\/\/museumek.eu\/index.php?rest_route=\/wp\/v2\/users\/1"}],"replies":[{"embeddable":true,"href":"http:\/\/museumek.eu\/index.php?rest_route=%2Fwp%2Fv2%2Fcomments&post=37544"}],"version-history":[{"count":4,"href":"http:\/\/museumek.eu\/index.php?rest_route=\/wp\/v2\/pages\/37544\/revisions"}],"predecessor-version":[{"id":37557,"href":"http:\/\/museumek.eu\/index.php?rest_route=\/wp\/v2\/pages\/37544\/revisions\/37557"}],"up":[{"embeddable":true,"href":"http:\/\/museumek.eu\/index.php?rest_route=\/wp\/v2\/pages\/35453"}],"wp:attachment":[{"href":"http:\/\/museumek.eu\/index.php?rest_route=%2Fwp%2Fv2%2Fmedia&parent=37544"}],"curies":[{"name":"wp","href":"https:\/\/api.w.org\/{rel}","templated":true}]}}