{"id":37655,"date":"2015-03-15T18:34:25","date_gmt":"2015-03-15T17:34:25","guid":{"rendered":"http:\/\/museumek.eu\/?page_id=37655"},"modified":"2015-03-16T22:29:26","modified_gmt":"2015-03-16T21:29:26","slug":"dcixx4","status":"publish","type":"page","link":"http:\/\/museumek.eu\/?page_id=37655","title":{"rendered":"D\/CIXX\/4"},"content":{"rendered":"<p><strong>Abteilung Deutschland, Keramik 1860 \u2013 1960, Inventarnummer D\/CIXX\/4<\/strong><\/p>\n<p>Steuler &#038; Co. Steinzeugindustrie GmbH, Deutschland, Koblenz und Grenzhausen, um 1910, Seidel, K\u00fcnstler unbekannt, Werks.-Nr. ohne, Exemplar Nr. ohne, gemarkt Firmenmarke mit St, I sowie G in einem Kreis (St steht f\u00fcr Steuler, I steht f\u00fcr Industrie, G steht f\u00fcr Grenzhausen) sowie 0,5 L \u00fcber Eichstrich gepresst, D 11 sowie 2 schwarz gemalt, nicht signiert, Literatur: J\u00fcrgen Schimanski und J\u00fcrgen Erlebach, Westerw\u00e4lder Steinzeug, Die Neue \u00c4ra, Seite 118 ff., Erw\u00e4hnung der Fabrik und Abbildungen von Fabrikaten sowie Seite 118, Marke Nr. 42 identisch, weitere Literatur: J\u00fcrgen Schimanski, Braun geflammt und grau gesalzen, Seite 223, Beschreibung der Fabrik, Beschreibung, dass 1918 die Fabrik von Walter M\u00fcller \u00fcbernommen worden ist, Beschreibung, dass 1922 die Formen der Fabrik von Dr. Fritz Hammerschmidt \u00fcbernommen worden sind, die diese vorher von der Fabrik Alfons L\u00f6tschert \u00fcbernommen hatte, Beschreibung, dass 1931 die Produktion von Gebrauchssteinzeug eingestellt worden ist sowie Marke Nr. 42 identisch, Georg Steuler und sein Schwager Josef Gilling gr\u00fcndeten 1908 die Steuler &#038; Co. Steinzeugindustrie GmbH in Koblenz, dort wurde ausschlielich industrielle Keramik produziert, zu einem sp\u00e4teren Zeitpunkt wurde auch noch ein Zweigwerk in Koblenz er\u00f6ffnet, welches als Tonwerk M\u00fchlacker GmbH firmierte, bereits 1910 gr\u00fcndete die Steuler &#038; Co. Steinzeugindustrie GmbH ein weitere Fabrik in Grenzhausen, welche Gebrauchskeramik herstellte, deshalb steht in der oben beschrieben Fabrikmarke, die anscheinend auch nur auf Gebrauchssteinzeug angebracht worden ist, auch ein G f\u00fcr Grenzhausen, bis 1927 war auch ein Hans Steuler in der GmbH t\u00e4tig, \u00fcber dessen Aufgabe und Herkunft aber keine Daten recherchiert werden konnten, von 1909 bis 1917 bestand wohl eine stille Teilhaberschaft mit der Ransbacher Fabrik von Johann \u00dcbelacker, wobei nicht recherchiert werden konnte, ob Steuler bei \u00dcbelacker oder \u00dcbelacker bei Steuler der stille Teilhaber war, 1918 \u00fcbernahm die Fabrik die Steinzeugfabrik Walter M\u00fcller, Inhaber M\u00fcller &#038; Werner, samt deren Formen, 1922 erfolgte die \u00dcbernahme der Formen der Steinzeugfabrik von Dr. Fritz Hammerschmidt, da dieser die Formen der Steinzeugfabrik von Alfons Wilhelm L\u00f6tschert \u00fcbernommen hatte, gingen somit auch diese Formen zu Steuler \u00fcber, au\u00dferdem gab die Fabrik eigene K\u00fcnstlerentw\u00fcrfe in Auftrag und arbeitete mit Carl Moos, Alfred Kamp, Anni Ofterdinger, Wilhelm Neidhart und andern K\u00fcnstlern zusammen, 1931 wurde die Produktion von Gebrauchssteinzeug eingestellt, w\u00e4hrend der Produktionszweig der industriellen Keramik noch heute betrieben wird, das Dekor f\u00fcr diesen Seidel wurde wahrscheinlich von Carl Moos entworfen, H\u00f6he 12 cm, Breite 13,5cm (nur die Keramik)<\/p>\n<p><a href=\"http:\/\/museumek.eu\/?attachment_id=37656\" rel=\"attachment wp-att-37656\"><img loading=\"lazy\" src=\"http:\/\/museumek.eu\/wp-content\/uploads\/2015\/03\/2276-174x300.jpg\" alt=\"\" title=\"2276\" width=\"174\" height=\"300\" class=\"alignnone size-medium wp-image-37656\" srcset=\"http:\/\/museumek.eu\/wp-content\/uploads\/2015\/03\/2276-174x300.jpg 174w, http:\/\/museumek.eu\/wp-content\/uploads\/2015\/03\/2276-87x150.jpg 87w, http:\/\/museumek.eu\/wp-content\/uploads\/2015\/03\/2276.jpg 465w\" sizes=\"(max-width: 174px) 100vw, 174px\" \/><\/a><\/p>\n<p><a href=\"http:\/\/museumek.eu\/?attachment_id=37736\" rel=\"attachment wp-att-37736\"><img loading=\"lazy\" src=\"http:\/\/museumek.eu\/wp-content\/uploads\/2014\/11\/2277-227x300.jpg\" alt=\"\" title=\"2277\" width=\"227\" height=\"300\" class=\"alignnone size-medium wp-image-37736\" srcset=\"http:\/\/museumek.eu\/wp-content\/uploads\/2014\/11\/2277-227x300.jpg 227w, http:\/\/museumek.eu\/wp-content\/uploads\/2014\/11\/2277-113x150.jpg 113w, http:\/\/museumek.eu\/wp-content\/uploads\/2014\/11\/2277.jpg 600w\" sizes=\"(max-width: 227px) 100vw, 227px\" \/><\/a><\/p>\n<p><a href=\"http:\/\/museumek.eu\/?attachment_id=37738\" rel=\"attachment wp-att-37738\"><img loading=\"lazy\" src=\"http:\/\/museumek.eu\/wp-content\/uploads\/2014\/11\/2278-224x300.jpg\" alt=\"\" title=\"2278\" width=\"224\" height=\"300\" class=\"alignnone size-medium wp-image-37738\" srcset=\"http:\/\/museumek.eu\/wp-content\/uploads\/2014\/11\/2278-224x300.jpg 224w, http:\/\/museumek.eu\/wp-content\/uploads\/2014\/11\/2278-112x150.jpg 112w, http:\/\/museumek.eu\/wp-content\/uploads\/2014\/11\/2278.jpg 598w\" sizes=\"(max-width: 224px) 100vw, 224px\" \/><\/a><\/p>\n<p><a href=\"http:\/\/museumek.eu\/?attachment_id=37664\" rel=\"attachment wp-att-37664\"><img loading=\"lazy\" src=\"http:\/\/museumek.eu\/wp-content\/uploads\/2015\/03\/22791-160x300.jpg\" alt=\"\" title=\"2279\" width=\"160\" height=\"300\" class=\"alignnone size-medium wp-image-37664\" srcset=\"http:\/\/museumek.eu\/wp-content\/uploads\/2015\/03\/22791-160x300.jpg 160w, http:\/\/museumek.eu\/wp-content\/uploads\/2015\/03\/22791-80x150.jpg 80w, http:\/\/museumek.eu\/wp-content\/uploads\/2015\/03\/22791.jpg 428w\" sizes=\"(max-width: 160px) 100vw, 160px\" \/><\/a><\/p>\n<p><a href=\"http:\/\/museumek.eu\/?attachment_id=37657\" rel=\"attachment wp-att-37657\"><img loading=\"lazy\" src=\"http:\/\/museumek.eu\/wp-content\/uploads\/2015\/03\/2277-227x300.jpg\" alt=\"\" title=\"2277\" width=\"227\" height=\"300\" class=\"alignnone size-medium wp-image-37657\" srcset=\"http:\/\/museumek.eu\/wp-content\/uploads\/2015\/03\/2277-227x300.jpg 227w, http:\/\/museumek.eu\/wp-content\/uploads\/2015\/03\/2277-113x150.jpg 113w, http:\/\/museumek.eu\/wp-content\/uploads\/2015\/03\/2277.jpg 600w\" sizes=\"(max-width: 227px) 100vw, 227px\" \/><\/a><\/p>\n<p><a href=\"http:\/\/museumek.eu\/?attachment_id=37658\" rel=\"attachment wp-att-37658\"><img loading=\"lazy\" src=\"http:\/\/museumek.eu\/wp-content\/uploads\/2015\/03\/2278-224x300.jpg\" alt=\"\" title=\"2278\" width=\"224\" height=\"300\" class=\"alignnone size-medium wp-image-37658\" srcset=\"http:\/\/museumek.eu\/wp-content\/uploads\/2015\/03\/2278-224x300.jpg 224w, http:\/\/museumek.eu\/wp-content\/uploads\/2015\/03\/2278-112x150.jpg 112w, http:\/\/museumek.eu\/wp-content\/uploads\/2015\/03\/2278.jpg 598w\" sizes=\"(max-width: 224px) 100vw, 224px\" \/><\/a><\/p>\n<p><a href=\"http:\/\/museumek.eu\/?attachment_id=37665\" rel=\"attachment wp-att-37665\"><img loading=\"lazy\" src=\"http:\/\/museumek.eu\/wp-content\/uploads\/2015\/03\/2280-212x300.jpg\" alt=\"\" title=\"2280\" width=\"212\" height=\"300\" class=\"alignnone size-medium wp-image-37665\" srcset=\"http:\/\/museumek.eu\/wp-content\/uploads\/2015\/03\/2280-212x300.jpg 212w, http:\/\/museumek.eu\/wp-content\/uploads\/2015\/03\/2280-106x150.jpg 106w, http:\/\/museumek.eu\/wp-content\/uploads\/2015\/03\/2280.jpg 566w\" sizes=\"(max-width: 212px) 100vw, 212px\" \/><\/a><\/p>\n<p><a href=\"http:\/\/museumek.eu\/?attachment_id=37667\" rel=\"attachment wp-att-37667\"><img loading=\"lazy\" src=\"http:\/\/museumek.eu\/wp-content\/uploads\/2015\/03\/2281-217x300.jpg\" alt=\"\" title=\"2281\" width=\"217\" height=\"300\" class=\"alignnone size-medium wp-image-37667\" srcset=\"http:\/\/museumek.eu\/wp-content\/uploads\/2015\/03\/2281-217x300.jpg 217w, http:\/\/museumek.eu\/wp-content\/uploads\/2015\/03\/2281-108x150.jpg 108w, http:\/\/museumek.eu\/wp-content\/uploads\/2015\/03\/2281.jpg 580w\" sizes=\"(max-width: 217px) 100vw, 217px\" \/><\/a><\/p>\n<p><a href=\"http:\/\/museumek.eu\/?attachment_id=37666\" rel=\"attachment wp-att-37666\"><img loading=\"lazy\" src=\"http:\/\/museumek.eu\/wp-content\/uploads\/2015\/03\/2282-300x194.jpg\" alt=\"\" title=\"2282\" width=\"300\" height=\"194\" class=\"alignnone size-medium wp-image-37666\" srcset=\"http:\/\/museumek.eu\/wp-content\/uploads\/2015\/03\/2282-300x194.jpg 300w, http:\/\/museumek.eu\/wp-content\/uploads\/2015\/03\/2282-150x97.jpg 150w, http:\/\/museumek.eu\/wp-content\/uploads\/2015\/03\/2282.jpg 443w\" sizes=\"(max-width: 300px) 100vw, 300px\" \/><\/a><\/p>\n<p><a href=\"http:\/\/museumek.eu\/?attachment_id=37669\" rel=\"attachment wp-att-37669\"><img loading=\"lazy\" src=\"http:\/\/museumek.eu\/wp-content\/uploads\/2015\/03\/2283-300x252.jpg\" alt=\"\" title=\"2283\" width=\"300\" height=\"252\" class=\"alignnone size-medium wp-image-37669\" srcset=\"http:\/\/museumek.eu\/wp-content\/uploads\/2015\/03\/2283-300x252.jpg 300w, http:\/\/museumek.eu\/wp-content\/uploads\/2015\/03\/2283-150x126.jpg 150w, http:\/\/museumek.eu\/wp-content\/uploads\/2015\/03\/2283-356x300.jpg 356w, http:\/\/museumek.eu\/wp-content\/uploads\/2015\/03\/2283.jpg 713w\" sizes=\"(max-width: 300px) 100vw, 300px\" \/><\/a><\/p>\n<p><a href=\"http:\/\/museumek.eu\/?attachment_id=37670\" rel=\"attachment wp-att-37670\"><img loading=\"lazy\" src=\"http:\/\/museumek.eu\/wp-content\/uploads\/2015\/03\/2284-254x300.jpg\" alt=\"\" title=\"2284\" width=\"254\" height=\"300\" class=\"alignnone size-medium wp-image-37670\" srcset=\"http:\/\/museumek.eu\/wp-content\/uploads\/2015\/03\/2284-254x300.jpg 254w, http:\/\/museumek.eu\/wp-content\/uploads\/2015\/03\/2284-127x150.jpg 127w, http:\/\/museumek.eu\/wp-content\/uploads\/2015\/03\/2284.jpg 398w\" sizes=\"(max-width: 254px) 100vw, 254px\" \/><\/a><\/p>\n","protected":false},"excerpt":{"rendered":"<p>Abteilung Deutschland, Keramik 1860 \u2013 1960, Inventarnummer D\/CIXX\/4 Steuler &#038; Co. Steinzeugindustrie GmbH, Deutschland, Koblenz und Grenzhausen, um 1910, Seidel, K\u00fcnstler unbekannt, Werks.-Nr. ohne, Exemplar Nr. ohne, gemarkt Firmenmarke mit St, I sowie G in einem Kreis (St steht f\u00fcr &hellip; <a href=\"http:\/\/museumek.eu\/?page_id=37655\">Weiterlesen <span class=\"meta-nav\">&rarr;<\/span><\/a><\/p>\n","protected":false},"author":1,"featured_media":0,"parent":34532,"menu_order":4,"comment_status":"closed","ping_status":"open","template":"","meta":[],"_links":{"self":[{"href":"http:\/\/museumek.eu\/index.php?rest_route=\/wp\/v2\/pages\/37655"}],"collection":[{"href":"http:\/\/museumek.eu\/index.php?rest_route=\/wp\/v2\/pages"}],"about":[{"href":"http:\/\/museumek.eu\/index.php?rest_route=\/wp\/v2\/types\/page"}],"author":[{"embeddable":true,"href":"http:\/\/museumek.eu\/index.php?rest_route=\/wp\/v2\/users\/1"}],"replies":[{"embeddable":true,"href":"http:\/\/museumek.eu\/index.php?rest_route=%2Fwp%2Fv2%2Fcomments&post=37655"}],"version-history":[{"count":13,"href":"http:\/\/museumek.eu\/index.php?rest_route=\/wp\/v2\/pages\/37655\/revisions"}],"predecessor-version":[{"id":37744,"href":"http:\/\/museumek.eu\/index.php?rest_route=\/wp\/v2\/pages\/37655\/revisions\/37744"}],"up":[{"embeddable":true,"href":"http:\/\/museumek.eu\/index.php?rest_route=\/wp\/v2\/pages\/34532"}],"wp:attachment":[{"href":"http:\/\/museumek.eu\/index.php?rest_route=%2Fwp%2Fv2%2Fmedia&parent=37655"}],"curies":[{"name":"wp","href":"https:\/\/api.w.org\/{rel}","templated":true}]}}