{"id":37691,"date":"2015-03-16T20:37:45","date_gmt":"2015-03-16T19:37:45","guid":{"rendered":"http:\/\/museumek.eu\/?page_id=37691"},"modified":"2015-05-17T21:41:56","modified_gmt":"2015-05-17T19:41:56","slug":"dliii27","status":"publish","type":"page","link":"http:\/\/museumek.eu\/?page_id=37691","title":{"rendered":"D\/LIII\/27"},"content":{"rendered":"<p><strong>Abteilung Deutschland, Keramik 1860 \u2013 1960, Inventarnummer D\/LIII\/27<\/strong><\/p>\n<p>Steingut- und Steinzeugfabrik, Kunstt\u00f6pferei, Zinngie\u00dferei Merkelbach &#038; Wick und Nachfolger Steingutfabrik Wick Werke AG, Vereinigte Fabriken Merkelbach &#038; Wick und Merkelbach, Stadelmann &#038; Co., Deutschland, Grenzhausen, um 1925, Seidel, K\u00fcnstler Otto Obermeier, Werks.-Nr. ohne, Exemplar Nr. ohne, gemarkt Firmenmarke mit A, in dem A befindet sich der Buchstabe G (f\u00fcr AG, bei diesem MEK Exemplar nicht erkennbar, siehe vollst\u00e4ndige Marke bei MEK D\/LIII\/10 und MEK D\/LIII\/12) darunter WW (f\u00fcr Wick Werke), (Marke ab 1921\/1922 g\u00fcltig), 6, 6 sowie 0,5 l \u00fcber Eichstrich gepresst, Vitus Herb M\u00fcnchen-Planegg schwarzer Stempel, Otto Obermeier schwarzer Schriftzug, signiert Otto Obermeier, Literatur: J\u00fcrgen Schimanski und J\u00fcrgen Erlebach, Westerw\u00e4lder Steinzeug, Die Neue \u00c4ra, Seite 109, Fabrikbeschreibung sowie Marke Nr. 38 identisch, weitere Literatur: J\u00fcrgen Schimanski, Braun geflammt und grau gesalzen, Seite 216, Marke Nr. 38 identisch, weitere Literatur: Beate Dry-von Zezschwitz, Westerw\u00e4lder Steinzug des Jugendstils I, Reinhold Merkelbach, Spezialpreisliste 1905, Seite 10 ff., Fabrikbeschreibung, weitere Literatur: J. G. Th. Graesse, F\u00fchrer f\u00fcr Sammler von Porzellan und Fayence, Seite 104, Marke Nr. 2 identisch, der 1840 geborene Friedrich Wilhelm Merkelbach (gest. 1896) betrieb eine Kannenb\u00e4ckerei oder bereits eine keramische Fabrik, die unter dem Namen F. W. Merkelbach II. firmierte, 1872 (oder 1874) nimmt Friedrich Wilhelm Merkelbach den Bildhauer (Johann) Georg Peter Wick (geb. 1837, gest. 1914) in die Firma auf, die Firmierung \u00e4ndert sich in Steingut- und Steinzeugfabrik, Kunstt\u00f6pferei, Zinngie\u00dferei Merkelbach &#038; Wick, ab 1882\/1883 produzieren Sie als eine der ersten Westerw\u00e4lder Fabriken Elfenbeinsteinzeug, \u00fcber die H\u00e4lfte der Produktion wird in die USA exportiert, in der Zeit von 1886 bis 1897 liefert die Fabrik Halbfertigerzeugnisse an die keramische Fabrik von Hauber &#038; Reuther, Jugenstilk\u00fcnstler wie Peter Behrens und Henry van de Velde liefern um 1900 herausragende Entw\u00fcrfe, 1895 tritt Wicks Sohn (und evtl. gleichzeitig Merkelbachs Schwiegersohn) Ludwig Konrad Wick in die Fabrik ein und \u00fcbernimmt sicher zeitnah auch deren Leitung, bis er 1910\/1911 die Leitung an seine Frau Emma abgibt, 1921\/1922 fusioniert die Fabrik mit der um 1867 in Grenzhausen von Friedrich Wilhelm Merkelbach, Theodor Stadelmann und Julius Schr\u00f6der als Mahl- und Schleifsteinfabrik gegr\u00fcndeten Fabrik Merkelbach, Stadelmann &#038; Co. (wahrscheinlich war Konrad Wicks Frau Emma bereits Miteigent\u00fcmer dieser Fabrik) zur Steingutfabrik Wick Werke AG, Vereinigte Fabriken Merkelbach &#038; Wick und Merkelbach, Stadelmann &#038; Co., die Fabrik bestand rund 100 Jahre, Vitus Herb ist ein M\u00fcnchner Handelshaus, Auftraggeber und Vertrieb, auch keramischer Bierkr\u00fcge,<br \/>\nH\u00f6he 12,3 cm, Breite 13 cm (nur die Keramik)<\/p>\n<p><a href=\"http:\/\/museumek.eu\/?attachment_id=30116\" rel=\"attachment wp-att-30116\"><img loading=\"lazy\" src=\"http:\/\/museumek.eu\/wp-content\/uploads\/2014\/05\/384-171x300.jpg\" alt=\"\" title=\"384\" width=\"171\" height=\"300\" class=\"alignnone size-medium wp-image-30116\" srcset=\"http:\/\/museumek.eu\/wp-content\/uploads\/2014\/05\/384-171x300.jpg 171w, http:\/\/museumek.eu\/wp-content\/uploads\/2014\/05\/384-85x150.jpg 85w, http:\/\/museumek.eu\/wp-content\/uploads\/2014\/05\/384.jpg 424w\" sizes=\"(max-width: 171px) 100vw, 171px\" \/><\/a><\/p>\n<p><a href=\"http:\/\/museumek.eu\/?attachment_id=30117\" rel=\"attachment wp-att-30117\"><img loading=\"lazy\" src=\"http:\/\/museumek.eu\/wp-content\/uploads\/2014\/05\/385-194x300.jpg\" alt=\"\" title=\"385\" width=\"194\" height=\"300\" class=\"alignnone size-medium wp-image-30117\" srcset=\"http:\/\/museumek.eu\/wp-content\/uploads\/2014\/05\/385-194x300.jpg 194w, http:\/\/museumek.eu\/wp-content\/uploads\/2014\/05\/385-97x150.jpg 97w, http:\/\/museumek.eu\/wp-content\/uploads\/2014\/05\/385.jpg 455w\" sizes=\"(max-width: 194px) 100vw, 194px\" \/><\/a><\/p>\n<p><a href=\"http:\/\/museumek.eu\/?attachment_id=30118\" rel=\"attachment wp-att-30118\"><img loading=\"lazy\" src=\"http:\/\/museumek.eu\/wp-content\/uploads\/2014\/05\/386-185x300.jpg\" alt=\"\" title=\"386\" width=\"185\" height=\"300\" class=\"alignnone size-medium wp-image-30118\" srcset=\"http:\/\/museumek.eu\/wp-content\/uploads\/2014\/05\/386-185x300.jpg 185w, http:\/\/museumek.eu\/wp-content\/uploads\/2014\/05\/386-92x150.jpg 92w, http:\/\/museumek.eu\/wp-content\/uploads\/2014\/05\/386.jpg 426w\" sizes=\"(max-width: 185px) 100vw, 185px\" \/><\/a><\/p>\n<p><a href=\"http:\/\/museumek.eu\/?attachment_id=37692\" rel=\"attachment wp-att-37692\"><img loading=\"lazy\" src=\"http:\/\/museumek.eu\/wp-content\/uploads\/2015\/03\/2997-152x300.jpg\" alt=\"\" title=\"2997\" width=\"152\" height=\"300\" class=\"alignnone size-medium wp-image-37692\" srcset=\"http:\/\/museumek.eu\/wp-content\/uploads\/2015\/03\/2997-152x300.jpg 152w, http:\/\/museumek.eu\/wp-content\/uploads\/2015\/03\/2997-76x150.jpg 76w, http:\/\/museumek.eu\/wp-content\/uploads\/2015\/03\/2997.jpg 407w\" sizes=\"(max-width: 152px) 100vw, 152px\" \/><\/a><\/p>\n<p><a href=\"http:\/\/museumek.eu\/?attachment_id=30120\" rel=\"attachment wp-att-30120\"><img loading=\"lazy\" src=\"http:\/\/museumek.eu\/wp-content\/uploads\/2014\/05\/387-206x300.jpg\" alt=\"\" title=\"387\" width=\"206\" height=\"300\" class=\"alignnone size-medium wp-image-30120\" srcset=\"http:\/\/museumek.eu\/wp-content\/uploads\/2014\/05\/387-206x300.jpg 206w, http:\/\/museumek.eu\/wp-content\/uploads\/2014\/05\/387-103x150.jpg 103w, http:\/\/museumek.eu\/wp-content\/uploads\/2014\/05\/387.jpg 530w\" sizes=\"(max-width: 206px) 100vw, 206px\" \/><\/a><\/p>\n<p><a href=\"http:\/\/museumek.eu\/?attachment_id=30119\" rel=\"attachment wp-att-30119\"><img loading=\"lazy\" src=\"http:\/\/museumek.eu\/wp-content\/uploads\/2014\/05\/390-172x300.jpg\" alt=\"\" title=\"390\" width=\"172\" height=\"300\" class=\"alignnone size-medium wp-image-30119\" srcset=\"http:\/\/museumek.eu\/wp-content\/uploads\/2014\/05\/390-172x300.jpg 172w, http:\/\/museumek.eu\/wp-content\/uploads\/2014\/05\/390-86x150.jpg 86w, http:\/\/museumek.eu\/wp-content\/uploads\/2014\/05\/390.jpg 410w\" sizes=\"(max-width: 172px) 100vw, 172px\" \/><\/a><\/p>\n<p><a href=\"http:\/\/museumek.eu\/?attachment_id=30121\" rel=\"attachment wp-att-30121\"><img loading=\"lazy\" src=\"http:\/\/museumek.eu\/wp-content\/uploads\/2014\/05\/391-300x288.jpg\" alt=\"\" title=\"391\" width=\"300\" height=\"288\" class=\"alignnone size-medium wp-image-30121\" srcset=\"http:\/\/museumek.eu\/wp-content\/uploads\/2014\/05\/391-300x288.jpg 300w, http:\/\/museumek.eu\/wp-content\/uploads\/2014\/05\/391-150x144.jpg 150w, http:\/\/museumek.eu\/wp-content\/uploads\/2014\/05\/391-312x300.jpg 312w, http:\/\/museumek.eu\/wp-content\/uploads\/2014\/05\/391.jpg 625w\" sizes=\"(max-width: 300px) 100vw, 300px\" \/><\/a><\/p>\n<p><a href=\"http:\/\/museumek.eu\/?attachment_id=30122\" rel=\"attachment wp-att-30122\"><img loading=\"lazy\" src=\"http:\/\/museumek.eu\/wp-content\/uploads\/2014\/05\/388.jpg\" alt=\"\" title=\"388\" width=\"227\" height=\"215\" class=\"alignnone size-full wp-image-30122\" srcset=\"http:\/\/museumek.eu\/wp-content\/uploads\/2014\/05\/388.jpg 227w, http:\/\/museumek.eu\/wp-content\/uploads\/2014\/05\/388-150x142.jpg 150w\" sizes=\"(max-width: 227px) 100vw, 227px\" \/><\/a><\/p>\n<p><a href=\"http:\/\/museumek.eu\/?attachment_id=30123\" rel=\"attachment wp-att-30123\"><img loading=\"lazy\" src=\"http:\/\/museumek.eu\/wp-content\/uploads\/2014\/05\/389.jpg\" alt=\"\" title=\"389\" width=\"283\" height=\"221\" class=\"alignnone size-full wp-image-30123\" srcset=\"http:\/\/museumek.eu\/wp-content\/uploads\/2014\/05\/389.jpg 283w, http:\/\/museumek.eu\/wp-content\/uploads\/2014\/05\/389-150x117.jpg 150w\" sizes=\"(max-width: 283px) 100vw, 283px\" \/><\/a><\/p>\n<p><a href=\"http:\/\/museumek.eu\/?attachment_id=30124\" rel=\"attachment wp-att-30124\"><img loading=\"lazy\" src=\"http:\/\/museumek.eu\/wp-content\/uploads\/2014\/05\/392-300x123.jpg\" alt=\"\" title=\"392\" width=\"300\" height=\"123\" class=\"alignnone size-medium wp-image-30124\" srcset=\"http:\/\/museumek.eu\/wp-content\/uploads\/2014\/05\/392-300x123.jpg 300w, http:\/\/museumek.eu\/wp-content\/uploads\/2014\/05\/392-150x61.jpg 150w, http:\/\/museumek.eu\/wp-content\/uploads\/2014\/05\/392-500x206.jpg 500w, http:\/\/museumek.eu\/wp-content\/uploads\/2014\/05\/392.jpg 800w\" sizes=\"(max-width: 300px) 100vw, 300px\" \/><\/a><\/p>\n<p><a href=\"http:\/\/museumek.eu\/?attachment_id=30125\" rel=\"attachment wp-att-30125\"><img loading=\"lazy\" src=\"http:\/\/museumek.eu\/wp-content\/uploads\/2014\/05\/393-300x148.jpg\" alt=\"\" title=\"393\" width=\"300\" height=\"148\" class=\"alignnone size-medium wp-image-30125\" srcset=\"http:\/\/museumek.eu\/wp-content\/uploads\/2014\/05\/393-300x148.jpg 300w, http:\/\/museumek.eu\/wp-content\/uploads\/2014\/05\/393-150x74.jpg 150w, http:\/\/museumek.eu\/wp-content\/uploads\/2014\/05\/393-500x246.jpg 500w, http:\/\/museumek.eu\/wp-content\/uploads\/2014\/05\/393.jpg 800w\" sizes=\"(max-width: 300px) 100vw, 300px\" \/><\/a><\/p>\n<p><a href=\"http:\/\/museumek.eu\/?attachment_id=30126\" rel=\"attachment wp-att-30126\"><img loading=\"lazy\" src=\"http:\/\/museumek.eu\/wp-content\/uploads\/2014\/05\/394-247x300.jpg\" alt=\"\" title=\"394\" width=\"247\" height=\"300\" class=\"alignnone size-medium wp-image-30126\" srcset=\"http:\/\/museumek.eu\/wp-content\/uploads\/2014\/05\/394-247x300.jpg 247w, http:\/\/museumek.eu\/wp-content\/uploads\/2014\/05\/394-123x150.jpg 123w, http:\/\/museumek.eu\/wp-content\/uploads\/2014\/05\/394.jpg 600w\" sizes=\"(max-width: 247px) 100vw, 247px\" \/><\/a><\/p>\n<p><a href=\"http:\/\/museumek.eu\/?attachment_id=30127\" rel=\"attachment wp-att-30127\"><img loading=\"lazy\" src=\"http:\/\/museumek.eu\/wp-content\/uploads\/2014\/05\/473-300x199.jpg\" alt=\"\" title=\"473\" width=\"300\" height=\"199\" class=\"alignnone size-medium wp-image-30127\" srcset=\"http:\/\/museumek.eu\/wp-content\/uploads\/2014\/05\/473-300x199.jpg 300w, http:\/\/museumek.eu\/wp-content\/uploads\/2014\/05\/473-150x99.jpg 150w, http:\/\/museumek.eu\/wp-content\/uploads\/2014\/05\/473-451x300.jpg 451w, http:\/\/museumek.eu\/wp-content\/uploads\/2014\/05\/473.jpg 800w\" sizes=\"(max-width: 300px) 100vw, 300px\" \/><\/a><\/p>\n<p><a href=\"http:\/\/museumek.eu\/?attachment_id=30128\" rel=\"attachment wp-att-30128\"><img loading=\"lazy\" src=\"http:\/\/museumek.eu\/wp-content\/uploads\/2014\/05\/474-300x161.jpg\" alt=\"\" title=\"474\" width=\"300\" height=\"161\" class=\"alignnone size-medium wp-image-30128\" srcset=\"http:\/\/museumek.eu\/wp-content\/uploads\/2014\/05\/474-300x161.jpg 300w, http:\/\/museumek.eu\/wp-content\/uploads\/2014\/05\/474-150x80.jpg 150w, http:\/\/museumek.eu\/wp-content\/uploads\/2014\/05\/474-500x268.jpg 500w, http:\/\/museumek.eu\/wp-content\/uploads\/2014\/05\/474.jpg 800w\" sizes=\"(max-width: 300px) 100vw, 300px\" \/><\/a><\/p>\n","protected":false},"excerpt":{"rendered":"<p>Abteilung Deutschland, Keramik 1860 \u2013 1960, Inventarnummer D\/LIII\/27 Steingut- und Steinzeugfabrik, Kunstt\u00f6pferei, Zinngie\u00dferei Merkelbach &#038; Wick und Nachfolger Steingutfabrik Wick Werke AG, Vereinigte Fabriken Merkelbach &#038; Wick und Merkelbach, Stadelmann &#038; Co., Deutschland, Grenzhausen, um 1925, Seidel, K\u00fcnstler Otto Obermeier, &hellip; <a href=\"http:\/\/museumek.eu\/?page_id=37691\">Weiterlesen <span class=\"meta-nav\">&rarr;<\/span><\/a><\/p>\n","protected":false},"author":1,"featured_media":0,"parent":34067,"menu_order":27,"comment_status":"closed","ping_status":"open","template":"","meta":[],"_links":{"self":[{"href":"http:\/\/museumek.eu\/index.php?rest_route=\/wp\/v2\/pages\/37691"}],"collection":[{"href":"http:\/\/museumek.eu\/index.php?rest_route=\/wp\/v2\/pages"}],"about":[{"href":"http:\/\/museumek.eu\/index.php?rest_route=\/wp\/v2\/types\/page"}],"author":[{"embeddable":true,"href":"http:\/\/museumek.eu\/index.php?rest_route=\/wp\/v2\/users\/1"}],"replies":[{"embeddable":true,"href":"http:\/\/museumek.eu\/index.php?rest_route=%2Fwp%2Fv2%2Fcomments&post=37691"}],"version-history":[{"count":10,"href":"http:\/\/museumek.eu\/index.php?rest_route=\/wp\/v2\/pages\/37691\/revisions"}],"predecessor-version":[{"id":40019,"href":"http:\/\/museumek.eu\/index.php?rest_route=\/wp\/v2\/pages\/37691\/revisions\/40019"}],"up":[{"embeddable":true,"href":"http:\/\/museumek.eu\/index.php?rest_route=\/wp\/v2\/pages\/34067"}],"wp:attachment":[{"href":"http:\/\/museumek.eu\/index.php?rest_route=%2Fwp%2Fv2%2Fmedia&parent=37691"}],"curies":[{"name":"wp","href":"https:\/\/api.w.org\/{rel}","templated":true}]}}