{"id":37716,"date":"2015-03-16T22:07:59","date_gmt":"2015-03-16T21:07:59","guid":{"rendered":"http:\/\/museumek.eu\/?page_id=37716"},"modified":"2015-03-16T22:31:00","modified_gmt":"2015-03-16T21:31:00","slug":"dcixx5","status":"publish","type":"page","link":"http:\/\/museumek.eu\/?page_id=37716","title":{"rendered":"D\/CIXX\/5"},"content":{"rendered":"<p><strong>Abteilung Deutschland, Keramik 1860 \u2013 1960, Inventarnummer D\/CIXX\/5<\/strong><\/p>\n<p>Steuler &#038; Co. Steinzeugindustrie GmbH (attr.), Deutschland, Koblenz und Grenzhausen, um 1910, Seidel, K\u00fcnstler unbekannt, Werks.-Nr. ohne, Exemplar Nr. ohne, gemarkt keine Firmenmarke aber \u00bd L \u00fcber Eichstrich sowie S (steht evtl. f\u00fcr Steuler ?) gepresst, D 33 sowie 5 schwarz gemalt, nicht signiert, Literatur: J\u00fcrgen Schimanski und J\u00fcrgen Erlebach, Westerw\u00e4lder Steinzeug, Die Neue \u00c4ra, Seite 118 ff., Erw\u00e4hnung der Fabrik und Abbildungen von Fabrikaten, weitere Literatur: J\u00fcrgen Schimanski, Braun geflammt und grau gesalzen, Seite 223, Beschreibung der Fabrik, Beschreibung, dass 1918 die Fabrik von Walter M\u00fcller \u00fcbernommen worden ist, Beschreibung, dass 1922 die Formen der Fabrik von Dr. Fritz Hammerschmidt \u00fcbernommen worden sind, die diese vorher von der Fabrik Alfons L\u00f6tschert \u00fcbernommen hatte, Beschreibung, dass 1931 die Produktion von Gebrauchssteinzeug eingestellt worden ist, Georg Steuler und sein Schwager Josef Gilling gr\u00fcndeten 1908 die Steuler &#038; Co. Steinzeugindustrie GmbH in Koblenz, dort wurde ausschlielich industrielle Keramik produziert, zu einem sp\u00e4teren Zeitpunkt wurde auch noch ein Zweigwerk in Koblenz er\u00f6ffnet, welches als Tonwerk M\u00fchlacker GmbH firmierte, bereits 1910 gr\u00fcndete die Steuler &#038; Co. Steinzeugindustrie GmbH ein weitere Fabrik in Grenzhausen, welche Gebrauchskeramik herstellte, deshalb steht in der oben beschrieben Fabrikmarke, die anscheinend auch nur auf Gebrauchssteinzeug angebracht worden ist, auch ein G f\u00fcr Grenzhausen, bis 1927 war auch ein Hans Steuler in der GmbH t\u00e4tig, \u00fcber dessen Aufgabe und Herkunft aber keine Daten recherchiert werden konnten, von 1909 bis 1917 bestand wohl eine stille Teilhaberschaft mit der Ransbacher Fabrik von Johann \u00dcbelacker, wobei nicht recherchiert werden konnte, ob Steuler bei \u00dcbelacker oder \u00dcbelacker bei Steuler der stille Teilhaber war, 1918 \u00fcbernahm die Fabrik die Steinzeugfabrik Walter M\u00fcller, Inhaber M\u00fcller &#038; Werner, samt deren Formen, 1922 erfolgte die \u00dcbernahme der Formen der Steinzeugfabrik von Dr. Fritz Hammerschmidt, da dieser die Formen der Steinzeugfabrik von Alfons Wilhelm L\u00f6tschert \u00fcbernommen hatte, gingen somit auch diese Formen zu Steuler \u00fcber, au\u00dferdem gab die Fabrik eigene K\u00fcnstlerentw\u00fcrfe in Auftrag und arbeitete mit Carl Moos, Alfred Kamp, Anni Ofterdinger, Wilhelm Neidhart und andern K\u00fcnstlern zusammen, 1931 wurde die Produktion von Gebrauchssteinzeug eingestellt, w\u00e4hrend der Produktionszweig der industriellen Keramik noch heute betrieben wird, das Dekor f\u00fcr diesen Seidel wurde wahrscheinlich von Carl Moos entworfen, Zuschreibung: \u00e4hnlicher \u00bd L \u00fcber Eichstrich Stempel sowie Ausf\u00fchrung des L identisch wie mit Firmenmarke versehener Seidel MEK D\/CIXX\/1, gepresstes S identisch wie die mit Firmenmarke versehenen Seidel MEK D\/CIXX\/1 und MEK D\/CIXX\/2, au\u00dferdem gleiche Markungssystematik D, daneben zwei Zahlen, darunter eine Zahl, alles schwarz gemalt wie die mit Firmenmarke versehenen Seidel MEK D\/CIXX\/1 und MEK D\/IXX\/4, H\u00f6he 13 cm, Breite 12,5cm (nur die Keramik)<\/p>\n<p><a href=\"http:\/\/museumek.eu\/?attachment_id=37717\" rel=\"attachment wp-att-37717\"><img loading=\"lazy\" src=\"http:\/\/museumek.eu\/wp-content\/uploads\/2015\/03\/208-186x300.jpg\" alt=\"\" title=\"208\" width=\"186\" height=\"300\" class=\"alignnone size-medium wp-image-37717\" srcset=\"http:\/\/museumek.eu\/wp-content\/uploads\/2015\/03\/208-186x300.jpg 186w, http:\/\/museumek.eu\/wp-content\/uploads\/2015\/03\/208-93x150.jpg 93w, http:\/\/museumek.eu\/wp-content\/uploads\/2015\/03\/208.jpg 415w\" sizes=\"(max-width: 186px) 100vw, 186px\" \/><\/a><\/p>\n<p><a href=\"http:\/\/museumek.eu\/?attachment_id=37718\" rel=\"attachment wp-att-37718\"><img loading=\"lazy\" src=\"http:\/\/museumek.eu\/wp-content\/uploads\/2015\/03\/29981-229x300.jpg\" alt=\"\" title=\"2998\" width=\"229\" height=\"300\" class=\"alignnone size-medium wp-image-37718\" srcset=\"http:\/\/museumek.eu\/wp-content\/uploads\/2015\/03\/29981-229x300.jpg 229w, http:\/\/museumek.eu\/wp-content\/uploads\/2015\/03\/29981-114x150.jpg 114w, http:\/\/museumek.eu\/wp-content\/uploads\/2015\/03\/29981.jpg 600w\" sizes=\"(max-width: 229px) 100vw, 229px\" \/><\/a><\/p>\n<p><a href=\"http:\/\/museumek.eu\/?attachment_id=37719\" rel=\"attachment wp-att-37719\"><img loading=\"lazy\" src=\"http:\/\/museumek.eu\/wp-content\/uploads\/2015\/03\/29991-228x300.jpg\" alt=\"\" title=\"2999\" width=\"228\" height=\"300\" class=\"alignnone size-medium wp-image-37719\" srcset=\"http:\/\/museumek.eu\/wp-content\/uploads\/2015\/03\/29991-228x300.jpg 228w, http:\/\/museumek.eu\/wp-content\/uploads\/2015\/03\/29991-114x150.jpg 114w, http:\/\/museumek.eu\/wp-content\/uploads\/2015\/03\/29991.jpg 600w\" sizes=\"(max-width: 228px) 100vw, 228px\" \/><\/a><\/p>\n<p><a href=\"http:\/\/museumek.eu\/?attachment_id=37720\" rel=\"attachment wp-att-37720\"><img loading=\"lazy\" src=\"http:\/\/museumek.eu\/wp-content\/uploads\/2015\/03\/3000-151x300.jpg\" alt=\"\" title=\"3000\" width=\"151\" height=\"300\" class=\"alignnone size-medium wp-image-37720\" srcset=\"http:\/\/museumek.eu\/wp-content\/uploads\/2015\/03\/3000-151x300.jpg 151w, http:\/\/museumek.eu\/wp-content\/uploads\/2015\/03\/3000-75x150.jpg 75w\" sizes=\"(max-width: 151px) 100vw, 151px\" \/><\/a><\/p>\n<p><a href=\"http:\/\/museumek.eu\/?attachment_id=37721\" rel=\"attachment wp-att-37721\"><img loading=\"lazy\" src=\"http:\/\/museumek.eu\/wp-content\/uploads\/2015\/03\/209-175x300.jpg\" alt=\"\" title=\"209\" width=\"175\" height=\"300\" class=\"alignnone size-medium wp-image-37721\" srcset=\"http:\/\/museumek.eu\/wp-content\/uploads\/2015\/03\/209-175x300.jpg 175w, http:\/\/museumek.eu\/wp-content\/uploads\/2015\/03\/209-87x150.jpg 87w, http:\/\/museumek.eu\/wp-content\/uploads\/2015\/03\/209.jpg 407w\" sizes=\"(max-width: 175px) 100vw, 175px\" \/><\/a><\/p>\n<p><a href=\"http:\/\/museumek.eu\/?attachment_id=37722\" rel=\"attachment wp-att-37722\"><img loading=\"lazy\" src=\"http:\/\/museumek.eu\/wp-content\/uploads\/2015\/03\/210-194x300.jpg\" alt=\"\" title=\"210\" width=\"194\" height=\"300\" class=\"alignnone size-medium wp-image-37722\" srcset=\"http:\/\/museumek.eu\/wp-content\/uploads\/2015\/03\/210-194x300.jpg 194w, http:\/\/museumek.eu\/wp-content\/uploads\/2015\/03\/210-97x150.jpg 97w, http:\/\/museumek.eu\/wp-content\/uploads\/2015\/03\/210.jpg 438w\" sizes=\"(max-width: 194px) 100vw, 194px\" \/><\/a><\/p>\n<p><a href=\"http:\/\/museumek.eu\/?attachment_id=37723\" rel=\"attachment wp-att-37723\"><img loading=\"lazy\" src=\"http:\/\/museumek.eu\/wp-content\/uploads\/2015\/03\/211-300x273.jpg\" alt=\"\" title=\"211\" width=\"300\" height=\"273\" class=\"alignnone size-medium wp-image-37723\" srcset=\"http:\/\/museumek.eu\/wp-content\/uploads\/2015\/03\/211-300x273.jpg 300w, http:\/\/museumek.eu\/wp-content\/uploads\/2015\/03\/211-150x136.jpg 150w, http:\/\/museumek.eu\/wp-content\/uploads\/2015\/03\/211-328x300.jpg 328w, http:\/\/museumek.eu\/wp-content\/uploads\/2015\/03\/211.jpg 432w\" sizes=\"(max-width: 300px) 100vw, 300px\" \/><\/a><\/p>\n<p><a href=\"http:\/\/museumek.eu\/?attachment_id=37724\" rel=\"attachment wp-att-37724\"><img loading=\"lazy\" src=\"http:\/\/museumek.eu\/wp-content\/uploads\/2015\/03\/212-180x300.jpg\" alt=\"\" title=\"212\" width=\"180\" height=\"300\" class=\"alignnone size-medium wp-image-37724\" srcset=\"http:\/\/museumek.eu\/wp-content\/uploads\/2015\/03\/212-180x300.jpg 180w, http:\/\/museumek.eu\/wp-content\/uploads\/2015\/03\/212-90x150.jpg 90w, http:\/\/museumek.eu\/wp-content\/uploads\/2015\/03\/212.jpg 288w\" sizes=\"(max-width: 180px) 100vw, 180px\" \/><\/a><\/p>\n<p><a href=\"http:\/\/museumek.eu\/?attachment_id=37725\" rel=\"attachment wp-att-37725\"><img loading=\"lazy\" src=\"http:\/\/museumek.eu\/wp-content\/uploads\/2015\/03\/213.jpg\" alt=\"\" title=\"213\" width=\"202\" height=\"218\" class=\"alignnone size-full wp-image-37725\" srcset=\"http:\/\/museumek.eu\/wp-content\/uploads\/2015\/03\/213.jpg 202w, http:\/\/museumek.eu\/wp-content\/uploads\/2015\/03\/213-138x150.jpg 138w\" sizes=\"(max-width: 202px) 100vw, 202px\" \/><\/a><\/p>\n","protected":false},"excerpt":{"rendered":"<p>Abteilung Deutschland, Keramik 1860 \u2013 1960, Inventarnummer D\/CIXX\/5 Steuler &#038; Co. Steinzeugindustrie GmbH (attr.), Deutschland, Koblenz und Grenzhausen, um 1910, Seidel, K\u00fcnstler unbekannt, Werks.-Nr. ohne, Exemplar Nr. ohne, gemarkt keine Firmenmarke aber \u00bd L \u00fcber Eichstrich sowie S (steht evtl. &hellip; <a href=\"http:\/\/museumek.eu\/?page_id=37716\">Weiterlesen <span class=\"meta-nav\">&rarr;<\/span><\/a><\/p>\n","protected":false},"author":1,"featured_media":0,"parent":34532,"menu_order":5,"comment_status":"closed","ping_status":"open","template":"","meta":[],"_links":{"self":[{"href":"http:\/\/museumek.eu\/index.php?rest_route=\/wp\/v2\/pages\/37716"}],"collection":[{"href":"http:\/\/museumek.eu\/index.php?rest_route=\/wp\/v2\/pages"}],"about":[{"href":"http:\/\/museumek.eu\/index.php?rest_route=\/wp\/v2\/types\/page"}],"author":[{"embeddable":true,"href":"http:\/\/museumek.eu\/index.php?rest_route=\/wp\/v2\/users\/1"}],"replies":[{"embeddable":true,"href":"http:\/\/museumek.eu\/index.php?rest_route=%2Fwp%2Fv2%2Fcomments&post=37716"}],"version-history":[{"count":8,"href":"http:\/\/museumek.eu\/index.php?rest_route=\/wp\/v2\/pages\/37716\/revisions"}],"predecessor-version":[{"id":37746,"href":"http:\/\/museumek.eu\/index.php?rest_route=\/wp\/v2\/pages\/37716\/revisions\/37746"}],"up":[{"embeddable":true,"href":"http:\/\/museumek.eu\/index.php?rest_route=\/wp\/v2\/pages\/34532"}],"wp:attachment":[{"href":"http:\/\/museumek.eu\/index.php?rest_route=%2Fwp%2Fv2%2Fmedia&parent=37716"}],"curies":[{"name":"wp","href":"https:\/\/api.w.org\/{rel}","templated":true}]}}