{"id":37787,"date":"2015-03-21T17:48:28","date_gmt":"2015-03-21T16:48:28","guid":{"rendered":"http:\/\/museumek.eu\/?page_id=37787"},"modified":"2015-03-21T18:52:12","modified_gmt":"2015-03-21T17:52:12","slug":"dxlv60","status":"publish","type":"page","link":"http:\/\/museumek.eu\/?page_id=37787","title":{"rendered":"D\/XLV\/60"},"content":{"rendered":"<p><strong>Abteilung Deutschland, Keramik 1860 \u2013 1960, Inventarnummer D\/XLV\/60<\/strong><\/p>\n<p>Steinzeug- &#038; Thonwaarenfabrik, Zinngiesserei &#038; Malerei Reinhold Merkelbach und Nachfolger Steinzeug- und Hartsteingutfabrik, Zinngie\u00dfereien und Malereien Reinhold Merkelbach, Deutschland, Grenzhausen, um 1910, Seidel, K\u00fcnstler unbekannt, Werks.-Nr. ohne, Exemplar Nr. ohne, gemarkt keine Firmenmarke aber 0,5 L. \u00fcber Eichstrich sowie F gepresst, 25. schwarz gemalt, nicht signiert, Literatur: Gisela Reineking von Bock, Meister der deutschen Keramik, Seite 221 ff., Fabrikbeschreibung, weitere Literatur: J\u00fcrgen Schimanski und J\u00fcrgen Erlebach, Westerw\u00e4lder Steinzeug, Die Neue \u00c4ra, Seite 77 ff., Fabrikbeschreibung, 1845 gr\u00fcndete Wilhelm Merkelbach (1817 \u2013 1859) in Grenzhausen eine Kannenb\u00e4ckerei, wann sich diese zur Steinzeugfabrik weiterentwickelte und wie diese Fabrik firmierte konnte nicht recherchiert werden, nach dem fr\u00fchen Tod von Wilhelm Merkelbach \u00fcbernahm dessen Sohn Wilhelm Reinhold Merkelbach (1847 \u2013 1891) die Fabrik, wie Reinhold Merkelbach direkt nach der \u00dcbernahme firmierte konnte nicht recherchiert werden, sp\u00e4testens ab 1892 firmierte die Fabrik als Steinzeug- &#038; Thonwaarenfabrik, Zinngiesserei &#038; Malerei Reinhold Merkelbach, dies ergibt sich aus dem Preis-Courant des Jahres 1892, seit 1878 hatte die Fabrik ein Fabriklager in M\u00fcnchen, welches ab 1891 als Bierkrugfabrikniederlage, Inh. Tosca Merkelbach, Grenzhausen bezeichnet wurde, nach Reinhold Merkelbachs Tod 1891 f\u00fchrte seine Witwe Tosca Merkelbach die Fabrik weiter, bis die S\u00f6hne Paul Merkelbach (1882 \u2013 1917) und Reinhold Merkelbach (1885 \u2013 1918) am 23.05.1907 die Fabrik \u00fcbernahmen, ab 1905 firmierte die Fabrik als Steinzeug- und Hartsteingutfabrik, Zinngie\u00dfereien und Malereien Reinhold Merkelbach, dies ergibt sich aus der Spezialpreisliste des Jahres 1905, im Zuge der Fabrik\u00fcbergabe an die S\u00f6hne wurde die Niederlage in M\u00fcnchen gel\u00f6scht und daf\u00fcr als selbstst\u00e4ndiges Unternehmen neu gegr\u00fcndet, nach dem beide S\u00f6hne im WK I gefallen waren, \u00fcbernahm wieder Tosca Merkelbach die Leitung der Fabrik, 1911 gr\u00fcndete die Fabrik zusammen mit den Fabriken M\u00fcller, Hanke und Gerz die Steinzeugwerke H\u00f6hr-Grenzhausen GmbH, um sich gegenseitig im Vertrieb und in der Produktion zu bef\u00f6rdern, bis zum Jahre 1918 stiegen die Fabriken M\u00fcller, Hanke und Gerz wieder aus der GmbH aus, Merkelbach \u00fcbernahm viele der Formen der anderen Fabriken und die GmbH ging im Laufe der n\u00e4chsten Jahre in die Steinzeugfabrik Reinhold Merkelbach auf, w\u00e4hrend des Bestehens der GmbH stellten die Fabriken jeweils auch Steinzeuge nach den Formen der anderen Fabriken her, die GmbH hatte keinen eigenen Markenstempel, die Produkte, auch die nach den Formen der anderen Fabriken hergestellten, wurden mit der jeweils eigenen Marke gekennzeichnet soweit \u00fcberhaupt gemarkt worden ist, nach Tosca Merkelbachs Tod f\u00fchrte die Schwiegertochter Gertrud Merkelbach, wohl zusammen mit anderen Verwandten und nicht verwandten Gesch\u00e4ftsf\u00fchrern die Fabrik weiter, 1957 \u00fcbernahm Prof. Reinhold Paul Bernhard Merkelbach (1918 \u2013 2006), ein Enkel von Reinhold Merkelbach, die Leitung der Fabrik, ab 1970 \u00e4nderte die Fabrik mehrmals ihre Firmierung und ab 1971 stieg die Goebel\u2019sche Porzellanfabrik erst mit 50 % sp\u00e4ter dann mit 100 % in die Eigentumsverh\u00e4ltnisse der Fabrik ein, 1988 kauften Familienangeh\u00f6rige der Merkelbachs zusammen mit Investoren die Fabrik zur\u00fcck, ab 1995 bis 2007 leitete die Familienangeh\u00f6rige Judith Engelmann, geb. Merkelbach die Fabrik, 2007 wurde die Produktion aufgegeben und die Steinzeugfabrik Matthias Girmscheid \u00fcbernahm viele der Formen, sowohl Goebel als auch Girmscheid produzierten viele Jugendstilentw\u00fcrfe als Neuauflagen, Fabrikzuschreibung: gem\u00e4\u00df des als Nachweisexemplar bestimmten MEK Exemplares D\/XLV\/59 hinsichtlich des identischen 1,5 cm breiten und 0,7 cm hohen 0,5 Liter \u00fcber Eichstrich Stempels sowie als Nachweisexemplar f\u00fcr den 0,5 cm breiten und 0,5 cm hohen identischen Stempel des Buchstaben F, Zinndeckel innen mit Bleistein gemarkt, evtl. Deutung von Bleistein, 1. Es gab einen Zinngie\u00dfer Bleistein, der von 1874 bis 1956 im bayrischen Pfarrkirchen lebte, 2. Bleistein ist ein Doppelsulfid des Bleies mit anderen Metallsulfiden, 3. ein Warnhinweis, dass zuviel Blei in der Zinnmischung enthalten ist, evtl. wurde die gesamte Zinnmontur mit Deckel auch viel fr\u00fcher hergestellt und um 1910 f\u00fcr diesen Seidel verwendet, der Deckel pa\u00dft exakt ist aber verzogen, um ihn vielleicht passend zu machen,<br \/>\nH\u00f6he 12 cm, Breite 13 cm (nur die Keramik)<\/p>\n<p><a href=\"http:\/\/museumek.eu\/?attachment_id=37798\" rel=\"attachment wp-att-37798\"><img loading=\"lazy\" src=\"http:\/\/museumek.eu\/wp-content\/uploads\/2015\/03\/30391-175x300.jpg\" alt=\"\" title=\"3039\" width=\"175\" height=\"300\" class=\"alignnone size-medium wp-image-37798\" srcset=\"http:\/\/museumek.eu\/wp-content\/uploads\/2015\/03\/30391-175x300.jpg 175w, http:\/\/museumek.eu\/wp-content\/uploads\/2015\/03\/30391-87x150.jpg 87w, http:\/\/museumek.eu\/wp-content\/uploads\/2015\/03\/30391.jpg 467w\" sizes=\"(max-width: 175px) 100vw, 175px\" \/><\/a><\/p>\n<p><a href=\"http:\/\/museumek.eu\/?attachment_id=37799\" rel=\"attachment wp-att-37799\"><img loading=\"lazy\" src=\"http:\/\/museumek.eu\/wp-content\/uploads\/2015\/03\/3040-225x300.jpg\" alt=\"\" title=\"3040\" width=\"225\" height=\"300\" class=\"alignnone size-medium wp-image-37799\" srcset=\"http:\/\/museumek.eu\/wp-content\/uploads\/2015\/03\/3040-225x300.jpg 225w, http:\/\/museumek.eu\/wp-content\/uploads\/2015\/03\/3040-112x150.jpg 112w, http:\/\/museumek.eu\/wp-content\/uploads\/2015\/03\/3040.jpg 600w\" sizes=\"(max-width: 225px) 100vw, 225px\" \/><\/a><\/p>\n<p><a href=\"http:\/\/museumek.eu\/?attachment_id=37803\" rel=\"attachment wp-att-37803\"><img loading=\"lazy\" src=\"http:\/\/museumek.eu\/wp-content\/uploads\/2015\/03\/30411-217x300.jpg\" alt=\"\" title=\"3041\" width=\"217\" height=\"300\" class=\"alignnone size-medium wp-image-37803\" srcset=\"http:\/\/museumek.eu\/wp-content\/uploads\/2015\/03\/30411-217x300.jpg 217w, http:\/\/museumek.eu\/wp-content\/uploads\/2015\/03\/30411-108x150.jpg 108w, http:\/\/museumek.eu\/wp-content\/uploads\/2015\/03\/30411.jpg 579w\" sizes=\"(max-width: 217px) 100vw, 217px\" \/><\/a><\/p>\n<p><a href=\"http:\/\/museumek.eu\/?attachment_id=37804\" rel=\"attachment wp-att-37804\"><img loading=\"lazy\" src=\"http:\/\/museumek.eu\/wp-content\/uploads\/2015\/03\/3045-154x300.jpg\" alt=\"\" title=\"3045\" width=\"154\" height=\"300\" class=\"alignnone size-medium wp-image-37804\" srcset=\"http:\/\/museumek.eu\/wp-content\/uploads\/2015\/03\/3045-154x300.jpg 154w, http:\/\/museumek.eu\/wp-content\/uploads\/2015\/03\/3045-77x150.jpg 77w, http:\/\/museumek.eu\/wp-content\/uploads\/2015\/03\/3045.jpg 412w\" sizes=\"(max-width: 154px) 100vw, 154px\" \/><\/a><\/p>\n<p><a href=\"http:\/\/museumek.eu\/?attachment_id=37805\" rel=\"attachment wp-att-37805\"><img loading=\"lazy\" src=\"http:\/\/museumek.eu\/wp-content\/uploads\/2015\/03\/3042-210x300.jpg\" alt=\"\" title=\"3042\" width=\"210\" height=\"300\" class=\"alignnone size-medium wp-image-37805\" srcset=\"http:\/\/museumek.eu\/wp-content\/uploads\/2015\/03\/3042-210x300.jpg 210w, http:\/\/museumek.eu\/wp-content\/uploads\/2015\/03\/3042-105x150.jpg 105w, http:\/\/museumek.eu\/wp-content\/uploads\/2015\/03\/3042.jpg 562w\" sizes=\"(max-width: 210px) 100vw, 210px\" \/><\/a><\/p>\n<p><a href=\"http:\/\/museumek.eu\/?attachment_id=37806\" rel=\"attachment wp-att-37806\"><img loading=\"lazy\" src=\"http:\/\/museumek.eu\/wp-content\/uploads\/2015\/03\/3043-211x300.jpg\" alt=\"\" title=\"3043\" width=\"211\" height=\"300\" class=\"alignnone size-medium wp-image-37806\" srcset=\"http:\/\/museumek.eu\/wp-content\/uploads\/2015\/03\/3043-211x300.jpg 211w, http:\/\/museumek.eu\/wp-content\/uploads\/2015\/03\/3043-105x150.jpg 105w, http:\/\/museumek.eu\/wp-content\/uploads\/2015\/03\/3043.jpg 563w\" sizes=\"(max-width: 211px) 100vw, 211px\" \/><\/a><\/p>\n<p><a href=\"http:\/\/museumek.eu\/?attachment_id=37807\" rel=\"attachment wp-att-37807\"><img loading=\"lazy\" src=\"http:\/\/museumek.eu\/wp-content\/uploads\/2015\/03\/3044-183x300.jpg\" alt=\"\" title=\"3044\" width=\"183\" height=\"300\" class=\"alignnone size-medium wp-image-37807\" srcset=\"http:\/\/museumek.eu\/wp-content\/uploads\/2015\/03\/3044-183x300.jpg 183w, http:\/\/museumek.eu\/wp-content\/uploads\/2015\/03\/3044-91x150.jpg 91w, http:\/\/museumek.eu\/wp-content\/uploads\/2015\/03\/3044.jpg 489w\" sizes=\"(max-width: 183px) 100vw, 183px\" \/><\/a><\/p>\n<p><a href=\"http:\/\/museumek.eu\/?attachment_id=31299\" rel=\"attachment wp-att-31299\"><img loading=\"lazy\" src=\"http:\/\/museumek.eu\/wp-content\/uploads\/2014\/06\/717-300x268.jpg\" alt=\"\" title=\"717\" width=\"300\" height=\"268\" class=\"alignnone size-medium wp-image-31299\" srcset=\"http:\/\/museumek.eu\/wp-content\/uploads\/2014\/06\/717-300x268.jpg 300w, http:\/\/museumek.eu\/wp-content\/uploads\/2014\/06\/717-150x134.jpg 150w, http:\/\/museumek.eu\/wp-content\/uploads\/2014\/06\/717-335x300.jpg 335w, http:\/\/museumek.eu\/wp-content\/uploads\/2014\/06\/717.jpg 409w\" sizes=\"(max-width: 300px) 100vw, 300px\" \/><\/a><\/p>\n<p><a href=\"http:\/\/museumek.eu\/?attachment_id=31303\" rel=\"attachment wp-att-31303\"><img loading=\"lazy\" src=\"http:\/\/museumek.eu\/wp-content\/uploads\/2014\/06\/7181-300x196.jpg\" alt=\"\" title=\"718\" width=\"300\" height=\"196\" class=\"alignnone size-medium wp-image-31303\" srcset=\"http:\/\/museumek.eu\/wp-content\/uploads\/2014\/06\/7181-300x196.jpg 300w, http:\/\/museumek.eu\/wp-content\/uploads\/2014\/06\/7181-150x98.jpg 150w, http:\/\/museumek.eu\/wp-content\/uploads\/2014\/06\/7181-458x300.jpg 458w, http:\/\/museumek.eu\/wp-content\/uploads\/2014\/06\/7181.jpg 523w\" sizes=\"(max-width: 300px) 100vw, 300px\" \/><\/a><\/p>\n<p><a href=\"http:\/\/museumek.eu\/?attachment_id=31304\" rel=\"attachment wp-att-31304\"><img loading=\"lazy\" src=\"http:\/\/museumek.eu\/wp-content\/uploads\/2014\/06\/719-263x300.jpg\" alt=\"\" title=\"719\" width=\"263\" height=\"300\" class=\"alignnone size-medium wp-image-31304\" srcset=\"http:\/\/museumek.eu\/wp-content\/uploads\/2014\/06\/719-263x300.jpg 263w, http:\/\/museumek.eu\/wp-content\/uploads\/2014\/06\/719-131x150.jpg 131w, http:\/\/museumek.eu\/wp-content\/uploads\/2014\/06\/719.jpg 270w\" sizes=\"(max-width: 263px) 100vw, 263px\" \/><\/a><\/p>\n<p><a href=\"http:\/\/museumek.eu\/?attachment_id=31308\" rel=\"attachment wp-att-31308\"><img loading=\"lazy\" src=\"http:\/\/museumek.eu\/wp-content\/uploads\/2014\/06\/723-300x106.jpg\" alt=\"\" title=\"723\" width=\"300\" height=\"106\" class=\"alignnone size-medium wp-image-31308\" srcset=\"http:\/\/museumek.eu\/wp-content\/uploads\/2014\/06\/723-300x106.jpg 300w, http:\/\/museumek.eu\/wp-content\/uploads\/2014\/06\/723-150x53.jpg 150w, http:\/\/museumek.eu\/wp-content\/uploads\/2014\/06\/723-500x177.jpg 500w, http:\/\/museumek.eu\/wp-content\/uploads\/2014\/06\/723.jpg 629w\" sizes=\"(max-width: 300px) 100vw, 300px\" \/><\/a><\/p>\n","protected":false},"excerpt":{"rendered":"<p>Abteilung Deutschland, Keramik 1860 \u2013 1960, Inventarnummer D\/XLV\/60 Steinzeug- &#038; Thonwaarenfabrik, Zinngiesserei &#038; Malerei Reinhold Merkelbach und Nachfolger Steinzeug- und Hartsteingutfabrik, Zinngie\u00dfereien und Malereien Reinhold Merkelbach, Deutschland, Grenzhausen, um 1910, Seidel, K\u00fcnstler unbekannt, Werks.-Nr. ohne, Exemplar Nr. ohne, gemarkt keine &hellip; <a href=\"http:\/\/museumek.eu\/?page_id=37787\">Weiterlesen <span class=\"meta-nav\">&rarr;<\/span><\/a><\/p>\n","protected":false},"author":1,"featured_media":0,"parent":35453,"menu_order":60,"comment_status":"closed","ping_status":"open","template":"","meta":[],"_links":{"self":[{"href":"http:\/\/museumek.eu\/index.php?rest_route=\/wp\/v2\/pages\/37787"}],"collection":[{"href":"http:\/\/museumek.eu\/index.php?rest_route=\/wp\/v2\/pages"}],"about":[{"href":"http:\/\/museumek.eu\/index.php?rest_route=\/wp\/v2\/types\/page"}],"author":[{"embeddable":true,"href":"http:\/\/museumek.eu\/index.php?rest_route=\/wp\/v2\/users\/1"}],"replies":[{"embeddable":true,"href":"http:\/\/museumek.eu\/index.php?rest_route=%2Fwp%2Fv2%2Fcomments&post=37787"}],"version-history":[{"count":19,"href":"http:\/\/museumek.eu\/index.php?rest_route=\/wp\/v2\/pages\/37787\/revisions"}],"predecessor-version":[{"id":37815,"href":"http:\/\/museumek.eu\/index.php?rest_route=\/wp\/v2\/pages\/37787\/revisions\/37815"}],"up":[{"embeddable":true,"href":"http:\/\/museumek.eu\/index.php?rest_route=\/wp\/v2\/pages\/35453"}],"wp:attachment":[{"href":"http:\/\/museumek.eu\/index.php?rest_route=%2Fwp%2Fv2%2Fmedia&parent=37787"}],"curies":[{"name":"wp","href":"https:\/\/api.w.org\/{rel}","templated":true}]}}