{"id":37991,"date":"2015-03-22T21:57:53","date_gmt":"2015-03-22T20:57:53","guid":{"rendered":"http:\/\/museumek.eu\/?page_id=37991"},"modified":"2015-03-22T22:03:08","modified_gmt":"2015-03-22T21:03:08","slug":"dliii28","status":"publish","type":"page","link":"http:\/\/museumek.eu\/?page_id=37991","title":{"rendered":"D\/LIII\/28"},"content":{"rendered":"<p><strong>Abteilung Deutschland, Keramik 1860 \u2013 1960, Inventarnummer D\/LIII\/28<\/strong><\/p>\n<p>Steingut- und Steinzeugfabrik, Kunstt\u00f6pferei, Zinngie\u00dferei Merkelbach &#038; Wick und Nachfolger Steingutfabrik Wick Werke AG, Vereinigte Fabriken Merkelbach &#038; Wick und Merkelbach, Stadelmann &#038; Co. (attr.), Deutschland, Grenzhausen, um 1910, Seidel, K\u00fcnstler Ludwig Hohlwein, Werks.-Nr. ohne, Exemplar Nr. ohne, gemarkt keine Firmenmarke aber 0,4 L. \u00fcber Eichstrich gepresst, LH (f\u00fcr Ludwig Hohlwein) ligiert blau gemalt, LUDWIG HOHLWEIN M\u00dcNCHEN blau gemalt, signiert LH, Literatur: J\u00fcrgen Schimanski und J\u00fcrgen Erlebach, Westerw\u00e4lder Steinzeug, Die Neue \u00c4ra, Seite 109, Fabrikbeschreibung, weitere Literatur: Beate Dry-von Zezschwitz, Westerw\u00e4lder Steinzug des Jugendstils I, Reinhold Merkelbach, Spezialpreisliste 1905, Seite 10 ff., Fabrikbeschreibung, der 1840 geborene Friedrich Wilhelm Merkelbach (gest. 1896) betrieb eine Kannenb\u00e4ckerei oder bereits eine keramische Fabrik, die unter dem Namen F. W. Merkelbach II. firmierte, 1872 (oder 1874) nimmt Friedrich Wilhelm Merkelbach den Bildhauer (Johann) Georg Peter Wick (geb. 1837, gest. 1914) in die Firma auf, die Firmierung \u00e4ndert sich in Steingut- und Steinzeugfabrik, Kunstt\u00f6pferei, Zinngie\u00dferei Merkelbach &#038; Wick, ab 1882\/1883 produzieren Sie als eine der ersten Westerw\u00e4lder Fabriken Elfenbeinsteinzeug, \u00fcber die H\u00e4lfte der Produktion wird in die USA exportiert, in der Zeit von 1886 bis 1897 liefert die Fabrik Halbfertigerzeugnisse an die keramische Fabrik von Hauber &#038; Reuther, Jugenstilk\u00fcnstler wie Peter Behrens und Henry van de Velde liefern um 1900 herausragende Entw\u00fcrfe, 1895 tritt Wicks Sohn (und evtl. gleichzeitig Merkelbachs Schwiegersohn) Ludwig Konrad Wick in die Fabrik ein und \u00fcbernimmt sicher zeitnah auch deren Leitung, bis er 1910\/1911 die Leitung an seine Frau Emma abgibt, 1921\/1922 fusioniert die Fabrik mit der um 1867 in Grenzhausen von Friedrich Wilhelm Merkelbach, Theodor Stadelmann und Julius Schr\u00f6der als Mahl- und Schleifsteinfabrik gegr\u00fcndeten Fabrik Merkelbach, Stadelmann &#038; Co. (wahrscheinlich war Konrad Wicks Frau Emma bereits Miteigent\u00fcmer dieser Fabrik) zur Steingutfabrik Wick Werke AG, Vereinigte Fabriken Merkelbach &#038; Wick und Merkelbach, Stadelmann &#038; Co., die Fabrik bestand rund 100 Jahre, Fabrikzuordnung: der 1,5 cm breite und 0,8 cm hohe 0,4 L. Stempel dieses MEK Exemplars, ist identisch mit dem Stempel des MEK Exemplars D\/LIII\/15, welches dem MEK als Identifizierungsstempel f\u00fcr nicht mit der Fabrikmarke versehene Fabrikate von Merkelbach &#038; Wick dient, Ausf\u00fchrung als Seidel mit kleinem Hohlboden, sehr wahrscheinlich entwarf Ludwig Hohlwein auch die Gestaltung des Zinndeckels und der Daumenrast, H\u00f6he 11,6 cm, Breite 13,8 cm (nur die Keramik)<\/p>\n<p><a href=\"http:\/\/museumek.eu\/?attachment_id=37992\" rel=\"attachment wp-att-37992\"><img loading=\"lazy\" src=\"http:\/\/museumek.eu\/wp-content\/uploads\/2015\/03\/2299-157x300.jpg\" alt=\"\" title=\"2299\" width=\"157\" height=\"300\" class=\"alignnone size-medium wp-image-37992\" srcset=\"http:\/\/museumek.eu\/wp-content\/uploads\/2015\/03\/2299-157x300.jpg 157w, http:\/\/museumek.eu\/wp-content\/uploads\/2015\/03\/2299-78x150.jpg 78w, http:\/\/museumek.eu\/wp-content\/uploads\/2015\/03\/2299.jpg 419w\" sizes=\"(max-width: 157px) 100vw, 157px\" \/><\/a><\/p>\n<p><a href=\"http:\/\/museumek.eu\/?attachment_id=37993\" rel=\"attachment wp-att-37993\"><img loading=\"lazy\" src=\"http:\/\/museumek.eu\/wp-content\/uploads\/2015\/03\/2303-215x300.jpg\" alt=\"\" title=\"2303\" width=\"215\" height=\"300\" class=\"alignnone size-medium wp-image-37993\" srcset=\"http:\/\/museumek.eu\/wp-content\/uploads\/2015\/03\/2303-215x300.jpg 215w, http:\/\/museumek.eu\/wp-content\/uploads\/2015\/03\/2303-107x150.jpg 107w, http:\/\/museumek.eu\/wp-content\/uploads\/2015\/03\/2303.jpg 575w\" sizes=\"(max-width: 215px) 100vw, 215px\" \/><\/a><\/p>\n<p><a href=\"http:\/\/museumek.eu\/?attachment_id=37994\" rel=\"attachment wp-att-37994\"><img loading=\"lazy\" src=\"http:\/\/museumek.eu\/wp-content\/uploads\/2015\/03\/2302-217x300.jpg\" alt=\"\" title=\"2302\" width=\"217\" height=\"300\" class=\"alignnone size-medium wp-image-37994\" srcset=\"http:\/\/museumek.eu\/wp-content\/uploads\/2015\/03\/2302-217x300.jpg 217w, http:\/\/museumek.eu\/wp-content\/uploads\/2015\/03\/2302-108x150.jpg 108w, http:\/\/museumek.eu\/wp-content\/uploads\/2015\/03\/2302.jpg 579w\" sizes=\"(max-width: 217px) 100vw, 217px\" \/><\/a><\/p>\n<p><a href=\"http:\/\/museumek.eu\/?attachment_id=37995\" rel=\"attachment wp-att-37995\"><img loading=\"lazy\" src=\"http:\/\/museumek.eu\/wp-content\/uploads\/2015\/03\/2304-146x300.jpg\" alt=\"\" title=\"2304\" width=\"146\" height=\"300\" class=\"alignnone size-medium wp-image-37995\" srcset=\"http:\/\/museumek.eu\/wp-content\/uploads\/2015\/03\/2304-146x300.jpg 146w, http:\/\/museumek.eu\/wp-content\/uploads\/2015\/03\/2304-73x150.jpg 73w, http:\/\/museumek.eu\/wp-content\/uploads\/2015\/03\/2304.jpg 391w\" sizes=\"(max-width: 146px) 100vw, 146px\" \/><\/a><\/p>\n<p><a href=\"http:\/\/museumek.eu\/?attachment_id=37996\" rel=\"attachment wp-att-37996\"><img loading=\"lazy\" src=\"http:\/\/museumek.eu\/wp-content\/uploads\/2015\/03\/2300-174x300.jpg\" alt=\"\" title=\"2300\" width=\"174\" height=\"300\" class=\"alignnone size-medium wp-image-37996\" srcset=\"http:\/\/museumek.eu\/wp-content\/uploads\/2015\/03\/2300-174x300.jpg 174w, http:\/\/museumek.eu\/wp-content\/uploads\/2015\/03\/2300-87x150.jpg 87w, http:\/\/museumek.eu\/wp-content\/uploads\/2015\/03\/2300.jpg 464w\" sizes=\"(max-width: 174px) 100vw, 174px\" \/><\/a><\/p>\n<p><a href=\"http:\/\/museumek.eu\/?attachment_id=38002\" rel=\"attachment wp-att-38002\"><img loading=\"lazy\" src=\"http:\/\/museumek.eu\/wp-content\/uploads\/2015\/03\/23011-148x300.jpg\" alt=\"\" title=\"2301\" width=\"148\" height=\"300\" class=\"alignnone size-medium wp-image-38002\" srcset=\"http:\/\/museumek.eu\/wp-content\/uploads\/2015\/03\/23011-148x300.jpg 148w, http:\/\/museumek.eu\/wp-content\/uploads\/2015\/03\/23011-74x150.jpg 74w, http:\/\/museumek.eu\/wp-content\/uploads\/2015\/03\/23011.jpg 395w\" sizes=\"(max-width: 148px) 100vw, 148px\" \/><\/a><\/p>\n<p><a href=\"http:\/\/museumek.eu\/?attachment_id=38003\" rel=\"attachment wp-att-38003\"><img loading=\"lazy\" src=\"http:\/\/museumek.eu\/wp-content\/uploads\/2015\/03\/2310-287x300.jpg\" alt=\"\" title=\"2310\" width=\"287\" height=\"300\" class=\"alignnone size-medium wp-image-38003\" srcset=\"http:\/\/museumek.eu\/wp-content\/uploads\/2015\/03\/2310-287x300.jpg 287w, http:\/\/museumek.eu\/wp-content\/uploads\/2015\/03\/2310-143x150.jpg 143w, http:\/\/museumek.eu\/wp-content\/uploads\/2015\/03\/2310.jpg 600w\" sizes=\"(max-width: 287px) 100vw, 287px\" \/><\/a><\/p>\n<p><a href=\"http:\/\/museumek.eu\/?attachment_id=38004\" rel=\"attachment wp-att-38004\"><img loading=\"lazy\" src=\"http:\/\/museumek.eu\/wp-content\/uploads\/2015\/03\/2305-135x300.jpg\" alt=\"\" title=\"2305\" width=\"135\" height=\"300\" class=\"alignnone size-medium wp-image-38004\" srcset=\"http:\/\/museumek.eu\/wp-content\/uploads\/2015\/03\/2305-135x300.jpg 135w, http:\/\/museumek.eu\/wp-content\/uploads\/2015\/03\/2305-67x150.jpg 67w\" sizes=\"(max-width: 135px) 100vw, 135px\" \/><\/a><\/p>\n<p><a href=\"http:\/\/museumek.eu\/?attachment_id=38005\" rel=\"attachment wp-att-38005\"><img loading=\"lazy\" src=\"http:\/\/museumek.eu\/wp-content\/uploads\/2015\/03\/2306.jpg\" alt=\"\" title=\"2306\" width=\"195\" height=\"229\" class=\"alignnone size-full wp-image-38005\" srcset=\"http:\/\/museumek.eu\/wp-content\/uploads\/2015\/03\/2306.jpg 195w, http:\/\/museumek.eu\/wp-content\/uploads\/2015\/03\/2306-127x150.jpg 127w\" sizes=\"(max-width: 195px) 100vw, 195px\" \/><\/a><\/p>\n<p><a href=\"http:\/\/museumek.eu\/?attachment_id=38006\" rel=\"attachment wp-att-38006\"><img loading=\"lazy\" src=\"http:\/\/museumek.eu\/wp-content\/uploads\/2015\/03\/2307-294x300.jpg\" alt=\"\" title=\"2307\" width=\"294\" height=\"300\" class=\"alignnone size-medium wp-image-38006\" srcset=\"http:\/\/museumek.eu\/wp-content\/uploads\/2015\/03\/2307-294x300.jpg 294w, http:\/\/museumek.eu\/wp-content\/uploads\/2015\/03\/2307-147x150.jpg 147w, http:\/\/museumek.eu\/wp-content\/uploads\/2015\/03\/2307.jpg 426w\" sizes=\"(max-width: 294px) 100vw, 294px\" \/><\/a><\/p>\n<p><a href=\"http:\/\/museumek.eu\/?attachment_id=38007\" rel=\"attachment wp-att-38007\"><img loading=\"lazy\" src=\"http:\/\/museumek.eu\/wp-content\/uploads\/2015\/03\/2308-300x204.jpg\" alt=\"\" title=\"2308\" width=\"300\" height=\"204\" class=\"alignnone size-medium wp-image-38007\" srcset=\"http:\/\/museumek.eu\/wp-content\/uploads\/2015\/03\/2308-300x204.jpg 300w, http:\/\/museumek.eu\/wp-content\/uploads\/2015\/03\/2308-150x102.jpg 150w, http:\/\/museumek.eu\/wp-content\/uploads\/2015\/03\/2308.jpg 435w\" sizes=\"(max-width: 300px) 100vw, 300px\" \/><\/a><\/p>\n<p><a href=\"http:\/\/museumek.eu\/?attachment_id=38008\" rel=\"attachment wp-att-38008\"><img loading=\"lazy\" src=\"http:\/\/museumek.eu\/wp-content\/uploads\/2015\/03\/2309-175x300.jpg\" alt=\"\" title=\"2309\" width=\"175\" height=\"300\" class=\"alignnone size-medium wp-image-38008\" srcset=\"http:\/\/museumek.eu\/wp-content\/uploads\/2015\/03\/2309-175x300.jpg 175w, http:\/\/museumek.eu\/wp-content\/uploads\/2015\/03\/2309-87x150.jpg 87w, http:\/\/museumek.eu\/wp-content\/uploads\/2015\/03\/2309.jpg 468w\" sizes=\"(max-width: 175px) 100vw, 175px\" \/><\/a><\/p>\n","protected":false},"excerpt":{"rendered":"<p>Abteilung Deutschland, Keramik 1860 \u2013 1960, Inventarnummer D\/LIII\/28 Steingut- und Steinzeugfabrik, Kunstt\u00f6pferei, Zinngie\u00dferei Merkelbach &#038; Wick und Nachfolger Steingutfabrik Wick Werke AG, Vereinigte Fabriken Merkelbach &#038; Wick und Merkelbach, Stadelmann &#038; Co. (attr.), Deutschland, Grenzhausen, um 1910, Seidel, K\u00fcnstler Ludwig &hellip; <a href=\"http:\/\/museumek.eu\/?page_id=37991\">Weiterlesen <span class=\"meta-nav\">&rarr;<\/span><\/a><\/p>\n","protected":false},"author":1,"featured_media":0,"parent":34067,"menu_order":28,"comment_status":"closed","ping_status":"open","template":"","meta":[],"_links":{"self":[{"href":"http:\/\/museumek.eu\/index.php?rest_route=\/wp\/v2\/pages\/37991"}],"collection":[{"href":"http:\/\/museumek.eu\/index.php?rest_route=\/wp\/v2\/pages"}],"about":[{"href":"http:\/\/museumek.eu\/index.php?rest_route=\/wp\/v2\/types\/page"}],"author":[{"embeddable":true,"href":"http:\/\/museumek.eu\/index.php?rest_route=\/wp\/v2\/users\/1"}],"replies":[{"embeddable":true,"href":"http:\/\/museumek.eu\/index.php?rest_route=%2Fwp%2Fv2%2Fcomments&post=37991"}],"version-history":[{"count":6,"href":"http:\/\/museumek.eu\/index.php?rest_route=\/wp\/v2\/pages\/37991\/revisions"}],"predecessor-version":[{"id":38010,"href":"http:\/\/museumek.eu\/index.php?rest_route=\/wp\/v2\/pages\/37991\/revisions\/38010"}],"up":[{"embeddable":true,"href":"http:\/\/museumek.eu\/index.php?rest_route=\/wp\/v2\/pages\/34067"}],"wp:attachment":[{"href":"http:\/\/museumek.eu\/index.php?rest_route=%2Fwp%2Fv2%2Fmedia&parent=37991"}],"curies":[{"name":"wp","href":"https:\/\/api.w.org\/{rel}","templated":true}]}}