{"id":38056,"date":"2015-03-24T20:27:11","date_gmt":"2015-03-24T19:27:11","guid":{"rendered":"http:\/\/museumek.eu\/?page_id=38056"},"modified":"2015-03-24T20:27:11","modified_gmt":"2015-03-24T19:27:11","slug":"dxlix14","status":"publish","type":"page","link":"http:\/\/museumek.eu\/?page_id=38056","title":{"rendered":"D\/XLIX\/14"},"content":{"rendered":"<p><strong>Abteilung Deutschland, Keramik 1860 \u2013 1960, Inventarnummer D\/XLIX\/14<\/strong><\/p>\n<p>Simon Peter Gerz I. GmbH Fabrik fein verzierter Gebrauchs- und Luxusgegenst\u00e4nde und Vorg\u00e4nger Simon Peter Gerz I. Fabrik antiker reichverzierter Steinzeugwaaren, Deutschland, H\u00f6hr, 1909, Seidel, K\u00fcnstler Paul Wynand, Werks.-Nr. 1758, Exemplar Nr. ohne, gemarkt keine Fabrikmarke aber drei ineinander geschachtelte Dreiecke sowie 0,5 L. \u00fcber Eichstrich sowie 1758 gepresst, nicht signiert, Literatur: J\u00fcrgen Schimanski und J\u00fcrgen Erlebach, Westerw\u00e4lder Steinzeug, Die Neue \u00c4ra, Seite 44 ff., Fabrikbeschreibung, Seite 44, von Marke Nr. 6 das Beizeichen (drei ineinander geschachtelte Dreiecke) identisch sowie Seite 50, Abbildung Nr. 40 c, identischer Seidel, dort beschrieben mit Werks.-Nr. 1758, Entwurf Paul Wynand 1909, weitere Literatur: J\u00fcrgen Schimanski, Braun geflammt und grau gesalzen, Seite 197, Beschreibung der Fabrik, die Fabrik wurde 1857 von Simon Peter Gerz I (geb. 13.09.1830, gest. 12.09.1893) gegr\u00fcndet, die Registereintragung erfolgte aber erst 1862, insofern ist das Jahr 1862 das amtliche Gr\u00fcndungsdatum, bisher konnte in keiner Literatur eine Erkl\u00e4rung gefunden werden, warum Gerz seinem Namen eine r\u00f6mische I anf\u00fcgte, recherchiert werden konnte, dass es noch einen Steinzeugfabrikanten namens Simon Peter Gerz II (geb. 1833, gest. 1908) gab und dass dieser der Vater von Alois Jacob Gerz, dem Mitbegr\u00fcnder der Steinzeugfabrik Rosskopf &#038; Gerz war, 1867 erhielt die Fabrik das Pr\u00e4dikat eines Hoflieferanten des Herzog von Nassau, 1893 (Gerz Tod) wurde der Schwiegersohn Alphons William Loetschert Inhaber, sehr wahrscheinlich wurde um diese Zeit auch die Fabrikmarke SPG I in einem Kreis in die Dreieckmarke mit einem Krug ge\u00e4ndert, sp\u00e4testens aber sicher 1897, 1897 wurde die Pfeiffenfabrik M\u00fcllenbach &#038; Thewalt Mitinhaber und eine GmbH wurde gegr\u00fcndet (Gr\u00fcndungsdatum: 05.08.1897), die Fabrik bestand bis 1997, <strong>der 0,7 cm hohe und 1,2 cm breite 0,5 Literstempel dient dem MEK als Identifizierungsstempel f\u00fcr nicht mit der Fabrikmarke versehene Fabrikate von Gerz<\/strong>, Ausf\u00fchrung als Steinzeug grau-blau salzglasiert, H\u00f6he 10,7 cm, Breite 15 cm (nur die Keramik)<\/p>\n<p><a href=\"http:\/\/museumek.eu\/?attachment_id=38057\" rel=\"attachment wp-att-38057\"><img loading=\"lazy\" src=\"http:\/\/museumek.eu\/wp-content\/uploads\/2015\/03\/3052-223x300.jpg\" alt=\"\" title=\"3052\" width=\"223\" height=\"300\" class=\"alignnone size-medium wp-image-38057\" srcset=\"http:\/\/museumek.eu\/wp-content\/uploads\/2015\/03\/3052-223x300.jpg 223w, http:\/\/museumek.eu\/wp-content\/uploads\/2015\/03\/3052-111x150.jpg 111w, http:\/\/museumek.eu\/wp-content\/uploads\/2015\/03\/3052.jpg 595w\" sizes=\"(max-width: 223px) 100vw, 223px\" \/><\/a><\/p>\n<p><a href=\"http:\/\/museumek.eu\/?attachment_id=38058\" rel=\"attachment wp-att-38058\"><img loading=\"lazy\" src=\"http:\/\/museumek.eu\/wp-content\/uploads\/2015\/03\/3053-275x300.jpg\" alt=\"\" title=\"3053\" width=\"275\" height=\"300\" class=\"alignnone size-medium wp-image-38058\" srcset=\"http:\/\/museumek.eu\/wp-content\/uploads\/2015\/03\/3053-275x300.jpg 275w, http:\/\/museumek.eu\/wp-content\/uploads\/2015\/03\/3053-137x150.jpg 137w, http:\/\/museumek.eu\/wp-content\/uploads\/2015\/03\/3053.jpg 600w\" sizes=\"(max-width: 275px) 100vw, 275px\" \/><\/a><\/p>\n<p><a href=\"http:\/\/museumek.eu\/?attachment_id=38059\" rel=\"attachment wp-att-38059\"><img loading=\"lazy\" src=\"http:\/\/museumek.eu\/wp-content\/uploads\/2015\/03\/3054-273x300.jpg\" alt=\"\" title=\"3054\" width=\"273\" height=\"300\" class=\"alignnone size-medium wp-image-38059\" srcset=\"http:\/\/museumek.eu\/wp-content\/uploads\/2015\/03\/3054-273x300.jpg 273w, http:\/\/museumek.eu\/wp-content\/uploads\/2015\/03\/3054-136x150.jpg 136w, http:\/\/museumek.eu\/wp-content\/uploads\/2015\/03\/3054.jpg 600w\" sizes=\"(max-width: 273px) 100vw, 273px\" \/><\/a><\/p>\n<p><a href=\"http:\/\/museumek.eu\/?attachment_id=38060\" rel=\"attachment wp-att-38060\"><img loading=\"lazy\" src=\"http:\/\/museumek.eu\/wp-content\/uploads\/2015\/03\/3055-195x300.jpg\" alt=\"\" title=\"3055\" width=\"195\" height=\"300\" class=\"alignnone size-medium wp-image-38060\" srcset=\"http:\/\/museumek.eu\/wp-content\/uploads\/2015\/03\/3055-195x300.jpg 195w, http:\/\/museumek.eu\/wp-content\/uploads\/2015\/03\/3055-97x150.jpg 97w, http:\/\/museumek.eu\/wp-content\/uploads\/2015\/03\/3055.jpg 520w\" sizes=\"(max-width: 195px) 100vw, 195px\" \/><\/a><\/p>\n<p><a href=\"http:\/\/museumek.eu\/?attachment_id=38061\" rel=\"attachment wp-att-38061\"><img loading=\"lazy\" src=\"http:\/\/museumek.eu\/wp-content\/uploads\/2015\/03\/3056-300x213.jpg\" alt=\"\" title=\"3056\" width=\"300\" height=\"213\" class=\"alignnone size-medium wp-image-38061\" srcset=\"http:\/\/museumek.eu\/wp-content\/uploads\/2015\/03\/3056-300x213.jpg 300w, http:\/\/museumek.eu\/wp-content\/uploads\/2015\/03\/3056-150x106.jpg 150w, http:\/\/museumek.eu\/wp-content\/uploads\/2015\/03\/3056-421x300.jpg 421w, http:\/\/museumek.eu\/wp-content\/uploads\/2015\/03\/3056.jpg 494w\" sizes=\"(max-width: 300px) 100vw, 300px\" \/><\/a><\/p>\n<p><a href=\"http:\/\/museumek.eu\/?attachment_id=38062\" rel=\"attachment wp-att-38062\"><img loading=\"lazy\" src=\"http:\/\/museumek.eu\/wp-content\/uploads\/2015\/03\/3057-300x265.jpg\" alt=\"\" title=\"3057\" width=\"300\" height=\"265\" class=\"alignnone size-medium wp-image-38062\" srcset=\"http:\/\/museumek.eu\/wp-content\/uploads\/2015\/03\/3057-300x265.jpg 300w, http:\/\/museumek.eu\/wp-content\/uploads\/2015\/03\/3057-150x132.jpg 150w, http:\/\/museumek.eu\/wp-content\/uploads\/2015\/03\/3057-339x300.jpg 339w, http:\/\/museumek.eu\/wp-content\/uploads\/2015\/03\/3057.jpg 679w\" sizes=\"(max-width: 300px) 100vw, 300px\" \/><\/a><\/p>\n","protected":false},"excerpt":{"rendered":"<p>Abteilung Deutschland, Keramik 1860 \u2013 1960, Inventarnummer D\/XLIX\/14 Simon Peter Gerz I. GmbH Fabrik fein verzierter Gebrauchs- und Luxusgegenst\u00e4nde und Vorg\u00e4nger Simon Peter Gerz I. Fabrik antiker reichverzierter Steinzeugwaaren, Deutschland, H\u00f6hr, 1909, Seidel, K\u00fcnstler Paul Wynand, Werks.-Nr. 1758, Exemplar Nr. &hellip; <a href=\"http:\/\/museumek.eu\/?page_id=38056\">Weiterlesen <span class=\"meta-nav\">&rarr;<\/span><\/a><\/p>\n","protected":false},"author":1,"featured_media":0,"parent":37296,"menu_order":14,"comment_status":"closed","ping_status":"open","template":"","meta":[],"_links":{"self":[{"href":"http:\/\/museumek.eu\/index.php?rest_route=\/wp\/v2\/pages\/38056"}],"collection":[{"href":"http:\/\/museumek.eu\/index.php?rest_route=\/wp\/v2\/pages"}],"about":[{"href":"http:\/\/museumek.eu\/index.php?rest_route=\/wp\/v2\/types\/page"}],"author":[{"embeddable":true,"href":"http:\/\/museumek.eu\/index.php?rest_route=\/wp\/v2\/users\/1"}],"replies":[{"embeddable":true,"href":"http:\/\/museumek.eu\/index.php?rest_route=%2Fwp%2Fv2%2Fcomments&post=38056"}],"version-history":[{"count":4,"href":"http:\/\/museumek.eu\/index.php?rest_route=\/wp\/v2\/pages\/38056\/revisions"}],"predecessor-version":[{"id":38066,"href":"http:\/\/museumek.eu\/index.php?rest_route=\/wp\/v2\/pages\/38056\/revisions\/38066"}],"up":[{"embeddable":true,"href":"http:\/\/museumek.eu\/index.php?rest_route=\/wp\/v2\/pages\/37296"}],"wp:attachment":[{"href":"http:\/\/museumek.eu\/index.php?rest_route=%2Fwp%2Fv2%2Fmedia&parent=38056"}],"curies":[{"name":"wp","href":"https:\/\/api.w.org\/{rel}","templated":true}]}}