{"id":38185,"date":"2015-03-30T14:03:49","date_gmt":"2015-03-30T12:03:49","guid":{"rendered":"http:\/\/museumek.eu\/?page_id=38185"},"modified":"2015-03-30T14:10:53","modified_gmt":"2015-03-30T12:10:53","slug":"dlxxxii29","status":"publish","type":"page","link":"http:\/\/museumek.eu\/?page_id=38185","title":{"rendered":"D\/LXXXII\/29"},"content":{"rendered":"<p><strong>Abteilung Deutschland, Keramik 1860 \u2013 1960, Inventarnummer D\/LXXXII\/29<\/strong><\/p>\n<p>Westerw\u00e4lder Steinzeug ohne Fabrikzuordnung, Deutschland, Westerwald, 1911, Krug, K\u00fcnstler unbekannt, Werks.-Nr. ohne, Exemplar Nr. ohne, gemarkt keine Firmenmarke aber 1 L. \u00fcber Eichstrich gepresst, im Deckel Stempel der Zinngie\u00dferei Ludwig Robert Mory, M\u00fcnchen, gegr\u00fcndet 1889 (noch heute bestehend) mit gegossen, 602 auf dem Zinndeckel geritzt, nicht signiert, mit Kaufurkunde \u00fcber den Krug Nr. 602, ausgestellt vom K\u00f6niglichen Hofbrauhaus Karl Mitterm\u00fcller, M\u00fcnchen,<br \/>\nH\u00f6he 18,2 cm, Breite 15,2 cm (nur die Keramik)<\/p>\n<p><a href=\"http:\/\/museumek.eu\/?attachment_id=38186\" rel=\"attachment wp-att-38186\"><img loading=\"lazy\" src=\"http:\/\/museumek.eu\/wp-content\/uploads\/2015\/03\/29531-157x300.jpg\" alt=\"\" title=\"2953\" width=\"157\" height=\"300\" class=\"alignnone size-medium wp-image-38186\" srcset=\"http:\/\/museumek.eu\/wp-content\/uploads\/2015\/03\/29531-157x300.jpg 157w, http:\/\/museumek.eu\/wp-content\/uploads\/2015\/03\/29531-78x150.jpg 78w, http:\/\/museumek.eu\/wp-content\/uploads\/2015\/03\/29531.jpg 419w\" sizes=\"(max-width: 157px) 100vw, 157px\" \/><\/a><\/p>\n<p><a href=\"http:\/\/museumek.eu\/?attachment_id=38187\" rel=\"attachment wp-att-38187\"><img loading=\"lazy\" src=\"http:\/\/museumek.eu\/wp-content\/uploads\/2015\/03\/2954-204x300.jpg\" alt=\"\" title=\"2954\" width=\"204\" height=\"300\" class=\"alignnone size-medium wp-image-38187\" srcset=\"http:\/\/museumek.eu\/wp-content\/uploads\/2015\/03\/2954-204x300.jpg 204w, http:\/\/museumek.eu\/wp-content\/uploads\/2015\/03\/2954-102x150.jpg 102w, http:\/\/museumek.eu\/wp-content\/uploads\/2015\/03\/2954.jpg 545w\" sizes=\"(max-width: 204px) 100vw, 204px\" \/><\/a><\/p>\n<p><a href=\"http:\/\/museumek.eu\/?attachment_id=38188\" rel=\"attachment wp-att-38188\"><img loading=\"lazy\" src=\"http:\/\/museumek.eu\/wp-content\/uploads\/2015\/03\/2955-205x300.jpg\" alt=\"\" title=\"2955\" width=\"205\" height=\"300\" class=\"alignnone size-medium wp-image-38188\" srcset=\"http:\/\/museumek.eu\/wp-content\/uploads\/2015\/03\/2955-205x300.jpg 205w, http:\/\/museumek.eu\/wp-content\/uploads\/2015\/03\/2955-102x150.jpg 102w, http:\/\/museumek.eu\/wp-content\/uploads\/2015\/03\/2955.jpg 549w\" sizes=\"(max-width: 205px) 100vw, 205px\" \/><\/a><\/p>\n<p><a href=\"http:\/\/museumek.eu\/?attachment_id=38189\" rel=\"attachment wp-att-38189\"><img loading=\"lazy\" src=\"http:\/\/museumek.eu\/wp-content\/uploads\/2015\/03\/2956-141x300.jpg\" alt=\"\" title=\"2956\" width=\"141\" height=\"300\" class=\"alignnone size-medium wp-image-38189\" srcset=\"http:\/\/museumek.eu\/wp-content\/uploads\/2015\/03\/2956-141x300.jpg 141w, http:\/\/museumek.eu\/wp-content\/uploads\/2015\/03\/2956-70x150.jpg 70w, http:\/\/museumek.eu\/wp-content\/uploads\/2015\/03\/2956.jpg 377w\" sizes=\"(max-width: 141px) 100vw, 141px\" \/><\/a><\/p>\n<p><a href=\"http:\/\/museumek.eu\/?attachment_id=38190\" rel=\"attachment wp-att-38190\"><img loading=\"lazy\" src=\"http:\/\/museumek.eu\/wp-content\/uploads\/2015\/03\/2957-175x300.jpg\" alt=\"\" title=\"2957\" width=\"175\" height=\"300\" class=\"alignnone size-medium wp-image-38190\" srcset=\"http:\/\/museumek.eu\/wp-content\/uploads\/2015\/03\/2957-175x300.jpg 175w, http:\/\/museumek.eu\/wp-content\/uploads\/2015\/03\/2957-87x150.jpg 87w, http:\/\/museumek.eu\/wp-content\/uploads\/2015\/03\/2957.jpg 467w\" sizes=\"(max-width: 175px) 100vw, 175px\" \/><\/a><\/p>\n<p><a href=\"http:\/\/museumek.eu\/?attachment_id=38191\" rel=\"attachment wp-att-38191\"><img loading=\"lazy\" src=\"http:\/\/museumek.eu\/wp-content\/uploads\/2015\/03\/2958-300x214.jpg\" alt=\"\" title=\"2958\" width=\"300\" height=\"214\" class=\"alignnone size-medium wp-image-38191\" srcset=\"http:\/\/museumek.eu\/wp-content\/uploads\/2015\/03\/2958-300x214.jpg 300w, http:\/\/museumek.eu\/wp-content\/uploads\/2015\/03\/2958-150x107.jpg 150w, http:\/\/museumek.eu\/wp-content\/uploads\/2015\/03\/2958-418x300.jpg 418w, http:\/\/museumek.eu\/wp-content\/uploads\/2015\/03\/2958.jpg 599w\" sizes=\"(max-width: 300px) 100vw, 300px\" \/><\/a><\/p>\n<p><a href=\"http:\/\/museumek.eu\/?attachment_id=38196\" rel=\"attachment wp-att-38196\"><img loading=\"lazy\" src=\"http:\/\/museumek.eu\/wp-content\/uploads\/2015\/03\/2959-300x290.jpg\" alt=\"\" title=\"2959\" width=\"300\" height=\"290\" class=\"alignnone size-medium wp-image-38196\" srcset=\"http:\/\/museumek.eu\/wp-content\/uploads\/2015\/03\/2959-300x290.jpg 300w, http:\/\/museumek.eu\/wp-content\/uploads\/2015\/03\/2959-150x145.jpg 150w, http:\/\/museumek.eu\/wp-content\/uploads\/2015\/03\/2959-309x300.jpg 309w, http:\/\/museumek.eu\/wp-content\/uploads\/2015\/03\/2959.jpg 619w\" sizes=\"(max-width: 300px) 100vw, 300px\" \/><\/a><\/p>\n<p><a href=\"http:\/\/museumek.eu\/?attachment_id=38198\" rel=\"attachment wp-att-38198\"><img loading=\"lazy\" src=\"http:\/\/museumek.eu\/wp-content\/uploads\/2015\/03\/2960-287x300.jpg\" alt=\"\" title=\"2960\" width=\"287\" height=\"300\" class=\"alignnone size-medium wp-image-38198\" srcset=\"http:\/\/museumek.eu\/wp-content\/uploads\/2015\/03\/2960-287x300.jpg 287w, http:\/\/museumek.eu\/wp-content\/uploads\/2015\/03\/2960-143x150.jpg 143w, http:\/\/museumek.eu\/wp-content\/uploads\/2015\/03\/2960.jpg 550w\" sizes=\"(max-width: 287px) 100vw, 287px\" \/><\/a><\/p>\n<p><a href=\"http:\/\/museumek.eu\/?attachment_id=38199\" rel=\"attachment wp-att-38199\"><img loading=\"lazy\" src=\"http:\/\/museumek.eu\/wp-content\/uploads\/2015\/03\/2961-106x300.jpg\" alt=\"\" title=\"2961\" width=\"106\" height=\"300\" class=\"alignnone size-medium wp-image-38199\" srcset=\"http:\/\/museumek.eu\/wp-content\/uploads\/2015\/03\/2961-106x300.jpg 106w, http:\/\/museumek.eu\/wp-content\/uploads\/2015\/03\/2961-53x150.jpg 53w, http:\/\/museumek.eu\/wp-content\/uploads\/2015\/03\/2961.jpg 283w\" sizes=\"(max-width: 106px) 100vw, 106px\" \/><\/a><\/p>\n<p><a href=\"http:\/\/museumek.eu\/?attachment_id=38200\" rel=\"attachment wp-att-38200\"><img loading=\"lazy\" src=\"http:\/\/museumek.eu\/wp-content\/uploads\/2015\/03\/2962-231x300.jpg\" alt=\"\" title=\"2962\" width=\"231\" height=\"300\" class=\"alignnone size-medium wp-image-38200\" srcset=\"http:\/\/museumek.eu\/wp-content\/uploads\/2015\/03\/2962-231x300.jpg 231w, http:\/\/museumek.eu\/wp-content\/uploads\/2015\/03\/2962-115x150.jpg 115w, http:\/\/museumek.eu\/wp-content\/uploads\/2015\/03\/2962.jpg 600w\" sizes=\"(max-width: 231px) 100vw, 231px\" \/><\/a><\/p>\n","protected":false},"excerpt":{"rendered":"<p>Abteilung Deutschland, Keramik 1860 \u2013 1960, Inventarnummer D\/LXXXII\/29 Westerw\u00e4lder Steinzeug ohne Fabrikzuordnung, Deutschland, Westerwald, 1911, Krug, K\u00fcnstler unbekannt, Werks.-Nr. ohne, Exemplar Nr. ohne, gemarkt keine Firmenmarke aber 1 L. \u00fcber Eichstrich gepresst, im Deckel Stempel der Zinngie\u00dferei Ludwig Robert Mory, &hellip; <a href=\"http:\/\/museumek.eu\/?page_id=38185\">Weiterlesen <span class=\"meta-nav\">&rarr;<\/span><\/a><\/p>\n","protected":false},"author":1,"featured_media":0,"parent":33436,"menu_order":29,"comment_status":"closed","ping_status":"open","template":"","meta":[],"_links":{"self":[{"href":"http:\/\/museumek.eu\/index.php?rest_route=\/wp\/v2\/pages\/38185"}],"collection":[{"href":"http:\/\/museumek.eu\/index.php?rest_route=\/wp\/v2\/pages"}],"about":[{"href":"http:\/\/museumek.eu\/index.php?rest_route=\/wp\/v2\/types\/page"}],"author":[{"embeddable":true,"href":"http:\/\/museumek.eu\/index.php?rest_route=\/wp\/v2\/users\/1"}],"replies":[{"embeddable":true,"href":"http:\/\/museumek.eu\/index.php?rest_route=%2Fwp%2Fv2%2Fcomments&post=38185"}],"version-history":[{"count":7,"href":"http:\/\/museumek.eu\/index.php?rest_route=\/wp\/v2\/pages\/38185\/revisions"}],"predecessor-version":[{"id":38202,"href":"http:\/\/museumek.eu\/index.php?rest_route=\/wp\/v2\/pages\/38185\/revisions\/38202"}],"up":[{"embeddable":true,"href":"http:\/\/museumek.eu\/index.php?rest_route=\/wp\/v2\/pages\/33436"}],"wp:attachment":[{"href":"http:\/\/museumek.eu\/index.php?rest_route=%2Fwp%2Fv2%2Fmedia&parent=38185"}],"curies":[{"name":"wp","href":"https:\/\/api.w.org\/{rel}","templated":true}]}}