{"id":38363,"date":"2015-04-03T22:40:01","date_gmt":"2015-04-03T20:40:01","guid":{"rendered":"http:\/\/museumek.eu\/?page_id=38363"},"modified":"2015-04-03T22:41:09","modified_gmt":"2015-04-03T20:41:09","slug":"dlxx9","status":"publish","type":"page","link":"http:\/\/museumek.eu\/?page_id=38363","title":{"rendered":"D\/LXX\/9"},"content":{"rendered":"<p>Abteilung Deutschland, Keramik 1860 \u2013 1960, Inventarnummer D\/LXX\/9<\/p>\n<p>Reinhold Hanke Fabrik fein verzierter Steinzeugwaaren, vormals Reinhold Hanke Fabrik altdeutscher Steinzeug-Kr\u00fcge, Deutschland, H\u00f6hr, um 1897, Seidel, K\u00fcnstler unbekannt, Werks.-Nr. 318, Exemplar Nr. ohne, gemarkt keine Firmenmarke aber GERMANY, 318, T sowie 0,5 L. \u00fcber Eichstrich gepresst, nicht gedeutetes Zeichen geritzt, nicht signiert, Literatur: J\u00fcrgen Schimanski und J\u00fcrgen Erlebach, Westerw\u00e4lder Steinzeug, Die Neue \u00c4ra, Seite 60, Fabrikbeschreibung, weitere Literatur: J\u00fcrgen Schimanski, Braun geflammt und grau gesalzen, Seite 202, Beschreibung der Fabrik, weitere Literatur: Wolfgang Venzmer, Jugendstil im Landesmuseum Mainz, Seite 342, Beschreibung der Fabrik, weitere Literatur: Johannes und Peter Vogt, Alte Bierkr\u00fcge, Von der Renaissance bis zum Jugendstil, Seite 14, Fabrikbeschreibung und Benennung des Fabriknamens Reinhold Hanke Fabrik altdeutscher Steinzeug-Kr\u00fcge, 1864 gr\u00fcndete der aus B\u00f6hmen (Ausbildung bei Maresch, Siderolithsteinzeug) zugewanderte Reinhold Hanke zusammen mit Ottmar Speyser eine Siderolithwaarenfabrik in H\u00f6hr, 1868 trennte sich Reinhold Hanke von Ottmar Speyser (ob dieser die Siderlithwaarenfabrik allein weiterf\u00fchrte oder ob diese in Konkurs ging ist noch nicht gekl\u00e4rt) und gr\u00fcndete seine eigene Fabrik, die als Fabrik altdeutscher Steinzeug-Kr\u00fcge firmierte, 1876 wurde die Fabrik von Kaiserin Augusta, Gattin Kaiser Wilhelm des I. zum Hoflieferanten ernannt, ab dieser Zeit wurde wohl auch die Marke des MEK Exemplares eingef\u00fchrt, allerdings hat dieser Seidel bereits eine Literangabe mit Eichstrich, da im Deutschen Kaiserreich erst 1881 (20.07.1881) das Gesetz zur Aichung der Schankgef\u00e4\u00dfe beschlossen wurde und dieses Gesetz erst am 01.01.1884 endg\u00fcltig in Kraft trat, ist der MEK Seidel wohl in die fr\u00fchen 1880\u2018 Jahre zu datieren, bis 1882 wurde ausschlie\u00dflich graues Steinzeug produziert, welches blau bemalt wurde, ab 1883 wurde auch Elfenbeinsteinzeug produziert, dies best\u00e4tigt die Datierung des MEK Seidels, Reinhold Hanke starb am 22.06.1886 und seine Witwe Maria Hanke f\u00fchrte die Fabrik fort, gem\u00e4\u00df des Musterbuches von ca. 1888 firmierte die Fabrik ab ca. 1888 als Reinhold Hanke Fabrik feinverzierter Steinzeugwaaren, ab 1901 f\u00fchrten die S\u00f6hne August und Carl Hanke die Fabrik, 1911 bis 1918 schloss sich die Fabrik mit den Fabriken Reinhold Merkelbach, Walter M\u00fcller und S. P. Gerz vertriebstechnisch zu der Steinzeugwerke H\u00f6hr-Grenzhausen GmbH zusammen, Hanke schied aber bereits vor 1918 wieder aus der GmbH aus, w\u00e4hrend der GmbH Zeit wurden Formen getauscht und auf die mit fremden Formen hergestellten Erzeugnisse, die eigene Herstellermarke angebracht, es gibt deshalb bei Reinhold Hanke hergestellte Ware nach Vorlagen von Reinhold Merkelbach (siehe dazu auch der Bartmannkrug MEK D\/LXX\/5) und umgedreht, 1921 wurden bei einem Brand die Fabrikgeb\u00e4ude zerst\u00f6rt und danach in kleinerem Umfang wieder aufgebaut, 1938, zum Tode von August Hanke wurde die Hank\u2019sche Fabrik endg\u00fcltig stillgelegt, das Fabrikgel\u00e4nde und die Fabrikgeb\u00e4ude wurden aber bis 1983 noch zur Erzeugung keramischer Produkte wohl unter Pacht von den Hank\u2018schen Erben von anderen Fabrikanten zum Beispiel Jean Maas genutzt, Fabrikzuschreibung: identischer 2 cm breiter und 0,5 cm hoher Stempel GERMANY wie die f\u00fcr die vom MEK festgelegten MEK Identifizierungs-Beispiele mit gleichem Stempel MEK D\/LXX\/4 und D\/LXX\/8, Ausf\u00fchrung als Elfenbeinsteinzeug sowie als Hohlbodenseidel, Zinndeckel mit Datierung 1897,<br \/>\nH\u00f6he 19,5 cm, Breite 14 cm (nur die Keramik)<\/p>\n<p><a href=\"http:\/\/museumek.eu\/?attachment_id=30324\" rel=\"attachment wp-att-30324\"><img loading=\"lazy\" src=\"http:\/\/museumek.eu\/wp-content\/uploads\/2014\/05\/287-187x300.jpg\" alt=\"\" title=\"287\" width=\"187\" height=\"300\" class=\"alignnone size-medium wp-image-30324\" srcset=\"http:\/\/museumek.eu\/wp-content\/uploads\/2014\/05\/287-187x300.jpg 187w, http:\/\/museumek.eu\/wp-content\/uploads\/2014\/05\/287-93x150.jpg 93w, http:\/\/museumek.eu\/wp-content\/uploads\/2014\/05\/287.jpg 474w\" sizes=\"(max-width: 187px) 100vw, 187px\" \/><\/a><\/p>\n<p><a href=\"http:\/\/museumek.eu\/?attachment_id=30325\" rel=\"attachment wp-att-30325\"><img loading=\"lazy\" src=\"http:\/\/museumek.eu\/wp-content\/uploads\/2014\/05\/288-153x300.jpg\" alt=\"\" title=\"288\" width=\"153\" height=\"300\" class=\"alignnone size-medium wp-image-30325\" srcset=\"http:\/\/museumek.eu\/wp-content\/uploads\/2014\/05\/288-153x300.jpg 153w, http:\/\/museumek.eu\/wp-content\/uploads\/2014\/05\/288-76x150.jpg 76w\" sizes=\"(max-width: 153px) 100vw, 153px\" \/><\/a><\/p>\n<p><a href=\"http:\/\/museumek.eu\/?attachment_id=30326\" rel=\"attachment wp-att-30326\"><img loading=\"lazy\" src=\"http:\/\/museumek.eu\/wp-content\/uploads\/2014\/05\/289-151x300.jpg\" alt=\"\" title=\"289\" width=\"151\" height=\"300\" class=\"alignnone size-medium wp-image-30326\" srcset=\"http:\/\/museumek.eu\/wp-content\/uploads\/2014\/05\/289-151x300.jpg 151w, http:\/\/museumek.eu\/wp-content\/uploads\/2014\/05\/289-75x150.jpg 75w, http:\/\/museumek.eu\/wp-content\/uploads\/2014\/05\/289.jpg 368w\" sizes=\"(max-width: 151px) 100vw, 151px\" \/><\/a><\/p>\n<p><a href=\"http:\/\/museumek.eu\/?attachment_id=30327\" rel=\"attachment wp-att-30327\"><img loading=\"lazy\" src=\"http:\/\/museumek.eu\/wp-content\/uploads\/2014\/05\/294-300x179.jpg\" alt=\"\" title=\"294\" width=\"300\" height=\"179\" class=\"alignnone size-medium wp-image-30327\" srcset=\"http:\/\/museumek.eu\/wp-content\/uploads\/2014\/05\/294-300x179.jpg 300w, http:\/\/museumek.eu\/wp-content\/uploads\/2014\/05\/294-150x89.jpg 150w, http:\/\/museumek.eu\/wp-content\/uploads\/2014\/05\/294-500x300.jpg 500w, http:\/\/museumek.eu\/wp-content\/uploads\/2014\/05\/294.jpg 689w\" sizes=\"(max-width: 300px) 100vw, 300px\" \/><\/a><\/p>\n<p><a href=\"http:\/\/museumek.eu\/?attachment_id=30328\" rel=\"attachment wp-att-30328\"><img loading=\"lazy\" src=\"http:\/\/museumek.eu\/wp-content\/uploads\/2014\/05\/290-300x270.jpg\" alt=\"\" title=\"290\" width=\"300\" height=\"270\" class=\"alignnone size-medium wp-image-30328\" srcset=\"http:\/\/museumek.eu\/wp-content\/uploads\/2014\/05\/290-300x270.jpg 300w, http:\/\/museumek.eu\/wp-content\/uploads\/2014\/05\/290-150x135.jpg 150w, http:\/\/museumek.eu\/wp-content\/uploads\/2014\/05\/290-332x300.jpg 332w, http:\/\/museumek.eu\/wp-content\/uploads\/2014\/05\/290.jpg 509w\" sizes=\"(max-width: 300px) 100vw, 300px\" \/><\/a><\/p>\n<p><a href=\"http:\/\/museumek.eu\/?attachment_id=30329\" rel=\"attachment wp-att-30329\"><img loading=\"lazy\" src=\"http:\/\/museumek.eu\/wp-content\/uploads\/2014\/05\/295-300x267.jpg\" alt=\"\" title=\"295\" width=\"300\" height=\"267\" class=\"alignnone size-medium wp-image-30329\" srcset=\"http:\/\/museumek.eu\/wp-content\/uploads\/2014\/05\/295-300x267.jpg 300w, http:\/\/museumek.eu\/wp-content\/uploads\/2014\/05\/295-150x133.jpg 150w, http:\/\/museumek.eu\/wp-content\/uploads\/2014\/05\/295-336x300.jpg 336w, http:\/\/museumek.eu\/wp-content\/uploads\/2014\/05\/295.jpg 588w\" sizes=\"(max-width: 300px) 100vw, 300px\" \/><\/a><\/p>\n","protected":false},"excerpt":{"rendered":"<p>Abteilung Deutschland, Keramik 1860 \u2013 1960, Inventarnummer D\/LXX\/9 Reinhold Hanke Fabrik fein verzierter Steinzeugwaaren, vormals Reinhold Hanke Fabrik altdeutscher Steinzeug-Kr\u00fcge, Deutschland, H\u00f6hr, um 1897, Seidel, K\u00fcnstler unbekannt, Werks.-Nr. 318, Exemplar Nr. ohne, gemarkt keine Firmenmarke aber GERMANY, 318, T sowie &hellip; <a href=\"http:\/\/museumek.eu\/?page_id=38363\">Weiterlesen <span class=\"meta-nav\">&rarr;<\/span><\/a><\/p>\n","protected":false},"author":1,"featured_media":0,"parent":17731,"menu_order":9,"comment_status":"closed","ping_status":"open","template":"","meta":[],"_links":{"self":[{"href":"http:\/\/museumek.eu\/index.php?rest_route=\/wp\/v2\/pages\/38363"}],"collection":[{"href":"http:\/\/museumek.eu\/index.php?rest_route=\/wp\/v2\/pages"}],"about":[{"href":"http:\/\/museumek.eu\/index.php?rest_route=\/wp\/v2\/types\/page"}],"author":[{"embeddable":true,"href":"http:\/\/museumek.eu\/index.php?rest_route=\/wp\/v2\/users\/1"}],"replies":[{"embeddable":true,"href":"http:\/\/museumek.eu\/index.php?rest_route=%2Fwp%2Fv2%2Fcomments&post=38363"}],"version-history":[{"count":7,"href":"http:\/\/museumek.eu\/index.php?rest_route=\/wp\/v2\/pages\/38363\/revisions"}],"predecessor-version":[{"id":38370,"href":"http:\/\/museumek.eu\/index.php?rest_route=\/wp\/v2\/pages\/38363\/revisions\/38370"}],"up":[{"embeddable":true,"href":"http:\/\/museumek.eu\/index.php?rest_route=\/wp\/v2\/pages\/17731"}],"wp:attachment":[{"href":"http:\/\/museumek.eu\/index.php?rest_route=%2Fwp%2Fv2%2Fmedia&parent=38363"}],"curies":[{"name":"wp","href":"https:\/\/api.w.org\/{rel}","templated":true}]}}