{"id":38494,"date":"2015-04-05T23:19:14","date_gmt":"2015-04-05T21:19:14","guid":{"rendered":"http:\/\/museumek.eu\/?page_id=38494"},"modified":"2015-05-17T21:39:53","modified_gmt":"2015-05-17T19:39:53","slug":"dliii29","status":"publish","type":"page","link":"http:\/\/museumek.eu\/?page_id=38494","title":{"rendered":"D\/LIII\/29"},"content":{"rendered":"<p><strong>Abteilung Deutschland, Keramik 1860 \u2013 1960, Inventarnummer D\/LIII\/29<\/strong><\/p>\n<p>Steingut- und Steinzeugfabrik, Kunstt\u00f6pferei, Zinngie\u00dferei Merkelbach &#038; Wick und Nachfolger Steingutfabrik Wick Werke AG, Vereinigte Fabriken Merkelbach &#038; Wick und Merkelbach, Stadelmann &#038; Co., Deutschland, Grenzhausen, um 1912, Kanne, K\u00fcnstler Charlotte Krause (attr.), Werks.-Nr. 1689, Exemplar Nr. ohne, gemarkt Firmenmarke mit Wick- (W)erke, wobei der Fabrikname so zusammengesetzt worden ist, dass nur ein W verwendet worden ist, 1689 sowie TT alles gepresst, 1689 unter dem Henkel mit der Form gegossen, nicht signiert, Literatur: J\u00fcrgen Schimanski und J\u00fcrgen Erlebach, Westerw\u00e4lder Steinzeug, Die Neue \u00c4ra, Seite 109, Fabrikbeschreibung sowie Marke Nr. 37 (f\u00fcr die Zeit ab 1912) identisch, weitere Literatur: J\u00fcrgen Schimanski, Braun geflammt und grau gesalzen, Seite 164, dort beschrieben, dass Charlotte Krause Entw\u00fcrfe f\u00fcr Merkelbach &#038; Wick geliefert hat, Seite 165, Abbildung 368 sowie Seite 166, Abbildung 375 Kannen mit \u00e4hnlichen Dekorelementen nach Entw\u00fcrfen von Charlotte Krause (deshalb erfolgt die Zuordnung zu Charlotte Krause), Seite 215, Beschreibung der Fabrik sowie Seite 216, Marke Nr. 37 identisch (hier allerdings abweichend von \u201eDie Neue \u00c4ra\u201c angegeben, dass die Marke erst ab dem Jahre 1922 verwendet worden ist, das MEK teilt diese Auffassung nicht, da um 1922 eine Marke mit AGWW f\u00fcr Wick Werke AG eingef\u00fchrt worden ist und es somit eher nicht wahrscheinlich ist, dass zum gleichen Zeitpunkt zwei Marken eingef\u00fchrt worden sind, um 1911 \u00e4nderte sich die Gesch\u00e4ftsf\u00fchrung und somit die Eigentumsverh\u00e4ltnisse, deshalb ist es wahrscheinlich, dass auch um 1912 eine neue Fabrikmarke verwendet worden ist, gleiches geschah um 1922, auch hier \u00e4nderten sich (durch Zusammenschlu\u00df) die Eigentumsverh\u00e4ltnisse, woraus sich wiederum eine neue Fabrikmarke erkl\u00e4rt), weitere Literatur: Beate Dry-von Zezschwitz, Westerw\u00e4lder Steinzug des Jugendstils I, Reinhold Merkelbach, Spezialpreisliste 1905, Seite 10 ff., Fabrikbeschreibung, weitere Literatur: J. G. Th. Graesse, F\u00fchrer f\u00fcr Sammler von Porzellan und Fayence, Seite 104, Marke Nr. 1 identisch, der 1840 geborene Friedrich Wilhelm Merkelbach (gest. 1896) betrieb eine Kannenb\u00e4ckerei oder bereits eine keramische Fabrik, die unter dem Namen F. W. Merkelbach II. firmierte, 1872 (oder 1874) nimmt Friedrich Wilhelm Merkelbach den Bildhauer (Johann) Georg Peter Wick (geb. 1837, gest. 1914) in die Firma auf, die Firmierung \u00e4ndert sich in Steingut- und Steinzeugfabrik, Kunstt\u00f6pferei, Zinngie\u00dferei Merkelbach &#038; Wick, ab 1882\/1883 produzieren Sie als eine der ersten Westerw\u00e4lder Fabriken Elfenbeinsteinzeug, \u00fcber die H\u00e4lfte der Produktion wird in die USA exportiert, in der Zeit von 1886 bis 1897 liefert die Fabrik Halbfertigerzeugnisse an die keramische Fabrik von Hauber &#038; Reuther, Jugenstilk\u00fcnstler wie Peter Behrens und Henry van de Velde liefern um 1900 herausragende Entw\u00fcrfe, 1895 tritt Wicks Sohn (und evtl. gleichzeitig Merkelbachs Schwiegersohn) Ludwig Konrad Wick in die Fabrik ein und \u00fcbernimmt sicher zeitnah auch deren Leitung, bis er 1910\/1911 die Leitung an seine Frau Emma abgibt, 1921\/1922 fusioniert die Fabrik mit der um 1867 in Grenzhausen von Friedrich Wilhelm Merkelbach, Theodor Stadelmann und Julius Schr\u00f6der als Mahl- und Schleifsteinfabrik gegr\u00fcndeten Fabrik Merkelbach, Stadelmann &#038; Co. (wahrscheinlich war Konrad Wicks Frau Emma bereits Miteigent\u00fcmer dieser Fabrik) zur Steingutfabrik Wick Werke AG, Vereinigte Fabriken Merkelbach &#038; Wick und Merkelbach, Stadelmann &#038; Co., die Fabrik bestand rund 100 Jahre, <strong>das MEK Exemplar mit der Werks.-Nr. 1689 ist in der Fachliteratur noch nicht erfasst<\/strong>, Ausf\u00fchrung als Steinzeug brau glasiert (k\u00f6lnisch-braun), keine Literangabe, MEK Nachmessung: 2,5 Liter,<br \/>\nH\u00f6he 25,5 cm, Breite 17,5 cm<\/p>\n<p><a href=\"http:\/\/museumek.eu\/?attachment_id=38495\" rel=\"attachment wp-att-38495\"><img loading=\"lazy\" src=\"http:\/\/museumek.eu\/wp-content\/uploads\/2015\/04\/3116-174x300.jpg\" alt=\"\" title=\"3116\" width=\"174\" height=\"300\" class=\"alignnone size-medium wp-image-38495\" srcset=\"http:\/\/museumek.eu\/wp-content\/uploads\/2015\/04\/3116-174x300.jpg 174w, http:\/\/museumek.eu\/wp-content\/uploads\/2015\/04\/3116-87x150.jpg 87w, http:\/\/museumek.eu\/wp-content\/uploads\/2015\/04\/3116.jpg 465w\" sizes=\"(max-width: 174px) 100vw, 174px\" \/><\/a><\/p>\n<p><a href=\"http:\/\/museumek.eu\/?attachment_id=38496\" rel=\"attachment wp-att-38496\"><img loading=\"lazy\" src=\"http:\/\/museumek.eu\/wp-content\/uploads\/2015\/04\/3117-187x300.jpg\" alt=\"\" title=\"3117\" width=\"187\" height=\"300\" class=\"alignnone size-medium wp-image-38496\" srcset=\"http:\/\/museumek.eu\/wp-content\/uploads\/2015\/04\/3117-187x300.jpg 187w, http:\/\/museumek.eu\/wp-content\/uploads\/2015\/04\/3117-93x150.jpg 93w, http:\/\/museumek.eu\/wp-content\/uploads\/2015\/04\/3117.jpg 501w\" sizes=\"(max-width: 187px) 100vw, 187px\" \/><\/a><\/p>\n<p><a href=\"http:\/\/museumek.eu\/?attachment_id=38497\" rel=\"attachment wp-att-38497\"><img loading=\"lazy\" src=\"http:\/\/museumek.eu\/wp-content\/uploads\/2015\/04\/3118-184x300.jpg\" alt=\"\" title=\"3118\" width=\"184\" height=\"300\" class=\"alignnone size-medium wp-image-38497\" srcset=\"http:\/\/museumek.eu\/wp-content\/uploads\/2015\/04\/3118-184x300.jpg 184w, http:\/\/museumek.eu\/wp-content\/uploads\/2015\/04\/3118-92x150.jpg 92w, http:\/\/museumek.eu\/wp-content\/uploads\/2015\/04\/3118.jpg 493w\" sizes=\"(max-width: 184px) 100vw, 184px\" \/><\/a><\/p>\n<p><a href=\"http:\/\/museumek.eu\/?attachment_id=38498\" rel=\"attachment wp-att-38498\"><img loading=\"lazy\" src=\"http:\/\/museumek.eu\/wp-content\/uploads\/2015\/04\/3119-164x300.jpg\" alt=\"\" title=\"3119\" width=\"164\" height=\"300\" class=\"alignnone size-medium wp-image-38498\" srcset=\"http:\/\/museumek.eu\/wp-content\/uploads\/2015\/04\/3119-164x300.jpg 164w, http:\/\/museumek.eu\/wp-content\/uploads\/2015\/04\/3119-82x150.jpg 82w, http:\/\/museumek.eu\/wp-content\/uploads\/2015\/04\/3119.jpg 438w\" sizes=\"(max-width: 164px) 100vw, 164px\" \/><\/a><\/p>\n<p><a href=\"http:\/\/museumek.eu\/?attachment_id=38499\" rel=\"attachment wp-att-38499\"><img loading=\"lazy\" src=\"http:\/\/museumek.eu\/wp-content\/uploads\/2015\/04\/3121-160x300.jpg\" alt=\"\" title=\"3121\" width=\"160\" height=\"300\" class=\"alignnone size-medium wp-image-38499\" srcset=\"http:\/\/museumek.eu\/wp-content\/uploads\/2015\/04\/3121-160x300.jpg 160w, http:\/\/museumek.eu\/wp-content\/uploads\/2015\/04\/3121-80x150.jpg 80w\" sizes=\"(max-width: 160px) 100vw, 160px\" \/><\/a><\/p>\n<p><a href=\"http:\/\/museumek.eu\/?attachment_id=38500\" rel=\"attachment wp-att-38500\"><img loading=\"lazy\" src=\"http:\/\/museumek.eu\/wp-content\/uploads\/2015\/04\/3122-225x300.jpg\" alt=\"\" title=\"3122\" width=\"225\" height=\"300\" class=\"alignnone size-medium wp-image-38500\" srcset=\"http:\/\/museumek.eu\/wp-content\/uploads\/2015\/04\/3122-225x300.jpg 225w, http:\/\/museumek.eu\/wp-content\/uploads\/2015\/04\/3122-112x150.jpg 112w, http:\/\/museumek.eu\/wp-content\/uploads\/2015\/04\/3122.jpg 600w\" sizes=\"(max-width: 225px) 100vw, 225px\" \/><\/a><\/p>\n<p><a href=\"http:\/\/museumek.eu\/?attachment_id=38501\" rel=\"attachment wp-att-38501\"><img loading=\"lazy\" src=\"http:\/\/museumek.eu\/wp-content\/uploads\/2015\/04\/3120-199x300.jpg\" alt=\"\" title=\"3120\" width=\"199\" height=\"300\" class=\"alignnone size-medium wp-image-38501\" srcset=\"http:\/\/museumek.eu\/wp-content\/uploads\/2015\/04\/3120-199x300.jpg 199w, http:\/\/museumek.eu\/wp-content\/uploads\/2015\/04\/3120-99x150.jpg 99w, http:\/\/museumek.eu\/wp-content\/uploads\/2015\/04\/3120.jpg 531w\" sizes=\"(max-width: 199px) 100vw, 199px\" \/><\/a><\/p>\n<p><a href=\"http:\/\/museumek.eu\/?attachment_id=38502\" rel=\"attachment wp-att-38502\"><img loading=\"lazy\" src=\"http:\/\/museumek.eu\/wp-content\/uploads\/2015\/04\/3124-248x300.jpg\" alt=\"\" title=\"3124\" width=\"248\" height=\"300\" class=\"alignnone size-medium wp-image-38502\" srcset=\"http:\/\/museumek.eu\/wp-content\/uploads\/2015\/04\/3124-248x300.jpg 248w, http:\/\/museumek.eu\/wp-content\/uploads\/2015\/04\/3124-124x150.jpg 124w, http:\/\/museumek.eu\/wp-content\/uploads\/2015\/04\/3124.jpg 600w\" sizes=\"(max-width: 248px) 100vw, 248px\" \/><\/a><\/p>\n<p><a href=\"http:\/\/museumek.eu\/?attachment_id=38503\" rel=\"attachment wp-att-38503\"><img loading=\"lazy\" src=\"http:\/\/museumek.eu\/wp-content\/uploads\/2015\/04\/3125-287x300.jpg\" alt=\"\" title=\"3125\" width=\"287\" height=\"300\" class=\"alignnone size-medium wp-image-38503\" srcset=\"http:\/\/museumek.eu\/wp-content\/uploads\/2015\/04\/3125-287x300.jpg 287w, http:\/\/museumek.eu\/wp-content\/uploads\/2015\/04\/3125-143x150.jpg 143w, http:\/\/museumek.eu\/wp-content\/uploads\/2015\/04\/3125.jpg 600w\" sizes=\"(max-width: 287px) 100vw, 287px\" \/><\/a><\/p>\n<p><a href=\"http:\/\/museumek.eu\/?attachment_id=38504\" rel=\"attachment wp-att-38504\"><img loading=\"lazy\" src=\"http:\/\/museumek.eu\/wp-content\/uploads\/2015\/04\/3126-300x229.jpg\" alt=\"\" title=\"3126\" width=\"300\" height=\"229\" class=\"alignnone size-medium wp-image-38504\" srcset=\"http:\/\/museumek.eu\/wp-content\/uploads\/2015\/04\/3126-300x229.jpg 300w, http:\/\/museumek.eu\/wp-content\/uploads\/2015\/04\/3126-150x114.jpg 150w, http:\/\/museumek.eu\/wp-content\/uploads\/2015\/04\/3126-391x300.jpg 391w, http:\/\/museumek.eu\/wp-content\/uploads\/2015\/04\/3126.jpg 663w\" sizes=\"(max-width: 300px) 100vw, 300px\" \/><\/a><\/p>\n","protected":false},"excerpt":{"rendered":"<p>Abteilung Deutschland, Keramik 1860 \u2013 1960, Inventarnummer D\/LIII\/29 Steingut- und Steinzeugfabrik, Kunstt\u00f6pferei, Zinngie\u00dferei Merkelbach &#038; Wick und Nachfolger Steingutfabrik Wick Werke AG, Vereinigte Fabriken Merkelbach &#038; Wick und Merkelbach, Stadelmann &#038; Co., Deutschland, Grenzhausen, um 1912, Kanne, K\u00fcnstler Charlotte Krause &hellip; <a href=\"http:\/\/museumek.eu\/?page_id=38494\">Weiterlesen <span class=\"meta-nav\">&rarr;<\/span><\/a><\/p>\n","protected":false},"author":1,"featured_media":0,"parent":34067,"menu_order":29,"comment_status":"closed","ping_status":"open","template":"","meta":[],"_links":{"self":[{"href":"http:\/\/museumek.eu\/index.php?rest_route=\/wp\/v2\/pages\/38494"}],"collection":[{"href":"http:\/\/museumek.eu\/index.php?rest_route=\/wp\/v2\/pages"}],"about":[{"href":"http:\/\/museumek.eu\/index.php?rest_route=\/wp\/v2\/types\/page"}],"author":[{"embeddable":true,"href":"http:\/\/museumek.eu\/index.php?rest_route=\/wp\/v2\/users\/1"}],"replies":[{"embeddable":true,"href":"http:\/\/museumek.eu\/index.php?rest_route=%2Fwp%2Fv2%2Fcomments&post=38494"}],"version-history":[{"count":6,"href":"http:\/\/museumek.eu\/index.php?rest_route=\/wp\/v2\/pages\/38494\/revisions"}],"predecessor-version":[{"id":40015,"href":"http:\/\/museumek.eu\/index.php?rest_route=\/wp\/v2\/pages\/38494\/revisions\/40015"}],"up":[{"embeddable":true,"href":"http:\/\/museumek.eu\/index.php?rest_route=\/wp\/v2\/pages\/34067"}],"wp:attachment":[{"href":"http:\/\/museumek.eu\/index.php?rest_route=%2Fwp%2Fv2%2Fmedia&parent=38494"}],"curies":[{"name":"wp","href":"https:\/\/api.w.org\/{rel}","templated":true}]}}