{"id":38651,"date":"2015-04-10T23:07:28","date_gmt":"2015-04-10T21:07:28","guid":{"rendered":"http:\/\/museumek.eu\/?page_id=38651"},"modified":"2015-04-10T23:08:16","modified_gmt":"2015-04-10T21:08:16","slug":"dliii31","status":"publish","type":"page","link":"http:\/\/museumek.eu\/?page_id=38651","title":{"rendered":"D\/LIII\/31"},"content":{"rendered":"<p><strong>Abteilung Deutschland, Keramik 1860 \u2013 1960, Inventarnummer D\/LIII\/31<\/strong><\/p>\n<p>Steingut- und Steinzeugfabrik, Kunstt\u00f6pferei, Zinngie\u00dferei Merkelbach &#038; Wick und Nachfolger Steingutfabrik Wick Werke AG, Vereinigte Fabriken Merkelbach &#038; Wick und Merkelbach, Stadelmann &#038; Co., Deutschland, Grenzhausen, um 1900, Seidel, K\u00fcnstler unbekannt, Werks.-Nr. ohne, Exemplar Nr. ohne, gemarkt Firmenmarke Rundstempel mit M &#038; W sowie Gr. (f\u00fcr Merkelbach, Wick, Grenzhausen), nicht signiert, Literatur: Gisela Reineking von Bock, Meister der deutschen Keramik, Seite 329, Marke Nr. 214 identisch, weitere Literatur: J\u00fcrgen Schimanski und J\u00fcrgen Erlebach, Westerw\u00e4lder Steinzeug, Die Neue \u00c4ra, Seite 109, Fabrikbeschreibung sowie Marke Nr. 36 identisch, weitere Literatur: J\u00fcrgen Schimanski, Braun geflammt und grau gesalzen, Seite 216, Marke Nr. 36 identisch, weitere Literatur: Beate Dry-von Zezschwitz, Westerw\u00e4lder Steinzug des Jugendstils I, Reinhold Merkelbach, Spezialpreisliste 1905, Seite 10 ff., Fabrikbeschreibung, der 1840 geborene Friedrich Wilhelm Merkelbach (gest. 1896) betrieb eine Kannenb\u00e4ckerei oder bereits eine keramische Fabrik, die unter dem Namen F. W. Merkelbach II. firmierte, 1872 (oder 1874) nimmt Friedrich Wilhelm Merkelbach den Bildhauer (Johann) Georg Peter Wick (geb. 1837, gest. 1914) in die Firma auf, die Firmierung \u00e4ndert sich in Steingut- und Steinzeugfabrik, Kunstt\u00f6pferei, Zinngie\u00dferei Merkelbach &#038; Wick, ab 1882\/1883 produzieren Sie als eine der ersten Westerw\u00e4lder Fabriken Elfenbeinsteinzeug, \u00fcber die H\u00e4lfte der Produktion wird in die USA exportiert, in der Zeit von 1886 bis 1897 liefert die Fabrik Halbfertigerzeugnisse an die keramische Fabrik von Hauber &#038; Reuther, Jugenstilk\u00fcnstler wie Peter Behrens und Henry van de Velde liefern um 1900 herausragende Entw\u00fcrfe, 1895 tritt Wicks Sohn (und evtl. gleichzeitig Merkelbachs Schwiegersohn) Ludwig Konrad Wick in die Fabrik ein und \u00fcbernimmt sicher zeitnah auch deren Leitung, bis er 1910\/1911 die Leitung an seine Frau Emma abgibt, 1921\/1922 fusioniert die Fabrik mit der um 1867 in Grenzhausen von Friedrich Wilhelm Merkelbach, Theodor Stadelmann und Julius Schr\u00f6der als Mahl- und Schleifsteinfabrik gegr\u00fcndeten Fabrik Merkelbach, Stadelmann &#038; Co. (wahrscheinlich war Konrad Wicks Frau Emma bereits Miteigent\u00fcmer dieser Fabrik) zur Steingutfabrik Wick Werke AG, Vereinigte Fabriken Merkelbach &#038; Wick und Merkelbach, Stadelmann &#038; Co., die Fabrik bestand rund 100 Jahre, Ausf\u00fchrung als Elfenbeinsteinzeug, Zinndeckel mit Einlage, sogenannter Kinderseidel, besondere Henkelausformung und Montage der Zinnmontur, keine Liter Angabe, MEK Nachmessung: 0,1 Liter, H\u00f6he 9 cm, Breite 9 cm (nur die Keramik)<\/p>\n<p><a href=\"http:\/\/museumek.eu\/?attachment_id=38652\" rel=\"attachment wp-att-38652\"><img loading=\"lazy\" src=\"http:\/\/museumek.eu\/wp-content\/uploads\/2015\/04\/3205-171x300.jpg\" alt=\"\" title=\"3205\" width=\"171\" height=\"300\" class=\"alignnone size-medium wp-image-38652\" srcset=\"http:\/\/museumek.eu\/wp-content\/uploads\/2015\/04\/3205-171x300.jpg 171w, http:\/\/museumek.eu\/wp-content\/uploads\/2015\/04\/3205-85x150.jpg 85w, http:\/\/museumek.eu\/wp-content\/uploads\/2015\/04\/3205.jpg 457w\" sizes=\"(max-width: 171px) 100vw, 171px\" \/><\/a><\/p>\n<p><a href=\"http:\/\/museumek.eu\/?attachment_id=38653\" rel=\"attachment wp-att-38653\"><img loading=\"lazy\" src=\"http:\/\/museumek.eu\/wp-content\/uploads\/2015\/04\/3206-240x300.jpg\" alt=\"\" title=\"3206\" width=\"240\" height=\"300\" class=\"alignnone size-medium wp-image-38653\" srcset=\"http:\/\/museumek.eu\/wp-content\/uploads\/2015\/04\/3206-240x300.jpg 240w, http:\/\/museumek.eu\/wp-content\/uploads\/2015\/04\/3206-120x150.jpg 120w, http:\/\/museumek.eu\/wp-content\/uploads\/2015\/04\/3206.jpg 600w\" sizes=\"(max-width: 240px) 100vw, 240px\" \/><\/a><\/p>\n<p><a href=\"http:\/\/museumek.eu\/?attachment_id=38654\" rel=\"attachment wp-att-38654\"><img loading=\"lazy\" src=\"http:\/\/museumek.eu\/wp-content\/uploads\/2015\/04\/3207-244x300.jpg\" alt=\"\" title=\"3207\" width=\"244\" height=\"300\" class=\"alignnone size-medium wp-image-38654\" srcset=\"http:\/\/museumek.eu\/wp-content\/uploads\/2015\/04\/3207-244x300.jpg 244w, http:\/\/museumek.eu\/wp-content\/uploads\/2015\/04\/3207-122x150.jpg 122w, http:\/\/museumek.eu\/wp-content\/uploads\/2015\/04\/3207.jpg 600w\" sizes=\"(max-width: 244px) 100vw, 244px\" \/><\/a><\/p>\n<p><a href=\"http:\/\/museumek.eu\/?attachment_id=38655\" rel=\"attachment wp-att-38655\"><img loading=\"lazy\" src=\"http:\/\/museumek.eu\/wp-content\/uploads\/2015\/04\/3208-172x300.jpg\" alt=\"\" title=\"3208\" width=\"172\" height=\"300\" class=\"alignnone size-medium wp-image-38655\" srcset=\"http:\/\/museumek.eu\/wp-content\/uploads\/2015\/04\/3208-172x300.jpg 172w, http:\/\/museumek.eu\/wp-content\/uploads\/2015\/04\/3208-86x150.jpg 86w, http:\/\/museumek.eu\/wp-content\/uploads\/2015\/04\/3208.jpg 459w\" sizes=\"(max-width: 172px) 100vw, 172px\" \/><\/a><\/p>\n<p><a href=\"http:\/\/museumek.eu\/?attachment_id=38657\" rel=\"attachment wp-att-38657\"><img loading=\"lazy\" src=\"http:\/\/museumek.eu\/wp-content\/uploads\/2015\/04\/3212-300x269.jpg\" alt=\"\" title=\"3212\" width=\"300\" height=\"269\" class=\"alignnone size-medium wp-image-38657\" srcset=\"http:\/\/museumek.eu\/wp-content\/uploads\/2015\/04\/3212-300x269.jpg 300w, http:\/\/museumek.eu\/wp-content\/uploads\/2015\/04\/3212-150x134.jpg 150w, http:\/\/museumek.eu\/wp-content\/uploads\/2015\/04\/3212-334x300.jpg 334w, http:\/\/museumek.eu\/wp-content\/uploads\/2015\/04\/3212.jpg 668w\" sizes=\"(max-width: 300px) 100vw, 300px\" \/><\/a><\/p>\n<p><a href=\"http:\/\/museumek.eu\/?attachment_id=38658\" rel=\"attachment wp-att-38658\"><img loading=\"lazy\" src=\"http:\/\/museumek.eu\/wp-content\/uploads\/2015\/04\/3213-300x247.jpg\" alt=\"\" title=\"3213\" width=\"300\" height=\"247\" class=\"alignnone size-medium wp-image-38658\" srcset=\"http:\/\/museumek.eu\/wp-content\/uploads\/2015\/04\/3213-300x247.jpg 300w, http:\/\/museumek.eu\/wp-content\/uploads\/2015\/04\/3213-150x123.jpg 150w, http:\/\/museumek.eu\/wp-content\/uploads\/2015\/04\/3213-364x300.jpg 364w, http:\/\/museumek.eu\/wp-content\/uploads\/2015\/04\/3213.jpg 728w\" sizes=\"(max-width: 300px) 100vw, 300px\" \/><\/a><\/p>\n<p><a href=\"http:\/\/museumek.eu\/?attachment_id=38656\" rel=\"attachment wp-att-38656\"><img loading=\"lazy\" src=\"http:\/\/museumek.eu\/wp-content\/uploads\/2015\/04\/3209-175x300.jpg\" alt=\"\" title=\"3209\" width=\"175\" height=\"300\" class=\"alignnone size-medium wp-image-38656\" srcset=\"http:\/\/museumek.eu\/wp-content\/uploads\/2015\/04\/3209-175x300.jpg 175w, http:\/\/museumek.eu\/wp-content\/uploads\/2015\/04\/3209-87x150.jpg 87w, http:\/\/museumek.eu\/wp-content\/uploads\/2015\/04\/3209.jpg 468w\" sizes=\"(max-width: 175px) 100vw, 175px\" \/><\/a><\/p>\n<p><a href=\"http:\/\/museumek.eu\/?attachment_id=38659\" rel=\"attachment wp-att-38659\"><img loading=\"lazy\" src=\"http:\/\/museumek.eu\/wp-content\/uploads\/2015\/04\/3210-295x300.jpg\" alt=\"\" title=\"3210\" width=\"295\" height=\"300\" class=\"alignnone size-medium wp-image-38659\" srcset=\"http:\/\/museumek.eu\/wp-content\/uploads\/2015\/04\/3210-295x300.jpg 295w, http:\/\/museumek.eu\/wp-content\/uploads\/2015\/04\/3210-147x150.jpg 147w, http:\/\/museumek.eu\/wp-content\/uploads\/2015\/04\/3210.jpg 600w\" sizes=\"(max-width: 295px) 100vw, 295px\" \/><\/a><\/p>\n<p><a href=\"http:\/\/museumek.eu\/?attachment_id=38660\" rel=\"attachment wp-att-38660\"><img loading=\"lazy\" src=\"http:\/\/museumek.eu\/wp-content\/uploads\/2015\/04\/3211-300x288.jpg\" alt=\"\" title=\"3211\" width=\"300\" height=\"288\" class=\"alignnone size-medium wp-image-38660\" srcset=\"http:\/\/museumek.eu\/wp-content\/uploads\/2015\/04\/3211-300x288.jpg 300w, http:\/\/museumek.eu\/wp-content\/uploads\/2015\/04\/3211-150x144.jpg 150w, http:\/\/museumek.eu\/wp-content\/uploads\/2015\/04\/3211-311x300.jpg 311w, http:\/\/museumek.eu\/wp-content\/uploads\/2015\/04\/3211.jpg 623w\" sizes=\"(max-width: 300px) 100vw, 300px\" \/><\/a><\/p>\n","protected":false},"excerpt":{"rendered":"<p>Abteilung Deutschland, Keramik 1860 \u2013 1960, Inventarnummer D\/LIII\/31 Steingut- und Steinzeugfabrik, Kunstt\u00f6pferei, Zinngie\u00dferei Merkelbach &#038; Wick und Nachfolger Steingutfabrik Wick Werke AG, Vereinigte Fabriken Merkelbach &#038; Wick und Merkelbach, Stadelmann &#038; Co., Deutschland, Grenzhausen, um 1900, Seidel, K\u00fcnstler unbekannt, Werks.-Nr. &hellip; <a href=\"http:\/\/museumek.eu\/?page_id=38651\">Weiterlesen <span class=\"meta-nav\">&rarr;<\/span><\/a><\/p>\n","protected":false},"author":1,"featured_media":0,"parent":38630,"menu_order":31,"comment_status":"closed","ping_status":"open","template":"","meta":[],"_links":{"self":[{"href":"http:\/\/museumek.eu\/index.php?rest_route=\/wp\/v2\/pages\/38651"}],"collection":[{"href":"http:\/\/museumek.eu\/index.php?rest_route=\/wp\/v2\/pages"}],"about":[{"href":"http:\/\/museumek.eu\/index.php?rest_route=\/wp\/v2\/types\/page"}],"author":[{"embeddable":true,"href":"http:\/\/museumek.eu\/index.php?rest_route=\/wp\/v2\/users\/1"}],"replies":[{"embeddable":true,"href":"http:\/\/museumek.eu\/index.php?rest_route=%2Fwp%2Fv2%2Fcomments&post=38651"}],"version-history":[{"count":6,"href":"http:\/\/museumek.eu\/index.php?rest_route=\/wp\/v2\/pages\/38651\/revisions"}],"predecessor-version":[{"id":38666,"href":"http:\/\/museumek.eu\/index.php?rest_route=\/wp\/v2\/pages\/38651\/revisions\/38666"}],"up":[{"embeddable":true,"href":"http:\/\/museumek.eu\/index.php?rest_route=\/wp\/v2\/pages\/38630"}],"wp:attachment":[{"href":"http:\/\/museumek.eu\/index.php?rest_route=%2Fwp%2Fv2%2Fmedia&parent=38651"}],"curies":[{"name":"wp","href":"https:\/\/api.w.org\/{rel}","templated":true}]}}