{"id":38670,"date":"2015-04-11T21:15:09","date_gmt":"2015-04-11T19:15:09","guid":{"rendered":"http:\/\/museumek.eu\/?page_id=38670"},"modified":"2015-07-12T15:06:15","modified_gmt":"2015-07-12T13:06:15","slug":"dxxxvii63","status":"publish","type":"page","link":"http:\/\/museumek.eu\/?page_id=38670","title":{"rendered":"D\/XXXVII\/63"},"content":{"rendered":"<p><strong>Abteilung Deutschland, Keramik 1860 \u2013 1960, Inventarnummer D\/XXXVII\/63<\/strong><\/p>\n<p>Thonwaaren \u2013 Fabrik Marzi &#038; Remy, Deutschland, H\u00f6hr, um 1910, Becher, K\u00fcnstler Carl Moos, Werks.-Nr. 1890, Exemplar Nr. ohne, gemarkt keine Firmenmarke aber \u00bc  L. \u00fcber Eichstrich, 1890 sowie 13 gepresst, CM (f\u00fcr Carl Moos), 1404 sowie Ges. Gesch. (f\u00fcr Gesetzlich Gesch\u00fctzt) schwarz gemalt, signiert CM, Literatur: J\u00fcrgen Schimanski, Braun geflammt und grau gesalzen, Seite 203, Beschreibung der Fabrik, au\u00dferdem dort beschrieben, dass eine eigene Firmenmarke (Anmerkung MEK: die stilisierte T\u00f6pfermarke, bestehend aus Mittelachse, daran Antriebstretscheibe, diese immer in einem quadratischen oder trapezf\u00f6rmigen Rahmen) erst Anfang der 1920\u2018 Jahre eingef\u00fchrt worden ist und dass Erzeugnisse der fr\u00fcheren Jahre oft mit dem Schriftzug \u201eGesetzl. Gesch\u00fctzt\u201c (Anmerkung MEK: richtige Schreibweise des Stempels eigentlich mit Gro\u00dfbuchstaben und nicht wie bei Schimanski klein geschrieben, also GESETZL. GESCH\u00dcTZT) gemarkt sind, dieser Beschreibung stimmt das MEK bez\u00fcglich der Firmenmarke nicht zu, das MEK Exemplar D\/XXXVII\/64 widerlegt diese Aussage, vor, bis um 1900, wurde der M &#038; R. darunter H. in einem Rechteck Stempel verwendet, diesen gibt es auch noch als ausgeschriebene Variante (MARZI &#038; REMY darunter H\u00d6HR.), dann nicht in einem Rechteck, sogar mit dem Zusatzstempel GESETZL. GESCH\u00dcTZT, siehe http:\/\/www.steinmarks.co.uk\/pages\/pv.asp?p=stein164, dort unter Marzi &#038; Remy diese Stempelvariante abgebildet als auch die Stempelvariante des oben genannten MEK Exemplares, M &#038; R. darunter H. steht <strong>nicht<\/strong> f\u00fcr Merkelbach &#038; Remy, einer Westerw\u00e4lder Fabrik, die in der gleichen Zeit produzierte und f\u00fcr die bisher in der Fachliteratur noch keine Firmenmarke nachgewiesen worden ist, weil sich diese Fabrik in Grenzhausen und nicht in H\u00f6hr befand, bis 1936 waren die beiden Ortschaften eigenst\u00e4ndig und wurden erst am 01.04.1936 zusammen mit der Gemeinde Grenzau zu H\u00f6hr-Grenzhausen zusammengeschlossen, die Fabrik wurde 1879 von Anton Marzi und seinem Schwager Simon Peter Remy in H\u00f6hr gegr\u00fcndet und firmierte als Thonwaaren \u2013 Fabrik Marzi &#038; Remy, ab 1881 wurde eine eigene Zinngie\u00dferei angeschafft und ab 1883 neben dem grau \u2013 blau salzglasiertem Steinzeug auch Elfenbeinsteinzeug produziert, Simon Peter Remy verstarb 1919 und sein Sohn Werner Remy trat in die Fabrik ein, 1924 verstarb Anton Marzi und sein Schwiegersohn Johann Otto B\u00fchler trat in die Fabrik ein, Werner Remy verlie\u00df 1931 die Fabrik, 1941 trat Johann Otto B\u00fchlers Sohn Otto B\u00fchler in die Fabrik ein und 1953 dessen Sohn Otto Georg B\u00fchler, die Fabrik war bis zum Konkurs in den 1990\u2018 Jahren immer in Familienbesitz, Fabrikzuordnung: erfolgt auf Grund der f\u00fcr Marzi &#038; Remy typischen Bodenpressung von zwei Zahlen, wobei eine immer vierstellig und die andere immer zweistellig ist, der Becher ist sicher einem Set von Bechern f\u00fcr eine Bowle zugeh\u00f6rig,<br \/>\nH\u00f6he 13 cm, Breite 8 cm<\/p>\n<p><a href=\"http:\/\/museumek.eu\/?attachment_id=38671\" rel=\"attachment wp-att-38671\"><img loading=\"lazy\" src=\"http:\/\/museumek.eu\/wp-content\/uploads\/2015\/04\/2724-213x300.jpg\" alt=\"\" title=\"2724\" width=\"213\" height=\"300\" class=\"alignnone size-medium wp-image-38671\" srcset=\"http:\/\/museumek.eu\/wp-content\/uploads\/2015\/04\/2724-213x300.jpg 213w, http:\/\/museumek.eu\/wp-content\/uploads\/2015\/04\/2724-106x150.jpg 106w, http:\/\/museumek.eu\/wp-content\/uploads\/2015\/04\/2724.jpg 569w\" sizes=\"(max-width: 213px) 100vw, 213px\" \/><\/a><\/p>\n<p><a href=\"http:\/\/museumek.eu\/?attachment_id=38672\" rel=\"attachment wp-att-38672\"><img loading=\"lazy\" src=\"http:\/\/museumek.eu\/wp-content\/uploads\/2015\/04\/2725-206x300.jpg\" alt=\"\" title=\"2725\" width=\"206\" height=\"300\" class=\"alignnone size-medium wp-image-38672\" srcset=\"http:\/\/museumek.eu\/wp-content\/uploads\/2015\/04\/2725-206x300.jpg 206w, http:\/\/museumek.eu\/wp-content\/uploads\/2015\/04\/2725-103x150.jpg 103w, http:\/\/museumek.eu\/wp-content\/uploads\/2015\/04\/2725.jpg 550w\" sizes=\"(max-width: 206px) 100vw, 206px\" \/><\/a><\/p>\n<p><a href=\"http:\/\/museumek.eu\/?attachment_id=38682\" rel=\"attachment wp-att-38682\"><img loading=\"lazy\" src=\"http:\/\/museumek.eu\/wp-content\/uploads\/2015\/04\/2735-159x300.jpg\" alt=\"\" title=\"2735\" width=\"159\" height=\"300\" class=\"alignnone size-medium wp-image-38682\" srcset=\"http:\/\/museumek.eu\/wp-content\/uploads\/2015\/04\/2735-159x300.jpg 159w, http:\/\/museumek.eu\/wp-content\/uploads\/2015\/04\/2735-79x150.jpg 79w, http:\/\/museumek.eu\/wp-content\/uploads\/2015\/04\/2735.jpg 426w\" sizes=\"(max-width: 159px) 100vw, 159px\" \/><\/a><\/p>\n<p><a href=\"http:\/\/museumek.eu\/?attachment_id=38673\" rel=\"attachment wp-att-38673\"><img loading=\"lazy\" src=\"http:\/\/museumek.eu\/wp-content\/uploads\/2015\/04\/2726-205x300.jpg\" alt=\"\" title=\"2726\" width=\"205\" height=\"300\" class=\"alignnone size-medium wp-image-38673\" srcset=\"http:\/\/museumek.eu\/wp-content\/uploads\/2015\/04\/2726-205x300.jpg 205w, http:\/\/museumek.eu\/wp-content\/uploads\/2015\/04\/2726-102x150.jpg 102w, http:\/\/museumek.eu\/wp-content\/uploads\/2015\/04\/2726.jpg 548w\" sizes=\"(max-width: 205px) 100vw, 205px\" \/><\/a><\/p>\n<p><a href=\"http:\/\/museumek.eu\/?attachment_id=38674\" rel=\"attachment wp-att-38674\"><img loading=\"lazy\" src=\"http:\/\/museumek.eu\/wp-content\/uploads\/2015\/04\/2727-202x300.jpg\" alt=\"\" title=\"2727\" width=\"202\" height=\"300\" class=\"alignnone size-medium wp-image-38674\" srcset=\"http:\/\/museumek.eu\/wp-content\/uploads\/2015\/04\/2727-202x300.jpg 202w, http:\/\/museumek.eu\/wp-content\/uploads\/2015\/04\/2727-101x150.jpg 101w, http:\/\/museumek.eu\/wp-content\/uploads\/2015\/04\/2727.jpg 540w\" sizes=\"(max-width: 202px) 100vw, 202px\" \/><\/a><\/p>\n<p><a href=\"http:\/\/museumek.eu\/?attachment_id=38675\" rel=\"attachment wp-att-38675\"><img loading=\"lazy\" src=\"http:\/\/museumek.eu\/wp-content\/uploads\/2015\/04\/2728-193x300.jpg\" alt=\"\" title=\"2728\" width=\"193\" height=\"300\" class=\"alignnone size-medium wp-image-38675\" srcset=\"http:\/\/museumek.eu\/wp-content\/uploads\/2015\/04\/2728-193x300.jpg 193w, http:\/\/museumek.eu\/wp-content\/uploads\/2015\/04\/2728-96x150.jpg 96w, http:\/\/museumek.eu\/wp-content\/uploads\/2015\/04\/2728.jpg 515w\" sizes=\"(max-width: 193px) 100vw, 193px\" \/><\/a><\/p>\n<p><a href=\"http:\/\/museumek.eu\/?attachment_id=38676\" rel=\"attachment wp-att-38676\"><img loading=\"lazy\" src=\"http:\/\/museumek.eu\/wp-content\/uploads\/2015\/04\/2729-273x300.jpg\" alt=\"\" title=\"2729\" width=\"273\" height=\"300\" class=\"alignnone size-medium wp-image-38676\" srcset=\"http:\/\/museumek.eu\/wp-content\/uploads\/2015\/04\/2729-273x300.jpg 273w, http:\/\/museumek.eu\/wp-content\/uploads\/2015\/04\/2729-136x150.jpg 136w, http:\/\/museumek.eu\/wp-content\/uploads\/2015\/04\/2729.jpg 600w\" sizes=\"(max-width: 273px) 100vw, 273px\" \/><\/a><\/p>\n<p><a href=\"http:\/\/museumek.eu\/?attachment_id=38677\" rel=\"attachment wp-att-38677\"><img loading=\"lazy\" src=\"http:\/\/museumek.eu\/wp-content\/uploads\/2015\/04\/2730-202x300.jpg\" alt=\"\" title=\"2730\" width=\"202\" height=\"300\" class=\"alignnone size-medium wp-image-38677\" srcset=\"http:\/\/museumek.eu\/wp-content\/uploads\/2015\/04\/2730-202x300.jpg 202w, http:\/\/museumek.eu\/wp-content\/uploads\/2015\/04\/2730-101x150.jpg 101w, http:\/\/museumek.eu\/wp-content\/uploads\/2015\/04\/2730.jpg 541w\" sizes=\"(max-width: 202px) 100vw, 202px\" \/><\/a><\/p>\n<p><a href=\"http:\/\/museumek.eu\/?attachment_id=38678\" rel=\"attachment wp-att-38678\"><img loading=\"lazy\" src=\"http:\/\/museumek.eu\/wp-content\/uploads\/2015\/04\/2731-189x300.jpg\" alt=\"\" title=\"2731\" width=\"189\" height=\"300\" class=\"alignnone size-medium wp-image-38678\" srcset=\"http:\/\/museumek.eu\/wp-content\/uploads\/2015\/04\/2731-189x300.jpg 189w, http:\/\/museumek.eu\/wp-content\/uploads\/2015\/04\/2731-94x150.jpg 94w, http:\/\/museumek.eu\/wp-content\/uploads\/2015\/04\/2731.jpg 506w\" sizes=\"(max-width: 189px) 100vw, 189px\" \/><\/a><\/p>\n<p><a href=\"http:\/\/museumek.eu\/?attachment_id=38679\" rel=\"attachment wp-att-38679\"><img loading=\"lazy\" src=\"http:\/\/museumek.eu\/wp-content\/uploads\/2015\/04\/2732-266x300.jpg\" alt=\"\" title=\"2732\" width=\"266\" height=\"300\" class=\"alignnone size-medium wp-image-38679\" srcset=\"http:\/\/museumek.eu\/wp-content\/uploads\/2015\/04\/2732-266x300.jpg 266w, http:\/\/museumek.eu\/wp-content\/uploads\/2015\/04\/2732-133x150.jpg 133w, http:\/\/museumek.eu\/wp-content\/uploads\/2015\/04\/2732.jpg 637w\" sizes=\"(max-width: 266px) 100vw, 266px\" \/><\/a><\/p>\n<p><a href=\"http:\/\/museumek.eu\/?attachment_id=38680\" rel=\"attachment wp-att-38680\"><img loading=\"lazy\" src=\"http:\/\/museumek.eu\/wp-content\/uploads\/2015\/04\/2733-300x187.jpg\" alt=\"\" title=\"2733\" width=\"300\" height=\"187\" class=\"alignnone size-medium wp-image-38680\" srcset=\"http:\/\/museumek.eu\/wp-content\/uploads\/2015\/04\/2733-300x187.jpg 300w, http:\/\/museumek.eu\/wp-content\/uploads\/2015\/04\/2733-150x93.jpg 150w, http:\/\/museumek.eu\/wp-content\/uploads\/2015\/04\/2733-479x300.jpg 479w, http:\/\/museumek.eu\/wp-content\/uploads\/2015\/04\/2733.jpg 572w\" sizes=\"(max-width: 300px) 100vw, 300px\" \/><\/a><\/p>\n<p><a href=\"http:\/\/museumek.eu\/?attachment_id=38681\" rel=\"attachment wp-att-38681\"><img loading=\"lazy\" src=\"http:\/\/museumek.eu\/wp-content\/uploads\/2015\/04\/2734-232x300.jpg\" alt=\"\" title=\"2734\" width=\"232\" height=\"300\" class=\"alignnone size-medium wp-image-38681\" srcset=\"http:\/\/museumek.eu\/wp-content\/uploads\/2015\/04\/2734-232x300.jpg 232w, http:\/\/museumek.eu\/wp-content\/uploads\/2015\/04\/2734-116x150.jpg 116w, http:\/\/museumek.eu\/wp-content\/uploads\/2015\/04\/2734.jpg 519w\" sizes=\"(max-width: 232px) 100vw, 232px\" \/><\/a><\/p>\n","protected":false},"excerpt":{"rendered":"<p>Abteilung Deutschland, Keramik 1860 \u2013 1960, Inventarnummer D\/XXXVII\/63 Thonwaaren \u2013 Fabrik Marzi &#038; Remy, Deutschland, H\u00f6hr, um 1910, Becher, K\u00fcnstler Carl Moos, Werks.-Nr. 1890, Exemplar Nr. ohne, gemarkt keine Firmenmarke aber \u00bc L. \u00fcber Eichstrich, 1890 sowie 13 gepresst, CM &hellip; <a href=\"http:\/\/museumek.eu\/?page_id=38670\">Weiterlesen <span class=\"meta-nav\">&rarr;<\/span><\/a><\/p>\n","protected":false},"author":1,"featured_media":0,"parent":37639,"menu_order":63,"comment_status":"closed","ping_status":"open","template":"","meta":[],"_links":{"self":[{"href":"http:\/\/museumek.eu\/index.php?rest_route=\/wp\/v2\/pages\/38670"}],"collection":[{"href":"http:\/\/museumek.eu\/index.php?rest_route=\/wp\/v2\/pages"}],"about":[{"href":"http:\/\/museumek.eu\/index.php?rest_route=\/wp\/v2\/types\/page"}],"author":[{"embeddable":true,"href":"http:\/\/museumek.eu\/index.php?rest_route=\/wp\/v2\/users\/1"}],"replies":[{"embeddable":true,"href":"http:\/\/museumek.eu\/index.php?rest_route=%2Fwp%2Fv2%2Fcomments&post=38670"}],"version-history":[{"count":10,"href":"http:\/\/museumek.eu\/index.php?rest_route=\/wp\/v2\/pages\/38670\/revisions"}],"predecessor-version":[{"id":42221,"href":"http:\/\/museumek.eu\/index.php?rest_route=\/wp\/v2\/pages\/38670\/revisions\/42221"}],"up":[{"embeddable":true,"href":"http:\/\/museumek.eu\/index.php?rest_route=\/wp\/v2\/pages\/37639"}],"wp:attachment":[{"href":"http:\/\/museumek.eu\/index.php?rest_route=%2Fwp%2Fv2%2Fmedia&parent=38670"}],"curies":[{"name":"wp","href":"https:\/\/api.w.org\/{rel}","templated":true}]}}