{"id":38775,"date":"2015-04-18T20:50:21","date_gmt":"2015-04-18T18:50:21","guid":{"rendered":"http:\/\/museumek.eu\/?page_id=38775"},"modified":"2015-04-18T21:00:41","modified_gmt":"2015-04-18T19:00:41","slug":"dxlix15","status":"publish","type":"page","link":"http:\/\/museumek.eu\/?page_id=38775","title":{"rendered":"D\/XLIX\/15"},"content":{"rendered":"<p><strong>Abteilung Deutschland, Keramik 1860 \u2013 1960, Inventarnummer D\/XLIX\/15<\/strong><\/p>\n<p>Simon Peter Gerz I. GmbH Fabrik fein verzierter Gebrauchs- und Luxusgegenst\u00e4nde und Vorg\u00e4nger Simon Peter Gerz I. Fabrik antiker reichverzierter Steinzeugwaaren, Deutschland, H\u00f6hr, um 1910, Schnelle, K\u00fcnstler unbekannt, Werks.-Nr. 572, Exemplar Nr. ohne, gemarkt Firmenmarke mit einem Krug in einem Dreieck, Ges. Gesch. Nr. 572 sowie C gepresst und bis auf 572 braun ausgemalt, am Steg der Zinnmontur N. B.M. (f\u00fcr die Zinngie\u00dferei Nathan Bauernfreund in M\u00fcnchen, t\u00e4tig von ca. 1853 bis 1925), nicht signiert, Literatur: Gisela Reineking von Bock, Meister der deutschen Keramik, Seite 329, Marke Nr. 212 identisch, weitere Literatur: J\u00fcrgen Schimanski und J\u00fcrgen Erlebach, Westerw\u00e4lder Steinzeug, Die Neue \u00c4ra, Seite 44 ff., Fabrikbeschreibung sowie Marke Nr. 6 identisch, weitere Literatur: J\u00fcrgen Schimanski, Braun geflammt und grau gesalzen, Seite 197, Beschreibung der Fabrik sowie Marke Nr. 6 identisch, die Fabrik wurde 1857 von Simon Peter Gerz I (geb. 13.09.1830, gest. 12.09.1893) gegr\u00fcndet, die Registereintragung erfolgte aber erst 1862, insofern ist das Jahr 1862 das amtliche Gr\u00fcndungsdatum, bisher konnte in keiner Literatur eine Erkl\u00e4rung gefunden werden, warum Gerz seinem Namen eine r\u00f6mische I anf\u00fcgte, recherchiert werden konnte, dass es noch einen Steinzeugfabrikanten namens Simon Peter Gerz II (geb. 1833, gest. 1908) gab und dass dieser der Vater von Alois Jacob Gerz, dem Mitbegr\u00fcnder der Steinzeugfabrik Rosskopf &#038; Gerz war, 1867 erhielt die Fabrik das Pr\u00e4dikat eines Hoflieferanten des Herzog von Nassau, 1893 (Gerz Tod) wurde der Schwiegersohn Alphons William Loetschert Inhaber, sehr wahrscheinlich wurde um diese Zeit auch die Fabrikmarke SPG I in einem Kreis in die Dreieckmarke mit einem Krug ge\u00e4ndert, sp\u00e4testens aber sicher 1897, 1897 wurde die Pfeiffenfabrik M\u00fcllenbach &#038; Thewalt Mitinhaber und eine GmbH wurde gegr\u00fcndet (Gr\u00fcndungsdatum: 05.08.1897), die Fabrik bestand bis 1997, das MEK Exemplar hat eine dreistellige Werks.-Nr. und war somit eine spezielle Auftragsarbeit f\u00fcr einen bestimmten Kunden, <strong>das MEK Exemplar mit der Werks.-Nr. 572 ist in der Fachliteratur noch nicht erfasst<\/strong>, Ausf\u00fchrung als Elfenbeinsteinzeug braun-dunkelgr\u00fcn glasiert,<br \/>\nH\u00f6he 30 cm, Breite 13,5 cm (nur die Keramik)<\/p>\n<p><a href=\"http:\/\/museumek.eu\/?attachment_id=38776\" rel=\"attachment wp-att-38776\"><img loading=\"lazy\" src=\"http:\/\/museumek.eu\/wp-content\/uploads\/2015\/04\/3286-110x300.jpg\" alt=\"\" title=\"3286\" width=\"110\" height=\"300\" class=\"alignnone size-medium wp-image-38776\" srcset=\"http:\/\/museumek.eu\/wp-content\/uploads\/2015\/04\/3286-110x300.jpg 110w, http:\/\/museumek.eu\/wp-content\/uploads\/2015\/04\/3286-55x150.jpg 55w\" sizes=\"(max-width: 110px) 100vw, 110px\" \/><\/a><\/p>\n<p><a href=\"http:\/\/museumek.eu\/?attachment_id=38777\" rel=\"attachment wp-att-38777\"><img loading=\"lazy\" src=\"http:\/\/museumek.eu\/wp-content\/uploads\/2015\/04\/3287-127x300.jpg\" alt=\"\" title=\"3287\" width=\"127\" height=\"300\" class=\"alignnone size-medium wp-image-38777\" srcset=\"http:\/\/museumek.eu\/wp-content\/uploads\/2015\/04\/3287-127x300.jpg 127w, http:\/\/museumek.eu\/wp-content\/uploads\/2015\/04\/3287-63x150.jpg 63w\" sizes=\"(max-width: 127px) 100vw, 127px\" \/><\/a><\/p>\n<p><a href=\"http:\/\/museumek.eu\/?attachment_id=38778\" rel=\"attachment wp-att-38778\"><img loading=\"lazy\" src=\"http:\/\/museumek.eu\/wp-content\/uploads\/2015\/04\/3288-117x300.jpg\" alt=\"\" title=\"3288\" width=\"117\" height=\"300\" class=\"alignnone size-medium wp-image-38778\" srcset=\"http:\/\/museumek.eu\/wp-content\/uploads\/2015\/04\/3288-117x300.jpg 117w, http:\/\/museumek.eu\/wp-content\/uploads\/2015\/04\/3288-58x150.jpg 58w, http:\/\/museumek.eu\/wp-content\/uploads\/2015\/04\/3288.jpg 313w\" sizes=\"(max-width: 117px) 100vw, 117px\" \/><\/a><\/p>\n<p><a href=\"http:\/\/museumek.eu\/?attachment_id=38779\" rel=\"attachment wp-att-38779\"><img loading=\"lazy\" src=\"http:\/\/museumek.eu\/wp-content\/uploads\/2015\/04\/3289-94x300.jpg\" alt=\"\" title=\"3289\" width=\"94\" height=\"300\" class=\"alignnone size-medium wp-image-38779\" srcset=\"http:\/\/museumek.eu\/wp-content\/uploads\/2015\/04\/3289-94x300.jpg 94w, http:\/\/museumek.eu\/wp-content\/uploads\/2015\/04\/3289-47x150.jpg 47w\" sizes=\"(max-width: 94px) 100vw, 94px\" \/><\/a><\/p>\n<p><a href=\"http:\/\/museumek.eu\/?attachment_id=38780\" rel=\"attachment wp-att-38780\"><img loading=\"lazy\" src=\"http:\/\/museumek.eu\/wp-content\/uploads\/2015\/04\/3295-174x300.jpg\" alt=\"\" title=\"3295\" width=\"174\" height=\"300\" class=\"alignnone size-medium wp-image-38780\" srcset=\"http:\/\/museumek.eu\/wp-content\/uploads\/2015\/04\/3295-174x300.jpg 174w, http:\/\/museumek.eu\/wp-content\/uploads\/2015\/04\/3295-87x150.jpg 87w, http:\/\/museumek.eu\/wp-content\/uploads\/2015\/04\/3295.jpg 464w\" sizes=\"(max-width: 174px) 100vw, 174px\" \/><\/a><\/p>\n<p><a href=\"http:\/\/museumek.eu\/?attachment_id=38781\" rel=\"attachment wp-att-38781\"><img loading=\"lazy\" src=\"http:\/\/museumek.eu\/wp-content\/uploads\/2015\/04\/3296-115x300.jpg\" alt=\"\" title=\"3296\" width=\"115\" height=\"300\" class=\"alignnone size-medium wp-image-38781\" srcset=\"http:\/\/museumek.eu\/wp-content\/uploads\/2015\/04\/3296-115x300.jpg 115w, http:\/\/museumek.eu\/wp-content\/uploads\/2015\/04\/3296-57x150.jpg 57w\" sizes=\"(max-width: 115px) 100vw, 115px\" \/><\/a><\/p>\n<p><a href=\"http:\/\/museumek.eu\/?attachment_id=38782\" rel=\"attachment wp-att-38782\"><img loading=\"lazy\" src=\"http:\/\/museumek.eu\/wp-content\/uploads\/2015\/04\/3290-122x300.jpg\" alt=\"\" title=\"3290\" width=\"122\" height=\"300\" class=\"alignnone size-medium wp-image-38782\" srcset=\"http:\/\/museumek.eu\/wp-content\/uploads\/2015\/04\/3290-122x300.jpg 122w, http:\/\/museumek.eu\/wp-content\/uploads\/2015\/04\/3290-61x150.jpg 61w, http:\/\/museumek.eu\/wp-content\/uploads\/2015\/04\/3290.jpg 326w\" sizes=\"(max-width: 122px) 100vw, 122px\" \/><\/a><\/p>\n<p><a href=\"http:\/\/museumek.eu\/?attachment_id=38783\" rel=\"attachment wp-att-38783\"><img loading=\"lazy\" src=\"http:\/\/museumek.eu\/wp-content\/uploads\/2015\/04\/3291-235x300.jpg\" alt=\"\" title=\"3291\" width=\"235\" height=\"300\" class=\"alignnone size-medium wp-image-38783\" srcset=\"http:\/\/museumek.eu\/wp-content\/uploads\/2015\/04\/3291-235x300.jpg 235w, http:\/\/museumek.eu\/wp-content\/uploads\/2015\/04\/3291-117x150.jpg 117w, http:\/\/museumek.eu\/wp-content\/uploads\/2015\/04\/3291.jpg 600w\" sizes=\"(max-width: 235px) 100vw, 235px\" \/><\/a><\/p>\n<p><a href=\"http:\/\/museumek.eu\/?attachment_id=38784\" rel=\"attachment wp-att-38784\"><img loading=\"lazy\" src=\"http:\/\/museumek.eu\/wp-content\/uploads\/2015\/04\/3292-300x213.jpg\" alt=\"\" title=\"3292\" width=\"300\" height=\"213\" class=\"alignnone size-medium wp-image-38784\" srcset=\"http:\/\/museumek.eu\/wp-content\/uploads\/2015\/04\/3292-300x213.jpg 300w, http:\/\/museumek.eu\/wp-content\/uploads\/2015\/04\/3292-150x106.jpg 150w, http:\/\/museumek.eu\/wp-content\/uploads\/2015\/04\/3292-421x300.jpg 421w, http:\/\/museumek.eu\/wp-content\/uploads\/2015\/04\/3292.jpg 800w\" sizes=\"(max-width: 300px) 100vw, 300px\" \/><\/a><\/p>\n<p><a href=\"http:\/\/museumek.eu\/?attachment_id=38790\" rel=\"attachment wp-att-38790\"><img loading=\"lazy\" src=\"http:\/\/museumek.eu\/wp-content\/uploads\/2015\/04\/32931-300x226.jpg\" alt=\"\" title=\"3293\" width=\"300\" height=\"226\" class=\"alignnone size-medium wp-image-38790\" srcset=\"http:\/\/museumek.eu\/wp-content\/uploads\/2015\/04\/32931-300x226.jpg 300w, http:\/\/museumek.eu\/wp-content\/uploads\/2015\/04\/32931-150x113.jpg 150w, http:\/\/museumek.eu\/wp-content\/uploads\/2015\/04\/32931-397x300.jpg 397w, http:\/\/museumek.eu\/wp-content\/uploads\/2015\/04\/32931.jpg 794w\" sizes=\"(max-width: 300px) 100vw, 300px\" \/><\/a><\/p>\n<p><a href=\"http:\/\/museumek.eu\/?attachment_id=38791\" rel=\"attachment wp-att-38791\"><img loading=\"lazy\" src=\"http:\/\/museumek.eu\/wp-content\/uploads\/2015\/04\/3297-300x136.jpg\" alt=\"\" title=\"3297\" width=\"300\" height=\"136\" class=\"alignnone size-medium wp-image-38791\" srcset=\"http:\/\/museumek.eu\/wp-content\/uploads\/2015\/04\/3297-300x136.jpg 300w, http:\/\/museumek.eu\/wp-content\/uploads\/2015\/04\/3297-150x68.jpg 150w, http:\/\/museumek.eu\/wp-content\/uploads\/2015\/04\/3297.jpg 496w\" sizes=\"(max-width: 300px) 100vw, 300px\" \/><\/a><\/p>\n","protected":false},"excerpt":{"rendered":"<p>Abteilung Deutschland, Keramik 1860 \u2013 1960, Inventarnummer D\/XLIX\/15 Simon Peter Gerz I. GmbH Fabrik fein verzierter Gebrauchs- und Luxusgegenst\u00e4nde und Vorg\u00e4nger Simon Peter Gerz I. Fabrik antiker reichverzierter Steinzeugwaaren, Deutschland, H\u00f6hr, um 1910, Schnelle, K\u00fcnstler unbekannt, Werks.-Nr. 572, Exemplar Nr. &hellip; <a href=\"http:\/\/museumek.eu\/?page_id=38775\">Weiterlesen <span class=\"meta-nav\">&rarr;<\/span><\/a><\/p>\n","protected":false},"author":1,"featured_media":0,"parent":37296,"menu_order":15,"comment_status":"closed","ping_status":"open","template":"","meta":[],"_links":{"self":[{"href":"http:\/\/museumek.eu\/index.php?rest_route=\/wp\/v2\/pages\/38775"}],"collection":[{"href":"http:\/\/museumek.eu\/index.php?rest_route=\/wp\/v2\/pages"}],"about":[{"href":"http:\/\/museumek.eu\/index.php?rest_route=\/wp\/v2\/types\/page"}],"author":[{"embeddable":true,"href":"http:\/\/museumek.eu\/index.php?rest_route=\/wp\/v2\/users\/1"}],"replies":[{"embeddable":true,"href":"http:\/\/museumek.eu\/index.php?rest_route=%2Fwp%2Fv2%2Fcomments&post=38775"}],"version-history":[{"count":11,"href":"http:\/\/museumek.eu\/index.php?rest_route=\/wp\/v2\/pages\/38775\/revisions"}],"predecessor-version":[{"id":38798,"href":"http:\/\/museumek.eu\/index.php?rest_route=\/wp\/v2\/pages\/38775\/revisions\/38798"}],"up":[{"embeddable":true,"href":"http:\/\/museumek.eu\/index.php?rest_route=\/wp\/v2\/pages\/37296"}],"wp:attachment":[{"href":"http:\/\/museumek.eu\/index.php?rest_route=%2Fwp%2Fv2%2Fmedia&parent=38775"}],"curies":[{"name":"wp","href":"https:\/\/api.w.org\/{rel}","templated":true}]}}