{"id":38881,"date":"2015-04-19T21:51:53","date_gmt":"2015-04-19T19:51:53","guid":{"rendered":"http:\/\/museumek.eu\/?page_id=38881"},"modified":"2015-04-19T21:51:53","modified_gmt":"2015-04-19T19:51:53","slug":"dxlix16","status":"publish","type":"page","link":"http:\/\/museumek.eu\/?page_id=38881","title":{"rendered":"D\/XLIX\/16"},"content":{"rendered":"<p><strong>Abteilung Deutschland, Keramik 1860 \u2013 1960, Inventarnummer D\/XLIX\/16<\/strong><\/p>\n<p>Simon Peter Gerz I. GmbH Fabrik fein verzierter Gebrauchs- und Luxusgegenst\u00e4nde und Vorg\u00e4nger Simon Peter Gerz I. Fabrik antiker reichverzierter Steinzeugwaaren, Deutschland, H\u00f6hr, um 1950, Seidel, K\u00fcnstler unbekannt, Werks.-Nr. ohne, Exemplar Nr. ohne, gemarkt Firmenmarke mit einem Krug in einem Dreieck, MADE IN GERMANY sowie 2 gepresst und alles mit blauer Glasur ausgemalt, im Zinndeckel 85, DBGM (f\u00fcr Deutsches Bundesgebrauchs-Muster sowie in einer Raute DBM (nicht aufgel\u00f6st), nicht signiert, Literatur: Gisela Reineking von Bock, Meister der deutschen Keramik, Seite 329, Marke Nr. 212 identisch, weitere Literatur: J\u00fcrgen Schimanski und J\u00fcrgen Erlebach, Westerw\u00e4lder Steinzeug, Die Neue \u00c4ra, Seite 44 ff., Beschreibung der Fabrik sowie Seite 44, Marke Nr. 6 identisch, weitere Literatur: J\u00fcrgen Schimanski, Braun geflammt und grau gesalzen, Seite 197, Beschreibung der Fabrik sowie Marke Nr. 6 identisch, die Fabrik wurde 1857 von Simon Peter Gerz I (geb. 13.09.1830, gest. 12.09.1893) gegr\u00fcndet, die Registereintragung erfolgte aber erst 1862, insofern ist das Jahr 1862 das amtliche Gr\u00fcndungsdatum, bisher konnte in keiner Literatur eine Erkl\u00e4rung gefunden werden, warum Gerz seinem Namen eine r\u00f6mische I anf\u00fcgte, recherchiert werden konnte, dass es noch einen Steinzeugfabrikanten namens Simon Peter Gerz II (geb. 1833, gest. 1908) gab und dass dieser der Vater von Alois Jacob Gerz, dem Mitbegr\u00fcnder der Steinzeugfabrik Rosskopf &#038; Gerz war, 1867 erhielt die Fabrik das Pr\u00e4dikat eines Hoflieferanten des Herzog von Nassau, 1893 (Gerz Tod) wurde der Schwiegersohn Alphons William Loetschert Inhaber, sehr wahrscheinlich wurde um diese Zeit auch die Fabrikmarke SPG I in einem Kreis in die Dreieckmarke mit einem Krug ge\u00e4ndert, sp\u00e4testens aber sicher 1897, 1897 wurde die Pfeiffenfabrik M\u00fcllenbach &#038; Thewalt Mitinhaber und eine GmbH wurde gegr\u00fcndet (Gr\u00fcndungsdatum: 05.08.1897), die Fabrik bestand bis 1997, zeitliche Zuordnung: das MEK geht davon aus, dass die Zinnmontur samt vernickeltem Deckel original ist, im Zinndeckel befinden sich die o. g. Markungen, diese wurden erst ab 1945 verwendet, wohl ein Werksentwurf nach Adelbert Niemeyer, siehe dazu Literatur: J\u00fcrgen Schimanski, Braun geflammt und grau gesalzen, Seite 179, Abbildungen 430 a und b, \u00e4hnliche Entw\u00fcrfe von Adelbert Niemeyer f\u00fcr die Steinzeugfabrik von Reinhold Merkelbach, Ausf\u00fchrung als Feinsteinzeug kobaltblau glasiert, keine Literangabe, MEK Nachmessung: 0,5 Liter, H\u00f6he 11 cm, Breite 15,5 cm (nur die Keramik)<\/p>\n<p><a href=\"http:\/\/museumek.eu\/?attachment_id=38882\" rel=\"attachment wp-att-38882\"><img loading=\"lazy\" src=\"http:\/\/museumek.eu\/wp-content\/uploads\/2015\/04\/2804-217x300.jpg\" alt=\"\" title=\"2804\" width=\"217\" height=\"300\" class=\"alignnone size-medium wp-image-38882\" srcset=\"http:\/\/museumek.eu\/wp-content\/uploads\/2015\/04\/2804-217x300.jpg 217w, http:\/\/museumek.eu\/wp-content\/uploads\/2015\/04\/2804-108x150.jpg 108w, http:\/\/museumek.eu\/wp-content\/uploads\/2015\/04\/2804.jpg 579w\" sizes=\"(max-width: 217px) 100vw, 217px\" \/><\/a><\/p>\n<p><a href=\"http:\/\/museumek.eu\/?attachment_id=38883\" rel=\"attachment wp-att-38883\"><img loading=\"lazy\" src=\"http:\/\/museumek.eu\/wp-content\/uploads\/2015\/04\/2805-296x300.jpg\" alt=\"\" title=\"2805\" width=\"296\" height=\"300\" class=\"alignnone size-medium wp-image-38883\" srcset=\"http:\/\/museumek.eu\/wp-content\/uploads\/2015\/04\/2805-296x300.jpg 296w, http:\/\/museumek.eu\/wp-content\/uploads\/2015\/04\/2805-148x150.jpg 148w, http:\/\/museumek.eu\/wp-content\/uploads\/2015\/04\/2805.jpg 600w\" sizes=\"(max-width: 296px) 100vw, 296px\" \/><\/a><\/p>\n<p><a href=\"http:\/\/museumek.eu\/?attachment_id=38884\" rel=\"attachment wp-att-38884\"><img loading=\"lazy\" src=\"http:\/\/museumek.eu\/wp-content\/uploads\/2015\/04\/2806-297x300.jpg\" alt=\"\" title=\"2806\" width=\"297\" height=\"300\" class=\"alignnone size-medium wp-image-38884\" srcset=\"http:\/\/museumek.eu\/wp-content\/uploads\/2015\/04\/2806-297x300.jpg 297w, http:\/\/museumek.eu\/wp-content\/uploads\/2015\/04\/2806-148x150.jpg 148w, http:\/\/museumek.eu\/wp-content\/uploads\/2015\/04\/2806.jpg 600w\" sizes=\"(max-width: 297px) 100vw, 297px\" \/><\/a><\/p>\n<p><a href=\"http:\/\/museumek.eu\/?attachment_id=38885\" rel=\"attachment wp-att-38885\"><img loading=\"lazy\" src=\"http:\/\/museumek.eu\/wp-content\/uploads\/2015\/04\/2807-201x300.jpg\" alt=\"\" title=\"2807\" width=\"201\" height=\"300\" class=\"alignnone size-medium wp-image-38885\" srcset=\"http:\/\/museumek.eu\/wp-content\/uploads\/2015\/04\/2807-201x300.jpg 201w, http:\/\/museumek.eu\/wp-content\/uploads\/2015\/04\/2807-100x150.jpg 100w, http:\/\/museumek.eu\/wp-content\/uploads\/2015\/04\/2807.jpg 537w\" sizes=\"(max-width: 201px) 100vw, 201px\" \/><\/a><\/p>\n<p><a href=\"http:\/\/museumek.eu\/?attachment_id=38887\" rel=\"attachment wp-att-38887\"><img loading=\"lazy\" src=\"http:\/\/museumek.eu\/wp-content\/uploads\/2015\/04\/3229-300x274.jpg\" alt=\"\" title=\"3229\" width=\"300\" height=\"274\" class=\"alignnone size-medium wp-image-38887\" srcset=\"http:\/\/museumek.eu\/wp-content\/uploads\/2015\/04\/3229-300x274.jpg 300w, http:\/\/museumek.eu\/wp-content\/uploads\/2015\/04\/3229-150x137.jpg 150w, http:\/\/museumek.eu\/wp-content\/uploads\/2015\/04\/3229-328x300.jpg 328w, http:\/\/museumek.eu\/wp-content\/uploads\/2015\/04\/3229.jpg 656w\" sizes=\"(max-width: 300px) 100vw, 300px\" \/><\/a><\/p>\n<p><a href=\"http:\/\/museumek.eu\/?attachment_id=38886\" rel=\"attachment wp-att-38886\"><img loading=\"lazy\" src=\"http:\/\/museumek.eu\/wp-content\/uploads\/2015\/04\/2808-277x300.jpg\" alt=\"\" title=\"2808\" width=\"277\" height=\"300\" class=\"alignnone size-medium wp-image-38886\" srcset=\"http:\/\/museumek.eu\/wp-content\/uploads\/2015\/04\/2808-277x300.jpg 277w, http:\/\/museumek.eu\/wp-content\/uploads\/2015\/04\/2808-138x150.jpg 138w, http:\/\/museumek.eu\/wp-content\/uploads\/2015\/04\/2808.jpg 600w\" sizes=\"(max-width: 277px) 100vw, 277px\" \/><\/a><\/p>\n<p><a href=\"http:\/\/museumek.eu\/?attachment_id=38888\" rel=\"attachment wp-att-38888\"><img loading=\"lazy\" src=\"http:\/\/museumek.eu\/wp-content\/uploads\/2015\/04\/3230-300x220.jpg\" alt=\"\" title=\"3230\" width=\"300\" height=\"220\" class=\"alignnone size-medium wp-image-38888\" srcset=\"http:\/\/museumek.eu\/wp-content\/uploads\/2015\/04\/3230-300x220.jpg 300w, http:\/\/museumek.eu\/wp-content\/uploads\/2015\/04\/3230-150x110.jpg 150w, http:\/\/museumek.eu\/wp-content\/uploads\/2015\/04\/3230-408x300.jpg 408w, http:\/\/museumek.eu\/wp-content\/uploads\/2015\/04\/3230.jpg 513w\" sizes=\"(max-width: 300px) 100vw, 300px\" \/><\/a><\/p>\n<p><a href=\"http:\/\/museumek.eu\/?attachment_id=38889\" rel=\"attachment wp-att-38889\"><img loading=\"lazy\" src=\"http:\/\/museumek.eu\/wp-content\/uploads\/2015\/04\/3231.jpg\" alt=\"\" title=\"3231\" width=\"244\" height=\"201\" class=\"alignnone size-full wp-image-38889\" srcset=\"http:\/\/museumek.eu\/wp-content\/uploads\/2015\/04\/3231.jpg 244w, http:\/\/museumek.eu\/wp-content\/uploads\/2015\/04\/3231-150x123.jpg 150w\" sizes=\"(max-width: 244px) 100vw, 244px\" \/><\/a><\/p>\n","protected":false},"excerpt":{"rendered":"<p>Abteilung Deutschland, Keramik 1860 \u2013 1960, Inventarnummer D\/XLIX\/16 Simon Peter Gerz I. GmbH Fabrik fein verzierter Gebrauchs- und Luxusgegenst\u00e4nde und Vorg\u00e4nger Simon Peter Gerz I. Fabrik antiker reichverzierter Steinzeugwaaren, Deutschland, H\u00f6hr, um 1950, Seidel, K\u00fcnstler unbekannt, Werks.-Nr. ohne, Exemplar Nr. &hellip; <a href=\"http:\/\/museumek.eu\/?page_id=38881\">Weiterlesen <span class=\"meta-nav\">&rarr;<\/span><\/a><\/p>\n","protected":false},"author":1,"featured_media":0,"parent":37296,"menu_order":16,"comment_status":"closed","ping_status":"open","template":"","meta":[],"_links":{"self":[{"href":"http:\/\/museumek.eu\/index.php?rest_route=\/wp\/v2\/pages\/38881"}],"collection":[{"href":"http:\/\/museumek.eu\/index.php?rest_route=\/wp\/v2\/pages"}],"about":[{"href":"http:\/\/museumek.eu\/index.php?rest_route=\/wp\/v2\/types\/page"}],"author":[{"embeddable":true,"href":"http:\/\/museumek.eu\/index.php?rest_route=\/wp\/v2\/users\/1"}],"replies":[{"embeddable":true,"href":"http:\/\/museumek.eu\/index.php?rest_route=%2Fwp%2Fv2%2Fcomments&post=38881"}],"version-history":[{"count":4,"href":"http:\/\/museumek.eu\/index.php?rest_route=\/wp\/v2\/pages\/38881\/revisions"}],"predecessor-version":[{"id":38893,"href":"http:\/\/museumek.eu\/index.php?rest_route=\/wp\/v2\/pages\/38881\/revisions\/38893"}],"up":[{"embeddable":true,"href":"http:\/\/museumek.eu\/index.php?rest_route=\/wp\/v2\/pages\/37296"}],"wp:attachment":[{"href":"http:\/\/museumek.eu\/index.php?rest_route=%2Fwp%2Fv2%2Fmedia&parent=38881"}],"curies":[{"name":"wp","href":"https:\/\/api.w.org\/{rel}","templated":true}]}}