{"id":39430,"date":"2015-05-07T20:57:49","date_gmt":"2015-05-07T18:57:49","guid":{"rendered":"http:\/\/museumek.eu\/?page_id=39430"},"modified":"2015-05-09T20:12:31","modified_gmt":"2015-05-09T18:12:31","slug":"dcxxv1","status":"publish","type":"page","link":"http:\/\/museumek.eu\/?page_id=39430","title":{"rendered":"D\/CXXVI\/1"},"content":{"rendered":"<p>Abteilung Deutschland, Keramik 1860 \u2013 1960, Inventarnummer D\/CXXVI\/1<\/p>\n<p>T\u00f6pferei Otto Meier, Deutschland, Worpswede, um 1948, Kanne, K\u00fcnstler Otto Meier, Werks.-Nr. ohne, Exemplar Nr. ohne, gemarkt Firmenmarke mit O M \u00fcbereinander gepresst, signiert = gemarkt, Literatur: Gisela Reineking von Bock, Meister der deutschen Keramik 1900 bis 1950, Seite 215 ff., Beschreibung der T\u00f6pferei sowie Seite 325, Marke Nr. 144 identisch, die T\u00f6pferei wurde 1945 von Otto Meier in Worpswede gegr\u00fcndet, nachdem seine Werkstatt in Bremen durch Kriegsereignisse des WK II zerst\u00f6rt worden war, die T\u00f6pferei bestand bis in die 1990\u2018 Jahre,<br \/>\nH\u00f6he 8,5 cm, Breite 10,5 cm<\/p>\n<p><a href=\"http:\/\/museumek.eu\/?attachment_id=39431\" rel=\"attachment wp-att-39431\"><img loading=\"lazy\" src=\"http:\/\/museumek.eu\/wp-content\/uploads\/2015\/05\/1226-300x278.jpg\" alt=\"\" title=\"1226\" width=\"300\" height=\"278\" class=\"alignnone size-medium wp-image-39431\" srcset=\"http:\/\/museumek.eu\/wp-content\/uploads\/2015\/05\/1226-300x278.jpg 300w, http:\/\/museumek.eu\/wp-content\/uploads\/2015\/05\/1226-150x139.jpg 150w, http:\/\/museumek.eu\/wp-content\/uploads\/2015\/05\/1226-323x300.jpg 323w, http:\/\/museumek.eu\/wp-content\/uploads\/2015\/05\/1226.jpg 646w\" sizes=\"(max-width: 300px) 100vw, 300px\" \/><\/a><\/p>\n<p><a href=\"http:\/\/museumek.eu\/?attachment_id=39432\" rel=\"attachment wp-att-39432\"><img loading=\"lazy\" src=\"http:\/\/museumek.eu\/wp-content\/uploads\/2015\/05\/1227-300x280.jpg\" alt=\"\" title=\"1227\" width=\"300\" height=\"280\" class=\"alignnone size-medium wp-image-39432\" srcset=\"http:\/\/museumek.eu\/wp-content\/uploads\/2015\/05\/1227-300x280.jpg 300w, http:\/\/museumek.eu\/wp-content\/uploads\/2015\/05\/1227-150x140.jpg 150w, http:\/\/museumek.eu\/wp-content\/uploads\/2015\/05\/1227-320x300.jpg 320w, http:\/\/museumek.eu\/wp-content\/uploads\/2015\/05\/1227.jpg 528w\" sizes=\"(max-width: 300px) 100vw, 300px\" \/><\/a><\/p>\n<p><a href=\"http:\/\/museumek.eu\/?attachment_id=39433\" rel=\"attachment wp-att-39433\"><img loading=\"lazy\" src=\"http:\/\/museumek.eu\/wp-content\/uploads\/2015\/05\/1228-300x300.jpg\" alt=\"\" title=\"1228\" width=\"300\" height=\"300\" class=\"alignnone size-medium wp-image-39433\" srcset=\"http:\/\/museumek.eu\/wp-content\/uploads\/2015\/05\/1228-300x300.jpg 300w, http:\/\/museumek.eu\/wp-content\/uploads\/2015\/05\/1228-150x150.jpg 150w, http:\/\/museumek.eu\/wp-content\/uploads\/2015\/05\/1228.jpg 600w\" sizes=\"(max-width: 300px) 100vw, 300px\" \/><\/a><\/p>\n<p><a href=\"http:\/\/museumek.eu\/?attachment_id=39434\" rel=\"attachment wp-att-39434\"><img loading=\"lazy\" src=\"http:\/\/museumek.eu\/wp-content\/uploads\/2015\/05\/3380-300x215.jpg\" alt=\"\" title=\"3380\" width=\"300\" height=\"215\" class=\"alignnone size-medium wp-image-39434\" srcset=\"http:\/\/museumek.eu\/wp-content\/uploads\/2015\/05\/3380-300x215.jpg 300w, http:\/\/museumek.eu\/wp-content\/uploads\/2015\/05\/3380-150x107.jpg 150w, http:\/\/museumek.eu\/wp-content\/uploads\/2015\/05\/3380-418x300.jpg 418w, http:\/\/museumek.eu\/wp-content\/uploads\/2015\/05\/3380.jpg 686w\" sizes=\"(max-width: 300px) 100vw, 300px\" \/><\/a><\/p>\n","protected":false},"excerpt":{"rendered":"<p>Abteilung Deutschland, Keramik 1860 \u2013 1960, Inventarnummer D\/CXXVI\/1 T\u00f6pferei Otto Meier, Deutschland, Worpswede, um 1948, Kanne, K\u00fcnstler Otto Meier, Werks.-Nr. ohne, Exemplar Nr. ohne, gemarkt Firmenmarke mit O M \u00fcbereinander gepresst, signiert = gemarkt, Literatur: Gisela Reineking von Bock, Meister &hellip; <a href=\"http:\/\/museumek.eu\/?page_id=39430\">Weiterlesen <span class=\"meta-nav\">&rarr;<\/span><\/a><\/p>\n","protected":false},"author":1,"featured_media":0,"parent":39427,"menu_order":1,"comment_status":"closed","ping_status":"open","template":"","meta":[],"_links":{"self":[{"href":"http:\/\/museumek.eu\/index.php?rest_route=\/wp\/v2\/pages\/39430"}],"collection":[{"href":"http:\/\/museumek.eu\/index.php?rest_route=\/wp\/v2\/pages"}],"about":[{"href":"http:\/\/museumek.eu\/index.php?rest_route=\/wp\/v2\/types\/page"}],"author":[{"embeddable":true,"href":"http:\/\/museumek.eu\/index.php?rest_route=\/wp\/v2\/users\/1"}],"replies":[{"embeddable":true,"href":"http:\/\/museumek.eu\/index.php?rest_route=%2Fwp%2Fv2%2Fcomments&post=39430"}],"version-history":[{"count":8,"href":"http:\/\/museumek.eu\/index.php?rest_route=\/wp\/v2\/pages\/39430\/revisions"}],"predecessor-version":[{"id":39554,"href":"http:\/\/museumek.eu\/index.php?rest_route=\/wp\/v2\/pages\/39430\/revisions\/39554"}],"up":[{"embeddable":true,"href":"http:\/\/museumek.eu\/index.php?rest_route=\/wp\/v2\/pages\/39427"}],"wp:attachment":[{"href":"http:\/\/museumek.eu\/index.php?rest_route=%2Fwp%2Fv2%2Fmedia&parent=39430"}],"curies":[{"name":"wp","href":"https:\/\/api.w.org\/{rel}","templated":true}]}}