{"id":39586,"date":"2015-05-09T22:16:33","date_gmt":"2015-05-09T20:16:33","guid":{"rendered":"http:\/\/museumek.eu\/?page_id=39586"},"modified":"2015-05-09T22:17:34","modified_gmt":"2015-05-09T20:17:34","slug":"dcxxiv2","status":"publish","type":"page","link":"http:\/\/museumek.eu\/?page_id=39586","title":{"rendered":"D\/CXXIV\/2"},"content":{"rendered":"<p><strong>Abteilung Deutschland, Keramik 1860 \u2013 1960, Inventarnummer D\/CXXIV\/2<\/strong><\/p>\n<p>Erste Ransbacher Feinsteinzeug-Fabrik J. L. Knoedgen, Deutschland, Ransbach, um 1900, Seidel, K\u00fcnstler unbekannt, Werks.-Nr. 964, Exemplar Nr. ohne, gemarkt Firmenmarke Hexagramm, in diesem eine Kanne mit Deckel, auf der Kanne JLK (f\u00fcr Jacob Leopold Knoedgen), bei diesem MEK Exemplar schwer lesbar, links das J, in der Mitte das K und rechts das L ligiert, MADE IN GERMANY, 9, ein gro\u00dfer Kreis sowie \u00bd L \u00fcber angedeuteten Eichstrich gepresst, 964. mit der Form gegossen, schwarzer nicht lesbarer Schriftzug, nicht signiert, die Fabrik wurde 1892 von Jacob Leopold Knoedgen (wohl der Sohn des Steinzeugfabrikanten J. A. Knoedgen) in Ransbach gegr\u00fcndet, sie firmierte als Erste Ransbacher Feinsteinzeug-Fabrik J. L. Knoedgen, Jacob Leopold Knoedgen verstarb 1935 und sein Sohn Richard Knoedgen \u00fcbernahm die Fabrik, Richard fimierte wohl wie vor sein Vater, er starb 1969 und sein Sohn Leopold \u00fcbernahm die Fabrik, die Fabrik wurde um 1995 verkauft, die Fabrik besteht noch heute und firmiert als Knoedgen-Keramik J. L. Knoedgen GmbH &#038; Co. KG, <strong>der 1,1 cm breite und 0,8 cm hohe \u00bd Liter \u00fcber angedeuteten Eichstrich Stempel, dient dem MEK als vorl\u00e4ufiger Identifizierungsstempel f\u00fcr nicht mit einer Firmenmarke versehene Fabrikate von J. L. Knoedgen, der 1,8 cm breite und 0,8 cm hohe MADE IN GERMANY Stempel, dient dem MEK als Identifizierungsstempel f\u00fcr nicht mit einer Firmenmarke versehene Fabrikate von J. L. Knoedgen<\/strong>,<br \/>\nH\u00f6he 14,5 cm, Breite 12,5 cm (nur die Keramik)<\/p>\n<p><a href=\"http:\/\/museumek.eu\/?attachment_id=39587\" rel=\"attachment wp-att-39587\"><img loading=\"lazy\" src=\"http:\/\/museumek.eu\/wp-content\/uploads\/2015\/05\/3256-141x300.jpg\" alt=\"\" title=\"3256\" width=\"141\" height=\"300\" class=\"alignnone size-medium wp-image-39587\" srcset=\"http:\/\/museumek.eu\/wp-content\/uploads\/2015\/05\/3256-141x300.jpg 141w, http:\/\/museumek.eu\/wp-content\/uploads\/2015\/05\/3256-70x150.jpg 70w\" sizes=\"(max-width: 141px) 100vw, 141px\" \/><\/a><\/p>\n<p><a href=\"http:\/\/museumek.eu\/?attachment_id=39588\" rel=\"attachment wp-att-39588\"><img loading=\"lazy\" src=\"http:\/\/museumek.eu\/wp-content\/uploads\/2015\/05\/3257-177x300.jpg\" alt=\"\" title=\"3257\" width=\"177\" height=\"300\" class=\"alignnone size-medium wp-image-39588\" srcset=\"http:\/\/museumek.eu\/wp-content\/uploads\/2015\/05\/3257-177x300.jpg 177w, http:\/\/museumek.eu\/wp-content\/uploads\/2015\/05\/3257-88x150.jpg 88w, http:\/\/museumek.eu\/wp-content\/uploads\/2015\/05\/3257.jpg 472w\" sizes=\"(max-width: 177px) 100vw, 177px\" \/><\/a><\/p>\n<p><a href=\"http:\/\/museumek.eu\/?attachment_id=39589\" rel=\"attachment wp-att-39589\"><img loading=\"lazy\" src=\"http:\/\/museumek.eu\/wp-content\/uploads\/2015\/05\/3258-171x300.jpg\" alt=\"\" title=\"3258\" width=\"171\" height=\"300\" class=\"alignnone size-medium wp-image-39589\" srcset=\"http:\/\/museumek.eu\/wp-content\/uploads\/2015\/05\/3258-171x300.jpg 171w, http:\/\/museumek.eu\/wp-content\/uploads\/2015\/05\/3258-85x150.jpg 85w, http:\/\/museumek.eu\/wp-content\/uploads\/2015\/05\/3258.jpg 457w\" sizes=\"(max-width: 171px) 100vw, 171px\" \/><\/a><\/p>\n<p><a href=\"http:\/\/museumek.eu\/?attachment_id=39590\" rel=\"attachment wp-att-39590\"><img loading=\"lazy\" src=\"http:\/\/museumek.eu\/wp-content\/uploads\/2015\/05\/3259-133x300.jpg\" alt=\"\" title=\"3259\" width=\"133\" height=\"300\" class=\"alignnone size-medium wp-image-39590\" srcset=\"http:\/\/museumek.eu\/wp-content\/uploads\/2015\/05\/3259-133x300.jpg 133w, http:\/\/museumek.eu\/wp-content\/uploads\/2015\/05\/3259-66x150.jpg 66w\" sizes=\"(max-width: 133px) 100vw, 133px\" \/><\/a><\/p>\n<p><a href=\"http:\/\/museumek.eu\/?attachment_id=39591\" rel=\"attachment wp-att-39591\"><img loading=\"lazy\" src=\"http:\/\/museumek.eu\/wp-content\/uploads\/2015\/05\/3260-271x300.jpg\" alt=\"\" title=\"3260\" width=\"271\" height=\"300\" class=\"alignnone size-medium wp-image-39591\" srcset=\"http:\/\/museumek.eu\/wp-content\/uploads\/2015\/05\/3260-271x300.jpg 271w, http:\/\/museumek.eu\/wp-content\/uploads\/2015\/05\/3260-135x150.jpg 135w, http:\/\/museumek.eu\/wp-content\/uploads\/2015\/05\/3260.jpg 600w\" sizes=\"(max-width: 271px) 100vw, 271px\" \/><\/a><\/p>\n<p><a href=\"http:\/\/museumek.eu\/?attachment_id=39592\" rel=\"attachment wp-att-39592\"><img loading=\"lazy\" src=\"http:\/\/museumek.eu\/wp-content\/uploads\/2015\/05\/3261-292x300.jpg\" alt=\"\" title=\"3261\" width=\"292\" height=\"300\" class=\"alignnone size-medium wp-image-39592\" srcset=\"http:\/\/museumek.eu\/wp-content\/uploads\/2015\/05\/3261-292x300.jpg 292w, http:\/\/museumek.eu\/wp-content\/uploads\/2015\/05\/3261-146x150.jpg 146w, http:\/\/museumek.eu\/wp-content\/uploads\/2015\/05\/3261.jpg 600w\" sizes=\"(max-width: 292px) 100vw, 292px\" \/><\/a><\/p>\n<p><a href=\"http:\/\/museumek.eu\/?attachment_id=39593\" rel=\"attachment wp-att-39593\"><img loading=\"lazy\" src=\"http:\/\/museumek.eu\/wp-content\/uploads\/2015\/05\/3262-300x265.jpg\" alt=\"\" title=\"3262\" width=\"300\" height=\"265\" class=\"alignnone size-medium wp-image-39593\" srcset=\"http:\/\/museumek.eu\/wp-content\/uploads\/2015\/05\/3262-300x265.jpg 300w, http:\/\/museumek.eu\/wp-content\/uploads\/2015\/05\/3262-150x132.jpg 150w, http:\/\/museumek.eu\/wp-content\/uploads\/2015\/05\/3262-339x300.jpg 339w, http:\/\/museumek.eu\/wp-content\/uploads\/2015\/05\/3262.jpg 678w\" sizes=\"(max-width: 300px) 100vw, 300px\" \/><\/a><\/p>\n<p><a href=\"http:\/\/museumek.eu\/?attachment_id=39594\" rel=\"attachment wp-att-39594\"><img loading=\"lazy\" src=\"http:\/\/museumek.eu\/wp-content\/uploads\/2015\/05\/3263-270x300.jpg\" alt=\"\" title=\"3263\" width=\"270\" height=\"300\" class=\"alignnone size-medium wp-image-39594\" srcset=\"http:\/\/museumek.eu\/wp-content\/uploads\/2015\/05\/3263-270x300.jpg 270w, http:\/\/museumek.eu\/wp-content\/uploads\/2015\/05\/3263-135x150.jpg 135w, http:\/\/museumek.eu\/wp-content\/uploads\/2015\/05\/3263.jpg 486w\" sizes=\"(max-width: 270px) 100vw, 270px\" \/><\/a><\/p>\n<p><a href=\"http:\/\/museumek.eu\/?attachment_id=39595\" rel=\"attachment wp-att-39595\"><img loading=\"lazy\" src=\"http:\/\/museumek.eu\/wp-content\/uploads\/2015\/05\/3265-300x154.jpg\" alt=\"\" title=\"3265\" width=\"300\" height=\"154\" class=\"alignnone size-medium wp-image-39595\" srcset=\"http:\/\/museumek.eu\/wp-content\/uploads\/2015\/05\/3265-300x154.jpg 300w, http:\/\/museumek.eu\/wp-content\/uploads\/2015\/05\/3265-150x77.jpg 150w, http:\/\/museumek.eu\/wp-content\/uploads\/2015\/05\/3265-500x257.jpg 500w, http:\/\/museumek.eu\/wp-content\/uploads\/2015\/05\/3265.jpg 670w\" sizes=\"(max-width: 300px) 100vw, 300px\" \/><\/a><\/p>\n<p><a href=\"http:\/\/museumek.eu\/?attachment_id=39596\" rel=\"attachment wp-att-39596\"><img loading=\"lazy\" src=\"http:\/\/museumek.eu\/wp-content\/uploads\/2015\/05\/3264-300x133.jpg\" alt=\"\" title=\"3264\" width=\"300\" height=\"133\" class=\"alignnone size-medium wp-image-39596\" srcset=\"http:\/\/museumek.eu\/wp-content\/uploads\/2015\/05\/3264-300x133.jpg 300w, http:\/\/museumek.eu\/wp-content\/uploads\/2015\/05\/3264-150x66.jpg 150w, http:\/\/museumek.eu\/wp-content\/uploads\/2015\/05\/3264-500x222.jpg 500w, http:\/\/museumek.eu\/wp-content\/uploads\/2015\/05\/3264.jpg 800w\" sizes=\"(max-width: 300px) 100vw, 300px\" \/><\/a><\/p>\n","protected":false},"excerpt":{"rendered":"<p>Abteilung Deutschland, Keramik 1860 \u2013 1960, Inventarnummer D\/CXXIV\/2 Erste Ransbacher Feinsteinzeug-Fabrik J. L. Knoedgen, Deutschland, Ransbach, um 1900, Seidel, K\u00fcnstler unbekannt, Werks.-Nr. 964, Exemplar Nr. ohne, gemarkt Firmenmarke Hexagramm, in diesem eine Kanne mit Deckel, auf der Kanne JLK (f\u00fcr &hellip; <a href=\"http:\/\/museumek.eu\/?page_id=39586\">Weiterlesen <span class=\"meta-nav\">&rarr;<\/span><\/a><\/p>\n","protected":false},"author":1,"featured_media":0,"parent":39542,"menu_order":2,"comment_status":"closed","ping_status":"open","template":"","meta":[],"_links":{"self":[{"href":"http:\/\/museumek.eu\/index.php?rest_route=\/wp\/v2\/pages\/39586"}],"collection":[{"href":"http:\/\/museumek.eu\/index.php?rest_route=\/wp\/v2\/pages"}],"about":[{"href":"http:\/\/museumek.eu\/index.php?rest_route=\/wp\/v2\/types\/page"}],"author":[{"embeddable":true,"href":"http:\/\/museumek.eu\/index.php?rest_route=\/wp\/v2\/users\/1"}],"replies":[{"embeddable":true,"href":"http:\/\/museumek.eu\/index.php?rest_route=%2Fwp%2Fv2%2Fcomments&post=39586"}],"version-history":[{"count":6,"href":"http:\/\/museumek.eu\/index.php?rest_route=\/wp\/v2\/pages\/39586\/revisions"}],"predecessor-version":[{"id":39602,"href":"http:\/\/museumek.eu\/index.php?rest_route=\/wp\/v2\/pages\/39586\/revisions\/39602"}],"up":[{"embeddable":true,"href":"http:\/\/museumek.eu\/index.php?rest_route=\/wp\/v2\/pages\/39542"}],"wp:attachment":[{"href":"http:\/\/museumek.eu\/index.php?rest_route=%2Fwp%2Fv2%2Fmedia&parent=39586"}],"curies":[{"name":"wp","href":"https:\/\/api.w.org\/{rel}","templated":true}]}}